{"id":11303,"date":"2018-03-13T16:03:09","date_gmt":"2018-03-13T16:03:09","guid":{"rendered":"https:\/\/www.scsconcept.com\/?page_id=11303"},"modified":"2018-05-23T08:13:46","modified_gmt":"2018-05-23T08:13:46","slug":"freedom-rgt-rivet-gun-tester","status":"publish","type":"page","link":"https:\/\/sitowebsmart.com\/de\/freedom-rgt-rivet-gun-tester\/","title":{"rendered":"Freedom RGT Rivet Gun Tester"},"content":{"rendered":"<div class=\"wpb-content-wrapper\"><p>[vc_row dfd_row_config=&#8220;full_width_content&#8220; dfd_row_responsive_enable=&#8220;dfd-row-responsive-enable&#8220; dfd_bg_style=&#8220;image&#8220; dfd_parallax_style=&#8220;dfd_vertical_parallax&#8220; dfd_bg_image_new=&#8220;5704&#8243; dfd_overlay_color=&#8220;#ffffff&#8220; dfd_overlay_pattern=&#8220;transperant&#8220; dfd_overlay_pattern_opacity=&#8220;85&#8243; css=&#8220;.vc_custom_1517271725287{padding-right: 5% !important;padding-left: 5% !important;}&#8220; responsive_styles=&#8220;padding_left_desktop:20|padding_right_desktop:20|padding_left_tablet:20|padding_right_tablet:20|padding_left_mobile:10|padding_right_mobile:10&#8243;][vc_column dfd_column_responsive_enable=&#8220;dfd-column-responsive-enable&#8220; responsive_styles=&#8220;padding_left_mobile:10|padding_right_mobile:10&#8243;][vc_row_inner][vc_column_inner dfd_column_responsive_enable=&#8220;dfd-column-responsive-enable&#8220; css=&#8220;.vc_custom_1503581599802{padding-right: 20% !important;padding-left: 20% !important;}&#8220; responsive_styles=&#8220;padding_left_desktop:80|padding_right_desktop:80|padding_left_tablet:10|padding_right_tablet:10|padding_left_mobile:10|padding_right_mobile:10&#8243;]<div class=\"dfd-spacer-module\"  data-units=\"px\" data-wide_resolution=\"1280\" data-wide_size=\"100\" data-normal_resolution=\"1024\" data-normal_size=\"60\" data-tablet_resolution=\"800\" data-tablet_size=\"40\" data-mobile_resolution=\"480\" data-mobile_size=\"40\" style=\"height: 100px;\"><\/div><div class=\"dfd-heading-shortcode\"><div class=\"dfd-heading-module-wrap  text-center style_01 cr-animate-gen dfd-heading-69debd105a957 dfd-disable-resposive-headings\" id=\"dfd-heading-69debd105a957\" data-animate-type = \"transition.expandIn\" ><div class=\"inline-block\"><div class=\"dfd-heading-module\"><h1 class=\"widget-title dfd-title \" style=\"\">Freedom RGT \u2013 Nietpistolenpr\u00fcfger\u00e4t<\/h1><div class=\"dfd-heading-delimiter dfd-img-lazy-load\"><\/div><\/div><\/div><\/div><script type=\"text\/javascript\">\r\n\t\t\t\t\t\t\t\t\t(function($) {\r\n\t\t\t\t\t\t\t\t\t\t$(\"head\").append(\"<style>.dfd-heading-69debd105a957.dfd-heading-module-wrap .dfd-heading-module .dfd-heading-delimiter {border-bottom-style:solid;border-bottom-width:1px;width:140px;border-bottom-color:#ea5d1c;}.dfd-heading-69debd105a957 .dfd-heading-module .widget-title {margin-bottom:15px;}.dfd-heading-69debd105a957.dfd-heading-module-wrap .dfd-heading-module .dfd-heading-delimiter {margin-top:30px;margin-bottom:10px;}<\/style>\");\r\n\t\t\t\t\t\t\t\t\t})(jQuery);\r\n\t\t\t\t\t\t\t\t<\/script><\/div><div class=\"dfd-spacer-module\"  data-units=\"px\" data-wide_resolution=\"1280\" data-wide_size=\"30\" data-normal_resolution=\"1024\" data-normal_size=\"30\" data-tablet_resolution=\"800\" data-tablet_size=\"30\" data-mobile_resolution=\"480\" data-mobile_size=\"30\" style=\"height: 30px;\"><\/div>[\/vc_column_inner][\/vc_row_inner][vc_row_inner][vc_column_inner width=&#8220;1\/2&#8243;]<div class=\"dfd-spacer-module\"  data-units=\"px\" data-wide_resolution=\"1280\" data-wide_size=\"80\" data-normal_resolution=\"1024\" data-normal_size=\"40\" data-tablet_resolution=\"800\" data-tablet_size=\"40\" data-mobile_resolution=\"480\" data-mobile_size=\"20\" style=\"height: 80px;\"><\/div><div class=\"dfd-heading-shortcode\"><div class=\"dfd-heading-module-wrap  text-left style_01 dfd-heading-69debd105abdf dfd-disable-resposive-headings\" id=\"dfd-heading-69debd105abdf\" ><div class=\"inline-block\"><div class=\"dfd-heading-module\"><h2 class=\"widget-title dfd-title \" style=\"font-size: 35px; color: #565656 !important; line-height: 30px; \">Freedom RGT \u2013 Nietpistolenpr\u00fcfger\u00e4t<\/h2><div class=\"dfd-heading-delimiter dfd-img-lazy-load\"><\/div><\/div><\/div><\/div><script type=\"text\/javascript\">\r\n\t\t\t\t\t\t\t\t\t(function($) {\r\n\t\t\t\t\t\t\t\t\t\t$(\"head\").append(\"<style>.dfd-heading-69debd105abdf.dfd-heading-module-wrap .dfd-heading-module .dfd-heading-delimiter {border-bottom-style:solid;border-bottom-width:1px;width:460px;border-bottom-color:#ea5d1c;}.dfd-heading-69debd105abdf .dfd-heading-module .widget-title {margin-bottom:20px;}.dfd-heading-69debd105abdf.dfd-heading-module-wrap .dfd-heading-module .dfd-heading-delimiter {margin-top:10px;margin-bottom:10px;}@media (max-width: 799px){.dfd-heading-69debd105abdf .dfd-title{line-height: 42px !important;}}@media only screen and (max-width: 799px) {.dfd-heading-69debd105abdf {text-align: center;}}<\/style>\");\r\n\t\t\t\t\t\t\t\t\t})(jQuery);\r\n\t\t\t\t\t\t\t\t<\/script><\/div>[vc_column_text]Der Freedom RGT misst mittels eines Kraftaufnehmers die von einem Nietwerkzeug f\u00fcr Gewindenieten erzeugten Kraft.<\/p>\n<p>Diese wird mit der speziell entwickelten Strategie \u201eNietpr\u00fcfung\u201c mit dem SCS DataTouch3 analysiert.<\/p>\n<p>Dieses System erm\u00f6glicht eine konsistene Qualit\u00e4tskontrolle der Nietmaschinen in der Produktionslinie, zum Beispiel durch die Berechnung der Maschinenkapazit\u00e4t Cm-Cmk und der Kontrollpapiere X. R..<\/p>\n<p>Der Kraftaufnehmer ist in den Kapazit\u00e4ten 20 kN und 50 kN lieferbar.[\/vc_column_text]<div class=\"dfd-spacer-module\"  data-units=\"px\" data-wide_resolution=\"1280\" data-wide_size=\"40\" data-normal_resolution=\"1024\" data-normal_size=\"40\" data-tablet_resolution=\"800\" data-tablet_size=\"20\" data-mobile_resolution=\"480\" data-mobile_size=\"20\" style=\"height: 40px;\"><\/div>[vc_column_text]<\/p>\n<div class=\"button-position\"><a class=\"button-layout\" href=\"https:\/\/sitowebsmart.com\/brochure\/de\/Models-and-codes-Purchase_RGT.pdf\" target=\"_blank\" rel=\"noopener\"><strong>Modelle<\/strong>\u00a0und\u00a0<strong>Codes<\/strong>\u00a0<\/a><\/div>\n<p>[\/vc_column_text]<div class=\"dfd-spacer-module\"  data-units=\"px\" data-wide_resolution=\"1280\" data-wide_size=\"20\" data-normal_resolution=\"1024\" data-normal_size=\"20\" data-tablet_resolution=\"800\" data-tablet_size=\"20\" data-mobile_resolution=\"480\" data-mobile_size=\"20\" style=\"height: 20px;\"><\/div>[\/vc_column_inner][vc_column_inner width=&#8220;1\/2&#8243;]<div class=\"dfd-spacer-module\"  data-units=\"px\" data-wide_resolution=\"1280\" data-wide_size=\"20\" data-normal_resolution=\"1024\" data-normal_size=\"20\" data-tablet_resolution=\"800\" data-tablet_size=\"20\" data-mobile_resolution=\"480\" data-mobile_size=\"20\" style=\"height: 20px;\"><\/div><div id=\"dfd-single-image-module69debd105b594-4373\" class=\"dfd-single-image-module  image-center  cr-animate-gen dfd-img-lazy-load\" data-animate-type = \"transition.fadeIn\" ><img  title=\"Freedom RGT Rivet Gun Tester\" fetchpriority=\"high\" decoding=\"async\" src=\"data:image\/svg+xml;charset=utf-8,%3Csvg xmlns%3D'http%3A%2F%2Fwww.w3.org%2F2000%2Fsvg' viewBox%3D'0 0 1000 563'%2F%3E\" data-src=\"https:\/\/sitowebsmart.com\/wp-content\/uploads\/2018\/01\/trasduttori-RGT-tester-rivettatrici.png\" width=\"1000\" height=\"563\"   alt=\"Freedom RGT Rivet Gun Tester\"  \/><\/div><div class=\"dfd-spacer-module\"  data-units=\"px\" data-wide_resolution=\"1280\" data-wide_size=\"20\" data-normal_resolution=\"1024\" data-normal_size=\"20\" data-tablet_resolution=\"800\" data-tablet_size=\"20\" data-mobile_resolution=\"480\" data-mobile_size=\"20\" style=\"height: 20px;\"><\/div>[\/vc_column_inner][\/vc_row_inner]<div class=\"dfd-spacer-module\"  data-units=\"px\" data-wide_resolution=\"1280\" data-wide_size=\"80\" data-normal_resolution=\"1024\" data-normal_size=\"40\" data-tablet_resolution=\"800\" data-tablet_size=\"40\" data-mobile_resolution=\"480\" data-mobile_size=\"20\" style=\"height: 80px;\"><\/div>[\/vc_column][\/vc_row]<\/p>\n<\/div>","protected":false},"excerpt":{"rendered":"<p>[vc_row dfd_row_config=&#8220;full_width_content&#8220; dfd_row_responsive_enable=&#8220;dfd-row-responsive-enable&#8220; dfd_bg_style=&#8220;image&#8220; dfd_parallax_style=&#8220;dfd_vertical_parallax&#8220; dfd_bg_image_new=&#8220;5704&#8243; dfd_overlay_color=&#8220;#ffffff&#8220; dfd_overlay_pattern=&#8220;transperant&#8220; dfd_overlay_pattern_opacity=&#8220;85&#8243; css=&#8220;.vc_custom_1517271725287{padding-right: 5% !important;padding-left: 5% !important;}&#8220; responsive_styles=&#8220;padding_left_desktop:20|padding_right_desktop:20|padding_left_tablet:20|padding_right_tablet:20|padding_left_mobile:10|padding_right_mobile:10&#8243;][vc_column dfd_column_responsive_enable=&#8220;dfd-column-responsive-enable&#8220; responsive_styles=&#8220;padding_left_mobile:10|padding_right_mobile:10&#8243;][vc_row_inner][vc_column_inner dfd_column_responsive_enable=&#8220;dfd-column-responsive-enable&#8220; css=&#8220;.vc_custom_1503581599802{padding-right: 20% !important;padding-left: 20% !important;}&#8220; responsive_styles=&#8220;padding_left_desktop:80|padding_right_desktop:80|padding_left_tablet:10|padding_right_tablet:10|padding_left_mobile:10|padding_right_mobile:10&#8243;][\/vc_column_inner][\/vc_row_inner][vc_row_inner][vc_column_inner width=&#8220;1\/2&#8243;][vc_column_text]Der Freedom RGT misst mittels eines<\/p>\n","protected":false},"author":5,"featured_media":0,"parent":0,"menu_order":0,"comment_status":"closed","ping_status":"closed","template":"page-custom.php","meta":{"_acf_changed":false,"footnotes":""},"class_list":["post-11303","page","type-page","status-publish","hentry"],"acf":[],"yoast_head":"<!-- This site is optimized with the Yoast SEO plugin v26.9 - https:\/\/yoast.com\/product\/yoast-seo-wordpress\/ -->\n<title>Freedom RGT Rivet Gun Tester - SCS Concept<\/title>\n<meta name=\"robots\" content=\"index, follow, max-snippet:-1, max-image-preview:large, max-video-preview:-1\" \/>\n<link rel=\"canonical\" href=\"https:\/\/sitowebsmart.com\/de\/freedom-rgt-rivet-gun-tester\/\" \/>\n<meta property=\"og:locale\" content=\"de_DE\" \/>\n<meta property=\"og:type\" content=\"article\" \/>\n<meta property=\"og:title\" content=\"Freedom RGT Rivet Gun Tester - SCS Concept\" \/>\n<meta property=\"og:description\" content=\"[vc_row dfd_row_config=&#8220;full_width_content&#8220; dfd_row_responsive_enable=&#8220;dfd-row-responsive-enable&#8220; dfd_bg_style=&#8220;image&#8220; dfd_parallax_style=&#8220;dfd_vertical_parallax&#8220; dfd_bg_image_new=&#8220;5704&#8243; dfd_overlay_color=&#8220;#ffffff&#8220; dfd_overlay_pattern=&#8220;transperant&#8220; dfd_overlay_pattern_opacity=&#8220;85&#8243; css=&#8220;.vc_custom_1517271725287{padding-right: 5% !important;padding-left: 5% !important;}&#8220; responsive_styles=&#8220;padding_left_desktop:20|padding_right_desktop:20|padding_left_tablet:20|padding_right_tablet:20|padding_left_mobile:10|padding_right_mobile:10&#8243;][vc_column dfd_column_responsive_enable=&#8220;dfd-column-responsive-enable&#8220; responsive_styles=&#8220;padding_left_mobile:10|padding_right_mobile:10&#8243;][vc_row_inner][vc_column_inner dfd_column_responsive_enable=&#8220;dfd-column-responsive-enable&#8220; css=&#8220;.vc_custom_1503581599802{padding-right: 20% !important;padding-left: 20% !important;}&#8220; responsive_styles=&#8220;padding_left_desktop:80|padding_right_desktop:80|padding_left_tablet:10|padding_right_tablet:10|padding_left_mobile:10|padding_right_mobile:10&#8243;][\/vc_column_inner][\/vc_row_inner][vc_row_inner][vc_column_inner width=&#8220;1\/2&#8243;][vc_column_text]Der Freedom RGT misst mittels eines\" \/>\n<meta property=\"og:url\" content=\"https:\/\/sitowebsmart.com\/de\/freedom-rgt-rivet-gun-tester\/\" \/>\n<meta property=\"og:site_name\" content=\"SCS Concept\" \/>\n<meta property=\"article:modified_time\" content=\"2018-05-23T08:13:46+00:00\" \/>\n<meta name=\"twitter:card\" content=\"summary_large_image\" \/>\n<meta name=\"twitter:label1\" content=\"Gesch\u00e4tzte Lesezeit\" \/>\n\t<meta name=\"twitter:data1\" content=\"3\u00a0Minuten\" \/>\n<script type=\"application\/ld+json\" class=\"yoast-schema-graph\">{\"@context\":\"https:\/\/schema.org\",\"@graph\":[{\"@type\":\"WebPage\",\"@id\":\"https:\/\/sitowebsmart.com\/de\/freedom-rgt-rivet-gun-tester\/\",\"url\":\"https:\/\/sitowebsmart.com\/de\/freedom-rgt-rivet-gun-tester\/\",\"name\":\"Freedom RGT Rivet Gun Tester - SCS Concept\",\"isPartOf\":{\"@id\":\"https:\/\/sitowebsmart.com\/#website\"},\"datePublished\":\"2018-03-13T16:03:09+00:00\",\"dateModified\":\"2018-05-23T08:13:46+00:00\",\"breadcrumb\":{\"@id\":\"https:\/\/sitowebsmart.com\/de\/freedom-rgt-rivet-gun-tester\/#breadcrumb\"},\"inLanguage\":\"de\",\"potentialAction\":[{\"@type\":\"ReadAction\",\"target\":[\"https:\/\/sitowebsmart.com\/de\/freedom-rgt-rivet-gun-tester\/\"]}]},{\"@type\":\"BreadcrumbList\",\"@id\":\"https:\/\/sitowebsmart.com\/de\/freedom-rgt-rivet-gun-tester\/#breadcrumb\",\"itemListElement\":[{\"@type\":\"ListItem\",\"position\":1,\"name\":\"Home\",\"item\":\"https:\/\/sitowebsmart.com\/de\/\"},{\"@type\":\"ListItem\",\"position\":2,\"name\":\"Freedom RGT Rivet Gun Tester\"}]},{\"@type\":\"WebSite\",\"@id\":\"https:\/\/sitowebsmart.com\/#website\",\"url\":\"https:\/\/sitowebsmart.com\/\",\"name\":\"SCS Concept\",\"description\":\"Soluzioni Avanzate per il serraggio e controllo qualit\u00e0\",\"publisher\":{\"@id\":\"https:\/\/sitowebsmart.com\/#organization\"},\"potentialAction\":[{\"@type\":\"SearchAction\",\"target\":{\"@type\":\"EntryPoint\",\"urlTemplate\":\"https:\/\/sitowebsmart.com\/?s={search_term_string}\"},\"query-input\":{\"@type\":\"PropertyValueSpecification\",\"valueRequired\":true,\"valueName\":\"search_term_string\"}}],\"inLanguage\":\"de\"},{\"@type\":\"Organization\",\"@id\":\"https:\/\/sitowebsmart.com\/#organization\",\"name\":\"SCS Concept\",\"url\":\"https:\/\/sitowebsmart.com\/\",\"logo\":{\"@type\":\"ImageObject\",\"inLanguage\":\"de\",\"@id\":\"https:\/\/sitowebsmart.com\/#\/schema\/logo\/image\/\",\"url\":\"https:\/\/sitowebsmart.com\/wp-content\/uploads\/2018\/01\/scs-concept-group-200.png\",\"contentUrl\":\"https:\/\/sitowebsmart.com\/wp-content\/uploads\/2018\/01\/scs-concept-group-200.png\",\"width\":200,\"height\":200,\"caption\":\"SCS Concept\"},\"image\":{\"@id\":\"https:\/\/sitowebsmart.com\/#\/schema\/logo\/image\/\"}}]}<\/script>\n<!-- \/ Yoast SEO plugin. -->","yoast_head_json":{"title":"Freedom RGT Rivet Gun Tester - SCS Concept","robots":{"index":"index","follow":"follow","max-snippet":"max-snippet:-1","max-image-preview":"max-image-preview:large","max-video-preview":"max-video-preview:-1"},"canonical":"https:\/\/sitowebsmart.com\/de\/freedom-rgt-rivet-gun-tester\/","og_locale":"de_DE","og_type":"article","og_title":"Freedom RGT Rivet Gun Tester - SCS Concept","og_description":"[vc_row dfd_row_config=&#8220;full_width_content&#8220; dfd_row_responsive_enable=&#8220;dfd-row-responsive-enable&#8220; dfd_bg_style=&#8220;image&#8220; dfd_parallax_style=&#8220;dfd_vertical_parallax&#8220; dfd_bg_image_new=&#8220;5704&#8243; dfd_overlay_color=&#8220;#ffffff&#8220; dfd_overlay_pattern=&#8220;transperant&#8220; dfd_overlay_pattern_opacity=&#8220;85&#8243; css=&#8220;.vc_custom_1517271725287{padding-right: 5% !important;padding-left: 5% !important;}&#8220; responsive_styles=&#8220;padding_left_desktop:20|padding_right_desktop:20|padding_left_tablet:20|padding_right_tablet:20|padding_left_mobile:10|padding_right_mobile:10&#8243;][vc_column dfd_column_responsive_enable=&#8220;dfd-column-responsive-enable&#8220; responsive_styles=&#8220;padding_left_mobile:10|padding_right_mobile:10&#8243;][vc_row_inner][vc_column_inner dfd_column_responsive_enable=&#8220;dfd-column-responsive-enable&#8220; css=&#8220;.vc_custom_1503581599802{padding-right: 20% !important;padding-left: 20% !important;}&#8220; responsive_styles=&#8220;padding_left_desktop:80|padding_right_desktop:80|padding_left_tablet:10|padding_right_tablet:10|padding_left_mobile:10|padding_right_mobile:10&#8243;][\/vc_column_inner][\/vc_row_inner][vc_row_inner][vc_column_inner width=&#8220;1\/2&#8243;][vc_column_text]Der Freedom RGT misst mittels eines","og_url":"https:\/\/sitowebsmart.com\/de\/freedom-rgt-rivet-gun-tester\/","og_site_name":"SCS Concept","article_modified_time":"2018-05-23T08:13:46+00:00","twitter_card":"summary_large_image","twitter_misc":{"Gesch\u00e4tzte Lesezeit":"3\u00a0Minuten"},"schema":{"@context":"https:\/\/schema.org","@graph":[{"@type":"WebPage","@id":"https:\/\/sitowebsmart.com\/de\/freedom-rgt-rivet-gun-tester\/","url":"https:\/\/sitowebsmart.com\/de\/freedom-rgt-rivet-gun-tester\/","name":"Freedom RGT Rivet Gun Tester - SCS Concept","isPartOf":{"@id":"https:\/\/sitowebsmart.com\/#website"},"datePublished":"2018-03-13T16:03:09+00:00","dateModified":"2018-05-23T08:13:46+00:00","breadcrumb":{"@id":"https:\/\/sitowebsmart.com\/de\/freedom-rgt-rivet-gun-tester\/#breadcrumb"},"inLanguage":"de","potentialAction":[{"@type":"ReadAction","target":["https:\/\/sitowebsmart.com\/de\/freedom-rgt-rivet-gun-tester\/"]}]},{"@type":"BreadcrumbList","@id":"https:\/\/sitowebsmart.com\/de\/freedom-rgt-rivet-gun-tester\/#breadcrumb","itemListElement":[{"@type":"ListItem","position":1,"name":"Home","item":"https:\/\/sitowebsmart.com\/de\/"},{"@type":"ListItem","position":2,"name":"Freedom RGT Rivet Gun Tester"}]},{"@type":"WebSite","@id":"https:\/\/sitowebsmart.com\/#website","url":"https:\/\/sitowebsmart.com\/","name":"SCS Concept","description":"Soluzioni Avanzate per il serraggio e controllo qualit\u00e0","publisher":{"@id":"https:\/\/sitowebsmart.com\/#organization"},"potentialAction":[{"@type":"SearchAction","target":{"@type":"EntryPoint","urlTemplate":"https:\/\/sitowebsmart.com\/?s={search_term_string}"},"query-input":{"@type":"PropertyValueSpecification","valueRequired":true,"valueName":"search_term_string"}}],"inLanguage":"de"},{"@type":"Organization","@id":"https:\/\/sitowebsmart.com\/#organization","name":"SCS Concept","url":"https:\/\/sitowebsmart.com\/","logo":{"@type":"ImageObject","inLanguage":"de","@id":"https:\/\/sitowebsmart.com\/#\/schema\/logo\/image\/","url":"https:\/\/sitowebsmart.com\/wp-content\/uploads\/2018\/01\/scs-concept-group-200.png","contentUrl":"https:\/\/sitowebsmart.com\/wp-content\/uploads\/2018\/01\/scs-concept-group-200.png","width":200,"height":200,"caption":"SCS Concept"},"image":{"@id":"https:\/\/sitowebsmart.com\/#\/schema\/logo\/image\/"}}]}},"_links":{"self":[{"href":"https:\/\/sitowebsmart.com\/de\/wp-json\/wp\/v2\/pages\/11303","targetHints":{"allow":["GET"]}}],"collection":[{"href":"https:\/\/sitowebsmart.com\/de\/wp-json\/wp\/v2\/pages"}],"about":[{"href":"https:\/\/sitowebsmart.com\/de\/wp-json\/wp\/v2\/types\/page"}],"author":[{"embeddable":true,"href":"https:\/\/sitowebsmart.com\/de\/wp-json\/wp\/v2\/users\/5"}],"replies":[{"embeddable":true,"href":"https:\/\/sitowebsmart.com\/de\/wp-json\/wp\/v2\/comments?post=11303"}],"version-history":[{"count":5,"href":"https:\/\/sitowebsmart.com\/de\/wp-json\/wp\/v2\/pages\/11303\/revisions"}],"predecessor-version":[{"id":15342,"href":"https:\/\/sitowebsmart.com\/de\/wp-json\/wp\/v2\/pages\/11303\/revisions\/15342"}],"wp:attachment":[{"href":"https:\/\/sitowebsmart.com\/de\/wp-json\/wp\/v2\/media?parent=11303"}],"curies":[{"name":"wp","href":"https:\/\/api.w.org\/{rel}","templated":true}]}}