{"id":14160,"date":"2018-04-13T15:31:20","date_gmt":"2018-04-13T15:31:20","guid":{"rendered":"https:\/\/www.scsconcept.com\/legal-notices\/"},"modified":"2018-12-19T13:45:05","modified_gmt":"2018-12-19T13:45:05","slug":"rechtsvorschriften-und-nutzungsbedingungen","status":"publish","type":"page","link":"https:\/\/sitowebsmart.com\/de\/rechtsvorschriften-und-nutzungsbedingungen\/","title":{"rendered":"Rechtsvorschriften und Nutzungsbedingungen"},"content":{"rendered":"<p><strong>Rechtsvorschriften und Nutzungsbedingungen\u00a0\u00a0\u00a0\u00a0\u00a0\u00a0\u00a0\u00a0\u00a0\u00a0\u00a0\u00a0\u00a0\u00a0\u00a0\u00a0\u00a0\u00a0\u00a0\u00a0\u00a0\u00a0\u00a0\u00a0\u00a0\u00a0\u00a0\u00a0\u00a0\u00a0\u00a0\u00a0\u00a0\u00a0\u00a0\u00a0\u00a0\u00a0\u00a0\u00a0\u00a0\u00a0\u00a0\u00a0\u00a0\u00a0\u00a0\u00a0\u00a0\u00a0\u00a0\u00a0\u00a0\u00a0\u00a0\u00a0\u00a0\u00a0\u00a0\u00a0\u00a0\u00a0\u00a0\u00a0\u00a0\u00a0\u00a0 <\/strong><\/p>\n<p>diese Webseite ist im Eigentum und wird betrieben durch:<\/p>\n<p><strong>SCS Concept S.r.l.<\/strong>, Via\u00a0<strong>Zucchi 39\/c<\/strong>,<strong>\u00a020095 Cusano Milanino (MI)<\/strong>, ph.<strong>\u00a0+39 02 92502684<\/strong>, Partita Iva:\u00a0<strong>06388790963<\/strong><\/p>\n<p>Die auf dieser Webseite gelieferten Informationen sind unentgeltlich und ausschliesslich f\u00fcr Informationszwecke bestimmt. Durch die Nutzung der Webseite, akzeptieren sie uneingeschr\u00e4nkt die auf dieser Seite wiedergegebenen Rechtsvorschriften.\u00a0<strong>SCS Concept S.r.l.<\/strong>beh\u00e4lt sich das Recht vor, diese Vorschriften jederzeit und ohne Vorank\u00fcndigung zu \u00e4ndern.<\/p>\n<p><strong>Informationen zur Gesellschaft:<\/strong><br \/>\nFirma:\u00a0<strong>SCS Concept S.r.l.<\/strong><br \/>\nMWST Nr.:\u00a0<strong>06388790963<\/strong><br \/>\nRechtssitz: Via\u00a0<strong>Zucchi 39\/c<\/strong>,\u00a0<strong>20095 Cusano Milanino (MI)<\/strong><\/p>\n<p>REA: MI \u2013 1889255<br \/>\nEintragung REA vom\u00a0<strong>24\/11\/2008<\/strong><br \/>\nISCRIZIONE AL REGISTRO IMPRESE VON\u00a0<strong>MI<\/strong>\u00a0mit N. 1889255<br \/>\nGesellschaftskapital \u20ac\u00a0<strong>200.000 v.l.<\/strong><\/p>\n<p><strong>Nutzungsvoraussetzungen<\/strong><br \/>\nWebseitedie <a href=\"https:\/\/sitowebsmart.com\/\"><strong>www.scsconcept.com<\/strong><\/a> ist eine online Informationsdienstleistung. Ihre Nutzung unterliegt der Annahme der Bedingungen und Voraussetzungen, welche im folgenden festgelegt werden. Falls Sie die Bedingungen nicht annehmen wollen, sind Sie aufgefordert die Webseite nicht zu benutzen und von ihr kein Material herunterzuladen.<\/p>\n<p><strong>Einschr\u00e4nkung der Nutzung \u00a0\u00a0\u00a0\u00a0\u00a0\u00a0\u00a0\u00a0\u00a0\u00a0\u00a0\u00a0\u00a0\u00a0\u00a0\u00a0\u00a0\u00a0\u00a0\u00a0\u00a0\u00a0\u00a0\u00a0\u00a0\u00a0\u00a0\u00a0\u00a0\u00a0\u00a0\u00a0\u00a0\u00a0\u00a0\u00a0\u00a0\u00a0\u00a0\u00a0\u00a0\u00a0\u00a0\u00a0\u00a0\u00a0\u00a0\u00a0\u00a0\u00a0\u00a0\u00a0\u00a0\u00a0\u00a0\u00a0\u00a0\u00a0\u00a0\u00a0\u00a0\u00a0\u00a0\u00a0\u00a0\u00a0\u00a0\u00a0\u00a0\u00a0\u00a0\u00a0\u00a0\u00a0\u00a0\u00a0\u00a0\u00a0\u00a0\u00a0\u00a0\u00a0\u00a0\u00a0\u00a0\u00a0\u00a0\u00a0\u00a0\u00a0\u00a0\u00a0\u00a0\u00a0\u00a0\u00a0\u00a0\u00a0\u00a0\u00a0\u00a0\u00a0\u00a0\u00a0\u00a0\u00a0\u00a0\u00a0\u00a0\u00a0\u00a0\u00a0\u00a0\u00a0\u00a0\u00a0\u00a0\u00a0\u00a0\u00a0\u00a0\u00a0\u00a0\u00a0 <\/strong><\/p>\n<p>Die Inhalte der Webseiten unterstehen dem Copyright \u00a9\u00a0<strong>SCS Concept S.r.l.<\/strong>\u00a0Alle Rechte vorbehalten. Die Inhalte der Webseiten d\u00fcrfen weder vollst\u00e4ndig noch teilweise kopiert, reproduziert, \u00fcbermittelt, geladen, ver\u00f6ffentlicht oder in irgendeiner Form verbreitet werden ohne die vorg\u00e4ngige schriftliche Zustimmung von <strong>SCS Concept S.r.l.<\/strong>, unter Vorbehalt die M\u00f6glichkeit die Inhalte auf dem eigenen Computer zu speichern oder Ausz\u00fcge der Webseite ausschliesslich zur pers\u00f6nlichen Benutzung auszudrucken.<\/p>\n<p>Die Marken und Logos, die auf der Webseite stehen sind im Eigentum von <strong>SCS Concept S.r.l.<\/strong>\u00a0 Sie d\u00fcrfen keine andere Webseite benutzen als die\u00a0<a href=\"https:\/\/sitowebsmart.com\/\"><strong>www.scsconcept.com<\/strong><\/a>\u00a0ohne die vorg\u00e4ngige schriftliche Zustimmung von\u00a0<strong>SCS Concept S.r.l.<\/strong>. Der Name\u00a0<a href=\"https:\/\/sitowebsmart.com\/\"><strong>www.scsconcept.com<\/strong><\/a>\u00a0und jede andere Marke, welche die Marke\u00a0<a href=\"https:\/\/sitowebsmart.com\/\"><strong>www.scsconcept.com<\/strong><\/a>\u00a0miteinbezieht, d\u00fcrfen nicht als Internetadressen vn anderen Webseiten oder Teile davon benutzt werden, ohne die vorg\u00e4ngige schriftliche Einwilligung von\u00a0<strong>SCS Concept S.r.l.<\/strong><\/p>\n<p><strong>Einschr\u00e4nkung der Haftung<\/strong><br \/>\nDie Informationen auf dieser Webseite werden nach Treu und Glauben geliefert und <strong>SCS Concept S.r.l.<\/strong> erachtet sie als richtig. Auf jeden Fall, darf sich die Person, welche Produkte erwerben m\u00f6chte nicht auf diese Informationen beziehen, sondern muss sich zus\u00e4tzlich vergewissern der tats\u00e4chlichen Natur er Produkte und ihrer konkreten Geeignetheit f\u00fcr die beabsichtigte Benutzung. Demzufolge sind alle Informationen dieser Webseite ohne stillschweigende oder ausdr\u00fcckliche Gew\u00e4hrleistung jeglicher Natur wie zum Beispiel die Gew\u00e4hrleistung hinsichtlich der Qualit\u00e4t der Produkte, der Geeignetheit f\u00fcr einen bestimmten Zweck oder das Fehlen von Verletzungen der geistigen Eigentumsrechte, geliefert. Auf keinem Fall ist <strong>SCS Concept S.r.l<\/strong> f\u00fcr irgendeinen direkten oder indirekten durch die Nutzung dieser Webseite verursachten Schaden haftbar. Die in dieser Webseite enthaltenen Informationen k\u00f6nnen technisch ungenau oder mit typografischen Fehlern behaftet sein. Die Informationen k\u00f6nnen ohne Vorank\u00fcndigung ge\u00e4ndert oder aktualisiert werden.\u00a0<strong>SCS Concept S.r.l.<\/strong> kann auch die auf dieser Webseite beschriebenen Produkte verbessern oder \u00e4ndern ohne Vorank\u00fcndigung.<\/p>\n<p><strong>Links<\/strong><br \/>\n<strong>SCS Concept S.r.l.<\/strong>\u00a0Haftet nicht f\u00fcr durch Dritte, mit denen die Webseite\u00a0<a href=\"https:\/\/sitowebsmart.com\/\"><strong>www.scsconcept.com<\/strong><\/a>\u00a0einen Link hat, hergestellte oder ver\u00f6ffentlichte Materialien. Wer den Beschluss fasst eine Webseite zu besuchen, welche mit der Webseite\u00a0<a href=\"https:\/\/sitowebsmart.com\/\"><strong>www.scsconcept.com<\/strong><\/a> verbunden is, macht dies auf eigenem Risiko, dabei \u00fcbernimmt er die Verpflichtung alle gegen Viren oder andere zerst\u00f6rerische Elemente erforderlichen Massnahmen zu treffen. Die Verbindung mit anderen Webseiten bedeutet nicht, dass\u00a0<a href=\"https:\/\/sitowebsmart.com\/\"><strong>www.scsconcept.com<\/strong><\/a>\u00a0die Unternehmen, welche die in diesen Webseiten beschriebenen Dienstleistungen t\u00e4tigen, sponsert oder deren Tochtergesellschaft ist.<\/p>\n<p><strong>Durch SCS Concept S.r.l. erhaltene Informationen.<\/strong><br \/>\nJegliches Material, welches an\u00a0<a href=\"https:\/\/sitowebsmart.com\/\"><strong>www.scsconcept.com<\/strong><\/a>, versendet wird, Bsp. mittels E-Mail oder die Webseiten World Wide Web, gilt als nicht vertraulicher Natur.\u00a0<strong>SCS Concept S.r.l.<\/strong> hat keinerlei Verpflichtung hinsichtlich diesem Material und es steht ihr somit frei es schrankenlos zu reproduzieren, zu nutzen, zu ver\u00f6ffentlichen, zu zeigen, zu \u00e4ndern, Derivaten herzustellen und an Dritte zu verbreiten. Zudem ist <strong>SCS Concept S.r.l.<\/strong> frei, alle Ideen, Projekte, das gesamte Know-how oder die technischen Kenntnisse, welche in diesem Material enthalten sind, zu jeglichem Zweck zu benutzen, einschliesslich die Entwicklung, die Herstellung und der Vertrieb der Produkte, welche dieses Material benutzen. Jede Person, welche Material zustellt, gew\u00e4hrleistet, dass dieses Material ver\u00f6ffentlicht werden kann und verpflichtet sich <strong>SCS Concept S.r.l<\/strong> gegen\u00fcber jeder Drittklage betreffend dieses Material schadlos zu halten.<\/p>\n<p><strong>Cookies und Privacy\u00a0\u00a0\u00a0\u00a0\u00a0\u00a0\u00a0\u00a0\u00a0\u00a0\u00a0\u00a0\u00a0\u00a0\u00a0\u00a0\u00a0\u00a0\u00a0\u00a0\u00a0\u00a0\u00a0\u00a0\u00a0\u00a0\u00a0\u00a0\u00a0\u00a0\u00a0\u00a0\u00a0\u00a0\u00a0\u00a0\u00a0\u00a0\u00a0\u00a0\u00a0\u00a0\u00a0\u00a0\u00a0\u00a0\u00a0\u00a0\u00a0\u00a0\u00a0\u00a0\u00a0\u00a0\u00a0\u00a0\u00a0\u00a0\u00a0\u00a0\u00a0\u00a0\u00a0\u00a0\u00a0\u00a0\u00a0\u00a0\u00a0\u00a0\u00a0\u00a0\u00a0\u00a0\u00a0\u00a0\u00a0\u00a0\u00a0\u00a0\u00a0\u00a0\u00a0\u00a0\u00a0\u00a0\u00a0\u00a0\u00a0\u00a0\u00a0\u00a0\u00a0\u00a0\u00a0\u00a0\u00a0\u00a0\u00a0\u00a0\u00a0\u00a0\u00a0\u00a0\u00a0\u00a0\u00a0\u00a0\u00a0\u00a0\u00a0\u00a0\u00a0\u00a0\u00a0\u00a0\u00a0\u00a0\u00a0\u00a0\u00a0\u00a0\u00a0\u00a0\u00a0\u00a0\u00a0 <\/strong><\/p>\n<p>Die benutzten Sessionscookies (kleine Datadateien, welche einige Webseiten, die besucht werden an die Adresse des Besuchers senden k\u00f6nnen) habe den Zweck die Analyse des Internetverkehrs zu beschleunigen und den Nutzern den Zugang zu den von der Webseite angebotenen Dienstleistungen zu erleichtern, durch ihre Nutzung werden keine personenbezogenen Daten weder \u00fcbermittelt noch erhoben und es werden auch Systeme zur R\u00fcckverfolgung der Nutzer benutzt. Falls man keine Cookies erhalten m\u00f6chte, kann man den eigenen Browser so einstellen, dass man \u00fcber die Anwesenheit von Cookies benachrichtigt wird und somit entscheiden, ob man sie annehmen will oder nicht. Es besteht auch die M\u00f6glichkeit, alle Cookies automatisch zu verweigern, indem man im Browser die betreffende Option aktiviert.<\/p>\n<p><strong>Gesetz und Gerichtsbarkeit\u00a0\u00a0\u00a0\u00a0\u00a0\u00a0\u00a0\u00a0\u00a0\u00a0\u00a0\u00a0\u00a0\u00a0\u00a0\u00a0\u00a0\u00a0\u00a0\u00a0\u00a0\u00a0\u00a0\u00a0\u00a0\u00a0\u00a0\u00a0\u00a0\u00a0\u00a0\u00a0\u00a0\u00a0\u00a0\u00a0\u00a0\u00a0\u00a0\u00a0\u00a0\u00a0\u00a0\u00a0\u00a0\u00a0\u00a0\u00a0\u00a0\u00a0\u00a0\u00a0\u00a0\u00a0\u00a0\u00a0\u00a0\u00a0\u00a0\u00a0\u00a0\u00a0\u00a0\u00a0\u00a0\u00a0\u00a0\u00a0\u00a0\u00a0\u00a0\u00a0\u00a0\u00a0\u00a0\u00a0\u00a0\u00a0\u00a0\u00a0\u00a0\u00a0\u00a0\u00a0\u00a0\u00a0\u00a0\u00a0\u00a0\u00a0\u00a0\u00a0\u00a0\u00a0\u00a0\u00a0\u00a0\u00a0\u00a0\u00a0\u00a0\u00a0\u00a0\u00a0\u00a0\u00a0\u00a0\u00a0\u00a0\u00a0\u00a0\u00a0\u00a0\u00a0\u00a0\u00a0\u00a0\u00a0\u00a0\u00a0\u00a0\u00a0\u00a0\u00a0\u00a0\u00a0 <\/strong><\/p>\n<p>Diese Bedingungen unterstehen italienischem Recht. Das Gericht von Mailand, Italien, hat die ausschliessliche Gerichtsbarkeit und \u00f6rtliche Zust\u00e4ndigkeit, um \u00fcber eventuelle mit diesen Bedingungen verbundenen Rechtsstreitigkeiten zu entscheiden. <strong>SCS Concept S.r.l.<\/strong>\u00a0beh\u00e4lt sich dennoch das Recht vor, Klage bei Gerichte einzuleiten, die nicht in Italien oder bei <strong>SCS Concept\u00a0 S.r.l.<\/strong>Befinden, um die eigenen Interessen zu sch\u00fctzen und ihre Rechte geltend zu machen.<\/p>\n","protected":false},"excerpt":{"rendered":"<p>Rechtsvorschriften und Nutzungsbedingungen\u00a0\u00a0\u00a0\u00a0\u00a0\u00a0\u00a0\u00a0\u00a0\u00a0\u00a0\u00a0\u00a0\u00a0\u00a0\u00a0\u00a0\u00a0\u00a0\u00a0\u00a0\u00a0\u00a0\u00a0\u00a0\u00a0\u00a0\u00a0\u00a0\u00a0\u00a0\u00a0\u00a0\u00a0\u00a0\u00a0\u00a0\u00a0\u00a0\u00a0\u00a0\u00a0\u00a0\u00a0\u00a0\u00a0\u00a0\u00a0\u00a0\u00a0\u00a0\u00a0\u00a0\u00a0\u00a0\u00a0\u00a0\u00a0\u00a0\u00a0\u00a0\u00a0\u00a0\u00a0\u00a0\u00a0\u00a0 diese Webseite ist im Eigentum und wird betrieben durch: SCS Concept S.r.l., Via\u00a0Zucchi 39\/c,\u00a020095 Cusano Milanino (MI), ph.\u00a0+39 02 92502684, Partita Iva:\u00a006388790963 Die auf dieser Webseite gelieferten<\/p>\n","protected":false},"author":5,"featured_media":0,"parent":0,"menu_order":0,"comment_status":"closed","ping_status":"closed","template":"tmp-page-right-sidebar.php","meta":{"_acf_changed":false,"footnotes":""},"class_list":["post-14160","page","type-page","status-publish","hentry"],"acf":[],"yoast_head":"<!-- This site is optimized with the Yoast SEO plugin v26.9 - https:\/\/yoast.com\/product\/yoast-seo-wordpress\/ -->\n<title>Rechtsvorschriften und Nutzungsbedingungen - SCS Concept<\/title>\n<meta name=\"robots\" content=\"index, follow, max-snippet:-1, max-image-preview:large, max-video-preview:-1\" \/>\n<link rel=\"canonical\" href=\"https:\/\/sitowebsmart.com\/de\/rechtsvorschriften-und-nutzungsbedingungen\/\" \/>\n<meta property=\"og:locale\" content=\"de_DE\" \/>\n<meta property=\"og:type\" content=\"article\" \/>\n<meta property=\"og:title\" content=\"Rechtsvorschriften und Nutzungsbedingungen - SCS Concept\" \/>\n<meta property=\"og:description\" content=\"Rechtsvorschriften und Nutzungsbedingungen\u00a0\u00a0\u00a0\u00a0\u00a0\u00a0\u00a0\u00a0\u00a0\u00a0\u00a0\u00a0\u00a0\u00a0\u00a0\u00a0\u00a0\u00a0\u00a0\u00a0\u00a0\u00a0\u00a0\u00a0\u00a0\u00a0\u00a0\u00a0\u00a0\u00a0\u00a0\u00a0\u00a0\u00a0\u00a0\u00a0\u00a0\u00a0\u00a0\u00a0\u00a0\u00a0\u00a0\u00a0\u00a0\u00a0\u00a0\u00a0\u00a0\u00a0\u00a0\u00a0\u00a0\u00a0\u00a0\u00a0\u00a0\u00a0\u00a0\u00a0\u00a0\u00a0\u00a0\u00a0\u00a0\u00a0\u00a0 diese Webseite ist im Eigentum und wird betrieben durch: SCS Concept S.r.l., Via\u00a0Zucchi 39\/c,\u00a020095 Cusano Milanino (MI), ph.\u00a0+39 02 92502684, Partita Iva:\u00a006388790963 Die auf dieser Webseite gelieferten\" \/>\n<meta property=\"og:url\" content=\"https:\/\/sitowebsmart.com\/de\/rechtsvorschriften-und-nutzungsbedingungen\/\" \/>\n<meta property=\"og:site_name\" content=\"SCS Concept\" \/>\n<meta property=\"article:modified_time\" content=\"2018-12-19T13:45:05+00:00\" \/>\n<meta name=\"twitter:card\" content=\"summary_large_image\" \/>\n<meta name=\"twitter:label1\" content=\"Gesch\u00e4tzte Lesezeit\" \/>\n\t<meta name=\"twitter:data1\" content=\"5\u00a0Minuten\" \/>\n<script type=\"application\/ld+json\" class=\"yoast-schema-graph\">{\"@context\":\"https:\/\/schema.org\",\"@graph\":[{\"@type\":\"WebPage\",\"@id\":\"https:\/\/sitowebsmart.com\/de\/rechtsvorschriften-und-nutzungsbedingungen\/\",\"url\":\"https:\/\/sitowebsmart.com\/de\/rechtsvorschriften-und-nutzungsbedingungen\/\",\"name\":\"Rechtsvorschriften und Nutzungsbedingungen - SCS Concept\",\"isPartOf\":{\"@id\":\"https:\/\/sitowebsmart.com\/#website\"},\"datePublished\":\"2018-04-13T15:31:20+00:00\",\"dateModified\":\"2018-12-19T13:45:05+00:00\",\"breadcrumb\":{\"@id\":\"https:\/\/sitowebsmart.com\/de\/rechtsvorschriften-und-nutzungsbedingungen\/#breadcrumb\"},\"inLanguage\":\"de\",\"potentialAction\":[{\"@type\":\"ReadAction\",\"target\":[\"https:\/\/sitowebsmart.com\/de\/rechtsvorschriften-und-nutzungsbedingungen\/\"]}]},{\"@type\":\"BreadcrumbList\",\"@id\":\"https:\/\/sitowebsmart.com\/de\/rechtsvorschriften-und-nutzungsbedingungen\/#breadcrumb\",\"itemListElement\":[{\"@type\":\"ListItem\",\"position\":1,\"name\":\"Home\",\"item\":\"https:\/\/sitowebsmart.com\/de\/\"},{\"@type\":\"ListItem\",\"position\":2,\"name\":\"Rechtsvorschriften und Nutzungsbedingungen\"}]},{\"@type\":\"WebSite\",\"@id\":\"https:\/\/sitowebsmart.com\/#website\",\"url\":\"https:\/\/sitowebsmart.com\/\",\"name\":\"SCS Concept\",\"description\":\"Soluzioni Avanzate per il serraggio e controllo qualit\u00e0\",\"publisher\":{\"@id\":\"https:\/\/sitowebsmart.com\/#organization\"},\"potentialAction\":[{\"@type\":\"SearchAction\",\"target\":{\"@type\":\"EntryPoint\",\"urlTemplate\":\"https:\/\/sitowebsmart.com\/?s={search_term_string}\"},\"query-input\":{\"@type\":\"PropertyValueSpecification\",\"valueRequired\":true,\"valueName\":\"search_term_string\"}}],\"inLanguage\":\"de\"},{\"@type\":\"Organization\",\"@id\":\"https:\/\/sitowebsmart.com\/#organization\",\"name\":\"SCS Concept\",\"url\":\"https:\/\/sitowebsmart.com\/\",\"logo\":{\"@type\":\"ImageObject\",\"inLanguage\":\"de\",\"@id\":\"https:\/\/sitowebsmart.com\/#\/schema\/logo\/image\/\",\"url\":\"https:\/\/sitowebsmart.com\/wp-content\/uploads\/2018\/01\/scs-concept-group-200.png\",\"contentUrl\":\"https:\/\/sitowebsmart.com\/wp-content\/uploads\/2018\/01\/scs-concept-group-200.png\",\"width\":200,\"height\":200,\"caption\":\"SCS Concept\"},\"image\":{\"@id\":\"https:\/\/sitowebsmart.com\/#\/schema\/logo\/image\/\"}}]}<\/script>\n<!-- \/ Yoast SEO plugin. -->","yoast_head_json":{"title":"Rechtsvorschriften und Nutzungsbedingungen - SCS Concept","robots":{"index":"index","follow":"follow","max-snippet":"max-snippet:-1","max-image-preview":"max-image-preview:large","max-video-preview":"max-video-preview:-1"},"canonical":"https:\/\/sitowebsmart.com\/de\/rechtsvorschriften-und-nutzungsbedingungen\/","og_locale":"de_DE","og_type":"article","og_title":"Rechtsvorschriften und Nutzungsbedingungen - SCS Concept","og_description":"Rechtsvorschriften und Nutzungsbedingungen\u00a0\u00a0\u00a0\u00a0\u00a0\u00a0\u00a0\u00a0\u00a0\u00a0\u00a0\u00a0\u00a0\u00a0\u00a0\u00a0\u00a0\u00a0\u00a0\u00a0\u00a0\u00a0\u00a0\u00a0\u00a0\u00a0\u00a0\u00a0\u00a0\u00a0\u00a0\u00a0\u00a0\u00a0\u00a0\u00a0\u00a0\u00a0\u00a0\u00a0\u00a0\u00a0\u00a0\u00a0\u00a0\u00a0\u00a0\u00a0\u00a0\u00a0\u00a0\u00a0\u00a0\u00a0\u00a0\u00a0\u00a0\u00a0\u00a0\u00a0\u00a0\u00a0\u00a0\u00a0\u00a0\u00a0\u00a0 diese Webseite ist im Eigentum und wird betrieben durch: SCS Concept S.r.l., Via\u00a0Zucchi 39\/c,\u00a020095 Cusano Milanino (MI), ph.\u00a0+39 02 92502684, Partita Iva:\u00a006388790963 Die auf dieser Webseite gelieferten","og_url":"https:\/\/sitowebsmart.com\/de\/rechtsvorschriften-und-nutzungsbedingungen\/","og_site_name":"SCS Concept","article_modified_time":"2018-12-19T13:45:05+00:00","twitter_card":"summary_large_image","twitter_misc":{"Gesch\u00e4tzte Lesezeit":"5\u00a0Minuten"},"schema":{"@context":"https:\/\/schema.org","@graph":[{"@type":"WebPage","@id":"https:\/\/sitowebsmart.com\/de\/rechtsvorschriften-und-nutzungsbedingungen\/","url":"https:\/\/sitowebsmart.com\/de\/rechtsvorschriften-und-nutzungsbedingungen\/","name":"Rechtsvorschriften und Nutzungsbedingungen - SCS Concept","isPartOf":{"@id":"https:\/\/sitowebsmart.com\/#website"},"datePublished":"2018-04-13T15:31:20+00:00","dateModified":"2018-12-19T13:45:05+00:00","breadcrumb":{"@id":"https:\/\/sitowebsmart.com\/de\/rechtsvorschriften-und-nutzungsbedingungen\/#breadcrumb"},"inLanguage":"de","potentialAction":[{"@type":"ReadAction","target":["https:\/\/sitowebsmart.com\/de\/rechtsvorschriften-und-nutzungsbedingungen\/"]}]},{"@type":"BreadcrumbList","@id":"https:\/\/sitowebsmart.com\/de\/rechtsvorschriften-und-nutzungsbedingungen\/#breadcrumb","itemListElement":[{"@type":"ListItem","position":1,"name":"Home","item":"https:\/\/sitowebsmart.com\/de\/"},{"@type":"ListItem","position":2,"name":"Rechtsvorschriften und Nutzungsbedingungen"}]},{"@type":"WebSite","@id":"https:\/\/sitowebsmart.com\/#website","url":"https:\/\/sitowebsmart.com\/","name":"SCS Concept","description":"Soluzioni Avanzate per il serraggio e controllo qualit\u00e0","publisher":{"@id":"https:\/\/sitowebsmart.com\/#organization"},"potentialAction":[{"@type":"SearchAction","target":{"@type":"EntryPoint","urlTemplate":"https:\/\/sitowebsmart.com\/?s={search_term_string}"},"query-input":{"@type":"PropertyValueSpecification","valueRequired":true,"valueName":"search_term_string"}}],"inLanguage":"de"},{"@type":"Organization","@id":"https:\/\/sitowebsmart.com\/#organization","name":"SCS Concept","url":"https:\/\/sitowebsmart.com\/","logo":{"@type":"ImageObject","inLanguage":"de","@id":"https:\/\/sitowebsmart.com\/#\/schema\/logo\/image\/","url":"https:\/\/sitowebsmart.com\/wp-content\/uploads\/2018\/01\/scs-concept-group-200.png","contentUrl":"https:\/\/sitowebsmart.com\/wp-content\/uploads\/2018\/01\/scs-concept-group-200.png","width":200,"height":200,"caption":"SCS Concept"},"image":{"@id":"https:\/\/sitowebsmart.com\/#\/schema\/logo\/image\/"}}]}},"_links":{"self":[{"href":"https:\/\/sitowebsmart.com\/de\/wp-json\/wp\/v2\/pages\/14160","targetHints":{"allow":["GET"]}}],"collection":[{"href":"https:\/\/sitowebsmart.com\/de\/wp-json\/wp\/v2\/pages"}],"about":[{"href":"https:\/\/sitowebsmart.com\/de\/wp-json\/wp\/v2\/types\/page"}],"author":[{"embeddable":true,"href":"https:\/\/sitowebsmart.com\/de\/wp-json\/wp\/v2\/users\/5"}],"replies":[{"embeddable":true,"href":"https:\/\/sitowebsmart.com\/de\/wp-json\/wp\/v2\/comments?post=14160"}],"version-history":[{"count":4,"href":"https:\/\/sitowebsmart.com\/de\/wp-json\/wp\/v2\/pages\/14160\/revisions"}],"predecessor-version":[{"id":21011,"href":"https:\/\/sitowebsmart.com\/de\/wp-json\/wp\/v2\/pages\/14160\/revisions\/21011"}],"wp:attachment":[{"href":"https:\/\/sitowebsmart.com\/de\/wp-json\/wp\/v2\/media?parent=14160"}],"curies":[{"name":"wp","href":"https:\/\/api.w.org\/{rel}","templated":true}]}}