{"id":18339,"date":"2018-10-05T09:21:52","date_gmt":"2018-10-05T09:21:52","guid":{"rendered":"https:\/\/www.scsconcept.com\/fastening-general-training\/"},"modified":"2019-01-18T13:00:27","modified_gmt":"2019-01-18T13:00:27","slug":"allgemein","status":"publish","type":"page","link":"https:\/\/sitowebsmart.com\/de\/allgemein\/","title":{"rendered":"Allgemein"},"content":{"rendered":"<div class=\"wpb-content-wrapper\"><p>[vc_row force_equal_height_columns=&#8220;main_row&#8220; dfd_row_config=&#8220;full_width_content&#8220;][vc_column width=&#8220;1\/2&#8243; dfd_column_responsive_enable=&#8220;dfd-column-responsive-enable&#8220; css=&#8220;.vc_custom_1515147431102{padding-right: 2% !important;padding-left: 2% !important;background-color: #f7f7f7 !important;}&#8220; el_class=&#8220;dfd_col-tablet-12&#8243; offset=&#8220;vc_col-lg-6 vc_col-md-6 vc_col-xs-12&#8243; responsive_styles=&#8220;padding_left_tablet:20|padding_right_tablet:20|padding_left_mobile:20|padding_right_mobile:20&#8243;][vc_row_inner dfd_row_responsive_enable=&#8220;dfd-row-responsive-enable&#8220; css=&#8220;.vc_custom_1538672628153{padding-right: 10.5% !important;padding-left: 10.5% !important;}&#8220; responsive_styles=&#8220;padding_left_desktop:0|padding_right_desktop:0&#8243; el_class=&#8220;padding-tablet&#8220;][vc_column_inner dfd_column_responsive_enable=&#8220;dfd-column-responsive-enable&#8220;]<div class=\"dfd-spacer-module\"  data-units=\"px\" data-wide_resolution=\"1280\" data-wide_size=\"120\" data-normal_resolution=\"1024\" data-normal_size=\"100\" data-tablet_resolution=\"800\" data-tablet_size=\"90\" data-mobile_resolution=\"480\" data-mobile_size=\"80\" style=\"height: 120px;\"><\/div><div class=\"dfd-heading-shortcode\"><div class=\"dfd-heading-module-wrap  text-left style_01 cr-animate-gen dfd-heading-69dedc1553a37 dfd-disable-resposive-headings\" id=\"dfd-heading-69dedc1553a37\" data-animate-type = \"transition.expandIn\" ><div class=\"inline-block\"><div class=\"dfd-heading-module\"><h1 class=\"widget-title dfd-title \" style=\"\">Grundlagen-Seminar<\/h1><div class=\"dfd-heading-delimiter dfd-img-lazy-load\"><\/div><\/div><\/div><\/div><script type=\"text\/javascript\">\r\n\t\t\t\t\t\t\t\t\t(function($) {\r\n\t\t\t\t\t\t\t\t\t\t$(\"head\").append(\"<style>.dfd-heading-69dedc1553a37.dfd-heading-module-wrap .dfd-heading-module .dfd-heading-delimiter {border-bottom-style:solid;border-bottom-width:1px;width:140px;border-bottom-color:#ea5d1c;}.dfd-heading-69dedc1553a37.dfd-heading-module-wrap .dfd-heading-module .dfd-heading-delimiter {margin-top:10px;margin-bottom:10px;}<\/style>\");\r\n\t\t\t\t\t\t\t\t\t})(jQuery);\r\n\t\t\t\t\t\t\t\t<\/script><\/div>[vc_column_text item_animation=&#8220;transition.slideDownIn&#8220; css=&#8220;.vc_custom_1538984584746{margin-bottom: 20px !important;}&#8220;]<strong>Titel:<\/strong> Der erste Schritt in die Welt der Schraubenverbindung und Schraubtechnik<\/p>\n<p><strong>Zielgruppe:<\/strong> Mitarbeiter\/-innen aus den Bereichen der Produktion, Qualit\u00e4tssicherung, Instandhaltung, Technische Entwicklung, Planung und Konstruktion<\/p>\n<p><strong>Inhalt:<\/strong> Die Teilnehmer lernen verschiedene Schraubf\u00e4lle, deren Wichtigkeit f\u00fcr das Endprodukt und den eigentlichen Verschraubungsprozess dahinter kennen. Sie k\u00f6nnen Prozesssicherheit und Prozessf\u00e4higkeit eines Schraubvorganges bewerten, sowie anhand von Fehlerbildern Unregelm\u00e4\u00dfigkeiten im Prozess fr\u00fchzeitig erkennen und geeignete Gegenma\u00dfnahmen einleiten. Sie sind sensibilisiert f\u00fcr die Faktoren, die eine Schraubenverbindung vor, w\u00e4hrend und nach dem eigentlichen Montageprozess beeinflussen.[\/vc_column_text]<div class=\"dfd-spacer-module\"  data-units=\"px\" data-wide_resolution=\"1280\" data-wide_size=\"135\" data-normal_resolution=\"1024\" data-normal_size=\"100\" data-tablet_resolution=\"800\" data-tablet_size=\"90\" data-mobile_resolution=\"480\" data-mobile_size=\"80\" style=\"height: 135px;\"><\/div>[\/vc_column_inner][\/vc_row_inner][\/vc_column][vc_column width=&#8220;1\/2&#8243; column_bg_position=&#8220;center bottom&#8220; dfd_column_responsive_enable=&#8220;dfd-column-responsive-enable&#8220; el_class=&#8220;dfd_col-tablet-12&#8243; offset=&#8220;vc_col-lg-6 vc_col-md-6 vc_col-xs-12&#8243; responsive_styles=&#8220;padding_left_desktop:0|padding_right_desktop:0&#8243; css=&#8220;.vc_custom_1538732648743{background-image: url(https:\/\/sitowebsmart.com\/wp-content\/uploads\/2018\/10\/fastening-basic-training-scs-academy.jpg?id=18323) !important;background-position: center !important;background-repeat: no-repeat !important;background-size: cover !important;}&#8220;]<div class=\"dfd-spacer-module\"  data-units=\"px\" data-wide_resolution=\"1280\" data-wide_size=\"\" data-normal_resolution=\"1024\" data-normal_size=\"\" data-tablet_resolution=\"800\" data-tablet_size=\"\" data-mobile_resolution=\"480\" data-mobile_size=\"150\" style=\"height: px;\"><\/div><div class=\"dfd-spacer-module\"  data-units=\"px\" data-wide_resolution=\"1280\" data-wide_size=\"\" data-normal_resolution=\"1024\" data-normal_size=\"\" data-tablet_resolution=\"800\" data-tablet_size=\"\" data-mobile_resolution=\"480\" data-mobile_size=\"150\" style=\"height: px;\"><\/div>[\/vc_column][\/vc_row][vc_row force_equal_height_columns=&#8220;main_row&#8220; dfd_row_config=&#8220;full_width_content&#8220;][vc_column width=&#8220;1\/2&#8243; column_bg_position=&#8220;center bottom&#8220; dfd_column_responsive_enable=&#8220;dfd-column-responsive-enable&#8220; el_class=&#8220;dfd_col-tablet-12&#8243; offset=&#8220;vc_col-lg-6 vc_col-md-6 vc_col-xs-12&#8243; responsive_styles=&#8220;padding_left_desktop:0|padding_right_desktop:0&#8243; css=&#8220;.vc_custom_1538732673948{background-image: url(https:\/\/sitowebsmart.com\/wp-content\/uploads\/2018\/10\/fastening-advanced-training-scs-academy.jpg?id=18316) !important;background-position: center !important;background-repeat: no-repeat !important;background-size: cover !important;}&#8220;]<div class=\"dfd-spacer-module\"  data-units=\"px\" data-wide_resolution=\"1280\" data-wide_size=\"\" data-normal_resolution=\"1024\" data-normal_size=\"\" data-tablet_resolution=\"800\" data-tablet_size=\"\" data-mobile_resolution=\"480\" data-mobile_size=\"150\" style=\"height: px;\"><\/div><div class=\"dfd-spacer-module\"  data-units=\"px\" data-wide_resolution=\"1280\" data-wide_size=\"\" data-normal_resolution=\"1024\" data-normal_size=\"\" data-tablet_resolution=\"800\" data-tablet_size=\"\" data-mobile_resolution=\"480\" data-mobile_size=\"150\" style=\"height: px;\"><\/div>[\/vc_column][vc_column width=&#8220;1\/2&#8243; dfd_column_responsive_enable=&#8220;dfd-column-responsive-enable&#8220; css=&#8220;.vc_custom_1515147431102{padding-right: 2% !important;padding-left: 2% !important;background-color: #f7f7f7 !important;}&#8220; el_class=&#8220;dfd_col-tablet-12&#8243; offset=&#8220;vc_col-lg-6 vc_col-md-6 vc_col-xs-12&#8243; responsive_styles=&#8220;padding_left_tablet:20|padding_right_tablet:20|padding_left_mobile:20|padding_right_mobile:20&#8243;][vc_row_inner dfd_row_responsive_enable=&#8220;dfd-row-responsive-enable&#8220; css=&#8220;.vc_custom_1538672628153{padding-right: 10.5% !important;padding-left: 10.5% !important;}&#8220; responsive_styles=&#8220;padding_left_desktop:0|padding_right_desktop:0&#8243; el_class=&#8220;padding-tablet&#8220;][vc_column_inner dfd_column_responsive_enable=&#8220;dfd-column-responsive-enable&#8220;]<div class=\"dfd-spacer-module\"  data-units=\"px\" data-wide_resolution=\"1280\" data-wide_size=\"120\" data-normal_resolution=\"1024\" data-normal_size=\"100\" data-tablet_resolution=\"800\" data-tablet_size=\"90\" data-mobile_resolution=\"480\" data-mobile_size=\"80\" style=\"height: 120px;\"><\/div><div class=\"dfd-heading-shortcode\"><div class=\"dfd-heading-module-wrap  text-left style_01 cr-animate-gen dfd-heading-69dedc155416c dfd-disable-resposive-headings\" id=\"dfd-heading-69dedc155416c\" data-animate-type = \"transition.expandIn\" ><div class=\"inline-block\"><div class=\"dfd-heading-module\"><h1 class=\"widget-title dfd-title \" style=\"\">Aufbau-Seminar<\/h1><div class=\"dfd-heading-delimiter dfd-img-lazy-load\"><\/div><\/div><\/div><\/div><script type=\"text\/javascript\">\r\n\t\t\t\t\t\t\t\t\t(function($) {\r\n\t\t\t\t\t\t\t\t\t\t$(\"head\").append(\"<style>.dfd-heading-69dedc155416c.dfd-heading-module-wrap .dfd-heading-module .dfd-heading-delimiter {border-bottom-style:solid;border-bottom-width:1px;width:140px;border-bottom-color:#ea5d1c;}.dfd-heading-69dedc155416c.dfd-heading-module-wrap .dfd-heading-module .dfd-heading-delimiter {margin-top:10px;margin-bottom:10px;}<\/style>\");\r\n\t\t\t\t\t\t\t\t\t})(jQuery);\r\n\t\t\t\t\t\t\t\t<\/script><\/div>[vc_column_text item_animation=&#8220;transition.slideDownIn&#8220; css=&#8220;.vc_custom_1538735609139{margin-bottom: 20px !important;}&#8220;]<strong>Titel:<\/strong> Das Aufbauseminar Schraubenverbindung und Schraubtechnik<\/p>\n<p><strong>Zielgruppe:<\/strong> Mitarbeiter\/-innen aus den Bereichen der Produktion, Qualit\u00e4tssicherung, Instandhaltung, Technische Entwicklung, Planung und Konstruktion, F\u00fchrungskr\u00e4fte und Fachspezialisten<\/p>\n<p><strong>Inhalt:<\/strong> Fundiertes Fachwissen von physikalischen Gegebenheiten und Prozesseinfl\u00fcssen im Bereich der Schraubenverbindung und Schraubtechnik unter Ber\u00fccksichtigung des Einsatzes innovativer Materialien.[\/vc_column_text]<div class=\"dfd-spacer-module\"  data-units=\"px\" data-wide_resolution=\"1280\" data-wide_size=\"135\" data-normal_resolution=\"1024\" data-normal_size=\"100\" data-tablet_resolution=\"800\" data-tablet_size=\"90\" data-mobile_resolution=\"480\" data-mobile_size=\"80\" style=\"height: 135px;\"><\/div>[\/vc_column_inner][\/vc_row_inner][\/vc_column][\/vc_row][vc_row force_equal_height_columns=&#8220;main_row&#8220; dfd_row_config=&#8220;full_width_content&#8220;][vc_column width=&#8220;1\/2&#8243; dfd_column_responsive_enable=&#8220;dfd-column-responsive-enable&#8220; css=&#8220;.vc_custom_1515147431102{padding-right: 2% !important;padding-left: 2% !important;background-color: #f7f7f7 !important;}&#8220; el_class=&#8220;dfd_col-tablet-12&#8243; offset=&#8220;vc_col-lg-6 vc_col-md-6 vc_col-xs-12&#8243; responsive_styles=&#8220;padding_left_tablet:20|padding_right_tablet:20|padding_left_mobile:20|padding_right_mobile:20&#8243;][vc_row_inner dfd_row_responsive_enable=&#8220;dfd-row-responsive-enable&#8220; css=&#8220;.vc_custom_1538672628153{padding-right: 10.5% !important;padding-left: 10.5% !important;}&#8220; responsive_styles=&#8220;padding_left_desktop:0|padding_right_desktop:0&#8243; el_class=&#8220;padding-tablet&#8220;][vc_column_inner dfd_column_responsive_enable=&#8220;dfd-column-responsive-enable&#8220;]<div class=\"dfd-spacer-module\"  data-units=\"px\" data-wide_resolution=\"1280\" data-wide_size=\"120\" data-normal_resolution=\"1024\" data-normal_size=\"100\" data-tablet_resolution=\"800\" data-tablet_size=\"90\" data-mobile_resolution=\"480\" data-mobile_size=\"80\" style=\"height: 120px;\"><\/div><div class=\"dfd-heading-shortcode\"><div class=\"dfd-heading-module-wrap  text-left style_01 cr-animate-gen dfd-heading-69dedc155451f dfd-disable-resposive-headings\" id=\"dfd-heading-69dedc155451f\" data-animate-type = \"transition.expandIn\" ><div class=\"inline-block\"><div class=\"dfd-heading-module\"><h1 class=\"widget-title dfd-title \" style=\"\">Experten-Seminar<\/p>\n<p><\/h1><div class=\"dfd-heading-delimiter dfd-img-lazy-load\"><\/div><\/div><\/div><\/div><script type=\"text\/javascript\">\r\n\t\t\t\t\t\t\t\t\t(function($) {\r\n\t\t\t\t\t\t\t\t\t\t$(\"head\").append(\"<style>.dfd-heading-69dedc155451f.dfd-heading-module-wrap .dfd-heading-module .dfd-heading-delimiter {border-bottom-style:solid;border-bottom-width:1px;width:140px;border-bottom-color:#ea5d1c;}.dfd-heading-69dedc155451f.dfd-heading-module-wrap .dfd-heading-module .dfd-heading-delimiter {margin-top:10px;margin-bottom:10px;}<\/style>\");\r\n\t\t\t\t\t\t\t\t\t})(jQuery);\r\n\t\t\t\t\t\t\t\t<\/script><\/div>[vc_column_text item_animation=&#8220;transition.slideDownIn&#8220; css=&#8220;.vc_custom_1538735660848{margin-bottom: 20px !important;}&#8220;]<strong>Titel:<\/strong> Die ganze Welt der Schraubenverbindung und Schraubtechnik &#8211; von Experten f\u00fcr Experten<\/p>\n<p><strong>Zielgruppe:<\/strong> Mitarbeiter\/-innen aus den Bereichen der Produktion, Qualit\u00e4tssicherung, Instandhaltung, Technische Entwicklung, Planung und Konstruktion, F\u00fchrungskr\u00e4fte und Fachspezialisten<\/p>\n<p><strong>Inhalt:<\/strong> Fundiertes Expertenwissen in unterschiedlichen Fachgebieten der Schraubenverbindung \/ Schraubtechnik einschlie\u00dflich moderner Qualit\u00e4tsstrategien.[\/vc_column_text]<div class=\"dfd-spacer-module\"  data-units=\"px\" data-wide_resolution=\"1280\" data-wide_size=\"135\" data-normal_resolution=\"1024\" data-normal_size=\"100\" data-tablet_resolution=\"800\" data-tablet_size=\"90\" data-mobile_resolution=\"480\" data-mobile_size=\"80\" style=\"height: 135px;\"><\/div>[\/vc_column_inner][\/vc_row_inner][\/vc_column][vc_column width=&#8220;1\/2&#8243; column_bg_position=&#8220;center bottom&#8220; dfd_column_responsive_enable=&#8220;dfd-column-responsive-enable&#8220; el_class=&#8220;dfd_col-tablet-12&#8243; offset=&#8220;vc_col-lg-6 vc_col-md-6 vc_col-xs-12&#8243; responsive_styles=&#8220;padding_left_desktop:0|padding_right_desktop:0&#8243; css=&#8220;.vc_custom_1538732690596{background-image: url(https:\/\/sitowebsmart.com\/wp-content\/uploads\/2018\/10\/fastening-expert-training-scs-academy.jpg?id=18330) !important;background-position: center !important;background-repeat: no-repeat !important;background-size: cover !important;}&#8220;]<div class=\"dfd-spacer-module\"  data-units=\"px\" data-wide_resolution=\"1280\" data-wide_size=\"\" data-normal_resolution=\"1024\" data-normal_size=\"\" data-tablet_resolution=\"800\" data-tablet_size=\"\" data-mobile_resolution=\"480\" data-mobile_size=\"150\" style=\"height: px;\"><\/div><div class=\"dfd-spacer-module\"  data-units=\"px\" data-wide_resolution=\"1280\" data-wide_size=\"\" data-normal_resolution=\"1024\" data-normal_size=\"\" data-tablet_resolution=\"800\" data-tablet_size=\"\" data-mobile_resolution=\"480\" data-mobile_size=\"150\" style=\"height: px;\"><\/div>[\/vc_column][\/vc_row]<\/p>\n<\/div>","protected":false},"excerpt":{"rendered":"<p>[vc_row force_equal_height_columns=&#8220;main_row&#8220; dfd_row_config=&#8220;full_width_content&#8220;][vc_column width=&#8220;1\/2&#8243; dfd_column_responsive_enable=&#8220;dfd-column-responsive-enable&#8220; css=&#8220;.vc_custom_1515147431102{padding-right: 2% !important;padding-left: 2% !important;background-color: #f7f7f7 !important;}&#8220; el_class=&#8220;dfd_col-tablet-12&#8243; offset=&#8220;vc_col-lg-6 vc_col-md-6 vc_col-xs-12&#8243; responsive_styles=&#8220;padding_left_tablet:20|padding_right_tablet:20|padding_left_mobile:20|padding_right_mobile:20&#8243;][vc_row_inner dfd_row_responsive_enable=&#8220;dfd-row-responsive-enable&#8220; css=&#8220;.vc_custom_1538672628153{padding-right: 10.5% !important;padding-left: 10.5% !important;}&#8220; responsive_styles=&#8220;padding_left_desktop:0|padding_right_desktop:0&#8243; el_class=&#8220;padding-tablet&#8220;][vc_column_inner dfd_column_responsive_enable=&#8220;dfd-column-responsive-enable&#8220;][vc_column_text item_animation=&#8220;transition.slideDownIn&#8220; css=&#8220;.vc_custom_1538984584746{margin-bottom: 20px !important;}&#8220;]Titel:<\/p>\n","protected":false},"author":5,"featured_media":0,"parent":0,"menu_order":0,"comment_status":"closed","ping_status":"closed","template":"page-custom.php","meta":{"_acf_changed":false,"footnotes":""},"class_list":["post-18339","page","type-page","status-publish","hentry"],"acf":[],"yoast_head":"<!-- This site is optimized with the Yoast SEO plugin v26.9 - https:\/\/yoast.com\/product\/yoast-seo-wordpress\/ -->\n<title>Allgemein - SCS Concept<\/title>\n<meta name=\"robots\" content=\"index, follow, max-snippet:-1, max-image-preview:large, max-video-preview:-1\" \/>\n<link rel=\"canonical\" href=\"https:\/\/sitowebsmart.com\/de\/allgemein\/\" \/>\n<meta property=\"og:locale\" content=\"de_DE\" \/>\n<meta property=\"og:type\" content=\"article\" \/>\n<meta property=\"og:title\" content=\"Allgemein - SCS Concept\" \/>\n<meta property=\"og:description\" content=\"[vc_row force_equal_height_columns=&#8220;main_row&#8220; dfd_row_config=&#8220;full_width_content&#8220;][vc_column width=&#8220;1\/2&#8243; dfd_column_responsive_enable=&#8220;dfd-column-responsive-enable&#8220; css=&#8220;.vc_custom_1515147431102{padding-right: 2% !important;padding-left: 2% !important;background-color: #f7f7f7 !important;}&#8220; el_class=&#8220;dfd_col-tablet-12&#8243; offset=&#8220;vc_col-lg-6 vc_col-md-6 vc_col-xs-12&#8243; responsive_styles=&#8220;padding_left_tablet:20|padding_right_tablet:20|padding_left_mobile:20|padding_right_mobile:20&#8243;][vc_row_inner dfd_row_responsive_enable=&#8220;dfd-row-responsive-enable&#8220; css=&#8220;.vc_custom_1538672628153{padding-right: 10.5% !important;padding-left: 10.5% !important;}&#8220; responsive_styles=&#8220;padding_left_desktop:0|padding_right_desktop:0&#8243; el_class=&#8220;padding-tablet&#8220;][vc_column_inner dfd_column_responsive_enable=&#8220;dfd-column-responsive-enable&#8220;][vc_column_text item_animation=&#8220;transition.slideDownIn&#8220; css=&#8220;.vc_custom_1538984584746{margin-bottom: 20px !important;}&#8220;]Titel:\" \/>\n<meta property=\"og:url\" content=\"https:\/\/sitowebsmart.com\/de\/allgemein\/\" \/>\n<meta property=\"og:site_name\" content=\"SCS Concept\" \/>\n<meta property=\"article:modified_time\" content=\"2019-01-18T13:00:27+00:00\" \/>\n<meta name=\"twitter:card\" content=\"summary_large_image\" \/>\n<meta name=\"twitter:label1\" content=\"Gesch\u00e4tzte Lesezeit\" \/>\n\t<meta name=\"twitter:data1\" content=\"6\u00a0Minuten\" \/>\n<script type=\"application\/ld+json\" class=\"yoast-schema-graph\">{\"@context\":\"https:\/\/schema.org\",\"@graph\":[{\"@type\":\"WebPage\",\"@id\":\"https:\/\/sitowebsmart.com\/de\/allgemein\/\",\"url\":\"https:\/\/sitowebsmart.com\/de\/allgemein\/\",\"name\":\"Allgemein - SCS Concept\",\"isPartOf\":{\"@id\":\"https:\/\/sitowebsmart.com\/#website\"},\"datePublished\":\"2018-10-05T09:21:52+00:00\",\"dateModified\":\"2019-01-18T13:00:27+00:00\",\"breadcrumb\":{\"@id\":\"https:\/\/sitowebsmart.com\/de\/allgemein\/#breadcrumb\"},\"inLanguage\":\"de\",\"potentialAction\":[{\"@type\":\"ReadAction\",\"target\":[\"https:\/\/sitowebsmart.com\/de\/allgemein\/\"]}]},{\"@type\":\"BreadcrumbList\",\"@id\":\"https:\/\/sitowebsmart.com\/de\/allgemein\/#breadcrumb\",\"itemListElement\":[{\"@type\":\"ListItem\",\"position\":1,\"name\":\"Home\",\"item\":\"https:\/\/sitowebsmart.com\/de\/\"},{\"@type\":\"ListItem\",\"position\":2,\"name\":\"Allgemein\"}]},{\"@type\":\"WebSite\",\"@id\":\"https:\/\/sitowebsmart.com\/#website\",\"url\":\"https:\/\/sitowebsmart.com\/\",\"name\":\"SCS Concept\",\"description\":\"Soluzioni Avanzate per il serraggio e controllo qualit\u00e0\",\"publisher\":{\"@id\":\"https:\/\/sitowebsmart.com\/#organization\"},\"potentialAction\":[{\"@type\":\"SearchAction\",\"target\":{\"@type\":\"EntryPoint\",\"urlTemplate\":\"https:\/\/sitowebsmart.com\/?s={search_term_string}\"},\"query-input\":{\"@type\":\"PropertyValueSpecification\",\"valueRequired\":true,\"valueName\":\"search_term_string\"}}],\"inLanguage\":\"de\"},{\"@type\":\"Organization\",\"@id\":\"https:\/\/sitowebsmart.com\/#organization\",\"name\":\"SCS Concept\",\"url\":\"https:\/\/sitowebsmart.com\/\",\"logo\":{\"@type\":\"ImageObject\",\"inLanguage\":\"de\",\"@id\":\"https:\/\/sitowebsmart.com\/#\/schema\/logo\/image\/\",\"url\":\"https:\/\/sitowebsmart.com\/wp-content\/uploads\/2018\/01\/scs-concept-group-200.png\",\"contentUrl\":\"https:\/\/sitowebsmart.com\/wp-content\/uploads\/2018\/01\/scs-concept-group-200.png\",\"width\":200,\"height\":200,\"caption\":\"SCS Concept\"},\"image\":{\"@id\":\"https:\/\/sitowebsmart.com\/#\/schema\/logo\/image\/\"}}]}<\/script>\n<!-- \/ Yoast SEO plugin. -->","yoast_head_json":{"title":"Allgemein - SCS Concept","robots":{"index":"index","follow":"follow","max-snippet":"max-snippet:-1","max-image-preview":"max-image-preview:large","max-video-preview":"max-video-preview:-1"},"canonical":"https:\/\/sitowebsmart.com\/de\/allgemein\/","og_locale":"de_DE","og_type":"article","og_title":"Allgemein - SCS Concept","og_description":"[vc_row force_equal_height_columns=&#8220;main_row&#8220; dfd_row_config=&#8220;full_width_content&#8220;][vc_column width=&#8220;1\/2&#8243; dfd_column_responsive_enable=&#8220;dfd-column-responsive-enable&#8220; css=&#8220;.vc_custom_1515147431102{padding-right: 2% !important;padding-left: 2% !important;background-color: #f7f7f7 !important;}&#8220; el_class=&#8220;dfd_col-tablet-12&#8243; offset=&#8220;vc_col-lg-6 vc_col-md-6 vc_col-xs-12&#8243; responsive_styles=&#8220;padding_left_tablet:20|padding_right_tablet:20|padding_left_mobile:20|padding_right_mobile:20&#8243;][vc_row_inner dfd_row_responsive_enable=&#8220;dfd-row-responsive-enable&#8220; css=&#8220;.vc_custom_1538672628153{padding-right: 10.5% !important;padding-left: 10.5% !important;}&#8220; responsive_styles=&#8220;padding_left_desktop:0|padding_right_desktop:0&#8243; el_class=&#8220;padding-tablet&#8220;][vc_column_inner dfd_column_responsive_enable=&#8220;dfd-column-responsive-enable&#8220;][vc_column_text item_animation=&#8220;transition.slideDownIn&#8220; css=&#8220;.vc_custom_1538984584746{margin-bottom: 20px !important;}&#8220;]Titel:","og_url":"https:\/\/sitowebsmart.com\/de\/allgemein\/","og_site_name":"SCS Concept","article_modified_time":"2019-01-18T13:00:27+00:00","twitter_card":"summary_large_image","twitter_misc":{"Gesch\u00e4tzte Lesezeit":"6\u00a0Minuten"},"schema":{"@context":"https:\/\/schema.org","@graph":[{"@type":"WebPage","@id":"https:\/\/sitowebsmart.com\/de\/allgemein\/","url":"https:\/\/sitowebsmart.com\/de\/allgemein\/","name":"Allgemein - SCS Concept","isPartOf":{"@id":"https:\/\/sitowebsmart.com\/#website"},"datePublished":"2018-10-05T09:21:52+00:00","dateModified":"2019-01-18T13:00:27+00:00","breadcrumb":{"@id":"https:\/\/sitowebsmart.com\/de\/allgemein\/#breadcrumb"},"inLanguage":"de","potentialAction":[{"@type":"ReadAction","target":["https:\/\/sitowebsmart.com\/de\/allgemein\/"]}]},{"@type":"BreadcrumbList","@id":"https:\/\/sitowebsmart.com\/de\/allgemein\/#breadcrumb","itemListElement":[{"@type":"ListItem","position":1,"name":"Home","item":"https:\/\/sitowebsmart.com\/de\/"},{"@type":"ListItem","position":2,"name":"Allgemein"}]},{"@type":"WebSite","@id":"https:\/\/sitowebsmart.com\/#website","url":"https:\/\/sitowebsmart.com\/","name":"SCS Concept","description":"Soluzioni Avanzate per il serraggio e controllo qualit\u00e0","publisher":{"@id":"https:\/\/sitowebsmart.com\/#organization"},"potentialAction":[{"@type":"SearchAction","target":{"@type":"EntryPoint","urlTemplate":"https:\/\/sitowebsmart.com\/?s={search_term_string}"},"query-input":{"@type":"PropertyValueSpecification","valueRequired":true,"valueName":"search_term_string"}}],"inLanguage":"de"},{"@type":"Organization","@id":"https:\/\/sitowebsmart.com\/#organization","name":"SCS Concept","url":"https:\/\/sitowebsmart.com\/","logo":{"@type":"ImageObject","inLanguage":"de","@id":"https:\/\/sitowebsmart.com\/#\/schema\/logo\/image\/","url":"https:\/\/sitowebsmart.com\/wp-content\/uploads\/2018\/01\/scs-concept-group-200.png","contentUrl":"https:\/\/sitowebsmart.com\/wp-content\/uploads\/2018\/01\/scs-concept-group-200.png","width":200,"height":200,"caption":"SCS Concept"},"image":{"@id":"https:\/\/sitowebsmart.com\/#\/schema\/logo\/image\/"}}]}},"_links":{"self":[{"href":"https:\/\/sitowebsmart.com\/de\/wp-json\/wp\/v2\/pages\/18339","targetHints":{"allow":["GET"]}}],"collection":[{"href":"https:\/\/sitowebsmart.com\/de\/wp-json\/wp\/v2\/pages"}],"about":[{"href":"https:\/\/sitowebsmart.com\/de\/wp-json\/wp\/v2\/types\/page"}],"author":[{"embeddable":true,"href":"https:\/\/sitowebsmart.com\/de\/wp-json\/wp\/v2\/users\/5"}],"replies":[{"embeddable":true,"href":"https:\/\/sitowebsmart.com\/de\/wp-json\/wp\/v2\/comments?post=18339"}],"version-history":[{"count":5,"href":"https:\/\/sitowebsmart.com\/de\/wp-json\/wp\/v2\/pages\/18339\/revisions"}],"predecessor-version":[{"id":21115,"href":"https:\/\/sitowebsmart.com\/de\/wp-json\/wp\/v2\/pages\/18339\/revisions\/21115"}],"wp:attachment":[{"href":"https:\/\/sitowebsmart.com\/de\/wp-json\/wp\/v2\/media?parent=18339"}],"curies":[{"name":"wp","href":"https:\/\/api.w.org\/{rel}","templated":true}]}}