{"id":25039,"date":"2022-02-22T08:58:16","date_gmt":"2022-02-22T08:58:16","guid":{"rendered":"https:\/\/www.scsconcept.com\/?page_id=25039"},"modified":"2022-02-22T08:58:16","modified_gmt":"2022-02-22T08:58:16","slug":"jobangebote","status":"publish","type":"page","link":"https:\/\/sitowebsmart.com\/de\/jobangebote\/","title":{"rendered":"Jobangebote"},"content":{"rendered":"<div class=\"wpb-content-wrapper\"><p>[vc_row][vc_column][vc_column_text][\/vc_column_text][\/vc_column][\/vc_row][vc_row][vc_column]<div class=\"dfd-module-wrapper\"><div class=\"dfd-blog-loop dfd-blog-posts-module  dfd-blog-module-69dea6fe9de5e simple with-number-decor \"id=\"dfd-blog-module-69dea6fe9de5e\"  data-animate-item=\".cover\" data-animate-type=\"transition.slideRightIn\" >\r\n\t<div class=\"dfd-blog-wrap\">\r\n\r\n\t\t\t<div class=\"post-25041 post type-post status-publish format-standard hentry category-karriere \">\r\n\t\t\t\t<div class=\"cover\">\r\n\t\t\t\t\t\r\n\t\t\t\t\t<div class=\"clearfix\">\r\n\t\t\t\t\t\t<div class=\"entry-thumb\">\r\n\t\t\t\t\t\t\t<img  title=\"Technischer Mitarbeiter (m\/w\/d) f\u00fcr unsere Service-Werkstatt\" decoding=\"async\" src=\"https:\/\/sitowebsmart.com\/wp-content\/themes\/dfd-ronneby\/assets\/images\/no_image_resized_675-450.jpg\"  alt=\"Technischer Mitarbeiter (m\/w\/d) f\u00fcr unsere Service-Werkstatt\" \/>\r\n\t\t\t\t\t\t<\/div>\r\n\t\t\t\t\t\t<div class=\"content-wrap\">\r\n\t\t\t\t\t\t\t<div class=\"dfd-blog-heading-wrap\"><div class=\"dfd-blog-title widget-title\" style=\"\"><a href=\"https:\/\/sitowebsmart.com\/de\/technischer-mitarbeiter-m-w-d-fuer-unser-kalibrierlaboratorium\/\" title=\"Technischer Mitarbeiter (m\/w\/d) f\u00fcr unser Kalibrierlaboratorium\">Technischer Mitarbeiter (m\/w\/d) f\u00fcr unser Kalibrierlaboratorium<\/a><\/div>\t\t<div class=\"dfd-meta-wrap\">\r\n\t\t\t<div class=\"entry-meta meta-bottom\">\r\n\t<span class=\"entry-date\">12 Dezember 2022<\/span>\t<span class=\"before-author\">durch<\/span>\r\n\t<span class=\"byline author vcard\">\r\n\t<a href=\"https:\/\/sitowebsmart.com\/de\/author\/scs\/\" rel=\"author\" class=\"fn\">\r\n\t\tMarco Grippa\t<\/a>\r\n<\/span>\t<span class=\"before-category\">in<\/span>\r\n\t\t<span class=\"byline category\">\r\n\t\t<a href=\"https:\/\/sitowebsmart.com\/de\/.\/karriere\/\" class=\"fn\">\r\n\t\t\t<span class=\"cat-name\">Karriere<\/span>\r\n\t\t<\/a>\r\n\t<\/span>\r\n\t<\/div>\t\t<\/div>\r\n\t<\/div><div class=\"entry-content\"><p>SCS Concept sucht einen technischen Mitarbeiter (m\/w\/d) f\u00fcr das Kalibrierlaboratorium Ihre Aufgaben als technischer Mitarbeiter im Kalibrierlaboratorium: Technische Beratung der Kunden Technische Analyse eingegangener Pr\u00fcf- und Messger\u00e4te zur Kalibrierung Durchf\u00fchrung<\/p><\/div>\t\t\t\t\t\t<\/div>\r\n\t\t\t\t\t<\/div>\r\n\t\t\t\t\t\t\t\t\t\t\t<div class=\"dfd-share-cover dfd-share-animated\">\r\n\t\t\t\t\t\t\t<div class=\"dfd-blog-share-popup-wrap\" data-directory=\"https:\/\/sitowebsmart.com\/wp-content\/themes\/dfd-ronneby\" data-url=\"https:\/\/sitowebsmart.com\/de\/technischer-mitarbeiter-m-w-d-fuer-unser-kalibrierlaboratorium\/\" data-text=\"Share\" data-title=\"Share\">\r\n\t<div class=\"box\">\r\n\t\t<div class=\"dfd-share-icons\">\r\n\t\t\t<ul class=\"rrssb-buttons\">\r\n\t\t\t\t<li class=\"rrssb-facebook facebook soc_icon-facebook\">\r\n\t\t\t\t\t<!--  Replace with your URL. For best results, make sure you page has the proper FB Open Graph tags in header: -->\r\n\t\t\t\t\t<a href=\"https:\/\/www.facebook.com\/sharer\/sharer.php?u=https:\/\/sitowebsmart.com\/de\/technischer-mitarbeiter-m-w-d-fuer-unser-kalibrierlaboratorium\/\" class=\"popup\"><\/a>\r\n\t\t\t\t<\/li>\r\n\t\t\t\t<li class=\"rrssb-linkedin linkedin soc_icon-linkedin\">\r\n\t\t\t\t\t<!-- Replace href with your meta and URL information -->\r\n\t\t\t\t\t<a href=\"http:\/\/www.linkedin.com\/shareArticle?mini=true&amp;url=https:\/\/sitowebsmart.com\/de\/technischer-mitarbeiter-m-w-d-fuer-unser-kalibrierlaboratorium\/\" class=\"popup\"><\/a>\r\n\t\t\t\t<\/li>\r\n\t\t\t\t<li class=\"rrssb-pinterest pinterest soc_icon-pinterest\">\r\n\t\t\t\t\t<!-- Replace href with your meta and URL information.  -->\r\n\t\t\t\t\t<a href=\"http:\/\/pinterest.com\/pin\/create\/button\/?url=https:\/\/sitowebsmart.com\/de\/technischer-mitarbeiter-m-w-d-fuer-unser-kalibrierlaboratorium\/&image_url=https:\/\/sitowebsmart.com\/wp-content\/themes\/dfd-ronneby\/assets\/images\/no_image_resized_480-360.jpg\" class=\"popup\"><\/a>\r\n\t\t\t\t<\/li>\r\n\t\t\t\t<li class=\"rrssb-twitter twitter dfd-added-icon-twitter-x-logo\">\r\n\t\t\t\t\t<!-- Replace href with your Meta and URL information  -->\r\n\t\t\t\t\t<a href=\"https:\/\/twitter.com\/intent\/tweet?text=https:\/\/sitowebsmart.com\/de\/technischer-mitarbeiter-m-w-d-fuer-unser-kalibrierlaboratorium\/\" class=\"popup\"><\/a>\r\n\t\t\t\t<\/li>\r\n\t\t\t<\/ul>\r\n\t\t<\/div>\r\n\t\t<div class=\"dfd-share-title box-name\">Share<\/div>\r\n\t<\/div>\r\n<\/div>\t\t\t\t\t\t<\/div>\r\n\t\t\t\t\t\t\t\t\t<\/div>\r\n\t\t\t<\/div>\r\n\t\t\t\t\t\t<div class=\"post-25118 post type-post status-publish format-standard hentry category-karriere \">\r\n\t\t\t\t<div class=\"cover\">\r\n\t\t\t\t\t\r\n\t\t\t\t\t<div class=\"clearfix\">\r\n\t\t\t\t\t\t<div class=\"entry-thumb\">\r\n\t\t\t\t\t\t\t<img  title=\"Technischer Mitarbeiter (m\/w\/d) f\u00fcr unsere Service-Werkstatt\" decoding=\"async\" src=\"https:\/\/sitowebsmart.com\/wp-content\/themes\/dfd-ronneby\/assets\/images\/no_image_resized_675-450.jpg\"  alt=\"Technischer Mitarbeiter (m\/w\/d) f\u00fcr unsere Service-Werkstatt\" \/>\r\n\t\t\t\t\t\t<\/div>\r\n\t\t\t\t\t\t<div class=\"content-wrap\">\r\n\t\t\t\t\t\t\t<div class=\"dfd-blog-heading-wrap\"><div class=\"dfd-blog-title widget-title\" style=\"\"><a href=\"https:\/\/sitowebsmart.com\/de\/technischer-mitarbeiter-m-w-d-fuer-unser-service-werkstatt\/\" title=\"Technischer Mitarbeiter (m\/w\/d) f\u00fcr unsere Service-Werkstatt\">Technischer Mitarbeiter (m\/w\/d) f\u00fcr unsere Service-Werkstatt<\/a><\/div>\t\t<div class=\"dfd-meta-wrap\">\r\n\t\t\t<div class=\"entry-meta meta-bottom\">\r\n\t<span class=\"entry-date\">8 M\u00e4rz 2022<\/span>\t<span class=\"before-author\">durch<\/span>\r\n\t<span class=\"byline author vcard\">\r\n\t<a href=\"https:\/\/sitowebsmart.com\/de\/author\/scs\/\" rel=\"author\" class=\"fn\">\r\n\t\tMarco Grippa\t<\/a>\r\n<\/span>\t<span class=\"before-category\">in<\/span>\r\n\t\t<span class=\"byline category\">\r\n\t\t<a href=\"https:\/\/sitowebsmart.com\/de\/.\/karriere\/\" class=\"fn\">\r\n\t\t\t<span class=\"cat-name\">Karriere<\/span>\r\n\t\t<\/a>\r\n\t<\/span>\r\n\t<\/div>\t\t<\/div>\r\n\t<\/div><div class=\"entry-content\"><p>SCS Concept sucht einen technischen Mitarbeiter (m\/w\/d) f\u00fcr die Service-Werkstatt Ihre Aufgaben als technischer Mitarbeiter in der Service-Werkstatt: Dokumentation von Kundenr\u00fcckmeldungen zu Fehlern und Besch\u00e4digungen Fehleranalyse von elektronischen und mechanischen<\/p><\/div>\t\t\t\t\t\t<\/div>\r\n\t\t\t\t\t<\/div>\r\n\t\t\t\t\t\t\t\t\t\t\t<div class=\"dfd-share-cover dfd-share-animated\">\r\n\t\t\t\t\t\t\t<div class=\"dfd-blog-share-popup-wrap\" data-directory=\"https:\/\/sitowebsmart.com\/wp-content\/themes\/dfd-ronneby\" data-url=\"https:\/\/sitowebsmart.com\/de\/technischer-mitarbeiter-m-w-d-fuer-unser-service-werkstatt\/\" data-text=\"Share\" data-title=\"Share\">\r\n\t<div class=\"box\">\r\n\t\t<div class=\"dfd-share-icons\">\r\n\t\t\t<ul class=\"rrssb-buttons\">\r\n\t\t\t\t<li class=\"rrssb-facebook facebook soc_icon-facebook\">\r\n\t\t\t\t\t<!--  Replace with your URL. For best results, make sure you page has the proper FB Open Graph tags in header: -->\r\n\t\t\t\t\t<a href=\"https:\/\/www.facebook.com\/sharer\/sharer.php?u=https:\/\/sitowebsmart.com\/de\/technischer-mitarbeiter-m-w-d-fuer-unser-service-werkstatt\/\" class=\"popup\"><\/a>\r\n\t\t\t\t<\/li>\r\n\t\t\t\t<li class=\"rrssb-linkedin linkedin soc_icon-linkedin\">\r\n\t\t\t\t\t<!-- Replace href with your meta and URL information -->\r\n\t\t\t\t\t<a href=\"http:\/\/www.linkedin.com\/shareArticle?mini=true&amp;url=https:\/\/sitowebsmart.com\/de\/technischer-mitarbeiter-m-w-d-fuer-unser-service-werkstatt\/\" class=\"popup\"><\/a>\r\n\t\t\t\t<\/li>\r\n\t\t\t\t<li class=\"rrssb-pinterest pinterest soc_icon-pinterest\">\r\n\t\t\t\t\t<!-- Replace href with your meta and URL information.  -->\r\n\t\t\t\t\t<a href=\"http:\/\/pinterest.com\/pin\/create\/button\/?url=https:\/\/sitowebsmart.com\/de\/technischer-mitarbeiter-m-w-d-fuer-unser-service-werkstatt\/&image_url=https:\/\/sitowebsmart.com\/wp-content\/themes\/dfd-ronneby\/assets\/images\/no_image_resized_480-360.jpg\" class=\"popup\"><\/a>\r\n\t\t\t\t<\/li>\r\n\t\t\t\t<li class=\"rrssb-twitter twitter dfd-added-icon-twitter-x-logo\">\r\n\t\t\t\t\t<!-- Replace href with your Meta and URL information  -->\r\n\t\t\t\t\t<a href=\"https:\/\/twitter.com\/intent\/tweet?text=https:\/\/sitowebsmart.com\/de\/technischer-mitarbeiter-m-w-d-fuer-unser-service-werkstatt\/\" class=\"popup\"><\/a>\r\n\t\t\t\t<\/li>\r\n\t\t\t<\/ul>\r\n\t\t<\/div>\r\n\t\t<div class=\"dfd-share-title box-name\">Share<\/div>\r\n\t<\/div>\r\n<\/div>\t\t\t\t\t\t<\/div>\r\n\t\t\t\t\t\t\t\t\t<\/div>\r\n\t\t\t<\/div>\r\n\t\t\t\t<\/div>\r\n<\/div><script type=\"text\/javascript\">\r\n\t\t\t\t\t\t\t\t(function($) {$(\"head\").append(\"<style>#dfd-blog-module-69dea6fe9de5e .dfd-read-share {border-top-style: dotted; border-bottom-style: dotted;}#dfd-blog-module-69dea6fe9de5e.dfd-blog-loop.simple .post .cover {border-bottom-style: dotted;}#dfd-blog-module-69dea6fe9de5e.dfd-blog-loop.with-number-decor .dfd-number-decor {style=&quot;&quot;}<\/style>\");})(jQuery);\r\n\t\t\t\t\t\t\t<\/script><\/div>[\/vc_column][\/vc_row]<\/p>\n<\/div>","protected":false},"excerpt":{"rendered":"<p>[vc_row][vc_column][vc_column_text][\/vc_column_text][\/vc_column][\/vc_row][vc_row][vc_column][\/vc_column][\/vc_row]<\/p>\n","protected":false},"author":5,"featured_media":0,"parent":0,"menu_order":0,"comment_status":"closed","ping_status":"closed","template":"tmp-page-right-sidebar.php","meta":{"_acf_changed":false,"footnotes":""},"class_list":["post-25039","page","type-page","status-publish","hentry"],"acf":[],"yoast_head":"<!-- This site is optimized with the Yoast SEO plugin v26.9 - https:\/\/yoast.com\/product\/yoast-seo-wordpress\/ -->\n<title>Jobangebote - SCS Concept<\/title>\n<meta name=\"robots\" content=\"index, follow, max-snippet:-1, max-image-preview:large, max-video-preview:-1\" \/>\n<link rel=\"canonical\" href=\"https:\/\/sitowebsmart.com\/de\/jobangebote\/\" \/>\n<meta property=\"og:locale\" content=\"de_DE\" \/>\n<meta property=\"og:type\" content=\"article\" \/>\n<meta property=\"og:title\" content=\"Jobangebote - SCS Concept\" \/>\n<meta property=\"og:description\" content=\"[vc_row][vc_column][vc_column_text][\/vc_column_text][\/vc_column][\/vc_row][vc_row][vc_column][\/vc_column][\/vc_row]\" \/>\n<meta property=\"og:url\" content=\"https:\/\/sitowebsmart.com\/de\/jobangebote\/\" \/>\n<meta property=\"og:site_name\" content=\"SCS Concept\" \/>\n<meta name=\"twitter:card\" content=\"summary_large_image\" \/>\n<meta name=\"twitter:label1\" content=\"Gesch\u00e4tzte Lesezeit\" \/>\n\t<meta name=\"twitter:data1\" content=\"1\u00a0Minute\" \/>\n<script type=\"application\/ld+json\" class=\"yoast-schema-graph\">{\"@context\":\"https:\/\/schema.org\",\"@graph\":[{\"@type\":\"WebPage\",\"@id\":\"https:\/\/sitowebsmart.com\/de\/jobangebote\/\",\"url\":\"https:\/\/sitowebsmart.com\/de\/jobangebote\/\",\"name\":\"Jobangebote - SCS Concept\",\"isPartOf\":{\"@id\":\"https:\/\/sitowebsmart.com\/#website\"},\"datePublished\":\"2022-02-22T08:58:16+00:00\",\"breadcrumb\":{\"@id\":\"https:\/\/sitowebsmart.com\/de\/jobangebote\/#breadcrumb\"},\"inLanguage\":\"de\",\"potentialAction\":[{\"@type\":\"ReadAction\",\"target\":[\"https:\/\/sitowebsmart.com\/de\/jobangebote\/\"]}]},{\"@type\":\"BreadcrumbList\",\"@id\":\"https:\/\/sitowebsmart.com\/de\/jobangebote\/#breadcrumb\",\"itemListElement\":[{\"@type\":\"ListItem\",\"position\":1,\"name\":\"Home\",\"item\":\"https:\/\/sitowebsmart.com\/de\/\"},{\"@type\":\"ListItem\",\"position\":2,\"name\":\"Jobangebote\"}]},{\"@type\":\"WebSite\",\"@id\":\"https:\/\/sitowebsmart.com\/#website\",\"url\":\"https:\/\/sitowebsmart.com\/\",\"name\":\"SCS Concept\",\"description\":\"Soluzioni Avanzate per il serraggio e controllo qualit\u00e0\",\"publisher\":{\"@id\":\"https:\/\/sitowebsmart.com\/#organization\"},\"potentialAction\":[{\"@type\":\"SearchAction\",\"target\":{\"@type\":\"EntryPoint\",\"urlTemplate\":\"https:\/\/sitowebsmart.com\/?s={search_term_string}\"},\"query-input\":{\"@type\":\"PropertyValueSpecification\",\"valueRequired\":true,\"valueName\":\"search_term_string\"}}],\"inLanguage\":\"de\"},{\"@type\":\"Organization\",\"@id\":\"https:\/\/sitowebsmart.com\/#organization\",\"name\":\"SCS Concept\",\"url\":\"https:\/\/sitowebsmart.com\/\",\"logo\":{\"@type\":\"ImageObject\",\"inLanguage\":\"de\",\"@id\":\"https:\/\/sitowebsmart.com\/#\/schema\/logo\/image\/\",\"url\":\"https:\/\/sitowebsmart.com\/wp-content\/uploads\/2018\/01\/scs-concept-group-200.png\",\"contentUrl\":\"https:\/\/sitowebsmart.com\/wp-content\/uploads\/2018\/01\/scs-concept-group-200.png\",\"width\":200,\"height\":200,\"caption\":\"SCS Concept\"},\"image\":{\"@id\":\"https:\/\/sitowebsmart.com\/#\/schema\/logo\/image\/\"}}]}<\/script>\n<!-- \/ Yoast SEO plugin. -->","yoast_head_json":{"title":"Jobangebote - SCS Concept","robots":{"index":"index","follow":"follow","max-snippet":"max-snippet:-1","max-image-preview":"max-image-preview:large","max-video-preview":"max-video-preview:-1"},"canonical":"https:\/\/sitowebsmart.com\/de\/jobangebote\/","og_locale":"de_DE","og_type":"article","og_title":"Jobangebote - SCS Concept","og_description":"[vc_row][vc_column][vc_column_text][\/vc_column_text][\/vc_column][\/vc_row][vc_row][vc_column][\/vc_column][\/vc_row]","og_url":"https:\/\/sitowebsmart.com\/de\/jobangebote\/","og_site_name":"SCS Concept","twitter_card":"summary_large_image","twitter_misc":{"Gesch\u00e4tzte Lesezeit":"1\u00a0Minute"},"schema":{"@context":"https:\/\/schema.org","@graph":[{"@type":"WebPage","@id":"https:\/\/sitowebsmart.com\/de\/jobangebote\/","url":"https:\/\/sitowebsmart.com\/de\/jobangebote\/","name":"Jobangebote - SCS Concept","isPartOf":{"@id":"https:\/\/sitowebsmart.com\/#website"},"datePublished":"2022-02-22T08:58:16+00:00","breadcrumb":{"@id":"https:\/\/sitowebsmart.com\/de\/jobangebote\/#breadcrumb"},"inLanguage":"de","potentialAction":[{"@type":"ReadAction","target":["https:\/\/sitowebsmart.com\/de\/jobangebote\/"]}]},{"@type":"BreadcrumbList","@id":"https:\/\/sitowebsmart.com\/de\/jobangebote\/#breadcrumb","itemListElement":[{"@type":"ListItem","position":1,"name":"Home","item":"https:\/\/sitowebsmart.com\/de\/"},{"@type":"ListItem","position":2,"name":"Jobangebote"}]},{"@type":"WebSite","@id":"https:\/\/sitowebsmart.com\/#website","url":"https:\/\/sitowebsmart.com\/","name":"SCS Concept","description":"Soluzioni Avanzate per il serraggio e controllo qualit\u00e0","publisher":{"@id":"https:\/\/sitowebsmart.com\/#organization"},"potentialAction":[{"@type":"SearchAction","target":{"@type":"EntryPoint","urlTemplate":"https:\/\/sitowebsmart.com\/?s={search_term_string}"},"query-input":{"@type":"PropertyValueSpecification","valueRequired":true,"valueName":"search_term_string"}}],"inLanguage":"de"},{"@type":"Organization","@id":"https:\/\/sitowebsmart.com\/#organization","name":"SCS Concept","url":"https:\/\/sitowebsmart.com\/","logo":{"@type":"ImageObject","inLanguage":"de","@id":"https:\/\/sitowebsmart.com\/#\/schema\/logo\/image\/","url":"https:\/\/sitowebsmart.com\/wp-content\/uploads\/2018\/01\/scs-concept-group-200.png","contentUrl":"https:\/\/sitowebsmart.com\/wp-content\/uploads\/2018\/01\/scs-concept-group-200.png","width":200,"height":200,"caption":"SCS Concept"},"image":{"@id":"https:\/\/sitowebsmart.com\/#\/schema\/logo\/image\/"}}]}},"_links":{"self":[{"href":"https:\/\/sitowebsmart.com\/de\/wp-json\/wp\/v2\/pages\/25039","targetHints":{"allow":["GET"]}}],"collection":[{"href":"https:\/\/sitowebsmart.com\/de\/wp-json\/wp\/v2\/pages"}],"about":[{"href":"https:\/\/sitowebsmart.com\/de\/wp-json\/wp\/v2\/types\/page"}],"author":[{"embeddable":true,"href":"https:\/\/sitowebsmart.com\/de\/wp-json\/wp\/v2\/users\/5"}],"replies":[{"embeddable":true,"href":"https:\/\/sitowebsmart.com\/de\/wp-json\/wp\/v2\/comments?post=25039"}],"version-history":[{"count":1,"href":"https:\/\/sitowebsmart.com\/de\/wp-json\/wp\/v2\/pages\/25039\/revisions"}],"predecessor-version":[{"id":25040,"href":"https:\/\/sitowebsmart.com\/de\/wp-json\/wp\/v2\/pages\/25039\/revisions\/25040"}],"wp:attachment":[{"href":"https:\/\/sitowebsmart.com\/de\/wp-json\/wp\/v2\/media?parent=25039"}],"curies":[{"name":"wp","href":"https:\/\/api.w.org\/{rel}","templated":true}]}}