{"id":26433,"date":"2022-07-13T11:05:56","date_gmt":"2022-07-13T11:05:56","guid":{"rendered":"https:\/\/www.scsconcept.com\/?page_id=26433"},"modified":"2022-07-13T13:51:04","modified_gmt":"2022-07-13T13:51:04","slug":"cookie-policy","status":"publish","type":"page","link":"https:\/\/sitowebsmart.com\/de\/cookie-policy\/","title":{"rendered":"Cookie Policy"},"content":{"rendered":"<div class=\"wpb-content-wrapper\"><p>[vc_row][vc_column][vc_column_text]<\/p>\n<h2>Cookie-Richtlinie von<strong> www.scsconcept.com <\/strong><\/h2>\n<p>Dieses Dokument informiert Nutzer \u00fcber die Technologien, die diese Website einsetzt, um die unten beschriebenen Zwecke zu erreichen. Diese Technologien erm\u00f6glichen den Zugriff auf oder die Speicherung von Informationen (z. B. durch Einsatz von Cookies) auf dem Ger\u00e4t des Nutzers oder die Nutzung der Datenverarbeitungskapazit\u00e4ten des Ger\u00e4ts, wenn der Nutzer diese Website abruft oder ausf\u00fchrt.<\/p>\n<p>Der Einfachheit halber werden solche Technologien, sofern kein Anlass f\u00fcr eine Differenzierung besteht, innerhalb dieses Dokumentes als \u201eTracker\u201c definiert.<br \/>\nBeispielsweise k\u00f6nnen Cookies zwar sowohl in Web- als auch in Mobilbrowsern zum Einsatz kommen, kommen jedoch als browserbasierte Tacker bei mobilen Apps nicht in Frage. Daher wird in diesem Dokument der Begriff Cookie nur dann verwendet, wenn konkret die Art von Tracker gemeint ist.<\/p>\n<p>Einige der Verarbeitungszwecke, zu denen Tracker eingesetzt werden, erfordern die Einwilligung des Nutzers. Wird die Einwilligung erteilt, so kann sie jederzeit nach dem in diesem Dokument beschriebenen Verfahren frei widerrufen werden.<\/p>\n<p>Diese Website setzt anbietereigene Tracker (sogenannte \u201efirst-party Tracker\u201c) und fremde Tracker im Zusammenhang mit Diensten von Drittanbietern ein (sogenannte \u201ethird-party Tracker\u201c). Sofern innerhalb dieses Dokuments nicht anders angegeben, haben solche Dritte auch Zugriff auf die von ihnen verwalteten Tracker.<br \/>\nDie Geltungsdauer und der Verfall von Cookies und anderen vergleichbaren Trackern h\u00e4ngen von der vom Anbieter oder vom jeweiligen Drittanbieter festgelegten Lebensdauer ab. Einige davon verfallen, sobald der Nutzer die Browsersitzung beendet.<br \/>\nUm genauere und aktuellere Angaben zu der Lebensdauer sowie andere Informationen \u2013 wie z. B. bez\u00fcglich des Einsatzes weiterer Tracker \u2013 zu erhalten, werden Nutzer auf die Beschreibungen der unten aufgef\u00fchrten Kategorien sowie, dar\u00fcber hinaus, auf die verlinkten Datenschutzerkl\u00e4rungen entsprechender Drittanbieter oder auf Kontaktaufnahme zum Anbieter verwiesen.<\/p>\n<p>Weitere f\u00fcr Verbraucher aus Kalifornien bestimmte Informationen zu Rechten bez\u00fcglich Datenschutz k\u00f6nnen Nutzer <a href=\"https:\/\/www.iubenda.com\/privacy-policy\/64497038\/legal?from_cookie_policy=true&amp;no_markup=false\">der Datenschutzerkl\u00e4rung entnehmen<\/a>.<\/p>\n<p><strong>Unbedingt erforderliche Vorg\u00e4nge, um diese Website zu betreiben und den Dienst zu erbringen<\/strong><\/p>\n<p>Diese Website nutzt sogenannte \u201etechnische\u201c Cookies und \u00e4hnliche Tracker, um Vorg\u00e4nge zu erm\u00f6glichen, die f\u00fcr die Durchf\u00fchrung und Erbringung des Dienstes unbedingt erforderlich sind.<\/p>\n<p><strong>Third-party Tracker <\/strong><\/p>\n<ul>\n<li><strong>Tag-Verwaltung <\/strong><\/li>\n<\/ul>\n<p>Diese Art von Diensten helfen dem Anbieter die Tags oder Skripte, die f\u00fcr diese Website ben\u00f6tigt werden, zentral zu verwalten.<br \/>\nDies f\u00fchrt dazu, dass die Daten des Nutzers durch diese Dienste flie\u00dfen und m\u00f6glicherweise gespeichert werden.<\/p>\n<p><strong>Google Tag Manager (Google Ireland Limited)<\/strong><\/p>\n<p>Google Tag Manager ist ein von Google Ireland Limited bereitgestellter Dienst zur Verwaltung von Tags.<\/p>\n<p>Verarbeitete personenbezogene Daten: Nutzungsdaten und Tracker.<\/p>\n<p>Verarbeitungsort: Irland \u2013 <a href=\"https:\/\/policies.google.com\/privacy\">Datenschutzerkl\u00e4rung<\/a>.<\/p>\n<p><strong>Andere Vorg\u00e4nge unter Einsatz von Trackern<\/strong><\/p>\n<p><strong>Verbesserte Nutzererfahrung<\/strong><\/p>\n<p>Diese Website verwendet Tracker, um Nutzern erweiterte M\u00f6glichkeiten zur Verwaltung ihrer Einstellungen und Funktionen zur Interaktion mit externen Netzwerken und Plattformen zur Verf\u00fcgung stellen.<\/p>\n<ul>\n<li><strong>Anzeigen von Inhalten externer Plattformen <\/strong><\/li>\n<\/ul>\n<p>Mit dieser Art von Diensten k\u00f6nnen Nutzer sich Inhalte, die auf externen Plattformen gehostet werden, direkt \u00fcber diese Website anzeigen lassen und mit ihnen interagieren.<br \/>\nDiese Art von Dienst kann m\u00f6glicherweise immer noch Web-Traffic-Daten f\u00fcr die Seiten erheben, auf denen der Dienst installiert ist, auch wenn Nutzer ihn nicht verwenden.<\/p>\n<p><strong>Google Fonts (Google Ireland Limited)<\/strong><\/p>\n<p>Google Fonts ist ein von Google Ireland Limited bereitgestellter Service zur Visualisierung von Schriftarten, mit dem diese Website entsprechende Inhalte auf ihren Seiten einbinden kann.<\/p>\n<p>Verarbeitete personenbezogene Daten: Nutzungsdaten und Tracker.<\/p>\n<p>Verarbeitungsort: Irland \u2013 <a href=\"https:\/\/policies.google.com\/privacy\">Datenschutzerkl\u00e4rung<\/a>.<\/p>\n<p><strong>YouTube-Video-Widget (erweiterte Datenschutzmodus) (Google Ireland Limited)<\/strong><\/p>\n<p>YouTube ist ein von Google Ireland Limited bereitgestellter Service zur Visualisierung von Videoinhalten, mit dem diese Website entsprechende Inhalte auf ihren Seiten einbinden kann.<br \/>\nDas Widget ist so eingestellt, dass YouTube keine Informationen und Cookies \u00fcber Benutzer durch diese Website speichern kann, wenn das Video nicht abgespielt wird.<\/p>\n<p>Verarbeitete personenbezogene Daten: Nutzungsdaten, Tracker und Universally Unique Identifier (UUID).<\/p>\n<p>Verarbeitungsort: Irland \u2013 <a href=\"https:\/\/policies.google.com\/privacy\">Datenschutzerkl\u00e4rung<\/a>.<\/p>\n<p><strong>Erfolgsmessung<\/strong><\/p>\n<p>Diese Website verwendet Tracker, um den Onlinetraffic zu messen und das Nutzerverhalten zu analysieren und dadurch den Dienst zu verbessern.<\/p>\n<ul>\n<li><strong>Analytik <\/strong><\/li>\n<\/ul>\n<p>Mit den in diesem Abschnitt aufgef\u00fchrten Dienstleistungen kann der Anbieter den Datenverkehr \u00fcberwachen und analysieren sowie das Verhalten von Nutzern nachverfolgen.<\/p>\n<p><strong>Google Analytics 4 (Google Ireland Limited)<\/strong><\/p>\n<p>Google Analytics 4 ist ein Webanalysedienst von Google Ireland Limited (\u201eGoogle\u201c).<br \/>\nGoogle verwendet die erhobenen Daten, um nachzuverfolgen und zu untersuchen, wie diese Website genutzt wird, Berichte \u00fcber ihre Aktivit\u00e4ten zu verfassen und diese gemeinsam mit anderen Google-Diensten zu nutzen.<br \/>\nGoogle kann die erhobenen Daten verwenden, um die Anzeigen seines eigenen Werbenetzwerks zu kontextualisieren und personalisieren. In Google Analytics 4 werden die IP-Adressen zum Zeitpunkt der Erhebung verwendet und dann gel\u00f6scht, bevor die Daten in einem Datenzentrum oder auf einem Server gespeichert werden. Nutzer k\u00f6nnen mehr erfahren, indem sie <a href=\"https:\/\/support.google.com\/analytics\/answer\/12017362?hl=de&amp;ref_topic=2919631\">die offizielle Dokumentation von Google<\/a> einsehen.<\/p>\n<p>Verarbeitete personenbezogene Daten: Anzahl der Nutzer, Breitengrad (der Stadt), Browser-Informationen, Ger\u00e4teinformationen, L\u00e4ngengrad (der Stadt), Nutzungsdaten, Sitzungsstatistiken, Stadt und Tracker.<\/p>\n<p>Verarbeitungsort: Irland \u2013 <a href=\"https:\/\/policies.google.com\/privacy\">Datenschutzerkl\u00e4rung<\/a> \u2013 <a href=\"https:\/\/tools.google.com\/dlpage\/gaoptout?hl=de\">Opt Out<\/a>.<\/p>\n<p>Speicherdauer:<\/p>\n<ul>\n<li style=\"list-style-type: none;\">\n<ul>\n<li>_ga: 2 Jahre<\/li>\n<li>_ga_*: 2 Jahre<\/li>\n<li>_gac_gb_*: 3 Monaten<\/li>\n<li>_gid: 1 Tag<\/li>\n<\/ul>\n<\/li>\n<\/ul>\n<p><strong>Einstellungen verwalten und Einwilligungen erteilen oder widerrufen<\/strong><\/p>\n<p>Die Verwaltung von Tracker-Einstellungen sowie die Erteilung und der Widerruf von Einwilligungen k\u00f6nnen auf verschiedene Weisen erfolgen:<\/p>\n<p>Nutzer k\u00f6nnen Tracker-Einstellungen direkt \u00fcber die eigenen Ger\u00e4teinstellungen verwalten, indem sie z. B. dem Einsatz oder der Speicherung von Trackern g\u00e4nzlich widersprechen.<\/p>\n<p>Soweit der Einsatz von Trackern auf einer Einwilligung beruht, k\u00f6nnen Nutzer au\u00dferdem die Einwilligung durch entsprechende Auswahl im Cookie-Hinweis oder durch \u00c4nderung genannter Auswahl \u00fcber das entsprechende Einwilligungs-Widget (sofern vorhanden) erteilen oder widerrufen.<\/p>\n<p>\u00dcber die entsprechenden Browser- oder Ger\u00e4teinstellungen k\u00f6nnen auch bereits abgespeicherte Tracker, einschlie\u00dflich solcher, die f\u00fcr die Speicherung der urspr\u00fcnglichen Nutzereinwilligung zust\u00e4ndig sind, gel\u00f6scht werden.<\/p>\n<p>Andere Tracker, die im lokalen Speicher des Browsers abgelegt sind, k\u00f6nnen durch L\u00f6schen des Verlaufs entfernt werden.<\/p>\n<p>In Bezug auf alle von Dritten eingesetzten Tracker k\u00f6nnen Nutzer ihre Einstellungen verwalten und ihre Einwilligung widerrufen, indem sie den entsprechenden Opt-out-Link nutzen (sofern vorhanden), die in der Datenschutzerkl\u00e4rung des Dritten angegebenen Mittel verwenden oder sich mit dem Dritten in Verbindung setzen.<\/p>\n<p><strong>Trackereinstellungen verwalten<\/strong><\/p>\n<p>Nutzer k\u00f6nnen zum Beispiel unter den nachfolgenden Adressen Informationen zur Verwaltung von Cookies \u00fcber die g\u00e4ngigsten Browser finden:<\/p>\n<ul>\n<li><a href=\"https:\/\/support.google.com\/chrome\/answer\/95647?hl=de&amp;p=cpn_cookies\">Google Chrome<\/a><\/li>\n<li><a href=\"https:\/\/support.mozilla.org\/de\/kb\/cookies-erlauben-und-ablehnen\">Mozilla Firefox<\/a><\/li>\n<li><a href=\"https:\/\/support.apple.com\/de-de\/guide\/safari\/manage-cookies-and-website-data-sfri11471\">Apple Safari<\/a><\/li>\n<li><a href=\"http:\/\/windows.microsoft.com\/de-de\/windows-vista\/block-or-allow-cookies\">Microsoft Internet Explorer<\/a><\/li>\n<li><a href=\"https:\/\/support.microsoft.com\/de-de\/help\/4027947\">Microsoft Edge<\/a><\/li>\n<li><a href=\"https:\/\/support.brave.com\/hc\/articles\/360022806212-How-do-I-use-Shields-while-browsing\">Brave<\/a><\/li>\n<li><a href=\"https:\/\/help.opera.com\/de\/latest\/web-preferences\/#cookies\">Opera<\/a><\/li>\n<\/ul>\n<p>Nutzer k\u00f6nnen auch bestimmte innerhalb von mobilen Apps eingesetzte Tracker \u00fcber entsprechende Ger\u00e4teinstellungen verwalten \u2013 zum Beispiel \u00fcber die Ger\u00e4teinstellungen zu Werbung auf mobilen Ger\u00e4ten, oder generell \u00fcber Trackingeinstellungen (Nutzer k\u00f6nnen Ger\u00e4teinstellungen aufrufen und die entsprechenden Befehle suchen).<\/p>\n<p><strong>Folgen der Ablehnung der Einwilligung<\/strong><\/p>\n<p>Nutzer k\u00f6nnen frei entscheiden, ob sie ihre Einwilligung erteilen oder nicht. Es sollte jedoch beachtet werden, dass Tracker dazu beitragen, dass diese Website den Nutzern eine bessere Nutzererfahrung und erweiterte Funktionen bieten kann (in \u00dcbereinstimmung mit den in diesem Dokument beschriebenen Zwecken). Ohne die Einwilligung des Nutzers ist der Anbieter daher m\u00f6glicherweise nicht in der Lage, entsprechende Funktionen bereitzustellen.<\/p>\n<p><strong>Anbieter und Verantwortlicher<\/strong><\/p>\n<p>Ragione sociale: SCS Concept S.r.l.<br \/>\nPartita IVA: 06388790963<br \/>\nSede legale: Via Zucchi 39\/c, 20095 Cusano Milanino (MI)<br \/>\nREA: MI \u2013 1889255<br \/>\nIscrizione REA del 24\/11\/2008<br \/>\nISCRIZIONE AL REGISTRO IMPRESE DI MI con N. 1889255<br \/>\nCapitale Sociale \u20ac 200.000 i.v.<\/p>\n<p><strong>E-Mail-Adresse des Anbieters:<\/strong> <a href=\"mailto:info@scsconcept.com\">info@scsconcept.com<\/a>, <a href=\"mailto:privacy@scsconcept.com\">privacy@scsconcept.com<\/a><\/p>\n<p>Da der Einsatz von third-party Trackern durch diese Website vom Anbieter nicht vollst\u00e4ndig kontrolliert werden kann, verstehen sich s\u00e4mtliche Angaben zu third-party Trackern als indikativ. Um vollst\u00e4ndige Informationen zu erhalten, sind Nutzer gebeten, Einsicht in die in diesem Dokument aufgef\u00fchrten Datenschutzerkl\u00e4rungen der jeweiligen Drittanbieter zu nehmen.<\/p>\n<p>Aufgrund der objektiven Komplexit\u00e4t von Tracking-Technologien, werden Nutzer aufgefordert, Kontakt zum Anbieter aufzunehmen, sofern sie weitere Informationen zum Einsatz solcher Technologien durch diese Website zu erhalten w\u00fcnschen.<\/p>\n<p><strong>Begriffsbestimmungen und rechtliche Hinweise <\/strong><\/p>\n<p><strong>Personenbezogene Daten (oder Daten)<\/strong><\/p>\n<p>Alle Informationen, durch die direkt oder in Verbindung mit weiteren Informationen die Identit\u00e4t einer nat\u00fcrlichen Person bestimmt wird oder werden kann.<\/p>\n<p><strong>Nutzungsdaten<\/strong><\/p>\n<p>Informationen, die diese Website (oder Dienste Dritter, die diese Website in Anspruch nimmt), automatisch erhebt, z. B.: die IP-Adressen oder Domain-Namen der Computer von Nutzern, die diese Website verwenden, die URI-Adressen (Uniform Resource Identifier), den Zeitpunkt der Anfrage, die Methode, die f\u00fcr die \u00dcbersendung der Anfrage an den Server verwendet wurde, die Gr\u00f6\u00dfe der empfangenen Antwort-Datei, der Zahlencode, der den Status der Server-Antwort anzeigt (erfolgreiches Ergebnis, Fehler etc.), das Herkunftsland, die Funktionen des vom Nutzer verwendeten Browsers und Betriebssystems, die diversen Zeitangaben pro Aufruf (z. B. wie viel Zeit auf jeder Seite der Anwendung verbracht wurde) und Angaben \u00fcber den Pfad, dem innerhalb einer Anwendung gefolgt wurde, insbesondere die Reihenfolge der besuchten Seiten, sowie sonstige Informationen \u00fcber das Betriebssystem des Ger\u00e4ts und\/oder die IT-Umgebung des Nutzers.<\/p>\n<p><strong>Nutzer<\/strong><\/p>\n<p>Die diese Website verwendende Person, die, soweit nicht anders bestimmt, mit dem Betroffenen \u00fcbereinstimmt.<\/p>\n<p><strong>Betroffener<\/strong><\/p>\n<p>Die nat\u00fcrliche Person, auf die sich die personenbezogenen Daten beziehen.<\/p>\n<p><strong>Auftragsverarbeiter (oder Datenverarbeiter)<\/strong><\/p>\n<p>Nat\u00fcrliche oder juristische Person, Beh\u00f6rde, Einrichtung oder andere Stelle, die personenbezogene Daten im Auftrag des Verantwortlichen verarbeitet, wie in dieser Datenschutzerkl\u00e4rung beschrieben.<\/p>\n<p><strong>Verantwortlicher (oder Anbieter, teilweise auch Eigent\u00fcmer)<\/strong><\/p>\n<p>Die nat\u00fcrliche oder juristische Person, Beh\u00f6rde, Einrichtung oder andere Stelle, die allein oder gemeinsam mit anderen \u00fcber die Zwecke und Mittel der Verarbeitung personenbezogener Daten sowie die hierf\u00fcr verwendeten Mittel entscheidet, einschlie\u00dflich der Sicherheitsma\u00dfnahmen bez\u00fcglich des sich auf diese Website beziehenden Betriebs und der Nutzung. Soweit nichts anderes angegeben ist, ist der Verantwortliche die nat\u00fcrliche oder juristische Person, \u00fcber welche diese Website angeboten wird.<\/p>\n<p><strong>Diese Website (oder diese Anwendung)<\/strong><\/p>\n<p>Das Hardware- oder Software-Tool, mit dem die personenbezogenen Daten des Nutzers erhoben und verarbeitet werden.<\/p>\n<p><strong>Dienst<\/strong><\/p>\n<p>Der durch diese Website angebotene Dienst, wie in den entsprechenden AGBs (falls vorhanden) und auf dieser Website\/Anwendung beschrieben.<\/p>\n<p><strong>Europ\u00e4ische Union (oder EU)<\/strong><\/p>\n<p>Sofern nicht anders angegeben, beziehen sich alle Verweise in diesem Dokument auf die Europ\u00e4ische Union auf alle derzeitigen Mitgliedstaaten der Europ\u00e4ischen Union und den Europ\u00e4ischen Wirtschaftsraum (EWR).<\/p>\n<p><strong>Cookie<\/strong><\/p>\n<p>Cookies sind Tracker, die aus einem kleinen, im Browser des Nutzers abgelegten Datensatz bestehen.<\/p>\n<p><strong>Tracker<\/strong><\/p>\n<p>Der Begriff Tracker bezeichnet jede Technologie \u2013 z. B. Cookies, eindeutige Identifizierungen, Web Beacons, eingebettete Skripts, E-Tags oder Fingerprinting \u2013 durch die Nutzer nachverfolgt werden k\u00f6nnen, z. B. indem der Zugriff auf oder die Speicherung von Informationen auf dem Nutzerger\u00e4t erm\u00f6glicht wird.<\/p>\n<p><strong>Rechtlicher Hinweis<\/strong><\/p>\n<p>Diese Datenschutzerkl\u00e4rung wurde auf der Grundlage von Bestimmungen verschiedener Gesetzgebungen verfasst, einschlie\u00dflich Art. 13\/14 der Verordnung (EU) 2016\/679 (Datenschutz-Grundverordnung).<\/p>\n<p>Diese Datenschutzerkl\u00e4rung bezieht sich ausschlie\u00dflich auf diese Website, sofern in diesem Dokument nicht anders angegeben.<\/p>\n<p>Letzte Aktualisierung: 12 Juli 2022<\/p>\n<p><a href=\"https:\/\/www.iubenda.com\/de\/generator-fuer-datenschutz-und-cookie-richtlinien\">iubenda<\/a> hostet diese Inhalte und erhebt nur <a href=\"https:\/\/www.iubenda.com\/privacy-policy\/45483222\">die personenbezogenen Daten<\/a>, die unbedingt erforderlich sind, um sie zur Verf\u00fcgung zu stellen.[\/vc_column_text][\/vc_column][\/vc_row]<\/p>\n<\/div>","protected":false},"excerpt":{"rendered":"<p>[vc_row][vc_column][vc_column_text] Cookie-Richtlinie von www.scsconcept.com Dieses Dokument informiert Nutzer \u00fcber die Technologien, die diese Website einsetzt, um die unten beschriebenen Zwecke zu erreichen. Diese Technologien erm\u00f6glichen den Zugriff auf oder die<\/p>\n","protected":false},"author":4,"featured_media":0,"parent":0,"menu_order":0,"comment_status":"closed","ping_status":"closed","template":"","meta":{"_acf_changed":false,"footnotes":""},"class_list":["post-26433","page","type-page","status-publish","hentry"],"acf":[],"yoast_head":"<!-- This site is optimized with the Yoast SEO plugin v26.9 - https:\/\/yoast.com\/product\/yoast-seo-wordpress\/ -->\n<title>Cookie Policy - SCS Concept<\/title>\n<meta name=\"robots\" content=\"index, follow, max-snippet:-1, max-image-preview:large, max-video-preview:-1\" \/>\n<link rel=\"canonical\" href=\"https:\/\/sitowebsmart.com\/de\/cookie-policy\/\" \/>\n<meta property=\"og:locale\" content=\"de_DE\" \/>\n<meta property=\"og:type\" content=\"article\" \/>\n<meta property=\"og:title\" content=\"Cookie Policy - SCS Concept\" \/>\n<meta property=\"og:description\" content=\"[vc_row][vc_column][vc_column_text] Cookie-Richtlinie von www.scsconcept.com Dieses Dokument informiert Nutzer \u00fcber die Technologien, die diese Website einsetzt, um die unten beschriebenen Zwecke zu erreichen. Diese Technologien erm\u00f6glichen den Zugriff auf oder die\" \/>\n<meta property=\"og:url\" content=\"https:\/\/sitowebsmart.com\/de\/cookie-policy\/\" \/>\n<meta property=\"og:site_name\" content=\"SCS Concept\" \/>\n<meta property=\"article:modified_time\" content=\"2022-07-13T13:51:04+00:00\" \/>\n<meta name=\"twitter:card\" content=\"summary_large_image\" \/>\n<meta name=\"twitter:label1\" content=\"Gesch\u00e4tzte Lesezeit\" \/>\n\t<meta name=\"twitter:data1\" content=\"9\u00a0Minuten\" \/>\n<script type=\"application\/ld+json\" class=\"yoast-schema-graph\">{\"@context\":\"https:\/\/schema.org\",\"@graph\":[{\"@type\":\"WebPage\",\"@id\":\"https:\/\/sitowebsmart.com\/de\/cookie-policy\/\",\"url\":\"https:\/\/sitowebsmart.com\/de\/cookie-policy\/\",\"name\":\"Cookie Policy - SCS Concept\",\"isPartOf\":{\"@id\":\"https:\/\/sitowebsmart.com\/#website\"},\"datePublished\":\"2022-07-13T11:05:56+00:00\",\"dateModified\":\"2022-07-13T13:51:04+00:00\",\"breadcrumb\":{\"@id\":\"https:\/\/sitowebsmart.com\/de\/cookie-policy\/#breadcrumb\"},\"inLanguage\":\"de\",\"potentialAction\":[{\"@type\":\"ReadAction\",\"target\":[\"https:\/\/sitowebsmart.com\/de\/cookie-policy\/\"]}]},{\"@type\":\"BreadcrumbList\",\"@id\":\"https:\/\/sitowebsmart.com\/de\/cookie-policy\/#breadcrumb\",\"itemListElement\":[{\"@type\":\"ListItem\",\"position\":1,\"name\":\"Home\",\"item\":\"https:\/\/sitowebsmart.com\/de\/\"},{\"@type\":\"ListItem\",\"position\":2,\"name\":\"Cookie Policy\"}]},{\"@type\":\"WebSite\",\"@id\":\"https:\/\/sitowebsmart.com\/#website\",\"url\":\"https:\/\/sitowebsmart.com\/\",\"name\":\"SCS Concept\",\"description\":\"Soluzioni Avanzate per il serraggio e controllo qualit\u00e0\",\"publisher\":{\"@id\":\"https:\/\/sitowebsmart.com\/#organization\"},\"potentialAction\":[{\"@type\":\"SearchAction\",\"target\":{\"@type\":\"EntryPoint\",\"urlTemplate\":\"https:\/\/sitowebsmart.com\/?s={search_term_string}\"},\"query-input\":{\"@type\":\"PropertyValueSpecification\",\"valueRequired\":true,\"valueName\":\"search_term_string\"}}],\"inLanguage\":\"de\"},{\"@type\":\"Organization\",\"@id\":\"https:\/\/sitowebsmart.com\/#organization\",\"name\":\"SCS Concept\",\"url\":\"https:\/\/sitowebsmart.com\/\",\"logo\":{\"@type\":\"ImageObject\",\"inLanguage\":\"de\",\"@id\":\"https:\/\/sitowebsmart.com\/#\/schema\/logo\/image\/\",\"url\":\"https:\/\/sitowebsmart.com\/wp-content\/uploads\/2018\/01\/scs-concept-group-200.png\",\"contentUrl\":\"https:\/\/sitowebsmart.com\/wp-content\/uploads\/2018\/01\/scs-concept-group-200.png\",\"width\":200,\"height\":200,\"caption\":\"SCS Concept\"},\"image\":{\"@id\":\"https:\/\/sitowebsmart.com\/#\/schema\/logo\/image\/\"}}]}<\/script>\n<!-- \/ Yoast SEO plugin. -->","yoast_head_json":{"title":"Cookie Policy - SCS Concept","robots":{"index":"index","follow":"follow","max-snippet":"max-snippet:-1","max-image-preview":"max-image-preview:large","max-video-preview":"max-video-preview:-1"},"canonical":"https:\/\/sitowebsmart.com\/de\/cookie-policy\/","og_locale":"de_DE","og_type":"article","og_title":"Cookie Policy - SCS Concept","og_description":"[vc_row][vc_column][vc_column_text] Cookie-Richtlinie von www.scsconcept.com Dieses Dokument informiert Nutzer \u00fcber die Technologien, die diese Website einsetzt, um die unten beschriebenen Zwecke zu erreichen. Diese Technologien erm\u00f6glichen den Zugriff auf oder die","og_url":"https:\/\/sitowebsmart.com\/de\/cookie-policy\/","og_site_name":"SCS Concept","article_modified_time":"2022-07-13T13:51:04+00:00","twitter_card":"summary_large_image","twitter_misc":{"Gesch\u00e4tzte Lesezeit":"9\u00a0Minuten"},"schema":{"@context":"https:\/\/schema.org","@graph":[{"@type":"WebPage","@id":"https:\/\/sitowebsmart.com\/de\/cookie-policy\/","url":"https:\/\/sitowebsmart.com\/de\/cookie-policy\/","name":"Cookie Policy - SCS Concept","isPartOf":{"@id":"https:\/\/sitowebsmart.com\/#website"},"datePublished":"2022-07-13T11:05:56+00:00","dateModified":"2022-07-13T13:51:04+00:00","breadcrumb":{"@id":"https:\/\/sitowebsmart.com\/de\/cookie-policy\/#breadcrumb"},"inLanguage":"de","potentialAction":[{"@type":"ReadAction","target":["https:\/\/sitowebsmart.com\/de\/cookie-policy\/"]}]},{"@type":"BreadcrumbList","@id":"https:\/\/sitowebsmart.com\/de\/cookie-policy\/#breadcrumb","itemListElement":[{"@type":"ListItem","position":1,"name":"Home","item":"https:\/\/sitowebsmart.com\/de\/"},{"@type":"ListItem","position":2,"name":"Cookie Policy"}]},{"@type":"WebSite","@id":"https:\/\/sitowebsmart.com\/#website","url":"https:\/\/sitowebsmart.com\/","name":"SCS Concept","description":"Soluzioni Avanzate per il serraggio e controllo qualit\u00e0","publisher":{"@id":"https:\/\/sitowebsmart.com\/#organization"},"potentialAction":[{"@type":"SearchAction","target":{"@type":"EntryPoint","urlTemplate":"https:\/\/sitowebsmart.com\/?s={search_term_string}"},"query-input":{"@type":"PropertyValueSpecification","valueRequired":true,"valueName":"search_term_string"}}],"inLanguage":"de"},{"@type":"Organization","@id":"https:\/\/sitowebsmart.com\/#organization","name":"SCS Concept","url":"https:\/\/sitowebsmart.com\/","logo":{"@type":"ImageObject","inLanguage":"de","@id":"https:\/\/sitowebsmart.com\/#\/schema\/logo\/image\/","url":"https:\/\/sitowebsmart.com\/wp-content\/uploads\/2018\/01\/scs-concept-group-200.png","contentUrl":"https:\/\/sitowebsmart.com\/wp-content\/uploads\/2018\/01\/scs-concept-group-200.png","width":200,"height":200,"caption":"SCS Concept"},"image":{"@id":"https:\/\/sitowebsmart.com\/#\/schema\/logo\/image\/"}}]}},"_links":{"self":[{"href":"https:\/\/sitowebsmart.com\/de\/wp-json\/wp\/v2\/pages\/26433","targetHints":{"allow":["GET"]}}],"collection":[{"href":"https:\/\/sitowebsmart.com\/de\/wp-json\/wp\/v2\/pages"}],"about":[{"href":"https:\/\/sitowebsmart.com\/de\/wp-json\/wp\/v2\/types\/page"}],"author":[{"embeddable":true,"href":"https:\/\/sitowebsmart.com\/de\/wp-json\/wp\/v2\/users\/4"}],"replies":[{"embeddable":true,"href":"https:\/\/sitowebsmart.com\/de\/wp-json\/wp\/v2\/comments?post=26433"}],"version-history":[{"count":5,"href":"https:\/\/sitowebsmart.com\/de\/wp-json\/wp\/v2\/pages\/26433\/revisions"}],"predecessor-version":[{"id":26464,"href":"https:\/\/sitowebsmart.com\/de\/wp-json\/wp\/v2\/pages\/26433\/revisions\/26464"}],"wp:attachment":[{"href":"https:\/\/sitowebsmart.com\/de\/wp-json\/wp\/v2\/media?parent=26433"}],"curies":[{"name":"wp","href":"https:\/\/api.w.org\/{rel}","templated":true}]}}