{"id":8287,"date":"2018-02-26T10:51:34","date_gmt":"2018-02-26T10:51:34","guid":{"rendered":"https:\/\/www.scsconcept.com\/?page_id=8287"},"modified":"2018-04-19T23:37:20","modified_gmt":"2018-04-19T23:37:20","slug":"digitaler-drehmomentschluessel-scs-easy","status":"publish","type":"page","link":"https:\/\/sitowebsmart.com\/de\/digitaler-drehmomentschluessel-scs-easy\/","title":{"rendered":"Digitaler Drehmomentschl\u00fcssel SCS Easy"},"content":{"rendered":"<div class=\"wpb-content-wrapper\"><p>[vc_row dfd_row_config=&#8220;full_width_content&#8220; dfd_row_responsive_enable=&#8220;dfd-row-responsive-enable&#8220; dfd_bg_style=&#8220;image&#8220; dfd_parallax_style=&#8220;dfd_vertical_parallax&#8220; dfd_bg_image_new=&#8220;7138&#8243; dfd_overlay_color=&#8220;#ffffff&#8220; dfd_overlay_pattern=&#8220;transperant&#8220; dfd_overlay_pattern_opacity=&#8220;85&#8243; css=&#8220;.vc_custom_1518711230074{padding-right: 5% !important;padding-left: 5% !important;}&#8220; responsive_styles=&#8220;padding_left_desktop:20|padding_right_desktop:20|padding_left_tablet:20|padding_right_tablet:20|padding_left_mobile:10|padding_right_mobile:10&#8243;][vc_column dfd_column_responsive_enable=&#8220;dfd-column-responsive-enable&#8220; responsive_styles=&#8220;padding_left_mobile:10|padding_right_mobile:10&#8243;][vc_row_inner][vc_column_inner dfd_column_responsive_enable=&#8220;dfd-column-responsive-enable&#8220; css=&#8220;.vc_custom_1503581599802{padding-right: 20% !important;padding-left: 20% !important;}&#8220; responsive_styles=&#8220;padding_left_desktop:80|padding_right_desktop:80|padding_left_tablet:10|padding_right_tablet:10|padding_left_mobile:10|padding_right_mobile:10&#8243;]<div class=\"dfd-spacer-module\"  data-units=\"px\" data-wide_resolution=\"1280\" data-wide_size=\"100\" data-normal_resolution=\"1024\" data-normal_size=\"60\" data-tablet_resolution=\"800\" data-tablet_size=\"40\" data-mobile_resolution=\"480\" data-mobile_size=\"40\" style=\"height: 100px;\"><\/div><div class=\"dfd-heading-shortcode\"><div class=\"dfd-heading-module-wrap  text-center style_01 cr-animate-gen dfd-heading-69d36c0ec2660 dfd-disable-resposive-headings\" id=\"dfd-heading-69d36c0ec2660\" data-animate-type = \"transition.expandIn\" ><div class=\"inline-block\"><div class=\"dfd-heading-module\"><h1 class=\"widget-title dfd-title \" style=\"\">SCS Easy &#8211; Digitaler Drehmomentschl\u00fcsse<\/h1><div class=\"dfd-heading-delimiter dfd-img-lazy-load\"><\/div><\/div><\/div><\/div><script type=\"text\/javascript\">\r\n\t\t\t\t\t\t\t\t\t(function($) {\r\n\t\t\t\t\t\t\t\t\t\t$(\"head\").append(\"<style>.dfd-heading-69d36c0ec2660.dfd-heading-module-wrap .dfd-heading-module .dfd-heading-delimiter {border-bottom-style:solid;border-bottom-width:1px;width:140px;border-bottom-color:#ea5d1c;}.dfd-heading-69d36c0ec2660 .dfd-heading-module .widget-title {margin-bottom:15px;}.dfd-heading-69d36c0ec2660.dfd-heading-module-wrap .dfd-heading-module .dfd-heading-delimiter {margin-top:30px;margin-bottom:10px;}<\/style>\");\r\n\t\t\t\t\t\t\t\t\t})(jQuery);\r\n\t\t\t\t\t\t\t\t<\/script><\/div><div class=\"dfd-spacer-module\"  data-units=\"px\" data-wide_resolution=\"1280\" data-wide_size=\"30\" data-normal_resolution=\"1024\" data-normal_size=\"30\" data-tablet_resolution=\"800\" data-tablet_size=\"30\" data-mobile_resolution=\"480\" data-mobile_size=\"30\" style=\"height: 30px;\"><\/div>[\/vc_column_inner][\/vc_row_inner][vc_row_inner][vc_column_inner width=&#8220;1\/2&#8243;]<div class=\"dfd-spacer-module\"  data-units=\"px\" data-wide_resolution=\"1280\" data-wide_size=\"80\" data-normal_resolution=\"1024\" data-normal_size=\"40\" data-tablet_resolution=\"800\" data-tablet_size=\"40\" data-mobile_resolution=\"480\" data-mobile_size=\"20\" style=\"height: 80px;\"><\/div>[vc_column_text css=&#8220;.vc_custom_1519642435117{padding-bottom: 8px !important;}&#8220;]Der\u00a0<strong>SCS Easy<\/strong>\u00a0bietet Ihnen dank seiner benutzerfreundlichen und flexiblen Software die M\u00f6glichkeit, Ihre Schraubverbindungen sehr einfach zu \u00fcberpr\u00fcfen oder festzuziehen.[\/vc_column_text][vc_column_text css=&#8220;.vc_custom_1519642476219{padding-bottom: 8px !important;}&#8220;]Mit dem eingebauten Gyroskop k\u00f6nnen Sie das Weiterziehmoment f\u00fcr die Qualit\u00e4tskontrolle bestimmen sowie Drehmoment- und Drehmoment-\/Winkelverschraubungen durchf\u00fchren.[\/vc_column_text][vc_column_text css=&#8220;.vc_custom_1519642509580{padding-bottom: 8px !important;}&#8220;]Die Genauigkeit der Winkelmessung macht den SCS Easy zum Marktf\u00fchrer in seinem Segment. Verf\u00fcgbar f\u00fcr reine Drehmoment- oder Drehmoment- und Winkelmessungen.[\/vc_column_text]<div class=\"dfd-spacer-module\"  data-units=\"px\" data-wide_resolution=\"1280\" data-wide_size=\"40\" data-normal_resolution=\"1024\" data-normal_size=\"40\" data-tablet_resolution=\"800\" data-tablet_size=\"20\" data-mobile_resolution=\"480\" data-mobile_size=\"20\" style=\"height: 40px;\"><\/div>[vc_column_text]<\/p>\n<div class=\"button-position\"><a class=\"button-layout\" href=\"https:\/\/sitowebsmart.com\/brochure\/de\/SCSEasy.pdf\" target=\"_blank\" rel=\"noopener\">Download <strong>Brochure<\/strong><\/a><\/div>\n<div class=\"button-position\"><a class=\"button-layout\" href=\"https:\/\/sitowebsmart.com\/brochure\/de\/Models-and-codes-Purchase_SCS-Easy.pdf\" target=\"_blank\" rel=\"noopener\"><strong>Models<\/strong> and <strong>Codes<\/strong> Purchase<\/a><\/div>\n<p>[\/vc_column_text]<div class=\"dfd-spacer-module\"  data-units=\"px\" data-wide_resolution=\"1280\" data-wide_size=\"20\" data-normal_resolution=\"1024\" data-normal_size=\"20\" data-tablet_resolution=\"800\" data-tablet_size=\"20\" data-mobile_resolution=\"480\" data-mobile_size=\"20\" style=\"height: 20px;\"><\/div>[\/vc_column_inner][vc_column_inner width=&#8220;1\/2&#8243;]<div class=\"dfd-spacer-module\"  data-units=\"px\" data-wide_resolution=\"1280\" data-wide_size=\"20\" data-normal_resolution=\"1024\" data-normal_size=\"20\" data-tablet_resolution=\"800\" data-tablet_size=\"20\" data-mobile_resolution=\"480\" data-mobile_size=\"20\" style=\"height: 20px;\"><\/div><div id=\"dfd-single-image-module69d36c0ec2ec9-3015\" class=\"dfd-single-image-module  image-center  cr-animate-gen dfd-img-lazy-load\" data-animate-type = \"transition.fadeIn\" ><img  title=\"Digitaler Drehmomentschl\u00fcssel SCS Easy\" fetchpriority=\"high\" decoding=\"async\" src=\"data:image\/svg+xml;charset=utf-8,%3Csvg xmlns%3D'http%3A%2F%2Fwww.w3.org%2F2000%2Fsvg' viewBox%3D'0 0 1920 1080'%2F%3E\" data-src=\"https:\/\/sitowebsmart.com\/wp-content\/uploads\/2018\/01\/scseasy-chiave-dinamometrica.png\" width=\"1920\" height=\"1080\"   alt=\"Digitaler Drehmomentschl\u00fcssel SCS Easy\"  \/><\/div><div class=\"dfd-spacer-module\"  data-units=\"px\" data-wide_resolution=\"1280\" data-wide_size=\"20\" data-normal_resolution=\"1024\" data-normal_size=\"20\" data-tablet_resolution=\"800\" data-tablet_size=\"20\" data-mobile_resolution=\"480\" data-mobile_size=\"20\" style=\"height: 20px;\"><\/div>[\/vc_column_inner][\/vc_row_inner]<div class=\"dfd-spacer-module\"  data-units=\"px\" data-wide_resolution=\"1280\" data-wide_size=\"80\" data-normal_resolution=\"1024\" data-normal_size=\"40\" data-tablet_resolution=\"800\" data-tablet_size=\"40\" data-mobile_resolution=\"480\" data-mobile_size=\"20\" style=\"height: 80px;\"><\/div>[\/vc_column][\/vc_row][vc_row dfd_row_config=&#8220;full_width_content_paddings&#8220; dfd_row_responsive_enable=&#8220;dfd-row-responsive-enable&#8220; dfd_bg_style=&#8220;image&#8220; dfd_parallax_style=&#8220;dfd_vertical_parallax&#8220; dfd_overlay_color=&#8220;#ffffff&#8220; dfd_overlay_pattern=&#8220;transperant&#8220; dfd_overlay_pattern_opacity=&#8220;85&#8243; css=&#8220;.vc_custom_1517234675888{padding-right: 8% !important;padding-left: 8% !important;background-color: #ffffff !important;}&#8220; responsive_styles=&#8220;padding_left_desktop:20|padding_right_desktop:20|padding_left_tablet:20|padding_right_tablet:20|padding_left_mobile:10|padding_right_mobile:10&#8243;][vc_column][vc_row_inner][vc_column_inner css=&#8220;.vc_custom_1517234278202{padding-right: 3% !important;padding-left: 3% !important;}&#8220;]<div class=\"dfd-spacer-module\"  data-units=\"px\" data-wide_resolution=\"1280\" data-wide_size=\"80\" data-normal_resolution=\"1024\" data-normal_size=\"80\" data-tablet_resolution=\"800\" data-tablet_size=\"80\" data-mobile_resolution=\"480\" data-mobile_size=\"80\" style=\"height: 80px;\"><\/div><div class=\"dfd-heading-shortcode\"><div class=\"dfd-heading-module-wrap  text-left style_01 dfd-heading-69d36c0ec3018 dfd-disable-resposive-headings\" id=\"dfd-heading-69d36c0ec3018\" ><div class=\"inline-block\"><div class=\"dfd-heading-module\"><h2 class=\"widget-title dfd-title \" style=\"font-size: 35px; \">Funktionen<\/h2><div class=\"dfd-heading-delimiter dfd-img-lazy-load\"><\/div><\/div><\/div><\/div><script type=\"text\/javascript\">\r\n\t\t\t\t\t\t\t\t\t(function($) {\r\n\t\t\t\t\t\t\t\t\t\t$(\"head\").append(\"<style>.dfd-heading-69d36c0ec3018.dfd-heading-module-wrap .dfd-heading-module .dfd-heading-delimiter {border-bottom-style:solid;border-bottom-width:1px;width:140px;border-bottom-color:#ea5d1c;}.dfd-heading-69d36c0ec3018.dfd-heading-module-wrap .dfd-heading-module .dfd-heading-delimiter {margin-top:10px;margin-bottom:10px;}<\/style>\");\r\n\t\t\t\t\t\t\t\t\t})(jQuery);\r\n\t\t\t\t\t\t\t\t<\/script><\/div>[\/vc_column_inner][\/vc_row_inner][vc_row_inner][vc_column_inner width=&#8220;1\/2&#8243; css=&#8220;.vc_custom_1517234260579{padding-right: 3% !important;padding-left: 3% !important;}&#8220;]<div class=\"dfd-spacer-module\"  data-units=\"px\" data-wide_resolution=\"1280\" data-wide_size=\"20\" data-normal_resolution=\"1024\" data-normal_size=\"20\" data-tablet_resolution=\"800\" data-tablet_size=\"20\" data-mobile_resolution=\"480\" data-mobile_size=\"20\" style=\"height: 20px;\"><\/div>[vc_column_text]<\/p>\n<ul>\n<li>Schraubvorg\u00e4nge mit Drehmoment-\/Winkelmessung<\/li>\n<li>Erkennung des Drehmoment-Spitzenwerts<\/li>\n<li>Weiterziehmomentmessung mit der Losbrechpunkt-Methode<\/li>\n<li>LEDs und LCD-Anzeige f\u00fcr Echtzeit-Ergebnisdarstellung<\/li>\n<\/ul>\n<p>[\/vc_column_text]<div class=\"dfd-spacer-module\"  data-units=\"px\" data-wide_resolution=\"1280\" data-wide_size=\"80\" data-normal_resolution=\"1024\" data-normal_size=\"80\" data-tablet_resolution=\"800\" data-tablet_size=\"30\" data-mobile_resolution=\"480\" data-mobile_size=\"30\" style=\"height: 80px;\"><\/div>[\/vc_column_inner][vc_column_inner width=&#8220;1\/2&#8243; css=&#8220;.vc_custom_1517234265907{padding-right: 3% !important;padding-left: 3% !important;}&#8220;]<div class=\"dfd-spacer-module\"  data-units=\"px\" data-wide_resolution=\"1280\" data-wide_size=\"20\" data-normal_resolution=\"1024\" data-normal_size=\"20\" data-tablet_resolution=\"800\" data-tablet_size=\"20\" data-mobile_resolution=\"480\" data-mobile_size=\"20\" style=\"height: 20px;\"><\/div>[vc_column_text]<\/p>\n<ul>\n<li>Es besteht die M\u00f6glichkeit, Ergebnisse mit der SCS Concept F3 Explorer-Software auf dem PC zu speichern.<\/li>\n<li>Schraubvorg\u00e4nge f\u00fcr Rechts- und Linksgewinde<\/li>\n<li>Die Serie deckt einen breiten Drehmomentbereich von 1 bis 1000\u00a0N\u00b7m ab<\/li>\n<li>Drehmoment-Messgenauigkeit \u00b1 1% von Nenndrehmoment<\/li>\n<li>Versorgung durch interne wiederaufladbare AA-Batterien<\/li>\n<\/ul>\n<p>[\/vc_column_text]<div class=\"dfd-spacer-module\"  data-units=\"px\" data-wide_resolution=\"1280\" data-wide_size=\"80\" data-normal_resolution=\"1024\" data-normal_size=\"80\" data-tablet_resolution=\"800\" data-tablet_size=\"80\" data-mobile_resolution=\"480\" data-mobile_size=\"80\" style=\"height: 80px;\"><\/div>[\/vc_column_inner][\/vc_row_inner][\/vc_column][\/vc_row]<\/p>\n<\/div>","protected":false},"excerpt":{"rendered":"<p>[vc_row dfd_row_config=&#8220;full_width_content&#8220; dfd_row_responsive_enable=&#8220;dfd-row-responsive-enable&#8220; dfd_bg_style=&#8220;image&#8220; dfd_parallax_style=&#8220;dfd_vertical_parallax&#8220; dfd_bg_image_new=&#8220;7138&#8243; dfd_overlay_color=&#8220;#ffffff&#8220; dfd_overlay_pattern=&#8220;transperant&#8220; dfd_overlay_pattern_opacity=&#8220;85&#8243; css=&#8220;.vc_custom_1518711230074{padding-right: 5% !important;padding-left: 5% !important;}&#8220; responsive_styles=&#8220;padding_left_desktop:20|padding_right_desktop:20|padding_left_tablet:20|padding_right_tablet:20|padding_left_mobile:10|padding_right_mobile:10&#8243;][vc_column dfd_column_responsive_enable=&#8220;dfd-column-responsive-enable&#8220; responsive_styles=&#8220;padding_left_mobile:10|padding_right_mobile:10&#8243;][vc_row_inner][vc_column_inner dfd_column_responsive_enable=&#8220;dfd-column-responsive-enable&#8220; css=&#8220;.vc_custom_1503581599802{padding-right: 20% !important;padding-left: 20% !important;}&#8220; responsive_styles=&#8220;padding_left_desktop:80|padding_right_desktop:80|padding_left_tablet:10|padding_right_tablet:10|padding_left_mobile:10|padding_right_mobile:10&#8243;][\/vc_column_inner][\/vc_row_inner][vc_row_inner][vc_column_inner width=&#8220;1\/2&#8243;][vc_column_text css=&#8220;.vc_custom_1519642435117{padding-bottom: 8px !important;}&#8220;]Der\u00a0SCS Easy\u00a0bietet Ihnen<\/p>\n","protected":false},"author":5,"featured_media":0,"parent":0,"menu_order":0,"comment_status":"closed","ping_status":"closed","template":"page-custom.php","meta":{"_acf_changed":false,"footnotes":""},"class_list":["post-8287","page","type-page","status-publish","hentry"],"acf":[],"yoast_head":"<!-- This site is optimized with the Yoast SEO plugin v26.9 - https:\/\/yoast.com\/product\/yoast-seo-wordpress\/ -->\n<title>Digitaler Drehmomentschl\u00fcssel SCS Easy - SCS Concept<\/title>\n<meta name=\"robots\" content=\"index, follow, max-snippet:-1, max-image-preview:large, max-video-preview:-1\" \/>\n<link rel=\"canonical\" href=\"https:\/\/sitowebsmart.com\/de\/digitaler-drehmomentschluessel-scs-easy\/\" \/>\n<meta property=\"og:locale\" content=\"de_DE\" \/>\n<meta property=\"og:type\" content=\"article\" \/>\n<meta property=\"og:title\" content=\"Digitaler Drehmomentschl\u00fcssel SCS Easy - SCS Concept\" \/>\n<meta property=\"og:description\" content=\"[vc_row dfd_row_config=&#8220;full_width_content&#8220; dfd_row_responsive_enable=&#8220;dfd-row-responsive-enable&#8220; dfd_bg_style=&#8220;image&#8220; dfd_parallax_style=&#8220;dfd_vertical_parallax&#8220; dfd_bg_image_new=&#8220;7138&#8243; dfd_overlay_color=&#8220;#ffffff&#8220; dfd_overlay_pattern=&#8220;transperant&#8220; dfd_overlay_pattern_opacity=&#8220;85&#8243; css=&#8220;.vc_custom_1518711230074{padding-right: 5% !important;padding-left: 5% !important;}&#8220; responsive_styles=&#8220;padding_left_desktop:20|padding_right_desktop:20|padding_left_tablet:20|padding_right_tablet:20|padding_left_mobile:10|padding_right_mobile:10&#8243;][vc_column dfd_column_responsive_enable=&#8220;dfd-column-responsive-enable&#8220; responsive_styles=&#8220;padding_left_mobile:10|padding_right_mobile:10&#8243;][vc_row_inner][vc_column_inner dfd_column_responsive_enable=&#8220;dfd-column-responsive-enable&#8220; css=&#8220;.vc_custom_1503581599802{padding-right: 20% !important;padding-left: 20% !important;}&#8220; responsive_styles=&#8220;padding_left_desktop:80|padding_right_desktop:80|padding_left_tablet:10|padding_right_tablet:10|padding_left_mobile:10|padding_right_mobile:10&#8243;][\/vc_column_inner][\/vc_row_inner][vc_row_inner][vc_column_inner width=&#8220;1\/2&#8243;][vc_column_text css=&#8220;.vc_custom_1519642435117{padding-bottom: 8px !important;}&#8220;]Der\u00a0SCS Easy\u00a0bietet Ihnen\" \/>\n<meta property=\"og:url\" content=\"https:\/\/sitowebsmart.com\/de\/digitaler-drehmomentschluessel-scs-easy\/\" \/>\n<meta property=\"og:site_name\" content=\"SCS Concept\" \/>\n<meta property=\"article:modified_time\" content=\"2018-04-19T23:37:20+00:00\" \/>\n<meta name=\"twitter:card\" content=\"summary_large_image\" \/>\n<meta name=\"twitter:label1\" content=\"Gesch\u00e4tzte Lesezeit\" \/>\n\t<meta name=\"twitter:data1\" content=\"5\u00a0Minuten\" \/>\n<script type=\"application\/ld+json\" class=\"yoast-schema-graph\">{\"@context\":\"https:\/\/schema.org\",\"@graph\":[{\"@type\":\"WebPage\",\"@id\":\"https:\/\/sitowebsmart.com\/de\/digitaler-drehmomentschluessel-scs-easy\/\",\"url\":\"https:\/\/sitowebsmart.com\/de\/digitaler-drehmomentschluessel-scs-easy\/\",\"name\":\"Digitaler Drehmomentschl\u00fcssel SCS Easy - SCS Concept\",\"isPartOf\":{\"@id\":\"https:\/\/sitowebsmart.com\/#website\"},\"datePublished\":\"2018-02-26T10:51:34+00:00\",\"dateModified\":\"2018-04-19T23:37:20+00:00\",\"breadcrumb\":{\"@id\":\"https:\/\/sitowebsmart.com\/de\/digitaler-drehmomentschluessel-scs-easy\/#breadcrumb\"},\"inLanguage\":\"de\",\"potentialAction\":[{\"@type\":\"ReadAction\",\"target\":[\"https:\/\/sitowebsmart.com\/de\/digitaler-drehmomentschluessel-scs-easy\/\"]}]},{\"@type\":\"BreadcrumbList\",\"@id\":\"https:\/\/sitowebsmart.com\/de\/digitaler-drehmomentschluessel-scs-easy\/#breadcrumb\",\"itemListElement\":[{\"@type\":\"ListItem\",\"position\":1,\"name\":\"Home\",\"item\":\"https:\/\/sitowebsmart.com\/de\/\"},{\"@type\":\"ListItem\",\"position\":2,\"name\":\"Digitaler Drehmomentschl\u00fcssel SCS Easy\"}]},{\"@type\":\"WebSite\",\"@id\":\"https:\/\/sitowebsmart.com\/#website\",\"url\":\"https:\/\/sitowebsmart.com\/\",\"name\":\"SCS Concept\",\"description\":\"Soluzioni Avanzate per il serraggio e controllo qualit\u00e0\",\"publisher\":{\"@id\":\"https:\/\/sitowebsmart.com\/#organization\"},\"potentialAction\":[{\"@type\":\"SearchAction\",\"target\":{\"@type\":\"EntryPoint\",\"urlTemplate\":\"https:\/\/sitowebsmart.com\/?s={search_term_string}\"},\"query-input\":{\"@type\":\"PropertyValueSpecification\",\"valueRequired\":true,\"valueName\":\"search_term_string\"}}],\"inLanguage\":\"de\"},{\"@type\":\"Organization\",\"@id\":\"https:\/\/sitowebsmart.com\/#organization\",\"name\":\"SCS Concept\",\"url\":\"https:\/\/sitowebsmart.com\/\",\"logo\":{\"@type\":\"ImageObject\",\"inLanguage\":\"de\",\"@id\":\"https:\/\/sitowebsmart.com\/#\/schema\/logo\/image\/\",\"url\":\"https:\/\/sitowebsmart.com\/wp-content\/uploads\/2018\/01\/scs-concept-group-200.png\",\"contentUrl\":\"https:\/\/sitowebsmart.com\/wp-content\/uploads\/2018\/01\/scs-concept-group-200.png\",\"width\":200,\"height\":200,\"caption\":\"SCS Concept\"},\"image\":{\"@id\":\"https:\/\/sitowebsmart.com\/#\/schema\/logo\/image\/\"}}]}<\/script>\n<!-- \/ Yoast SEO plugin. -->","yoast_head_json":{"title":"Digitaler Drehmomentschl\u00fcssel SCS Easy - SCS Concept","robots":{"index":"index","follow":"follow","max-snippet":"max-snippet:-1","max-image-preview":"max-image-preview:large","max-video-preview":"max-video-preview:-1"},"canonical":"https:\/\/sitowebsmart.com\/de\/digitaler-drehmomentschluessel-scs-easy\/","og_locale":"de_DE","og_type":"article","og_title":"Digitaler Drehmomentschl\u00fcssel SCS Easy - SCS Concept","og_description":"[vc_row dfd_row_config=&#8220;full_width_content&#8220; dfd_row_responsive_enable=&#8220;dfd-row-responsive-enable&#8220; dfd_bg_style=&#8220;image&#8220; dfd_parallax_style=&#8220;dfd_vertical_parallax&#8220; dfd_bg_image_new=&#8220;7138&#8243; dfd_overlay_color=&#8220;#ffffff&#8220; dfd_overlay_pattern=&#8220;transperant&#8220; dfd_overlay_pattern_opacity=&#8220;85&#8243; css=&#8220;.vc_custom_1518711230074{padding-right: 5% !important;padding-left: 5% !important;}&#8220; responsive_styles=&#8220;padding_left_desktop:20|padding_right_desktop:20|padding_left_tablet:20|padding_right_tablet:20|padding_left_mobile:10|padding_right_mobile:10&#8243;][vc_column dfd_column_responsive_enable=&#8220;dfd-column-responsive-enable&#8220; responsive_styles=&#8220;padding_left_mobile:10|padding_right_mobile:10&#8243;][vc_row_inner][vc_column_inner dfd_column_responsive_enable=&#8220;dfd-column-responsive-enable&#8220; css=&#8220;.vc_custom_1503581599802{padding-right: 20% !important;padding-left: 20% !important;}&#8220; responsive_styles=&#8220;padding_left_desktop:80|padding_right_desktop:80|padding_left_tablet:10|padding_right_tablet:10|padding_left_mobile:10|padding_right_mobile:10&#8243;][\/vc_column_inner][\/vc_row_inner][vc_row_inner][vc_column_inner width=&#8220;1\/2&#8243;][vc_column_text css=&#8220;.vc_custom_1519642435117{padding-bottom: 8px !important;}&#8220;]Der\u00a0SCS Easy\u00a0bietet Ihnen","og_url":"https:\/\/sitowebsmart.com\/de\/digitaler-drehmomentschluessel-scs-easy\/","og_site_name":"SCS Concept","article_modified_time":"2018-04-19T23:37:20+00:00","twitter_card":"summary_large_image","twitter_misc":{"Gesch\u00e4tzte Lesezeit":"5\u00a0Minuten"},"schema":{"@context":"https:\/\/schema.org","@graph":[{"@type":"WebPage","@id":"https:\/\/sitowebsmart.com\/de\/digitaler-drehmomentschluessel-scs-easy\/","url":"https:\/\/sitowebsmart.com\/de\/digitaler-drehmomentschluessel-scs-easy\/","name":"Digitaler Drehmomentschl\u00fcssel SCS Easy - SCS Concept","isPartOf":{"@id":"https:\/\/sitowebsmart.com\/#website"},"datePublished":"2018-02-26T10:51:34+00:00","dateModified":"2018-04-19T23:37:20+00:00","breadcrumb":{"@id":"https:\/\/sitowebsmart.com\/de\/digitaler-drehmomentschluessel-scs-easy\/#breadcrumb"},"inLanguage":"de","potentialAction":[{"@type":"ReadAction","target":["https:\/\/sitowebsmart.com\/de\/digitaler-drehmomentschluessel-scs-easy\/"]}]},{"@type":"BreadcrumbList","@id":"https:\/\/sitowebsmart.com\/de\/digitaler-drehmomentschluessel-scs-easy\/#breadcrumb","itemListElement":[{"@type":"ListItem","position":1,"name":"Home","item":"https:\/\/sitowebsmart.com\/de\/"},{"@type":"ListItem","position":2,"name":"Digitaler Drehmomentschl\u00fcssel SCS Easy"}]},{"@type":"WebSite","@id":"https:\/\/sitowebsmart.com\/#website","url":"https:\/\/sitowebsmart.com\/","name":"SCS Concept","description":"Soluzioni Avanzate per il serraggio e controllo qualit\u00e0","publisher":{"@id":"https:\/\/sitowebsmart.com\/#organization"},"potentialAction":[{"@type":"SearchAction","target":{"@type":"EntryPoint","urlTemplate":"https:\/\/sitowebsmart.com\/?s={search_term_string}"},"query-input":{"@type":"PropertyValueSpecification","valueRequired":true,"valueName":"search_term_string"}}],"inLanguage":"de"},{"@type":"Organization","@id":"https:\/\/sitowebsmart.com\/#organization","name":"SCS Concept","url":"https:\/\/sitowebsmart.com\/","logo":{"@type":"ImageObject","inLanguage":"de","@id":"https:\/\/sitowebsmart.com\/#\/schema\/logo\/image\/","url":"https:\/\/sitowebsmart.com\/wp-content\/uploads\/2018\/01\/scs-concept-group-200.png","contentUrl":"https:\/\/sitowebsmart.com\/wp-content\/uploads\/2018\/01\/scs-concept-group-200.png","width":200,"height":200,"caption":"SCS Concept"},"image":{"@id":"https:\/\/sitowebsmart.com\/#\/schema\/logo\/image\/"}}]}},"_links":{"self":[{"href":"https:\/\/sitowebsmart.com\/de\/wp-json\/wp\/v2\/pages\/8287","targetHints":{"allow":["GET"]}}],"collection":[{"href":"https:\/\/sitowebsmart.com\/de\/wp-json\/wp\/v2\/pages"}],"about":[{"href":"https:\/\/sitowebsmart.com\/de\/wp-json\/wp\/v2\/types\/page"}],"author":[{"embeddable":true,"href":"https:\/\/sitowebsmart.com\/de\/wp-json\/wp\/v2\/users\/5"}],"replies":[{"embeddable":true,"href":"https:\/\/sitowebsmart.com\/de\/wp-json\/wp\/v2\/comments?post=8287"}],"version-history":[{"count":5,"href":"https:\/\/sitowebsmart.com\/de\/wp-json\/wp\/v2\/pages\/8287\/revisions"}],"predecessor-version":[{"id":14238,"href":"https:\/\/sitowebsmart.com\/de\/wp-json\/wp\/v2\/pages\/8287\/revisions\/14238"}],"wp:attachment":[{"href":"https:\/\/sitowebsmart.com\/de\/wp-json\/wp\/v2\/media?parent=8287"}],"curies":[{"name":"wp","href":"https:\/\/api.w.org\/{rel}","templated":true}]}}