{"id":8367,"date":"2018-02-26T13:06:01","date_gmt":"2018-02-26T13:06:01","guid":{"rendered":"https:\/\/www.scsconcept.com\/?page_id=8367"},"modified":"2021-09-03T10:42:23","modified_gmt":"2021-09-03T10:42:23","slug":"msb-statischer-pruefstand-fuer-drehmomentschluessel-und-impulsschrauber","status":"publish","type":"page","link":"https:\/\/sitowebsmart.com\/de\/msb-statischer-pruefstand-fuer-drehmomentschluessel-und-impulsschrauber\/","title":{"rendered":"MSB \u2013 Statischer Pr\u00fcfstand f\u00fcr Drehmomentschl\u00fcssel und Impulsschrauber"},"content":{"rendered":"<div class=\"wpb-content-wrapper\"><p>[vc_row dfd_row_config=&#8220;full_width_content&#8220; dfd_row_responsive_enable=&#8220;dfd-row-responsive-enable&#8220; dfd_bg_style=&#8220;image&#8220; dfd_parallax_style=&#8220;dfd_vertical_parallax&#8220; dfd_bg_image_new=&#8220;6077&#8243; dfd_overlay_color=&#8220;#ffffff&#8220; dfd_overlay_pattern=&#8220;transperant&#8220; dfd_overlay_pattern_opacity=&#8220;85&#8243; css=&#8220;.vc_custom_1518012735375{padding-right: 5% !important;padding-left: 5% !important;}&#8220; responsive_styles=&#8220;padding_left_desktop:20|padding_right_desktop:20|padding_left_tablet:20|padding_right_tablet:20|padding_left_mobile:10|padding_right_mobile:10&#8243;][vc_column dfd_column_responsive_enable=&#8220;dfd-column-responsive-enable&#8220; responsive_styles=&#8220;padding_left_mobile:10|padding_right_mobile:10&#8243;][vc_row_inner][vc_column_inner dfd_column_responsive_enable=&#8220;dfd-column-responsive-enable&#8220; css=&#8220;.vc_custom_1503581599802{padding-right: 20% !important;padding-left: 20% !important;}&#8220; responsive_styles=&#8220;padding_left_desktop:80|padding_right_desktop:80|padding_left_tablet:10|padding_right_tablet:10|padding_left_mobile:10|padding_right_mobile:10&#8243;]<div class=\"dfd-spacer-module\"  data-units=\"px\" data-wide_resolution=\"1280\" data-wide_size=\"100\" data-normal_resolution=\"1024\" data-normal_size=\"60\" data-tablet_resolution=\"800\" data-tablet_size=\"40\" data-mobile_resolution=\"480\" data-mobile_size=\"40\" style=\"height: 100px;\"><\/div><div class=\"dfd-heading-shortcode\"><div class=\"dfd-heading-module-wrap  text-center style_01 cr-animate-gen dfd-heading-69e0899f657c3 dfd-disable-resposive-headings\" id=\"dfd-heading-69e0899f657c3\" data-animate-type = \"transition.expandIn\" ><div class=\"inline-block\"><div class=\"dfd-heading-module\"><h1 class=\"widget-title dfd-title \" style=\"\">MSB \u2013 Statischer Pr\u00fcfstand f\u00fcr Drehmomentschl\u00fcssel und Impulsschrauber<\/h1><div class=\"dfd-heading-delimiter dfd-img-lazy-load\"><\/div><\/div><\/div><\/div><script type=\"text\/javascript\">\r\n\t\t\t\t\t\t\t\t\t(function($) {\r\n\t\t\t\t\t\t\t\t\t\t$(\"head\").append(\"<style>.dfd-heading-69e0899f657c3.dfd-heading-module-wrap .dfd-heading-module .dfd-heading-delimiter {border-bottom-style:solid;border-bottom-width:1px;width:140px;border-bottom-color:#ea5d1c;}.dfd-heading-69e0899f657c3 .dfd-heading-module .widget-title {margin-bottom:15px;}.dfd-heading-69e0899f657c3.dfd-heading-module-wrap .dfd-heading-module .dfd-heading-delimiter {margin-top:30px;margin-bottom:10px;}<\/style>\");\r\n\t\t\t\t\t\t\t\t\t})(jQuery);\r\n\t\t\t\t\t\t\t\t<\/script><\/div><div class=\"dfd-spacer-module\"  data-units=\"px\" data-wide_resolution=\"1280\" data-wide_size=\"30\" data-normal_resolution=\"1024\" data-normal_size=\"30\" data-tablet_resolution=\"800\" data-tablet_size=\"30\" data-mobile_resolution=\"480\" data-mobile_size=\"30\" style=\"height: 30px;\"><\/div>[\/vc_column_inner][\/vc_row_inner][vc_row_inner][vc_column_inner width=&#8220;1\/2&#8243;]<div class=\"dfd-spacer-module\"  data-units=\"px\" data-wide_resolution=\"1280\" data-wide_size=\"80\" data-normal_resolution=\"1024\" data-normal_size=\"40\" data-tablet_resolution=\"800\" data-tablet_size=\"40\" data-mobile_resolution=\"480\" data-mobile_size=\"20\" style=\"height: 80px;\"><\/div><div class=\"dfd-heading-shortcode\"><div class=\"dfd-heading-module-wrap  text-left style_01 dfd-heading-69e0899f65aa9 dfd-disable-resposive-headings\" id=\"dfd-heading-69e0899f65aa9\" ><div class=\"inline-block\"><div class=\"dfd-heading-module\"><h2 class=\"widget-title dfd-title \" style=\"font-size: 35px; color: #565656 !important; line-height: 30px; \">MSB<\/p>\n<p><\/h2><div class=\"dfd-heading-delimiter dfd-img-lazy-load\"><\/div><\/div><\/div><\/div><script type=\"text\/javascript\">\r\n\t\t\t\t\t\t\t\t\t(function($) {\r\n\t\t\t\t\t\t\t\t\t\t$(\"head\").append(\"<style>.dfd-heading-69e0899f65aa9.dfd-heading-module-wrap .dfd-heading-module .dfd-heading-delimiter {border-bottom-style:solid;border-bottom-width:1px;width:200px;border-bottom-color:#ea5d1c;}.dfd-heading-69e0899f65aa9 .dfd-heading-module .widget-title {margin-bottom:20px;}.dfd-heading-69e0899f65aa9.dfd-heading-module-wrap .dfd-heading-module .dfd-heading-delimiter {margin-top:10px;margin-bottom:10px;}@media only screen and (max-width: 799px) {.dfd-heading-69e0899f65aa9 {text-align: center;}}<\/style>\");\r\n\t\t\t\t\t\t\t\t\t})(jQuery);\r\n\t\t\t\t\t\t\t\t<\/script><\/div>[vc_column_text css=&#8220;.vc_custom_1519650613121{padding-bottom: 8px !important;}&#8220;]<strong>MSB<\/strong><strong>\u00a0<\/strong>ist ein Pr\u00fcfstand mit mechanischen Schraubfallsimulatoren f\u00fcr den Test aller Arten von Schraubern und Drehmomentschl\u00fcsseln, komplett mit PC sowie Statistik- und Management-Software.[\/vc_column_text][vc_column_text]Dank der drahtlosen SCS-Technologie k\u00f6nnen die\u00a0drahtlosen Aufnehmer von SCS RMC BT und drahtlose Drehmomentschl\u00fcssel verbunden werden.\u00a0Die\u00a0<strong>MSB<\/strong>\u00a0kann nicht nur f\u00fcr die Maschinenf\u00e4higkeit, sondern auch f\u00fcr die Statistikkontrolle und Analysen in der Produktionslinie verwendet werden.[\/vc_column_text]<div class=\"dfd-spacer-module\"  data-units=\"px\" data-wide_resolution=\"1280\" data-wide_size=\"40\" data-normal_resolution=\"1024\" data-normal_size=\"40\" data-tablet_resolution=\"800\" data-tablet_size=\"20\" data-mobile_resolution=\"480\" data-mobile_size=\"20\" style=\"height: 40px;\"><\/div>[vc_column_text]<\/p>\n<div class=\"button-position\"><a class=\"button-layout\" href=\"https:\/\/sitowebsmart.com\/brochure\/de\/MSB.pdf\" target=\"_blank\" rel=\"noopener noreferrer\">Download <strong>Brochure<\/strong><\/a><\/div>\n<div class=\"button-position\"><a class=\"button-layout\" href=\"https:\/\/sitowebsmart.com\/brochure\/de\/Models-and-codes-Purchase_MSB.pdf\" target=\"_blank\" rel=\"noopener noreferrer\"><strong>Models<\/strong> and <strong>Codes<\/strong> Purchase<\/a><\/div>\n<p>[\/vc_column_text]<div class=\"dfd-spacer-module\"  data-units=\"px\" data-wide_resolution=\"1280\" data-wide_size=\"20\" data-normal_resolution=\"1024\" data-normal_size=\"20\" data-tablet_resolution=\"800\" data-tablet_size=\"20\" data-mobile_resolution=\"480\" data-mobile_size=\"20\" style=\"height: 20px;\"><\/div>[\/vc_column_inner][vc_column_inner width=&#8220;1\/2&#8243;]<div id=\"dfd-single-image-module69e0899f664bb-1679\" class=\"dfd-single-image-module  image-center  cr-animate-gen dfd-img-lazy-load\" data-animate-type = \"transition.fadeIn\" ><img  title=\"MSB \u2013 Statischer Pr\u00fcfstand f\u00fcr Drehmomentschl\u00fcssel und Impulsschrauber\" fetchpriority=\"high\" decoding=\"async\" src=\"data:image\/svg+xml;charset=utf-8,%3Csvg xmlns%3D'http%3A%2F%2Fwww.w3.org%2F2000%2Fsvg' viewBox%3D'0 0 1000 897'%2F%3E\" data-src=\"https:\/\/sitowebsmart.com\/wp-content\/uploads\/2018\/10\/MSB.png\" width=\"1000\" height=\"897\"   alt=\"MSB \u2013 Statischer Pr\u00fcfstand f\u00fcr Drehmomentschl\u00fcssel und Impulsschrauber\"  \/><\/div><div class=\"dfd-spacer-module\"  data-units=\"px\" data-wide_resolution=\"1280\" data-wide_size=\"20\" data-normal_resolution=\"1024\" data-normal_size=\"20\" data-tablet_resolution=\"800\" data-tablet_size=\"20\" data-mobile_resolution=\"480\" data-mobile_size=\"20\" style=\"height: 20px;\"><\/div>[\/vc_column_inner][\/vc_row_inner]<div class=\"dfd-spacer-module\"  data-units=\"px\" data-wide_resolution=\"1280\" data-wide_size=\"80\" data-normal_resolution=\"1024\" data-normal_size=\"40\" data-tablet_resolution=\"800\" data-tablet_size=\"40\" data-mobile_resolution=\"480\" data-mobile_size=\"20\" style=\"height: 80px;\"><\/div>[\/vc_column][\/vc_row][vc_row dfd_row_config=&#8220;full_width_content_paddings&#8220; dfd_row_responsive_enable=&#8220;dfd-row-responsive-enable&#8220; dfd_overlay_color=&#8220;#ffffff&#8220; dfd_overlay_pattern=&#8220;transperant&#8220; dfd_overlay_pattern_opacity=&#8220;85&#8243; css=&#8220;.vc_custom_1630665738099{padding-right: 8% !important;padding-left: 8% !important;background-color: #ffffff !important;}&#8220; responsive_styles=&#8220;padding_left_desktop:20|padding_right_desktop:20|padding_left_tablet:20|padding_right_tablet:20|padding_left_mobile:10|padding_right_mobile:10&#8243;][vc_column][vc_row_inner][vc_column_inner css=&#8220;.vc_custom_1517832047879{padding-right: 2% !important;padding-left: 2% !important;}&#8220;]<div class=\"dfd-spacer-module\"  data-units=\"px\" data-wide_resolution=\"1280\" data-wide_size=\"80\" data-normal_resolution=\"1024\" data-normal_size=\"80\" data-tablet_resolution=\"800\" data-tablet_size=\"80\" data-mobile_resolution=\"480\" data-mobile_size=\"80\" style=\"height: 80px;\"><\/div><div class=\"dfd-heading-shortcode\"><div class=\"dfd-heading-module-wrap  text-left style_01 dfd-heading-69e0899f666cb dfd-disable-resposive-headings\" id=\"dfd-heading-69e0899f666cb\" ><div class=\"inline-block\"><div class=\"dfd-heading-module\"><h2 class=\"widget-title dfd-title \" style=\"font-size: 35px; \">Funktionen<\/h2><div class=\"dfd-heading-delimiter dfd-img-lazy-load\"><\/div><\/div><\/div><\/div><script type=\"text\/javascript\">\r\n\t\t\t\t\t\t\t\t\t(function($) {\r\n\t\t\t\t\t\t\t\t\t\t$(\"head\").append(\"<style>.dfd-heading-69e0899f666cb.dfd-heading-module-wrap .dfd-heading-module .dfd-heading-delimiter {border-bottom-style:solid;border-bottom-width:1px;width:140px;border-bottom-color:#ea5d1c;}.dfd-heading-69e0899f666cb.dfd-heading-module-wrap .dfd-heading-module .dfd-heading-delimiter {margin-top:10px;margin-bottom:10px;}<\/style>\");\r\n\t\t\t\t\t\t\t\t\t})(jQuery);\r\n\t\t\t\t\t\t\t\t<\/script><\/div>[\/vc_column_inner][\/vc_row_inner][vc_row_inner][vc_column_inner width=&#8220;1\/2&#8243; css=&#8220;.vc_custom_1517831167436{padding-right: 2% !important;padding-left: 2% !important;}&#8220;]<div class=\"dfd-spacer-module\"  data-units=\"px\" data-wide_resolution=\"1280\" data-wide_size=\"20\" data-normal_resolution=\"1024\" data-normal_size=\"20\" data-tablet_resolution=\"800\" data-tablet_size=\"20\" data-mobile_resolution=\"480\" data-mobile_size=\"20\" style=\"height: 20px;\"><\/div>[vc_column_text]<\/p>\n<ul>\n<li>Werkzeugtest: Drehmomentschl\u00fcssel (elektronische\/digitale\/Knick), Impulsschrauber (au\u00dfer Schlagschrauber).<\/li>\n<li>Automatische Erkennung des Klick-Punktes von Knickschl\u00fcsseln.<\/li>\n<li>Statistische Prozess\u00fcberwachung: Messung der Maschinenf\u00e4higkeit (Cm, Cmk) und X\/R-Diagramme.<\/li>\n<li>Test gem\u00e4\u00df ISO 6789<\/li>\n<li>Reaktionssystem zum Testen und Kalibrieren von Drehmomentschl\u00fcsseln<\/li>\n<li>Datenbank mit Werkzeugarchiv, Planung und Durchf\u00fchrung von Tests, Speicherung der Ergebnisse<\/li>\n<li>Vergleichstests f\u00fcr Schraubendreher und Drehmomentsschl\u00fcssel mit Drehmomentvergleich zwischen dem Pr\u00fcfstand und dem Werkzeug unter Test<\/li>\n<li>Anschlussm\u00f6glichkeit f\u00fcr externe Aufnehmer<\/li>\n<li>Test Rechts- und Linksdrehend<\/li>\n<\/ul>\n<p>[\/vc_column_text]<div class=\"dfd-spacer-module\"  data-units=\"px\" data-wide_resolution=\"1280\" data-wide_size=\"80\" data-normal_resolution=\"1024\" data-normal_size=\"80\" data-tablet_resolution=\"800\" data-tablet_size=\"30\" data-mobile_resolution=\"480\" data-mobile_size=\"30\" style=\"height: 80px;\"><\/div>[\/vc_column_inner][vc_column_inner width=&#8220;1\/2&#8243; css=&#8220;.vc_custom_1517234265907{padding-right: 3% !important;padding-left: 3% !important;}&#8220;]<div class=\"dfd-spacer-module\"  data-units=\"px\" data-wide_resolution=\"1280\" data-wide_size=\"20\" data-normal_resolution=\"1024\" data-normal_size=\"20\" data-tablet_resolution=\"800\" data-tablet_size=\"20\" data-mobile_resolution=\"480\" data-mobile_size=\"20\" style=\"height: 20px;\"><\/div>[vc_column_text]<\/p>\n<ul>\n<li>Mechanische Verbindungssimulatoren zum Testen von Impulsschraubern mit Absperrventil.<\/li>\n<li>Statistik und Bericht<\/li>\n<li>Echtzeit-Kurven auf dem Monitor<\/li>\n<li>Ausgestattet mit statischen Drehmoment-Aufnehmern, die gem\u00e4\u00df der Werkzeuge konfiguriert sind, die in der Produktion getestet werden<\/li>\n<li>Lokale oder Remote-Programmierung \u00fcber die Management-Software f\u00fcr Qualit\u00e4tskontrolle in der Produktionslinie<\/li>\n<li>Funkkommunikation mit externen Systemen<\/li>\n<li>Lokale Datenbank oder Server<\/li>\n<li>Drehmomentgenauigkeit unter 0,5\u00a0% nach DIN 51309<\/li>\n<li>Batteriebetrieben<\/li>\n<\/ul>\n<p>[\/vc_column_text]<div class=\"dfd-spacer-module\"  data-units=\"px\" data-wide_resolution=\"1280\" data-wide_size=\"80\" data-normal_resolution=\"1024\" data-normal_size=\"80\" data-tablet_resolution=\"800\" data-tablet_size=\"80\" data-mobile_resolution=\"480\" data-mobile_size=\"80\" style=\"height: 80px;\"><\/div>[\/vc_column_inner][\/vc_row_inner][\/vc_column][\/vc_row]<\/p>\n<\/div>","protected":false},"excerpt":{"rendered":"<p>[vc_row dfd_row_config=&#8220;full_width_content&#8220; dfd_row_responsive_enable=&#8220;dfd-row-responsive-enable&#8220; dfd_bg_style=&#8220;image&#8220; dfd_parallax_style=&#8220;dfd_vertical_parallax&#8220; dfd_bg_image_new=&#8220;6077&#8243; dfd_overlay_color=&#8220;#ffffff&#8220; dfd_overlay_pattern=&#8220;transperant&#8220; dfd_overlay_pattern_opacity=&#8220;85&#8243; css=&#8220;.vc_custom_1518012735375{padding-right: 5% !important;padding-left: 5% !important;}&#8220; responsive_styles=&#8220;padding_left_desktop:20|padding_right_desktop:20|padding_left_tablet:20|padding_right_tablet:20|padding_left_mobile:10|padding_right_mobile:10&#8243;][vc_column dfd_column_responsive_enable=&#8220;dfd-column-responsive-enable&#8220; responsive_styles=&#8220;padding_left_mobile:10|padding_right_mobile:10&#8243;][vc_row_inner][vc_column_inner dfd_column_responsive_enable=&#8220;dfd-column-responsive-enable&#8220; css=&#8220;.vc_custom_1503581599802{padding-right: 20% !important;padding-left: 20% !important;}&#8220; responsive_styles=&#8220;padding_left_desktop:80|padding_right_desktop:80|padding_left_tablet:10|padding_right_tablet:10|padding_left_mobile:10|padding_right_mobile:10&#8243;][\/vc_column_inner][\/vc_row_inner][vc_row_inner][vc_column_inner width=&#8220;1\/2&#8243;][vc_column_text css=&#8220;.vc_custom_1519650613121{padding-bottom: 8px !important;}&#8220;]MSB\u00a0ist ein Pr\u00fcfstand<\/p>\n","protected":false},"author":5,"featured_media":0,"parent":0,"menu_order":0,"comment_status":"closed","ping_status":"closed","template":"page-custom.php","meta":{"_acf_changed":false,"footnotes":""},"class_list":["post-8367","page","type-page","status-publish","hentry"],"acf":[],"yoast_head":"<!-- This site is optimized with the Yoast SEO plugin v26.9 - https:\/\/yoast.com\/product\/yoast-seo-wordpress\/ -->\n<title>MSB \u2013 Statischer Pr\u00fcfstand f\u00fcr Drehmomentschl\u00fcssel und Impulsschrauber - SCS Concept<\/title>\n<meta name=\"robots\" content=\"index, follow, max-snippet:-1, max-image-preview:large, max-video-preview:-1\" \/>\n<link rel=\"canonical\" href=\"https:\/\/sitowebsmart.com\/de\/msb-statischer-pruefstand-fuer-drehmomentschluessel-und-impulsschrauber\/\" \/>\n<meta property=\"og:locale\" content=\"de_DE\" \/>\n<meta property=\"og:type\" content=\"article\" \/>\n<meta property=\"og:title\" content=\"MSB \u2013 Statischer Pr\u00fcfstand f\u00fcr Drehmomentschl\u00fcssel und Impulsschrauber - SCS Concept\" \/>\n<meta property=\"og:description\" content=\"[vc_row dfd_row_config=&#8220;full_width_content&#8220; dfd_row_responsive_enable=&#8220;dfd-row-responsive-enable&#8220; dfd_bg_style=&#8220;image&#8220; dfd_parallax_style=&#8220;dfd_vertical_parallax&#8220; dfd_bg_image_new=&#8220;6077&#8243; dfd_overlay_color=&#8220;#ffffff&#8220; dfd_overlay_pattern=&#8220;transperant&#8220; dfd_overlay_pattern_opacity=&#8220;85&#8243; css=&#8220;.vc_custom_1518012735375{padding-right: 5% !important;padding-left: 5% !important;}&#8220; responsive_styles=&#8220;padding_left_desktop:20|padding_right_desktop:20|padding_left_tablet:20|padding_right_tablet:20|padding_left_mobile:10|padding_right_mobile:10&#8243;][vc_column dfd_column_responsive_enable=&#8220;dfd-column-responsive-enable&#8220; responsive_styles=&#8220;padding_left_mobile:10|padding_right_mobile:10&#8243;][vc_row_inner][vc_column_inner dfd_column_responsive_enable=&#8220;dfd-column-responsive-enable&#8220; css=&#8220;.vc_custom_1503581599802{padding-right: 20% !important;padding-left: 20% !important;}&#8220; responsive_styles=&#8220;padding_left_desktop:80|padding_right_desktop:80|padding_left_tablet:10|padding_right_tablet:10|padding_left_mobile:10|padding_right_mobile:10&#8243;][\/vc_column_inner][\/vc_row_inner][vc_row_inner][vc_column_inner width=&#8220;1\/2&#8243;][vc_column_text css=&#8220;.vc_custom_1519650613121{padding-bottom: 8px !important;}&#8220;]MSB\u00a0ist ein Pr\u00fcfstand\" \/>\n<meta property=\"og:url\" content=\"https:\/\/sitowebsmart.com\/de\/msb-statischer-pruefstand-fuer-drehmomentschluessel-und-impulsschrauber\/\" \/>\n<meta property=\"og:site_name\" content=\"SCS Concept\" \/>\n<meta property=\"article:modified_time\" content=\"2021-09-03T10:42:23+00:00\" \/>\n<meta name=\"twitter:card\" content=\"summary_large_image\" \/>\n<meta name=\"twitter:label1\" content=\"Gesch\u00e4tzte Lesezeit\" \/>\n\t<meta name=\"twitter:data1\" content=\"5\u00a0Minuten\" \/>\n<script type=\"application\/ld+json\" class=\"yoast-schema-graph\">{\"@context\":\"https:\/\/schema.org\",\"@graph\":[{\"@type\":\"WebPage\",\"@id\":\"https:\/\/sitowebsmart.com\/de\/msb-statischer-pruefstand-fuer-drehmomentschluessel-und-impulsschrauber\/\",\"url\":\"https:\/\/sitowebsmart.com\/de\/msb-statischer-pruefstand-fuer-drehmomentschluessel-und-impulsschrauber\/\",\"name\":\"MSB \u2013 Statischer Pr\u00fcfstand f\u00fcr Drehmomentschl\u00fcssel und Impulsschrauber - SCS Concept\",\"isPartOf\":{\"@id\":\"https:\/\/sitowebsmart.com\/#website\"},\"datePublished\":\"2018-02-26T13:06:01+00:00\",\"dateModified\":\"2021-09-03T10:42:23+00:00\",\"breadcrumb\":{\"@id\":\"https:\/\/sitowebsmart.com\/de\/msb-statischer-pruefstand-fuer-drehmomentschluessel-und-impulsschrauber\/#breadcrumb\"},\"inLanguage\":\"de\",\"potentialAction\":[{\"@type\":\"ReadAction\",\"target\":[\"https:\/\/sitowebsmart.com\/de\/msb-statischer-pruefstand-fuer-drehmomentschluessel-und-impulsschrauber\/\"]}]},{\"@type\":\"BreadcrumbList\",\"@id\":\"https:\/\/sitowebsmart.com\/de\/msb-statischer-pruefstand-fuer-drehmomentschluessel-und-impulsschrauber\/#breadcrumb\",\"itemListElement\":[{\"@type\":\"ListItem\",\"position\":1,\"name\":\"Home\",\"item\":\"https:\/\/sitowebsmart.com\/de\/\"},{\"@type\":\"ListItem\",\"position\":2,\"name\":\"MSB \u2013 Statischer Pr\u00fcfstand f\u00fcr Drehmomentschl\u00fcssel und Impulsschrauber\"}]},{\"@type\":\"WebSite\",\"@id\":\"https:\/\/sitowebsmart.com\/#website\",\"url\":\"https:\/\/sitowebsmart.com\/\",\"name\":\"SCS Concept\",\"description\":\"Soluzioni Avanzate per il serraggio e controllo qualit\u00e0\",\"publisher\":{\"@id\":\"https:\/\/sitowebsmart.com\/#organization\"},\"potentialAction\":[{\"@type\":\"SearchAction\",\"target\":{\"@type\":\"EntryPoint\",\"urlTemplate\":\"https:\/\/sitowebsmart.com\/?s={search_term_string}\"},\"query-input\":{\"@type\":\"PropertyValueSpecification\",\"valueRequired\":true,\"valueName\":\"search_term_string\"}}],\"inLanguage\":\"de\"},{\"@type\":\"Organization\",\"@id\":\"https:\/\/sitowebsmart.com\/#organization\",\"name\":\"SCS Concept\",\"url\":\"https:\/\/sitowebsmart.com\/\",\"logo\":{\"@type\":\"ImageObject\",\"inLanguage\":\"de\",\"@id\":\"https:\/\/sitowebsmart.com\/#\/schema\/logo\/image\/\",\"url\":\"https:\/\/sitowebsmart.com\/wp-content\/uploads\/2018\/01\/scs-concept-group-200.png\",\"contentUrl\":\"https:\/\/sitowebsmart.com\/wp-content\/uploads\/2018\/01\/scs-concept-group-200.png\",\"width\":200,\"height\":200,\"caption\":\"SCS Concept\"},\"image\":{\"@id\":\"https:\/\/sitowebsmart.com\/#\/schema\/logo\/image\/\"}}]}<\/script>\n<!-- \/ Yoast SEO plugin. -->","yoast_head_json":{"title":"MSB \u2013 Statischer Pr\u00fcfstand f\u00fcr Drehmomentschl\u00fcssel und Impulsschrauber - SCS Concept","robots":{"index":"index","follow":"follow","max-snippet":"max-snippet:-1","max-image-preview":"max-image-preview:large","max-video-preview":"max-video-preview:-1"},"canonical":"https:\/\/sitowebsmart.com\/de\/msb-statischer-pruefstand-fuer-drehmomentschluessel-und-impulsschrauber\/","og_locale":"de_DE","og_type":"article","og_title":"MSB \u2013 Statischer Pr\u00fcfstand f\u00fcr Drehmomentschl\u00fcssel und Impulsschrauber - SCS Concept","og_description":"[vc_row dfd_row_config=&#8220;full_width_content&#8220; dfd_row_responsive_enable=&#8220;dfd-row-responsive-enable&#8220; dfd_bg_style=&#8220;image&#8220; dfd_parallax_style=&#8220;dfd_vertical_parallax&#8220; dfd_bg_image_new=&#8220;6077&#8243; dfd_overlay_color=&#8220;#ffffff&#8220; dfd_overlay_pattern=&#8220;transperant&#8220; dfd_overlay_pattern_opacity=&#8220;85&#8243; css=&#8220;.vc_custom_1518012735375{padding-right: 5% !important;padding-left: 5% !important;}&#8220; responsive_styles=&#8220;padding_left_desktop:20|padding_right_desktop:20|padding_left_tablet:20|padding_right_tablet:20|padding_left_mobile:10|padding_right_mobile:10&#8243;][vc_column dfd_column_responsive_enable=&#8220;dfd-column-responsive-enable&#8220; responsive_styles=&#8220;padding_left_mobile:10|padding_right_mobile:10&#8243;][vc_row_inner][vc_column_inner dfd_column_responsive_enable=&#8220;dfd-column-responsive-enable&#8220; css=&#8220;.vc_custom_1503581599802{padding-right: 20% !important;padding-left: 20% !important;}&#8220; responsive_styles=&#8220;padding_left_desktop:80|padding_right_desktop:80|padding_left_tablet:10|padding_right_tablet:10|padding_left_mobile:10|padding_right_mobile:10&#8243;][\/vc_column_inner][\/vc_row_inner][vc_row_inner][vc_column_inner width=&#8220;1\/2&#8243;][vc_column_text css=&#8220;.vc_custom_1519650613121{padding-bottom: 8px !important;}&#8220;]MSB\u00a0ist ein Pr\u00fcfstand","og_url":"https:\/\/sitowebsmart.com\/de\/msb-statischer-pruefstand-fuer-drehmomentschluessel-und-impulsschrauber\/","og_site_name":"SCS Concept","article_modified_time":"2021-09-03T10:42:23+00:00","twitter_card":"summary_large_image","twitter_misc":{"Gesch\u00e4tzte Lesezeit":"5\u00a0Minuten"},"schema":{"@context":"https:\/\/schema.org","@graph":[{"@type":"WebPage","@id":"https:\/\/sitowebsmart.com\/de\/msb-statischer-pruefstand-fuer-drehmomentschluessel-und-impulsschrauber\/","url":"https:\/\/sitowebsmart.com\/de\/msb-statischer-pruefstand-fuer-drehmomentschluessel-und-impulsschrauber\/","name":"MSB \u2013 Statischer Pr\u00fcfstand f\u00fcr Drehmomentschl\u00fcssel und Impulsschrauber - SCS Concept","isPartOf":{"@id":"https:\/\/sitowebsmart.com\/#website"},"datePublished":"2018-02-26T13:06:01+00:00","dateModified":"2021-09-03T10:42:23+00:00","breadcrumb":{"@id":"https:\/\/sitowebsmart.com\/de\/msb-statischer-pruefstand-fuer-drehmomentschluessel-und-impulsschrauber\/#breadcrumb"},"inLanguage":"de","potentialAction":[{"@type":"ReadAction","target":["https:\/\/sitowebsmart.com\/de\/msb-statischer-pruefstand-fuer-drehmomentschluessel-und-impulsschrauber\/"]}]},{"@type":"BreadcrumbList","@id":"https:\/\/sitowebsmart.com\/de\/msb-statischer-pruefstand-fuer-drehmomentschluessel-und-impulsschrauber\/#breadcrumb","itemListElement":[{"@type":"ListItem","position":1,"name":"Home","item":"https:\/\/sitowebsmart.com\/de\/"},{"@type":"ListItem","position":2,"name":"MSB \u2013 Statischer Pr\u00fcfstand f\u00fcr Drehmomentschl\u00fcssel und Impulsschrauber"}]},{"@type":"WebSite","@id":"https:\/\/sitowebsmart.com\/#website","url":"https:\/\/sitowebsmart.com\/","name":"SCS Concept","description":"Soluzioni Avanzate per il serraggio e controllo qualit\u00e0","publisher":{"@id":"https:\/\/sitowebsmart.com\/#organization"},"potentialAction":[{"@type":"SearchAction","target":{"@type":"EntryPoint","urlTemplate":"https:\/\/sitowebsmart.com\/?s={search_term_string}"},"query-input":{"@type":"PropertyValueSpecification","valueRequired":true,"valueName":"search_term_string"}}],"inLanguage":"de"},{"@type":"Organization","@id":"https:\/\/sitowebsmart.com\/#organization","name":"SCS Concept","url":"https:\/\/sitowebsmart.com\/","logo":{"@type":"ImageObject","inLanguage":"de","@id":"https:\/\/sitowebsmart.com\/#\/schema\/logo\/image\/","url":"https:\/\/sitowebsmart.com\/wp-content\/uploads\/2018\/01\/scs-concept-group-200.png","contentUrl":"https:\/\/sitowebsmart.com\/wp-content\/uploads\/2018\/01\/scs-concept-group-200.png","width":200,"height":200,"caption":"SCS Concept"},"image":{"@id":"https:\/\/sitowebsmart.com\/#\/schema\/logo\/image\/"}}]}},"_links":{"self":[{"href":"https:\/\/sitowebsmart.com\/de\/wp-json\/wp\/v2\/pages\/8367","targetHints":{"allow":["GET"]}}],"collection":[{"href":"https:\/\/sitowebsmart.com\/de\/wp-json\/wp\/v2\/pages"}],"about":[{"href":"https:\/\/sitowebsmart.com\/de\/wp-json\/wp\/v2\/types\/page"}],"author":[{"embeddable":true,"href":"https:\/\/sitowebsmart.com\/de\/wp-json\/wp\/v2\/users\/5"}],"replies":[{"embeddable":true,"href":"https:\/\/sitowebsmart.com\/de\/wp-json\/wp\/v2\/comments?post=8367"}],"version-history":[{"count":6,"href":"https:\/\/sitowebsmart.com\/de\/wp-json\/wp\/v2\/pages\/8367\/revisions"}],"predecessor-version":[{"id":24587,"href":"https:\/\/sitowebsmart.com\/de\/wp-json\/wp\/v2\/pages\/8367\/revisions\/24587"}],"wp:attachment":[{"href":"https:\/\/sitowebsmart.com\/de\/wp-json\/wp\/v2\/media?parent=8367"}],"curies":[{"name":"wp","href":"https:\/\/api.w.org\/{rel}","templated":true}]}}