{"id":14163,"date":"2018-04-13T15:31:20","date_gmt":"2018-04-13T15:31:20","guid":{"rendered":"https:\/\/www.scsconcept.com\/legal-notices\/"},"modified":"2018-12-19T13:50:05","modified_gmt":"2018-12-19T13:50:05","slug":"notas-legales","status":"publish","type":"page","link":"https:\/\/sitowebsmart.com\/es\/notas-legales\/","title":{"rendered":"Notas legales"},"content":{"rendered":"<p><strong>Notas legales y condiciones de uso <\/strong><br \/>\nEste sitio es propiedad de y gestionado por:<\/p>\n<p><strong>SCS Concept S.r.l.<\/strong>, Via <strong>Zucchi 39\/c<\/strong>,<strong> 20095 Cusano Milanino, Mil\u00e1n<\/strong>, Tel.<strong>\u00a0+39 02 92502684<\/strong>, NIF-IVA:\u00a0<strong>06388790963<\/strong><\/p>\n<p>La informaci\u00f3n proporcionada en este sitio es gratuita y solo tiene fines informativos. Al utilizar el sitio usted acepta sin limitaci\u00f3n las Notas Legales de esta p\u00e1gina.\u00a0<strong>SCS Concept S.r.l.<\/strong> se reserva el derecho de modificar estas notas en cualquier momento y sin previo aviso.<\/p>\n<p><strong>Informaci\u00f3n corporativa:<\/strong><br \/>\nNombre de la empresa:\u00a0<strong>SCS Concept S.r.l.<\/strong><br \/>\nNIF-IVA:\u00a0<strong>06388790963<\/strong><br \/>\nDomicilio social: Via <strong>Zucchi 39\/c<\/strong>, <strong>20095 Cusano Milanino, Mil\u00e1n<\/strong><\/p>\n<p>REA: MI \u2013 1889255<br \/>\nRegistro REA del <strong>24\/11\/2008<\/strong><br \/>\nINSCRIPCI\u00d3N EN EL REGISTRO MERCANTIL DE <strong>MI<\/strong> bajo el N.\u00ba 1889255<br \/>\nCapital Social <strong>200 000 euros totalmente depositados.<\/strong><\/p>\n<p><strong>T\u00e9rminos y condiciones de uso<\/strong><br \/>\nEl Sitio web <a href=\"https:\/\/sitowebsmart.com\/\"><strong>www.scsconcept.com<\/strong><\/a> es un servicio de informaci\u00f3n en l\u00ednea. Su uso est\u00e1 sujeto a la aceptaci\u00f3n de los t\u00e9rminos y condiciones establecidos a continuaci\u00f3n. Si no tiene intenci\u00f3n de aceptar, por favor, no utilice el Sitio y no descargue ning\u00fan material del mismo.<\/p>\n<p><strong>L\u00edmites de uso<\/strong><br \/>\nLos contenidos de las p\u00e1ginas del Sitio son Copyright \u00a9 <strong>SCS Concept S.r.l.<\/strong>\u00a0Todos los derechos reservados. Los contenidos de las p\u00e1ginas del Sitio no pueden ser copiados, reproducidos, transferidos, cargados, publicados o distribuidos de ninguna manera sin el consentimiento previo por escrito de <strong>SCS Concept S.r.l.<\/strong>, excepto la posibilidad de almacenarlos en su ordenador o de imprimir extractos de las p\u00e1ginas de este Sitio para uso personal \u00fanicamente.<\/p>\n<p>Las marcas y logotipos que aparecen en este Sitio son propiedad de <strong>SCS Concept S.r.l.<\/strong>\u00a0 Estos no pueden ser utilizados en ning\u00fan otro sitio web que no sea el Sitio <a href=\"https:\/\/sitowebsmart.com\/\"><strong>www.scsconcept.com<\/strong><\/a> sin el consentimiento previo por escrito de <strong>SCS Concept S.r.l.<\/strong> El nombre <a href=\"https:\/\/sitowebsmart.com\/\"><strong>www.scsconcept.com<\/strong><\/a> y cualquier marca que incluya la marca <a href=\"https:\/\/sitowebsmart.com\/\"><strong>www.scsconcept.com<\/strong><\/a> no pueden ser utilizados como direcciones de Internet de otros sitios, o como parte de tales direcciones, sin el consentimiento previo por escrito de <strong>SCS Concept S.r.l.<\/strong><\/p>\n<p><strong>L\u00edmites de responsabilidad<\/strong><br \/>\nLa informaci\u00f3n de este Sitio se proporciona de buena fe y <strong>SCS Concept S.r.l.<\/strong> la considera exacta. En cualquier caso, cualquier persona que desee comprar productos no debe basarse en dicha informaci\u00f3n, sino que debe determinar con mayor precisi\u00f3n la naturaleza real de los productos y su idoneidad para el uso previsto. Por consiguiente, toda la informaci\u00f3n de este Sitio se proporciona sin ninguna garant\u00eda, expresa o impl\u00edcita, de ning\u00fan tipo, como, por ejemplo, la calidad del producto, la idoneidad para un fin determinado o la no infracci\u00f3n de los derechos de propiedad intelectual. En ning\u00fan caso <strong>SCS Concept S.r.l.<\/strong> ser\u00e1 responsable de los da\u00f1os directos o indirectos causados por el uso de este Sitio. La informaci\u00f3n contenida en este Sitio puede ser t\u00e9cnicamente inexacta o estar viciada por errores tipogr\u00e1ficos. La informaci\u00f3n puede ser cambiada o actualizada sin previo aviso.\u00a0<strong>SCS Concept S.r.l.<\/strong> tambi\u00e9n puede mejorar o modificar los productos descritos en este Sitio sin previo aviso.<\/p>\n<p><strong>Enlaces<\/strong><br \/>\n<strong>SCS Concept S.r.l.<\/strong> no asume ninguna responsabilidad por los materiales creados o publicados por terceros con los que el Sitio <a href=\"https:\/\/sitowebsmart.com\/\"><strong>www.scsconcept.com<\/strong><\/a> tenga un enlace de conexi\u00f3n. Quien decida visitar un Sitio enlazado al Sitio <a href=\"https:\/\/sitowebsmart.com\/\"><strong>www.scsconcept.com<\/strong><\/a> lo hace por su cuenta y riesgo, asumiendo la responsabilidad de tomar todas las medidas necesarias contra virus u otros elementos destructivos. Los enlaces a otros sitios no implican que <a href=\"https:\/\/sitowebsmart.com\/\"><strong>www.scsconcept.com<\/strong><\/a> patrocine o est\u00e9 afiliada con entidades que realizan los servicios descritos en esos sitios.<\/p>\n<p><strong>Informaci\u00f3n recibida por SCS Concept S.r.l.<\/strong><br \/>\nCualquier material enviado a <a href=\"https:\/\/sitowebsmart.com\/\"><strong>www.scsconcept.com<\/strong><\/a>, por ejemplo por correo electr\u00f3nico o a trav\u00e9s de las p\u00e1ginas de la World Wide Web, se considerar\u00e1 no confidencial.\u00a0<strong>SCS Concept S.r.l.<\/strong> no tendr\u00e1 ninguna obligaci\u00f3n de ning\u00fan tipo con respecto a dicho material y ser\u00e1 libre de reproducirlo, utilizarlo, divulgarlo, exhibirlo, transformarlo, realizar trabajos derivados de \u00e9l y distribuirlo a terceros, sin limitaci\u00f3n. Adem\u00e1s, <strong>SCS Concept S.r.l.<\/strong> ser\u00e1 libre de utilizar cualquier idea, concepto, conocimiento especializado o conocimiento t\u00e9cnico contenido en dicho material, para cualquier prop\u00f3sito, incluyendo, pero no limitado a, el desarrollo, fabricaci\u00f3n y comercializaci\u00f3n de productos utilizando dicho material. Quien env\u00ede material garantiza que ese material se puede publicar y se compromete a eximir a <strong>SCS Concept S.r.l.<\/strong> de toda responsabilidad por cualquier acci\u00f3n de terceros en relaci\u00f3n con dicho material.<\/p>\n<p><strong>Cookies y privacidad<\/strong><br \/>\nLas \u00abcookies\u00bb de sesi\u00f3n (es decir, peque\u00f1os archivos de datos que algunos sitios web, durante su visita, pueden enviar a la direcci\u00f3n del visitante) utilizadas tienen por objeto acelerar el an\u00e1lisis del tr\u00e1fico en Internet y facilitar el acceso de los usuarios a los servicios ofrecidos por el Sitio, con su uso no se transmiten o adquieren datos personales y no se utilizan sistemas de seguimiento de los usuarios. Si prefiere no recibir cookies, puede configurar su navegador para que le avise de la presencia de una cookie y luego decidir si la acepta o no. Tambi\u00e9n puede rechazar autom\u00e1ticamente todas las cookies activando la opci\u00f3n correspondiente en su navegador.<\/p>\n<p><strong>Ley y jurisdicci\u00f3n<\/strong><br \/>\nEstas condiciones se rigen por la ley italiana. El Tribunal de Mil\u00e1n, Italia, tendr\u00e1 jurisdicci\u00f3n y competencia exclusiva para cualquier disputa relacionada de cualquier manera con estas condiciones. Sin embargo,<strong> SCS Concept S.r.l.<\/strong> se reserva el derecho, si lo considera necesario, de emprender acciones legales ante los tribunales de pa\u00edses o ciudades distintas de Italia o de <strong>SCS Concept S.r.l.<\/strong>, para proteger sus intereses y hacer valer sus derechos.<\/p>\n<p>&nbsp;<\/p>\n","protected":false},"excerpt":{"rendered":"<p>Notas legales y condiciones de uso Este sitio es propiedad de y gestionado por: SCS Concept S.r.l., Via Zucchi 39\/c, 20095 Cusano Milanino, Mil\u00e1n, Tel.\u00a0+39 02 92502684, NIF-IVA:\u00a006388790963 La informaci\u00f3n<\/p>\n","protected":false},"author":5,"featured_media":0,"parent":0,"menu_order":0,"comment_status":"closed","ping_status":"closed","template":"tmp-page-right-sidebar.php","meta":{"_acf_changed":false,"footnotes":""},"class_list":["post-14163","page","type-page","status-publish","hentry"],"acf":[],"yoast_head":"<!-- This site is optimized with the Yoast SEO plugin v26.9 - https:\/\/yoast.com\/product\/yoast-seo-wordpress\/ -->\n<title>Notas legales - SCS Concept<\/title>\n<meta name=\"robots\" content=\"index, follow, max-snippet:-1, max-image-preview:large, max-video-preview:-1\" \/>\n<link rel=\"canonical\" href=\"https:\/\/sitowebsmart.com\/es\/notas-legales\/\" \/>\n<meta property=\"og:locale\" content=\"es_ES\" \/>\n<meta property=\"og:type\" content=\"article\" \/>\n<meta property=\"og:title\" content=\"Notas legales - SCS Concept\" \/>\n<meta property=\"og:description\" content=\"Notas legales y condiciones de uso Este sitio es propiedad de y gestionado por: SCS Concept S.r.l., Via Zucchi 39\/c, 20095 Cusano Milanino, Mil\u00e1n, Tel.\u00a0+39 02 92502684, NIF-IVA:\u00a006388790963 La informaci\u00f3n\" \/>\n<meta property=\"og:url\" content=\"https:\/\/sitowebsmart.com\/es\/notas-legales\/\" \/>\n<meta property=\"og:site_name\" content=\"SCS Concept\" \/>\n<meta property=\"article:modified_time\" content=\"2018-12-19T13:50:05+00:00\" \/>\n<meta name=\"twitter:card\" content=\"summary_large_image\" \/>\n<meta name=\"twitter:label1\" content=\"Tiempo de lectura\" \/>\n\t<meta name=\"twitter:data1\" content=\"5 minutos\" \/>\n<script type=\"application\/ld+json\" class=\"yoast-schema-graph\">{\"@context\":\"https:\/\/schema.org\",\"@graph\":[{\"@type\":\"WebPage\",\"@id\":\"https:\/\/sitowebsmart.com\/es\/notas-legales\/\",\"url\":\"https:\/\/sitowebsmart.com\/es\/notas-legales\/\",\"name\":\"Notas legales - SCS Concept\",\"isPartOf\":{\"@id\":\"https:\/\/sitowebsmart.com\/#website\"},\"datePublished\":\"2018-04-13T15:31:20+00:00\",\"dateModified\":\"2018-12-19T13:50:05+00:00\",\"breadcrumb\":{\"@id\":\"https:\/\/sitowebsmart.com\/es\/notas-legales\/#breadcrumb\"},\"inLanguage\":\"es\",\"potentialAction\":[{\"@type\":\"ReadAction\",\"target\":[\"https:\/\/sitowebsmart.com\/es\/notas-legales\/\"]}]},{\"@type\":\"BreadcrumbList\",\"@id\":\"https:\/\/sitowebsmart.com\/es\/notas-legales\/#breadcrumb\",\"itemListElement\":[{\"@type\":\"ListItem\",\"position\":1,\"name\":\"Home\",\"item\":\"https:\/\/sitowebsmart.com\/es\/\"},{\"@type\":\"ListItem\",\"position\":2,\"name\":\"Notas legales\"}]},{\"@type\":\"WebSite\",\"@id\":\"https:\/\/sitowebsmart.com\/#website\",\"url\":\"https:\/\/sitowebsmart.com\/\",\"name\":\"SCS Concept\",\"description\":\"Soluzioni Avanzate per il serraggio e controllo qualit\u00e0\",\"publisher\":{\"@id\":\"https:\/\/sitowebsmart.com\/#organization\"},\"potentialAction\":[{\"@type\":\"SearchAction\",\"target\":{\"@type\":\"EntryPoint\",\"urlTemplate\":\"https:\/\/sitowebsmart.com\/?s={search_term_string}\"},\"query-input\":{\"@type\":\"PropertyValueSpecification\",\"valueRequired\":true,\"valueName\":\"search_term_string\"}}],\"inLanguage\":\"es\"},{\"@type\":\"Organization\",\"@id\":\"https:\/\/sitowebsmart.com\/#organization\",\"name\":\"SCS Concept\",\"url\":\"https:\/\/sitowebsmart.com\/\",\"logo\":{\"@type\":\"ImageObject\",\"inLanguage\":\"es\",\"@id\":\"https:\/\/sitowebsmart.com\/#\/schema\/logo\/image\/\",\"url\":\"https:\/\/sitowebsmart.com\/wp-content\/uploads\/2018\/01\/scs-concept-group-200.png\",\"contentUrl\":\"https:\/\/sitowebsmart.com\/wp-content\/uploads\/2018\/01\/scs-concept-group-200.png\",\"width\":200,\"height\":200,\"caption\":\"SCS Concept\"},\"image\":{\"@id\":\"https:\/\/sitowebsmart.com\/#\/schema\/logo\/image\/\"}}]}<\/script>\n<!-- \/ Yoast SEO plugin. -->","yoast_head_json":{"title":"Notas legales - SCS Concept","robots":{"index":"index","follow":"follow","max-snippet":"max-snippet:-1","max-image-preview":"max-image-preview:large","max-video-preview":"max-video-preview:-1"},"canonical":"https:\/\/sitowebsmart.com\/es\/notas-legales\/","og_locale":"es_ES","og_type":"article","og_title":"Notas legales - SCS Concept","og_description":"Notas legales y condiciones de uso Este sitio es propiedad de y gestionado por: SCS Concept S.r.l., Via Zucchi 39\/c, 20095 Cusano Milanino, Mil\u00e1n, Tel.\u00a0+39 02 92502684, NIF-IVA:\u00a006388790963 La informaci\u00f3n","og_url":"https:\/\/sitowebsmart.com\/es\/notas-legales\/","og_site_name":"SCS Concept","article_modified_time":"2018-12-19T13:50:05+00:00","twitter_card":"summary_large_image","twitter_misc":{"Tiempo de lectura":"5 minutos"},"schema":{"@context":"https:\/\/schema.org","@graph":[{"@type":"WebPage","@id":"https:\/\/sitowebsmart.com\/es\/notas-legales\/","url":"https:\/\/sitowebsmart.com\/es\/notas-legales\/","name":"Notas legales - SCS Concept","isPartOf":{"@id":"https:\/\/sitowebsmart.com\/#website"},"datePublished":"2018-04-13T15:31:20+00:00","dateModified":"2018-12-19T13:50:05+00:00","breadcrumb":{"@id":"https:\/\/sitowebsmart.com\/es\/notas-legales\/#breadcrumb"},"inLanguage":"es","potentialAction":[{"@type":"ReadAction","target":["https:\/\/sitowebsmart.com\/es\/notas-legales\/"]}]},{"@type":"BreadcrumbList","@id":"https:\/\/sitowebsmart.com\/es\/notas-legales\/#breadcrumb","itemListElement":[{"@type":"ListItem","position":1,"name":"Home","item":"https:\/\/sitowebsmart.com\/es\/"},{"@type":"ListItem","position":2,"name":"Notas legales"}]},{"@type":"WebSite","@id":"https:\/\/sitowebsmart.com\/#website","url":"https:\/\/sitowebsmart.com\/","name":"SCS Concept","description":"Soluzioni Avanzate per il serraggio e controllo qualit\u00e0","publisher":{"@id":"https:\/\/sitowebsmart.com\/#organization"},"potentialAction":[{"@type":"SearchAction","target":{"@type":"EntryPoint","urlTemplate":"https:\/\/sitowebsmart.com\/?s={search_term_string}"},"query-input":{"@type":"PropertyValueSpecification","valueRequired":true,"valueName":"search_term_string"}}],"inLanguage":"es"},{"@type":"Organization","@id":"https:\/\/sitowebsmart.com\/#organization","name":"SCS Concept","url":"https:\/\/sitowebsmart.com\/","logo":{"@type":"ImageObject","inLanguage":"es","@id":"https:\/\/sitowebsmart.com\/#\/schema\/logo\/image\/","url":"https:\/\/sitowebsmart.com\/wp-content\/uploads\/2018\/01\/scs-concept-group-200.png","contentUrl":"https:\/\/sitowebsmart.com\/wp-content\/uploads\/2018\/01\/scs-concept-group-200.png","width":200,"height":200,"caption":"SCS Concept"},"image":{"@id":"https:\/\/sitowebsmart.com\/#\/schema\/logo\/image\/"}}]}},"_links":{"self":[{"href":"https:\/\/sitowebsmart.com\/es\/wp-json\/wp\/v2\/pages\/14163","targetHints":{"allow":["GET"]}}],"collection":[{"href":"https:\/\/sitowebsmart.com\/es\/wp-json\/wp\/v2\/pages"}],"about":[{"href":"https:\/\/sitowebsmart.com\/es\/wp-json\/wp\/v2\/types\/page"}],"author":[{"embeddable":true,"href":"https:\/\/sitowebsmart.com\/es\/wp-json\/wp\/v2\/users\/5"}],"replies":[{"embeddable":true,"href":"https:\/\/sitowebsmart.com\/es\/wp-json\/wp\/v2\/comments?post=14163"}],"version-history":[{"count":4,"href":"https:\/\/sitowebsmart.com\/es\/wp-json\/wp\/v2\/pages\/14163\/revisions"}],"predecessor-version":[{"id":21002,"href":"https:\/\/sitowebsmart.com\/es\/wp-json\/wp\/v2\/pages\/14163\/revisions\/21002"}],"wp:attachment":[{"href":"https:\/\/sitowebsmart.com\/es\/wp-json\/wp\/v2\/media?parent=14163"}],"curies":[{"name":"wp","href":"https:\/\/api.w.org\/{rel}","templated":true}]}}