{"id":19390,"date":"2018-11-14T11:52:30","date_gmt":"2018-11-14T11:52:30","guid":{"rendered":"https:\/\/www.scsconcept.com\/?page_id=19390"},"modified":"2018-11-14T11:55:12","modified_gmt":"2018-11-14T11:55:12","slug":"cualificacion","status":"publish","type":"page","link":"https:\/\/sitowebsmart.com\/es\/cualificacion\/","title":{"rendered":"Cualificaci\u00f3n"},"content":{"rendered":"<div class=\"wpb-content-wrapper\"><p>[vc_row force_equal_height_columns=\u00bbmain_row\u00bb dfd_row_config=\u00bbfull_width_content\u00bb][vc_column width=\u00bb1\/2&#8243; dfd_column_responsive_enable=\u00bbdfd-column-responsive-enable\u00bb css=\u00bb.vc_custom_1515147431102{padding-right: 2% !important;padding-left: 2% !important;background-color: #f7f7f7 !important;}\u00bb el_class=\u00bbdfd_col-tablet-12&#8243; offset=\u00bbvc_col-lg-6 vc_col-md-6 vc_col-xs-12&#8243; responsive_styles=\u00bbpadding_left_tablet:20|padding_right_tablet:20|padding_left_mobile:20|padding_right_mobile:20&#8243;][vc_row_inner dfd_row_responsive_enable=\u00bbdfd-row-responsive-enable\u00bb css=\u00bb.vc_custom_1538672628153{padding-right: 10.5% !important;padding-left: 10.5% !important;}\u00bb responsive_styles=\u00bbpadding_left_desktop:0|padding_right_desktop:0&#8243; el_class=\u00bbpadding-tablet\u00bb][vc_column_inner dfd_column_responsive_enable=\u00bbdfd-column-responsive-enable\u00bb]<div class=\"dfd-spacer-module\"  data-units=\"px\" data-wide_resolution=\"1280\" data-wide_size=\"120\" data-normal_resolution=\"1024\" data-normal_size=\"100\" data-tablet_resolution=\"800\" data-tablet_size=\"90\" data-mobile_resolution=\"480\" data-mobile_size=\"80\" style=\"height: 120px;\"><\/div><div class=\"dfd-heading-shortcode\"><div class=\"dfd-heading-module-wrap  text-left style_01 cr-animate-gen dfd-heading-69dff0f92df84 dfd-disable-resposive-headings\" id=\"dfd-heading-69dff0f92df84\" data-animate-type = \"transition.expandIn\" ><div class=\"inline-block\"><div class=\"dfd-heading-module\"><h1 class=\"widget-title dfd-title \" style=\"\">Cualificaci\u00f3n<\/h1><h3 class=\"widget-sub-title dfd-sub-title \" style=\"font-family:Open Sans; font-weight:400; font-style:italic; font-size: 16px; \">La clave del \u00e9xito.<\/h3><div class=\"dfd-heading-delimiter dfd-img-lazy-load\"><\/div><\/div><\/div><\/div><script type=\"text\/javascript\">\r\n\t\t\t\t\t\t\t\t\t(function($) {\r\n\t\t\t\t\t\t\t\t\t\t$(\"head\").append(\"<style>.dfd-heading-69dff0f92df84.dfd-heading-module-wrap .dfd-heading-module .dfd-heading-delimiter {border-bottom-style:solid;border-bottom-width:1px;width:140px;border-bottom-color:#ea5d1c;}.dfd-heading-69dff0f92df84 .dfd-heading-module .widget-sub-title {margin-top:15px;margin-bottom:20px;}.dfd-heading-69dff0f92df84.dfd-heading-module-wrap .dfd-heading-module .dfd-heading-delimiter {margin-top:10px;margin-bottom:10px;}<\/style>\");\r\n\t\t\t\t\t\t\t\t\t})(jQuery);\r\n\t\t\t\t\t\t\t\t<\/script><\/div>[vc_column_text item_animation=\u00bbtransition.slideDownIn\u00bb css=\u00bb.vc_custom_1542196496265{margin-bottom: 20px !important;}\u00bb]Hemos desarrollado un vasto conjunto de m\u00f3dulos de educaci\u00f3n te\u00f3rica y formaci\u00f3n pr\u00e1ctica para juntas roscadas, procesos de ensamblaje y el respectivo aseguramiento de la calidad.<\/p>\n<p>Sobre la base de aprox. 300 secuencias de formaci\u00f3n y experimentos diferentes, hemos creado una formaci\u00f3n estandarizada, dividida en secuencias de nivel b\u00e1sico, avanzado o experto.<\/p>\n<p>Nuestros cursos para cualificaci\u00f3n son siempre espec\u00edficos para un grupo objetivo: desde la l\u00ednea de ensamblaje al nivel de gesti\u00f3n, desde construcci\u00f3n a aseguramiento de la calidad, desde el departamento de planificaci\u00f3n a la tecnolog\u00eda de laboratorio &#8211; el curso de formaci\u00f3n correcto para cada uno.<\/p>\n<p>Los sistemas de gesti\u00f3n internacionales bien establecidos (ISO 9001, IATF 16949, ISO\/TS 22163, ISO 9100, etc.) requieren que las organizaciones determinen la competencia necesaria de sus empleados y aseguren esta competencia a trav\u00e9s de formaci\u00f3n eficaz y verificada.[\/vc_column_text]<div class=\"dfd-spacer-module\"  data-units=\"px\" data-wide_resolution=\"1280\" data-wide_size=\"135\" data-normal_resolution=\"1024\" data-normal_size=\"100\" data-tablet_resolution=\"800\" data-tablet_size=\"90\" data-mobile_resolution=\"480\" data-mobile_size=\"80\" style=\"height: 135px;\"><\/div>[\/vc_column_inner][\/vc_row_inner][\/vc_column][vc_column width=\u00bb1\/2&#8243; column_bg_position=\u00bbcenter bottom\u00bb dfd_column_responsive_enable=\u00bbdfd-column-responsive-enable\u00bb el_class=\u00bbdfd_col-tablet-12&#8243; offset=\u00bbvc_col-lg-6 vc_col-md-6 vc_col-xs-12&#8243; responsive_styles=\u00bbpadding_left_desktop:0|padding_right_desktop:0&#8243; css=\u00bb.vc_custom_1538985337815{background-image: url(https:\/\/sitowebsmart.com\/wp-content\/uploads\/2018\/10\/scs-concept-fastening-training-qulification.jpg?id=18549) !important;background-position: center !important;background-repeat: no-repeat !important;background-size: cover !important;}\u00bb]<div class=\"dfd-spacer-module\"  data-units=\"px\" data-wide_resolution=\"1280\" data-wide_size=\"\" data-normal_resolution=\"1024\" data-normal_size=\"\" data-tablet_resolution=\"800\" data-tablet_size=\"\" data-mobile_resolution=\"480\" data-mobile_size=\"150\" style=\"height: px;\"><\/div><div class=\"dfd-spacer-module\"  data-units=\"px\" data-wide_resolution=\"1280\" data-wide_size=\"\" data-normal_resolution=\"1024\" data-normal_size=\"\" data-tablet_resolution=\"800\" data-tablet_size=\"\" data-mobile_resolution=\"480\" data-mobile_size=\"150\" style=\"height: px;\"><\/div>[\/vc_column][\/vc_row]<\/p>\n<\/div>","protected":false},"excerpt":{"rendered":"<p>[vc_row force_equal_height_columns=\u00bbmain_row\u00bb dfd_row_config=\u00bbfull_width_content\u00bb][vc_column width=\u00bb1\/2&#8243; dfd_column_responsive_enable=\u00bbdfd-column-responsive-enable\u00bb css=\u00bb.vc_custom_1515147431102{padding-right: 2% !important;padding-left: 2% !important;background-color: #f7f7f7 !important;}\u00bb el_class=\u00bbdfd_col-tablet-12&#8243; offset=\u00bbvc_col-lg-6 vc_col-md-6 vc_col-xs-12&#8243; responsive_styles=\u00bbpadding_left_tablet:20|padding_right_tablet:20|padding_left_mobile:20|padding_right_mobile:20&#8243;][vc_row_inner dfd_row_responsive_enable=\u00bbdfd-row-responsive-enable\u00bb css=\u00bb.vc_custom_1538672628153{padding-right: 10.5% !important;padding-left: 10.5% !important;}\u00bb responsive_styles=\u00bbpadding_left_desktop:0|padding_right_desktop:0&#8243; el_class=\u00bbpadding-tablet\u00bb][vc_column_inner dfd_column_responsive_enable=\u00bbdfd-column-responsive-enable\u00bb][vc_column_text item_animation=\u00bbtransition.slideDownIn\u00bb css=\u00bb.vc_custom_1542196496265{margin-bottom: 20px !important;}\u00bb]Hemos<\/p>\n","protected":false},"author":4,"featured_media":0,"parent":0,"menu_order":0,"comment_status":"closed","ping_status":"closed","template":"page-custom.php","meta":{"_acf_changed":false,"footnotes":""},"class_list":["post-19390","page","type-page","status-publish","hentry"],"acf":[],"yoast_head":"<!-- This site is optimized with the Yoast SEO plugin v26.9 - https:\/\/yoast.com\/product\/yoast-seo-wordpress\/ -->\n<title>Cualificaci\u00f3n - SCS Concept<\/title>\n<meta name=\"robots\" content=\"index, follow, max-snippet:-1, max-image-preview:large, max-video-preview:-1\" \/>\n<link rel=\"canonical\" href=\"https:\/\/sitowebsmart.com\/es\/cualificacion\/\" \/>\n<meta property=\"og:locale\" content=\"es_ES\" \/>\n<meta property=\"og:type\" content=\"article\" \/>\n<meta property=\"og:title\" content=\"Cualificaci\u00f3n - SCS Concept\" \/>\n<meta property=\"og:description\" content=\"[vc_row force_equal_height_columns=\u00bbmain_row\u00bb dfd_row_config=\u00bbfull_width_content\u00bb][vc_column width=\u00bb1\/2&#8243; dfd_column_responsive_enable=\u00bbdfd-column-responsive-enable\u00bb css=\u00bb.vc_custom_1515147431102{padding-right: 2% !important;padding-left: 2% !important;background-color: #f7f7f7 !important;}\u00bb el_class=\u00bbdfd_col-tablet-12&#8243; offset=\u00bbvc_col-lg-6 vc_col-md-6 vc_col-xs-12&#8243; responsive_styles=\u00bbpadding_left_tablet:20|padding_right_tablet:20|padding_left_mobile:20|padding_right_mobile:20&#8243;][vc_row_inner dfd_row_responsive_enable=\u00bbdfd-row-responsive-enable\u00bb css=\u00bb.vc_custom_1538672628153{padding-right: 10.5% !important;padding-left: 10.5% !important;}\u00bb responsive_styles=\u00bbpadding_left_desktop:0|padding_right_desktop:0&#8243; el_class=\u00bbpadding-tablet\u00bb][vc_column_inner dfd_column_responsive_enable=\u00bbdfd-column-responsive-enable\u00bb][vc_column_text item_animation=\u00bbtransition.slideDownIn\u00bb css=\u00bb.vc_custom_1542196496265{margin-bottom: 20px !important;}\u00bb]Hemos\" \/>\n<meta property=\"og:url\" content=\"https:\/\/sitowebsmart.com\/es\/cualificacion\/\" \/>\n<meta property=\"og:site_name\" content=\"SCS Concept\" \/>\n<meta property=\"article:modified_time\" content=\"2018-11-14T11:55:12+00:00\" \/>\n<meta name=\"twitter:card\" content=\"summary_large_image\" \/>\n<meta name=\"twitter:label1\" content=\"Tiempo de lectura\" \/>\n\t<meta name=\"twitter:data1\" content=\"3 minutos\" \/>\n<script type=\"application\/ld+json\" class=\"yoast-schema-graph\">{\"@context\":\"https:\/\/schema.org\",\"@graph\":[{\"@type\":\"WebPage\",\"@id\":\"https:\/\/sitowebsmart.com\/es\/cualificacion\/\",\"url\":\"https:\/\/sitowebsmart.com\/es\/cualificacion\/\",\"name\":\"Cualificaci\u00f3n - SCS Concept\",\"isPartOf\":{\"@id\":\"https:\/\/sitowebsmart.com\/#website\"},\"datePublished\":\"2018-11-14T11:52:30+00:00\",\"dateModified\":\"2018-11-14T11:55:12+00:00\",\"breadcrumb\":{\"@id\":\"https:\/\/sitowebsmart.com\/es\/cualificacion\/#breadcrumb\"},\"inLanguage\":\"es\",\"potentialAction\":[{\"@type\":\"ReadAction\",\"target\":[\"https:\/\/sitowebsmart.com\/es\/cualificacion\/\"]}]},{\"@type\":\"BreadcrumbList\",\"@id\":\"https:\/\/sitowebsmart.com\/es\/cualificacion\/#breadcrumb\",\"itemListElement\":[{\"@type\":\"ListItem\",\"position\":1,\"name\":\"Home\",\"item\":\"https:\/\/sitowebsmart.com\/es\/\"},{\"@type\":\"ListItem\",\"position\":2,\"name\":\"Cualificaci\u00f3n\"}]},{\"@type\":\"WebSite\",\"@id\":\"https:\/\/sitowebsmart.com\/#website\",\"url\":\"https:\/\/sitowebsmart.com\/\",\"name\":\"SCS Concept\",\"description\":\"Soluzioni Avanzate per il serraggio e controllo qualit\u00e0\",\"publisher\":{\"@id\":\"https:\/\/sitowebsmart.com\/#organization\"},\"potentialAction\":[{\"@type\":\"SearchAction\",\"target\":{\"@type\":\"EntryPoint\",\"urlTemplate\":\"https:\/\/sitowebsmart.com\/?s={search_term_string}\"},\"query-input\":{\"@type\":\"PropertyValueSpecification\",\"valueRequired\":true,\"valueName\":\"search_term_string\"}}],\"inLanguage\":\"es\"},{\"@type\":\"Organization\",\"@id\":\"https:\/\/sitowebsmart.com\/#organization\",\"name\":\"SCS Concept\",\"url\":\"https:\/\/sitowebsmart.com\/\",\"logo\":{\"@type\":\"ImageObject\",\"inLanguage\":\"es\",\"@id\":\"https:\/\/sitowebsmart.com\/#\/schema\/logo\/image\/\",\"url\":\"https:\/\/sitowebsmart.com\/wp-content\/uploads\/2018\/01\/scs-concept-group-200.png\",\"contentUrl\":\"https:\/\/sitowebsmart.com\/wp-content\/uploads\/2018\/01\/scs-concept-group-200.png\",\"width\":200,\"height\":200,\"caption\":\"SCS Concept\"},\"image\":{\"@id\":\"https:\/\/sitowebsmart.com\/#\/schema\/logo\/image\/\"}}]}<\/script>\n<!-- \/ Yoast SEO plugin. -->","yoast_head_json":{"title":"Cualificaci\u00f3n - SCS Concept","robots":{"index":"index","follow":"follow","max-snippet":"max-snippet:-1","max-image-preview":"max-image-preview:large","max-video-preview":"max-video-preview:-1"},"canonical":"https:\/\/sitowebsmart.com\/es\/cualificacion\/","og_locale":"es_ES","og_type":"article","og_title":"Cualificaci\u00f3n - SCS Concept","og_description":"[vc_row force_equal_height_columns=\u00bbmain_row\u00bb dfd_row_config=\u00bbfull_width_content\u00bb][vc_column width=\u00bb1\/2&#8243; dfd_column_responsive_enable=\u00bbdfd-column-responsive-enable\u00bb css=\u00bb.vc_custom_1515147431102{padding-right: 2% !important;padding-left: 2% !important;background-color: #f7f7f7 !important;}\u00bb el_class=\u00bbdfd_col-tablet-12&#8243; offset=\u00bbvc_col-lg-6 vc_col-md-6 vc_col-xs-12&#8243; responsive_styles=\u00bbpadding_left_tablet:20|padding_right_tablet:20|padding_left_mobile:20|padding_right_mobile:20&#8243;][vc_row_inner dfd_row_responsive_enable=\u00bbdfd-row-responsive-enable\u00bb css=\u00bb.vc_custom_1538672628153{padding-right: 10.5% !important;padding-left: 10.5% !important;}\u00bb responsive_styles=\u00bbpadding_left_desktop:0|padding_right_desktop:0&#8243; el_class=\u00bbpadding-tablet\u00bb][vc_column_inner dfd_column_responsive_enable=\u00bbdfd-column-responsive-enable\u00bb][vc_column_text item_animation=\u00bbtransition.slideDownIn\u00bb css=\u00bb.vc_custom_1542196496265{margin-bottom: 20px !important;}\u00bb]Hemos","og_url":"https:\/\/sitowebsmart.com\/es\/cualificacion\/","og_site_name":"SCS Concept","article_modified_time":"2018-11-14T11:55:12+00:00","twitter_card":"summary_large_image","twitter_misc":{"Tiempo de lectura":"3 minutos"},"schema":{"@context":"https:\/\/schema.org","@graph":[{"@type":"WebPage","@id":"https:\/\/sitowebsmart.com\/es\/cualificacion\/","url":"https:\/\/sitowebsmart.com\/es\/cualificacion\/","name":"Cualificaci\u00f3n - SCS Concept","isPartOf":{"@id":"https:\/\/sitowebsmart.com\/#website"},"datePublished":"2018-11-14T11:52:30+00:00","dateModified":"2018-11-14T11:55:12+00:00","breadcrumb":{"@id":"https:\/\/sitowebsmart.com\/es\/cualificacion\/#breadcrumb"},"inLanguage":"es","potentialAction":[{"@type":"ReadAction","target":["https:\/\/sitowebsmart.com\/es\/cualificacion\/"]}]},{"@type":"BreadcrumbList","@id":"https:\/\/sitowebsmart.com\/es\/cualificacion\/#breadcrumb","itemListElement":[{"@type":"ListItem","position":1,"name":"Home","item":"https:\/\/sitowebsmart.com\/es\/"},{"@type":"ListItem","position":2,"name":"Cualificaci\u00f3n"}]},{"@type":"WebSite","@id":"https:\/\/sitowebsmart.com\/#website","url":"https:\/\/sitowebsmart.com\/","name":"SCS Concept","description":"Soluzioni Avanzate per il serraggio e controllo qualit\u00e0","publisher":{"@id":"https:\/\/sitowebsmart.com\/#organization"},"potentialAction":[{"@type":"SearchAction","target":{"@type":"EntryPoint","urlTemplate":"https:\/\/sitowebsmart.com\/?s={search_term_string}"},"query-input":{"@type":"PropertyValueSpecification","valueRequired":true,"valueName":"search_term_string"}}],"inLanguage":"es"},{"@type":"Organization","@id":"https:\/\/sitowebsmart.com\/#organization","name":"SCS Concept","url":"https:\/\/sitowebsmart.com\/","logo":{"@type":"ImageObject","inLanguage":"es","@id":"https:\/\/sitowebsmart.com\/#\/schema\/logo\/image\/","url":"https:\/\/sitowebsmart.com\/wp-content\/uploads\/2018\/01\/scs-concept-group-200.png","contentUrl":"https:\/\/sitowebsmart.com\/wp-content\/uploads\/2018\/01\/scs-concept-group-200.png","width":200,"height":200,"caption":"SCS Concept"},"image":{"@id":"https:\/\/sitowebsmart.com\/#\/schema\/logo\/image\/"}}]}},"_links":{"self":[{"href":"https:\/\/sitowebsmart.com\/es\/wp-json\/wp\/v2\/pages\/19390","targetHints":{"allow":["GET"]}}],"collection":[{"href":"https:\/\/sitowebsmart.com\/es\/wp-json\/wp\/v2\/pages"}],"about":[{"href":"https:\/\/sitowebsmart.com\/es\/wp-json\/wp\/v2\/types\/page"}],"author":[{"embeddable":true,"href":"https:\/\/sitowebsmart.com\/es\/wp-json\/wp\/v2\/users\/4"}],"replies":[{"embeddable":true,"href":"https:\/\/sitowebsmart.com\/es\/wp-json\/wp\/v2\/comments?post=19390"}],"version-history":[{"count":3,"href":"https:\/\/sitowebsmart.com\/es\/wp-json\/wp\/v2\/pages\/19390\/revisions"}],"predecessor-version":[{"id":19394,"href":"https:\/\/sitowebsmart.com\/es\/wp-json\/wp\/v2\/pages\/19390\/revisions\/19394"}],"wp:attachment":[{"href":"https:\/\/sitowebsmart.com\/es\/wp-json\/wp\/v2\/media?parent=19390"}],"curies":[{"name":"wp","href":"https:\/\/api.w.org\/{rel}","templated":true}]}}