{"id":25990,"date":"2020-11-04T17:47:23","date_gmt":"2020-11-04T17:47:23","guid":{"rendered":"https:\/\/www.scsconcept.com\/digital-torque-angle-wrench-freedom4\/"},"modified":"2022-06-09T09:44:36","modified_gmt":"2022-06-09T09:44:36","slug":"llave-angular-dinamometrica-digital-freedom4","status":"publish","type":"page","link":"https:\/\/sitowebsmart.com\/es\/llave-angular-dinamometrica-digital-freedom4\/","title":{"rendered":"Llaves angulares dinamom\u00e9tricas digitales Freedom4"},"content":{"rendered":"<div class=\"wpb-content-wrapper\"><p>[vc_row dfd_bg_style=\u00bbimage\u00bb dfd_parallax_style=\u00bbdfd_vertical_parallax\u00bb dfd_bg_image_new=\u00bb22819&#8243; dfd_overlay_color=\u00bb#ffffff\u00bb dfd_overlay_pattern=\u00bbtransperant\u00bb dfd_overlay_pattern_opacity=\u00bb85&#8243; dfd_row_config=\u00bbfull_width_content\u00bb dfd_row_responsive_enable=\u00bbdfd-row-responsive-enable\u00bb css=\u00bb.vc_custom_1603843755750{padding-right: 5% !important;padding-left: 5% !important;}\u00bb responsive_styles=\u00bbpadding_left_desktop:20|padding_right_desktop:20|padding_left_tablet:20|padding_right_tablet:20|padding_left_mobile:10|padding_right_mobile:10&#8243;][vc_column dfd_column_responsive_enable=\u00bbdfd-column-responsive-enable\u00bb responsive_styles=\u00bbpadding_left_mobile:10|padding_right_mobile:10&#8243;][vc_row_inner][vc_column_inner dfd_column_responsive_enable=\u00bbdfd-column-responsive-enable\u00bb css=\u00bb.vc_custom_1503581599802{padding-right: 20% !important;padding-left: 20% !important;}\u00bb responsive_styles=\u00bbpadding_left_desktop:80|padding_right_desktop:80|padding_left_tablet:10|padding_right_tablet:10|padding_left_mobile:10|padding_right_mobile:10&#8243;]<div class=\"dfd-spacer-module\"  data-units=\"px\" data-wide_resolution=\"1280\" data-wide_size=\"100\" data-normal_resolution=\"1024\" data-normal_size=\"60\" data-tablet_resolution=\"800\" data-tablet_size=\"40\" data-mobile_resolution=\"480\" data-mobile_size=\"40\" style=\"height: 100px;\"><\/div><div class=\"dfd-heading-shortcode\"><div class=\"dfd-heading-module-wrap  text-center style_01 cr-animate-gen dfd-heading-69e13d458224f dfd-disable-resposive-headings\" id=\"dfd-heading-69e13d458224f\" data-animate-type = \"transition.expandIn\" ><div class=\"inline-block\"><div class=\"dfd-heading-module\"><h1 class=\"widget-title dfd-title \" style=\"\">Freedom<sup>4<\/sup> Llave de Par y \u00c1ngulo<\/h1><div class=\"dfd-heading-delimiter dfd-img-lazy-load\"><\/div><\/div><\/div><\/div><script type=\"text\/javascript\">\r\n\t\t\t\t\t\t\t\t\t(function($) {\r\n\t\t\t\t\t\t\t\t\t\t$(\"head\").append(\"<style>.dfd-heading-69e13d458224f.dfd-heading-module-wrap .dfd-heading-module .dfd-heading-delimiter {border-bottom-style:solid;border-bottom-width:1px;width:140px;border-bottom-color:#ea5d1c;}.dfd-heading-69e13d458224f .dfd-heading-module .widget-title {margin-bottom:15px;}.dfd-heading-69e13d458224f.dfd-heading-module-wrap .dfd-heading-module .dfd-heading-delimiter {margin-top:30px;margin-bottom:10px;}<\/style>\");\r\n\t\t\t\t\t\t\t\t\t})(jQuery);\r\n\t\t\t\t\t\t\t\t<\/script><\/div><div class=\"dfd-spacer-module\"  data-units=\"px\" data-wide_resolution=\"1280\" data-wide_size=\"30\" data-normal_resolution=\"1024\" data-normal_size=\"30\" data-tablet_resolution=\"800\" data-tablet_size=\"30\" data-mobile_resolution=\"480\" data-mobile_size=\"30\" style=\"height: 30px;\"><\/div>[\/vc_column_inner][\/vc_row_inner][vc_row_inner][vc_column_inner width=\u00bb1\/2&#8243; css=\u00bb.vc_custom_1604513998243{padding-right: 4% !important;padding-left: 4% !important;}\u00bb]<div class=\"dfd-spacer-module\"  data-units=\"px\" data-wide_resolution=\"1280\" data-wide_size=\"20\" data-normal_resolution=\"1024\" data-normal_size=\"20\" data-tablet_resolution=\"800\" data-tablet_size=\"20\" data-mobile_resolution=\"480\" data-mobile_size=\"20\" style=\"height: 20px;\"><\/div><div id=\"dfd-single-image-module69e13d4582ba3-8445\" class=\"dfd-single-image-module  image-center  cr-animate-gen dfd-img-lazy-load\" data-animate-type = \"transition.fadeIn\" ><a href=\"https:\/\/sitowebsmart.com\/es\/llave-angular-dinamometrica-digital-produccion-freedom4\/\" title=\"Image source\"><img  title=\"Llaves angulares dinamom\u00e9tricas digitales Freedom4\" fetchpriority=\"high\" decoding=\"async\" src=\"data:image\/svg+xml;charset=utf-8,%3Csvg xmlns%3D'http%3A%2F%2Fwww.w3.org%2F2000%2Fsvg' viewBox%3D'0 0 1000 563'%2F%3E\" data-src=\"https:\/\/sitowebsmart.com\/wp-content\/uploads\/2020\/10\/freedom4-production-chiave-dinamometrica.png\" width=\"1000\" height=\"563\"   alt=\"Llaves angulares dinamom\u00e9tricas digitales Freedom4\"  \/><\/a><\/div><div class=\"dfd-spacer-module\"  data-units=\"px\" data-wide_resolution=\"1280\" data-wide_size=\"20\" data-normal_resolution=\"1024\" data-normal_size=\"20\" data-tablet_resolution=\"800\" data-tablet_size=\"20\" data-mobile_resolution=\"480\" data-mobile_size=\"20\" style=\"height: 20px;\"><\/div><div class=\"dfd-heading-shortcode\"><div class=\"dfd-heading-module-wrap  text-left style_01 dfd-heading-69e13d4582d23 dfd-disable-resposive-headings\" id=\"dfd-heading-69e13d4582d23\" ><div class=\"inline-block\"><div class=\"dfd-heading-module\"><h2 class=\"widget-title dfd-title \" style=\"font-size: 35px; color: #565656 !important; line-height: 38px; \"><a style=\"color: #565656;\" href=\"https:\/\/sitowebsmart.com\/es\/llave-angular-dinamometrica-digital-produccion-freedom4\/\">Freedom<sup>4s<\/sup> Producci\u00f3n<\/a><\/h2><\/div><\/div><\/div><script type=\"text\/javascript\">\r\n\t\t\t\t\t\t\t\t\t(function($) {\r\n\t\t\t\t\t\t\t\t\t\t$(\"head\").append(\"<style>.dfd-heading-69e13d4582d23.dfd-heading-module-wrap .dfd-heading-module .dfd-heading-delimiter {margin-top:10px;margin-bottom:10px;}@media only screen and (max-width: 799px) {.dfd-heading-69e13d4582d23 {text-align: center;}}<\/style>\");\r\n\t\t\t\t\t\t\t\t\t})(jQuery);\r\n\t\t\t\t\t\t\t\t<\/script><\/div><div id=\"idinfobox69e13d4582f31\" class=\"dfd-info-box clearfix style-01 layout-04  idinfobox69e13d4582f31\" ><div class=\"dfd-animate-container\"><div class=\"content-wrap ovh\"><div class=\"wrap-delimiter\"><div class=\"delimiter\" style=\"width:100px;border-width:1px;border-color:#ea5d1c;border-bottom-style:solid\"><\/div><\/div><div class=\"description\" style=\"\">&#8211; Ligera, Robusta y Precisa<br \/>\n&#8211; Detecci\u00f3n autom\u00e1tica de obst\u00e1culos y posici\u00f3n incorrecta de la mano<br \/>\n&#8211; Comunicaci\u00f3in inal\u00e1mbrica para trazabilidad de datos<br \/>\n&#8211; Reconocimiento de embocadura<br \/>\n&#8211; Alta capacidad de memoria<\/div><\/div><a href=\"https:\/\/www.scsconcept.com\/es\/llave-angular-dinamometrica-digital-produccion-freedom4\/\" title=\"Freedom4 Production\"  class=\"full-box-link\"><\/a><\/div><\/div><div class=\"dfd-spacer-module\"  data-units=\"px\" data-wide_resolution=\"1280\" data-wide_size=\"20\" data-normal_resolution=\"1024\" data-normal_size=\"20\" data-tablet_resolution=\"800\" data-tablet_size=\"20\" data-mobile_resolution=\"480\" data-mobile_size=\"20\" style=\"height: 20px;\"><\/div>[\/vc_column_inner][vc_column_inner width=\u00bb1\/2&#8243; css=\u00bb.vc_custom_1604514007287{padding-right: 4% !important;padding-left: 4% !important;}\u00bb]<div class=\"dfd-spacer-module\"  data-units=\"px\" data-wide_resolution=\"1280\" data-wide_size=\"20\" data-normal_resolution=\"1024\" data-normal_size=\"20\" data-tablet_resolution=\"800\" data-tablet_size=\"20\" data-mobile_resolution=\"480\" data-mobile_size=\"20\" style=\"height: 20px;\"><\/div><div id=\"dfd-single-image-module69e13d45837eb-4643\" class=\"dfd-single-image-module  image-center  cr-animate-gen dfd-img-lazy-load\" data-animate-type = \"transition.fadeIn\" ><a href=\"https:\/\/sitowebsmart.com\/es\/digital-torque-angular-llave-residual-calidad-freedom4\/\" title=\"Image source\"><img  title=\"Llaves angulares dinamom\u00e9tricas digitales Freedom4\" decoding=\"async\" src=\"data:image\/svg+xml;charset=utf-8,%3Csvg xmlns%3D'http%3A%2F%2Fwww.w3.org%2F2000%2Fsvg' viewBox%3D'0 0 1000 563'%2F%3E\" data-src=\"https:\/\/sitowebsmart.com\/wp-content\/uploads\/2020\/10\/freedom4.png\" width=\"1000\" height=\"563\"   alt=\"Llaves angulares dinamom\u00e9tricas digitales Freedom4\"  \/><\/a><\/div><div class=\"dfd-spacer-module\"  data-units=\"px\" data-wide_resolution=\"1280\" data-wide_size=\"20\" data-normal_resolution=\"1024\" data-normal_size=\"20\" data-tablet_resolution=\"800\" data-tablet_size=\"20\" data-mobile_resolution=\"480\" data-mobile_size=\"20\" style=\"height: 20px;\"><\/div><div class=\"dfd-heading-shortcode\"><div class=\"dfd-heading-module-wrap  text-left style_01 dfd-heading-69e13d458397b dfd-disable-resposive-headings\" id=\"dfd-heading-69e13d458397b\" ><div class=\"inline-block\"><div class=\"dfd-heading-module\"><h2 class=\"widget-title dfd-title \" style=\"font-size: 35px; color: #565656 !important; line-height: 38px; \"><span style=\"color: #565656;\"><a style=\"color: #565656;\" href=\"https:\/\/sitowebsmart.com\/es\/digital-torque-angular-llave-residual-calidad-freedom4\/\">Freedom<sup>4<\/sup> Calidad<\/a><\/span><\/h2><\/div><\/div><\/div><script type=\"text\/javascript\">\r\n\t\t\t\t\t\t\t\t\t(function($) {\r\n\t\t\t\t\t\t\t\t\t\t$(\"head\").append(\"<style>.dfd-heading-69e13d458397b.dfd-heading-module-wrap .dfd-heading-module .dfd-heading-delimiter {margin-top:10px;margin-bottom:10px;}@media only screen and (max-width: 799px) {.dfd-heading-69e13d458397b {text-align: center;}}<\/style>\");\r\n\t\t\t\t\t\t\t\t\t})(jQuery);\r\n\t\t\t\t\t\t\t\t<\/script><\/div><div id=\"idinfobox69e13d4583b94\" class=\"dfd-info-box clearfix style-01 layout-04  idinfobox69e13d4583b94\" ><div class=\"dfd-animate-container\"><div class=\"content-wrap ovh\"><div class=\"wrap-delimiter\"><div class=\"delimiter\" style=\"width:100px;border-width:1px;border-color:#ea5d1c;border-bottom-style:solid\"><\/div><\/div><div class=\"description\" style=\"\">&#8211; Ligera, Robusta y Precisa<br \/>\n&#8211; Detecci\u00f3n autom\u00e1tica de obst\u00e1culos y posici\u00f3n incorrecta de la mano<br \/>\n&#8211; Estrategia de control de calidad completa<br \/>\n&#8211; Soluci\u00f3n de autodiagn\u00f3stico<br \/>\n&#8211; Alta capacidad de memoria<\/div><\/div><a href=\"https:\/\/www.scsconcept.com\/es\/digital-torque-angular-llave-residual-calidad-freedom4\/\" title=\"Freedom4 Production\"  class=\"full-box-link\"><\/a><\/div><\/div><div class=\"dfd-spacer-module\"  data-units=\"px\" data-wide_resolution=\"1280\" data-wide_size=\"20\" data-normal_resolution=\"1024\" data-normal_size=\"20\" data-tablet_resolution=\"800\" data-tablet_size=\"20\" data-mobile_resolution=\"480\" data-mobile_size=\"20\" style=\"height: 20px;\"><\/div>[\/vc_column_inner][\/vc_row_inner]<div class=\"dfd-spacer-module\"  data-units=\"px\" data-wide_resolution=\"1280\" data-wide_size=\"50\" data-normal_resolution=\"1024\" data-normal_size=\"50\" data-tablet_resolution=\"800\" data-tablet_size=\"50\" data-mobile_resolution=\"480\" data-mobile_size=\"50\" style=\"height: 50px;\"><\/div><div class=\"dfd-spacer-module\"  data-units=\"px\" data-wide_resolution=\"1280\" data-wide_size=\"100\" data-normal_resolution=\"1024\" data-normal_size=\"100\" data-tablet_resolution=\"800\" data-tablet_size=\"40\" data-mobile_resolution=\"480\" data-mobile_size=\"40\" style=\"height: 100px;\"><\/div>[\/vc_column][\/vc_row]<\/p>\n<\/div>","protected":false},"excerpt":{"rendered":"<p>[vc_row dfd_bg_style=\u00bbimage\u00bb dfd_parallax_style=\u00bbdfd_vertical_parallax\u00bb dfd_bg_image_new=\u00bb22819&#8243; dfd_overlay_color=\u00bb#ffffff\u00bb dfd_overlay_pattern=\u00bbtransperant\u00bb dfd_overlay_pattern_opacity=\u00bb85&#8243; dfd_row_config=\u00bbfull_width_content\u00bb dfd_row_responsive_enable=\u00bbdfd-row-responsive-enable\u00bb css=\u00bb.vc_custom_1603843755750{padding-right: 5% !important;padding-left: 5% !important;}\u00bb responsive_styles=\u00bbpadding_left_desktop:20|padding_right_desktop:20|padding_left_tablet:20|padding_right_tablet:20|padding_left_mobile:10|padding_right_mobile:10&#8243;][vc_column dfd_column_responsive_enable=\u00bbdfd-column-responsive-enable\u00bb responsive_styles=\u00bbpadding_left_mobile:10|padding_right_mobile:10&#8243;][vc_row_inner][vc_column_inner dfd_column_responsive_enable=\u00bbdfd-column-responsive-enable\u00bb css=\u00bb.vc_custom_1503581599802{padding-right: 20% !important;padding-left: 20% !important;}\u00bb responsive_styles=\u00bbpadding_left_desktop:80|padding_right_desktop:80|padding_left_tablet:10|padding_right_tablet:10|padding_left_mobile:10|padding_right_mobile:10&#8243;][\/vc_column_inner][\/vc_row_inner][vc_row_inner][vc_column_inner width=\u00bb1\/2&#8243; css=\u00bb.vc_custom_1604513998243{padding-right: 4% !important;padding-left: 4% !important;}\u00bb][\/vc_column_inner][vc_column_inner<\/p>\n","protected":false},"author":1,"featured_media":0,"parent":0,"menu_order":0,"comment_status":"closed","ping_status":"closed","template":"page-custom.php","meta":{"_acf_changed":false,"footnotes":""},"class_list":["post-25990","page","type-page","status-publish","hentry"],"acf":[],"yoast_head":"<!-- This site is optimized with the Yoast SEO plugin v26.9 - https:\/\/yoast.com\/product\/yoast-seo-wordpress\/ -->\n<title>Llaves angulares dinamom\u00e9tricas digitales Freedom4 - SCS Concept<\/title>\n<meta name=\"robots\" content=\"index, follow, max-snippet:-1, max-image-preview:large, max-video-preview:-1\" \/>\n<link rel=\"canonical\" href=\"https:\/\/sitowebsmart.com\/es\/llave-angular-dinamometrica-digital-freedom4\/\" \/>\n<meta property=\"og:locale\" content=\"es_ES\" \/>\n<meta property=\"og:type\" content=\"article\" \/>\n<meta property=\"og:title\" content=\"CL-CLS Chiave a Scatto Wireless\" \/>\n<meta property=\"og:description\" content=\"[vc_row dfd_bg_style=\u00bbimage\u00bb dfd_parallax_style=\u00bbdfd_vertical_parallax\u00bb dfd_bg_image_new=\u00bb22819&#8243; dfd_overlay_color=\u00bb#ffffff\u00bb dfd_overlay_pattern=\u00bbtransperant\u00bb dfd_overlay_pattern_opacity=\u00bb85&#8243; dfd_row_config=\u00bbfull_width_content\u00bb dfd_row_responsive_enable=\u00bbdfd-row-responsive-enable\u00bb css=\u00bb.vc_custom_1603843755750{padding-right: 5% !important;padding-left: 5% !important;}\u00bb responsive_styles=\u00bbpadding_left_desktop:20|padding_right_desktop:20|padding_left_tablet:20|padding_right_tablet:20|padding_left_mobile:10|padding_right_mobile:10&#8243;][vc_column dfd_column_responsive_enable=\u00bbdfd-column-responsive-enable\u00bb responsive_styles=\u00bbpadding_left_mobile:10|padding_right_mobile:10&#8243;][vc_row_inner][vc_column_inner dfd_column_responsive_enable=\u00bbdfd-column-responsive-enable\u00bb css=\u00bb.vc_custom_1503581599802{padding-right: 20% !important;padding-left: 20% !important;}\u00bb responsive_styles=\u00bbpadding_left_desktop:80|padding_right_desktop:80|padding_left_tablet:10|padding_right_tablet:10|padding_left_mobile:10|padding_right_mobile:10&#8243;][\/vc_column_inner][\/vc_row_inner][vc_row_inner][vc_column_inner width=\u00bb1\/2&#8243; css=\u00bb.vc_custom_1604513998243{padding-right: 4% !important;padding-left: 4% !important;}\u00bb][\/vc_column_inner][vc_column_inner\" \/>\n<meta property=\"og:url\" content=\"https:\/\/sitowebsmart.com\/es\/llave-angular-dinamometrica-digital-freedom4\/\" \/>\n<meta property=\"og:site_name\" content=\"SCS Concept\" \/>\n<meta property=\"article:modified_time\" content=\"2022-06-09T09:44:36+00:00\" \/>\n<meta name=\"twitter:card\" content=\"summary_large_image\" \/>\n<meta name=\"twitter:label1\" content=\"Tiempo de lectura\" \/>\n\t<meta name=\"twitter:data1\" content=\"2 minutos\" \/>\n<script type=\"application\/ld+json\" class=\"yoast-schema-graph\">{\"@context\":\"https:\/\/schema.org\",\"@graph\":[{\"@type\":\"WebPage\",\"@id\":\"https:\/\/sitowebsmart.com\/es\/llave-angular-dinamometrica-digital-freedom4\/\",\"url\":\"https:\/\/sitowebsmart.com\/es\/llave-angular-dinamometrica-digital-freedom4\/\",\"name\":\"Llaves angulares dinamom\u00e9tricas digitales Freedom4 - SCS Concept\",\"isPartOf\":{\"@id\":\"https:\/\/sitowebsmart.com\/#website\"},\"datePublished\":\"2020-11-04T17:47:23+00:00\",\"dateModified\":\"2022-06-09T09:44:36+00:00\",\"breadcrumb\":{\"@id\":\"https:\/\/sitowebsmart.com\/es\/llave-angular-dinamometrica-digital-freedom4\/#breadcrumb\"},\"inLanguage\":\"es\",\"potentialAction\":[{\"@type\":\"ReadAction\",\"target\":[\"https:\/\/sitowebsmart.com\/es\/llave-angular-dinamometrica-digital-freedom4\/\"]}]},{\"@type\":\"BreadcrumbList\",\"@id\":\"https:\/\/sitowebsmart.com\/es\/llave-angular-dinamometrica-digital-freedom4\/#breadcrumb\",\"itemListElement\":[{\"@type\":\"ListItem\",\"position\":1,\"name\":\"Home\",\"item\":\"https:\/\/sitowebsmart.com\/es\/\"},{\"@type\":\"ListItem\",\"position\":2,\"name\":\"Llaves angulares dinamom\u00e9tricas digitales Freedom4\"}]},{\"@type\":\"WebSite\",\"@id\":\"https:\/\/sitowebsmart.com\/#website\",\"url\":\"https:\/\/sitowebsmart.com\/\",\"name\":\"SCS Concept\",\"description\":\"Soluzioni Avanzate per il serraggio e controllo qualit\u00e0\",\"publisher\":{\"@id\":\"https:\/\/sitowebsmart.com\/#organization\"},\"potentialAction\":[{\"@type\":\"SearchAction\",\"target\":{\"@type\":\"EntryPoint\",\"urlTemplate\":\"https:\/\/sitowebsmart.com\/?s={search_term_string}\"},\"query-input\":{\"@type\":\"PropertyValueSpecification\",\"valueRequired\":true,\"valueName\":\"search_term_string\"}}],\"inLanguage\":\"es\"},{\"@type\":\"Organization\",\"@id\":\"https:\/\/sitowebsmart.com\/#organization\",\"name\":\"SCS Concept\",\"url\":\"https:\/\/sitowebsmart.com\/\",\"logo\":{\"@type\":\"ImageObject\",\"inLanguage\":\"es\",\"@id\":\"https:\/\/sitowebsmart.com\/#\/schema\/logo\/image\/\",\"url\":\"https:\/\/sitowebsmart.com\/wp-content\/uploads\/2018\/01\/scs-concept-group-200.png\",\"contentUrl\":\"https:\/\/sitowebsmart.com\/wp-content\/uploads\/2018\/01\/scs-concept-group-200.png\",\"width\":200,\"height\":200,\"caption\":\"SCS Concept\"},\"image\":{\"@id\":\"https:\/\/sitowebsmart.com\/#\/schema\/logo\/image\/\"}}]}<\/script>\n<!-- \/ Yoast SEO plugin. -->","yoast_head_json":{"title":"Llaves angulares dinamom\u00e9tricas digitales Freedom4 - SCS Concept","robots":{"index":"index","follow":"follow","max-snippet":"max-snippet:-1","max-image-preview":"max-image-preview:large","max-video-preview":"max-video-preview:-1"},"canonical":"https:\/\/sitowebsmart.com\/es\/llave-angular-dinamometrica-digital-freedom4\/","og_locale":"es_ES","og_type":"article","og_title":"CL-CLS Chiave a Scatto Wireless","og_description":"[vc_row dfd_bg_style=\u00bbimage\u00bb dfd_parallax_style=\u00bbdfd_vertical_parallax\u00bb dfd_bg_image_new=\u00bb22819&#8243; dfd_overlay_color=\u00bb#ffffff\u00bb dfd_overlay_pattern=\u00bbtransperant\u00bb dfd_overlay_pattern_opacity=\u00bb85&#8243; dfd_row_config=\u00bbfull_width_content\u00bb dfd_row_responsive_enable=\u00bbdfd-row-responsive-enable\u00bb css=\u00bb.vc_custom_1603843755750{padding-right: 5% !important;padding-left: 5% !important;}\u00bb responsive_styles=\u00bbpadding_left_desktop:20|padding_right_desktop:20|padding_left_tablet:20|padding_right_tablet:20|padding_left_mobile:10|padding_right_mobile:10&#8243;][vc_column dfd_column_responsive_enable=\u00bbdfd-column-responsive-enable\u00bb responsive_styles=\u00bbpadding_left_mobile:10|padding_right_mobile:10&#8243;][vc_row_inner][vc_column_inner dfd_column_responsive_enable=\u00bbdfd-column-responsive-enable\u00bb css=\u00bb.vc_custom_1503581599802{padding-right: 20% !important;padding-left: 20% !important;}\u00bb responsive_styles=\u00bbpadding_left_desktop:80|padding_right_desktop:80|padding_left_tablet:10|padding_right_tablet:10|padding_left_mobile:10|padding_right_mobile:10&#8243;][\/vc_column_inner][\/vc_row_inner][vc_row_inner][vc_column_inner width=\u00bb1\/2&#8243; css=\u00bb.vc_custom_1604513998243{padding-right: 4% !important;padding-left: 4% !important;}\u00bb][\/vc_column_inner][vc_column_inner","og_url":"https:\/\/sitowebsmart.com\/es\/llave-angular-dinamometrica-digital-freedom4\/","og_site_name":"SCS Concept","article_modified_time":"2022-06-09T09:44:36+00:00","twitter_card":"summary_large_image","twitter_misc":{"Tiempo de lectura":"2 minutos"},"schema":{"@context":"https:\/\/schema.org","@graph":[{"@type":"WebPage","@id":"https:\/\/sitowebsmart.com\/es\/llave-angular-dinamometrica-digital-freedom4\/","url":"https:\/\/sitowebsmart.com\/es\/llave-angular-dinamometrica-digital-freedom4\/","name":"Llaves angulares dinamom\u00e9tricas digitales Freedom4 - SCS Concept","isPartOf":{"@id":"https:\/\/sitowebsmart.com\/#website"},"datePublished":"2020-11-04T17:47:23+00:00","dateModified":"2022-06-09T09:44:36+00:00","breadcrumb":{"@id":"https:\/\/sitowebsmart.com\/es\/llave-angular-dinamometrica-digital-freedom4\/#breadcrumb"},"inLanguage":"es","potentialAction":[{"@type":"ReadAction","target":["https:\/\/sitowebsmart.com\/es\/llave-angular-dinamometrica-digital-freedom4\/"]}]},{"@type":"BreadcrumbList","@id":"https:\/\/sitowebsmart.com\/es\/llave-angular-dinamometrica-digital-freedom4\/#breadcrumb","itemListElement":[{"@type":"ListItem","position":1,"name":"Home","item":"https:\/\/sitowebsmart.com\/es\/"},{"@type":"ListItem","position":2,"name":"Llaves angulares dinamom\u00e9tricas digitales Freedom4"}]},{"@type":"WebSite","@id":"https:\/\/sitowebsmart.com\/#website","url":"https:\/\/sitowebsmart.com\/","name":"SCS Concept","description":"Soluzioni Avanzate per il serraggio e controllo qualit\u00e0","publisher":{"@id":"https:\/\/sitowebsmart.com\/#organization"},"potentialAction":[{"@type":"SearchAction","target":{"@type":"EntryPoint","urlTemplate":"https:\/\/sitowebsmart.com\/?s={search_term_string}"},"query-input":{"@type":"PropertyValueSpecification","valueRequired":true,"valueName":"search_term_string"}}],"inLanguage":"es"},{"@type":"Organization","@id":"https:\/\/sitowebsmart.com\/#organization","name":"SCS Concept","url":"https:\/\/sitowebsmart.com\/","logo":{"@type":"ImageObject","inLanguage":"es","@id":"https:\/\/sitowebsmart.com\/#\/schema\/logo\/image\/","url":"https:\/\/sitowebsmart.com\/wp-content\/uploads\/2018\/01\/scs-concept-group-200.png","contentUrl":"https:\/\/sitowebsmart.com\/wp-content\/uploads\/2018\/01\/scs-concept-group-200.png","width":200,"height":200,"caption":"SCS Concept"},"image":{"@id":"https:\/\/sitowebsmart.com\/#\/schema\/logo\/image\/"}}]}},"_links":{"self":[{"href":"https:\/\/sitowebsmart.com\/es\/wp-json\/wp\/v2\/pages\/25990","targetHints":{"allow":["GET"]}}],"collection":[{"href":"https:\/\/sitowebsmart.com\/es\/wp-json\/wp\/v2\/pages"}],"about":[{"href":"https:\/\/sitowebsmart.com\/es\/wp-json\/wp\/v2\/types\/page"}],"author":[{"embeddable":true,"href":"https:\/\/sitowebsmart.com\/es\/wp-json\/wp\/v2\/users\/1"}],"replies":[{"embeddable":true,"href":"https:\/\/sitowebsmart.com\/es\/wp-json\/wp\/v2\/comments?post=25990"}],"version-history":[{"count":4,"href":"https:\/\/sitowebsmart.com\/es\/wp-json\/wp\/v2\/pages\/25990\/revisions"}],"predecessor-version":[{"id":26071,"href":"https:\/\/sitowebsmart.com\/es\/wp-json\/wp\/v2\/pages\/25990\/revisions\/26071"}],"wp:attachment":[{"href":"https:\/\/sitowebsmart.com\/es\/wp-json\/wp\/v2\/media?parent=25990"}],"curies":[{"name":"wp","href":"https:\/\/api.w.org\/{rel}","templated":true}]}}