{"id":8843,"date":"2018-02-28T18:52:54","date_gmt":"2018-02-28T18:52:54","guid":{"rendered":"https:\/\/www.scsconcept.com\/?page_id=8843"},"modified":"2022-05-13T15:00:57","modified_gmt":"2022-05-13T15:00:57","slug":"analizadores-de-datos","status":"publish","type":"page","link":"https:\/\/sitowebsmart.com\/es\/analizadores-de-datos\/","title":{"rendered":"Analizadores de datos"},"content":{"rendered":"<div class=\"wpb-content-wrapper\"><p>[vc_row dfd_bg_style=\u00bbimage\u00bb dfd_bg_image_new=\u00bb240&#8243; dfd_overlay_color=\u00bb#ffffff\u00bb dfd_overlay_pattern=\u00bbtransperant\u00bb dfd_overlay_pattern_opacity=\u00bb85&#8243; dfd_row_config=\u00bbfull_width_content_paddings\u00bb dfd_row_responsive_enable=\u00bbdfd-row-responsive-enable\u00bb css=\u00bb.vc_custom_1652454053215{padding-right: 10% !important;padding-left: 10% !important;}\u00bb responsive_styles=\u00bbpadding_left_desktop:20|padding_right_desktop:20|padding_left_tablet:20|padding_right_tablet:20|padding_left_mobile:10|padding_right_mobile:10&#8243;][vc_column dfd_column_responsive_enable=\u00bbdfd-column-responsive-enable\u00bb responsive_styles=\u00bbpadding_left_mobile:10|padding_right_mobile:10&#8243;][vc_row_inner][vc_column_inner dfd_column_responsive_enable=\u00bbdfd-column-responsive-enable\u00bb css=\u00bb.vc_custom_1518631422674{padding-right: 10% !important;padding-left: 10% !important;}\u00bb responsive_styles=\u00bbpadding_left_desktop:80|padding_right_desktop:80|padding_left_tablet:10|padding_right_tablet:10|padding_left_mobile:10|padding_right_mobile:10&#8243;]<div class=\"dfd-spacer-module\"  data-units=\"px\" data-wide_resolution=\"1280\" data-wide_size=\"100\" data-normal_resolution=\"1024\" data-normal_size=\"100\" data-tablet_resolution=\"800\" data-tablet_size=\"90\" data-mobile_resolution=\"480\" data-mobile_size=\"80\" style=\"height: 100px;\"><\/div><div class=\"dfd-heading-shortcode\"><div class=\"dfd-heading-module-wrap  text-center style_01 cr-animate-gen dfd-heading-69ddf7b936888 dfd-disable-resposive-headings\" id=\"dfd-heading-69ddf7b936888\" data-animate-type = \"transition.expandIn\" ><div class=\"inline-block\"><div class=\"dfd-heading-module\"><h1 class=\"widget-title dfd-title \" style=\"\">Analizadores de Datos<\/h1><h3 class=\"widget-sub-title dfd-sub-title \" style=\"line-height: 26px; \">Los analizadores de datos de SCS Concept ofrecen una soluci\u00f3n para comprobar y calibrar herramientas el\u00e9ctricas y llaves de par a lo largo de la l\u00ednea de producci\u00f3n.<\/h3><div class=\"dfd-heading-delimiter dfd-img-lazy-load\"><\/div><\/div><\/div><\/div><script type=\"text\/javascript\">\r\n\t\t\t\t\t\t\t\t\t(function($) {\r\n\t\t\t\t\t\t\t\t\t\t$(\"head\").append(\"<style>.dfd-heading-69ddf7b936888.dfd-heading-module-wrap .dfd-heading-module .dfd-heading-delimiter {border-bottom-style:solid;border-bottom-width:1px;width:140px;border-bottom-color:#ea5d1c;}.dfd-heading-69ddf7b936888 .dfd-heading-module .widget-sub-title {margin-top:20px;margin-bottom:35px;}.dfd-heading-69ddf7b936888.dfd-heading-module-wrap .dfd-heading-module .dfd-heading-delimiter {margin-top:10px;margin-bottom:10px;}<\/style>\");\r\n\t\t\t\t\t\t\t\t\t})(jQuery);\r\n\t\t\t\t\t\t\t\t<\/script><\/div><div class=\"dfd-spacer-module\"  data-units=\"px\" data-wide_resolution=\"1280\" data-wide_size=\"30\" data-normal_resolution=\"1024\" data-normal_size=\"30\" data-tablet_resolution=\"800\" data-tablet_size=\"30\" data-mobile_resolution=\"480\" data-mobile_size=\"30\" style=\"height: 30px;\"><\/div>[\/vc_column_inner][\/vc_row_inner][vc_row_inner][vc_column_inner width=\u00bb1\/3&#8243;]<div id=\"dfd-rotate-box-69ddf7b936b94-8291\" class=\"dfd-rotate-box-wrap  to-left\" ><div class=\"dfd-rotate-box-list\"><div class=\"dfd-item-offset rotate-box\"><div class=\"dfd-rotate-box-item to-left\"><div class=\"thumb-wrap\"><div class=\"thumb-wrap-front dfd-background-main\"><div class=\"content-wrap\"><div class=\"content-block dfd-rotate-content-v_center dfd-rotate-content-h_center \"><\/div><\/div><\/div><div class=\"thumb-wrap-back dfd-background-main\"><div class=\"content-wrap\"><\/div><\/div><\/div><a href=\"https:\/\/www.scsconcept.com\/es\/analizador-de-datos-de-par-angulo-datatouch3\/\" class=\"full-box-link\" title=\"\"  rel=\"\"><\/a><\/div><\/div><\/div><script type=\"text\/javascript\">(function($) {$(\"head\").append(\"<style>#dfd-rotate-box-69ddf7b936b94-8291 .dfd-rotate-box-item .thumb-wrap .thumb-wrap-front {background-image: url(https:\/\/sitowebsmart.com\/wp-content\/uploads\/2018\/02\/datatouch3-acquisizione-dati-1.jpg); }#dfd-rotate-box-69ddf7b936b94-8291 .dfd-rotate-box-item .thumb-wrap .thumb-wrap-back {background-image: url(https:\/\/sitowebsmart.com\/wp-content\/uploads\/2018\/02\/datatouch3-acquisizione-dati2.jpg); }<\/style>\");})(jQuery);<\/script><\/div><div class=\"dfd-spacer-module\"  data-units=\"px\" data-wide_resolution=\"1280\" data-wide_size=\"20\" data-normal_resolution=\"1024\" data-normal_size=\"20\" data-tablet_resolution=\"800\" data-tablet_size=\"20\" data-mobile_resolution=\"480\" data-mobile_size=\"20\" style=\"height: 20px;\"><\/div><div class=\"dfd-heading-shortcode\"><div class=\"dfd-heading-module-wrap  text-left style_01 dfd-heading-69ddf7b93782b dfd-disable-resposive-headings\" id=\"dfd-heading-69ddf7b93782b\" ><div class=\"inline-block\"><div class=\"dfd-heading-module\"><h2 class=\"widget-title dfd-title \" style=\"font-size: 26px; color: #565656 !important; line-height: 28px; \"><a style=\"color: #565656;\" href=\"https:\/\/sitowebsmart.com\/es\/analizador-de-datos-de-par-angulo-datatouch3\/\">DataTouch<sup style=\"font-size: 14px;\">3<\/sup><\/a><\/p>\n<p><\/h2><\/div><\/div><\/div><script type=\"text\/javascript\">\r\n\t\t\t\t\t\t\t\t\t(function($) {\r\n\t\t\t\t\t\t\t\t\t\t$(\"head\").append(\"<style>.dfd-heading-69ddf7b93782b .dfd-heading-module .widget-title {margin-bottom:4px;}.dfd-heading-69ddf7b93782b.dfd-heading-module-wrap .dfd-heading-module .dfd-heading-delimiter {margin-top:10px;margin-bottom:10px;}<\/style>\");\r\n\t\t\t\t\t\t\t\t\t})(jQuery);\r\n\t\t\t\t\t\t\t\t<\/script><\/div><div id=\"idinfobox69ddf7b937a23\" class=\"dfd-info-box clearfix style-01 layout-04  idinfobox69ddf7b937a23\" ><div class=\"dfd-animate-container\"><div class=\"content-wrap ovh\"><div class=\"wrap-delimiter\"><div class=\"delimiter\" style=\"width:100px;border-width:1px;border-color:#ea5d1c;border-bottom-style:solid\"><\/div><\/div><div class=\"description\" style=\"\">&#8211; Medici\u00f3n de par\/\u00e1ngulo para prueba de herramientas<br \/>\n&#8211; Conexi\u00f3n por cable o inal\u00e1mbrica para transductores externos<br \/>\n&#8211; Prueba de herramientas el\u00e9ctricas y llaves<br \/>\n&#8211; Pruebas de calidad en juntas ya apretadas<br \/>\n&#8211; Estad\u00edsticas de Cmk-Cm, Cp-Cpk<br \/>\n&#8211; Gr\u00e1ficos de control (SPC)<br \/>\n&#8211; C\u00f3digo de barras integrado<br \/>\n&#8211; Operaciones de apriete<\/div><\/div><a href=\"https:\/\/www.scsconcept.com\/es\/analizador-de-datos-de-par-angulo-datatouch3\/\"   class=\"full-box-link\"><\/a><\/div><\/div><div class=\"dfd-spacer-module\"  data-units=\"px\" data-wide_resolution=\"1280\" data-wide_size=\"20\" data-normal_resolution=\"1024\" data-normal_size=\"20\" data-tablet_resolution=\"800\" data-tablet_size=\"20\" data-mobile_resolution=\"480\" data-mobile_size=\"20\" style=\"height: 20px;\"><\/div>[\/vc_column_inner][vc_column_inner width=\u00bb1\/3&#8243;]<div id=\"dfd-rotate-box-69ddf7b937bdf-7203\" class=\"dfd-rotate-box-wrap  to-left\" ><div class=\"dfd-rotate-box-list\"><div class=\"dfd-item-offset rotate-box\"><div class=\"dfd-rotate-box-item to-left\"><div class=\"thumb-wrap\"><div class=\"thumb-wrap-front dfd-background-main\"><div class=\"content-wrap\"><div class=\"content-block dfd-rotate-content-v_center dfd-rotate-content-h_center \"><\/div><\/div><\/div><div class=\"thumb-wrap-back dfd-background-main\"><div class=\"content-wrap\"><\/div><\/div><\/div><a href=\"https:\/\/www.scsconcept.com\/es\/easytouch-analizador-de-datos-de-par-angulo\/\" class=\"full-box-link\" title=\"\"  rel=\"\"><\/a><\/div><\/div><\/div><script type=\"text\/javascript\">(function($) {$(\"head\").append(\"<style>#dfd-rotate-box-69ddf7b937bdf-7203 .dfd-rotate-box-item .thumb-wrap .thumb-wrap-front {background-image: url(https:\/\/sitowebsmart.com\/wp-content\/uploads\/2018\/02\/easytouch-acquisizione-dati-1.jpg); }#dfd-rotate-box-69ddf7b937bdf-7203 .dfd-rotate-box-item .thumb-wrap .thumb-wrap-back {background-image: url(https:\/\/sitowebsmart.com\/wp-content\/uploads\/2018\/02\/easytouch-acquisizione-dati2.jpg); }<\/style>\");})(jQuery);<\/script><\/div><div class=\"dfd-spacer-module\"  data-units=\"px\" data-wide_resolution=\"1280\" data-wide_size=\"20\" data-normal_resolution=\"1024\" data-normal_size=\"20\" data-tablet_resolution=\"800\" data-tablet_size=\"20\" data-mobile_resolution=\"480\" data-mobile_size=\"20\" style=\"height: 20px;\"><\/div><div id=\"idinfobox69ddf7b93887b\" class=\"dfd-info-box clearfix style-01 layout-04  idinfobox69ddf7b93887b\" ><div class=\"dfd-animate-container\"><div class=\"content-wrap ovh\"><h2 class=\"info-box-title \" style=\"font-size: 26px; line-height: 28px; \">EasyTouch<\/h2><div class=\"wrap-delimiter\"><div class=\"delimiter\" style=\"width:100px;border-width:1px;border-color:#ea5d1c;border-bottom-style:solid\"><\/div><\/div><div class=\"description\" style=\"\">&#8211; Analizador de datos a conectar a FWE (par \u00fanicamente) o transductores externos<br \/>\n&#8211; Detecci\u00f3n de par\/tiempo de breakaway<br \/>\n&#8211; Prueba de herramientas el\u00e9ctricas y llaves de par<\/div><\/div><a href=\"https:\/\/www.scsconcept.com\/es\/easytouch-analizador-de-datos-de-par-angulo\/\"   class=\"full-box-link\"><\/a><\/div><\/div><div class=\"dfd-spacer-module\"  data-units=\"px\" data-wide_resolution=\"1280\" data-wide_size=\"20\" data-normal_resolution=\"1024\" data-normal_size=\"20\" data-tablet_resolution=\"800\" data-tablet_size=\"20\" data-mobile_resolution=\"480\" data-mobile_size=\"20\" style=\"height: 20px;\"><\/div>[\/vc_column_inner][vc_column_inner width=\u00bb1\/3&#8243;]<div id=\"dfd-rotate-box-69ddf7b938a51-1134\" class=\"dfd-rotate-box-wrap  to-left\" ><div class=\"dfd-rotate-box-list\"><div class=\"dfd-item-offset rotate-box\"><div class=\"dfd-rotate-box-item to-left\"><div class=\"thumb-wrap\"><div class=\"thumb-wrap-front dfd-background-main\"><div class=\"content-wrap\"><div class=\"content-block dfd-rotate-content-v_center dfd-rotate-content-h_center \"><\/div><\/div><\/div><div class=\"thumb-wrap-back dfd-background-main\"><div class=\"content-wrap\"><\/div><\/div><\/div><a href=\"https:\/\/www.scsconcept.com\/es\/analizador-multicanal-par-y-angulo\/\" class=\"full-box-link\" title=\"\"  rel=\"\"><\/a><\/div><\/div><\/div><script type=\"text\/javascript\">(function($) {$(\"head\").append(\"<style>#dfd-rotate-box-69ddf7b938a51-1134 .dfd-rotate-box-item .thumb-wrap .thumb-wrap-front {background-image: url(https:\/\/sitowebsmart.com\/wp-content\/uploads\/2018\/02\/MTC-P-acquisizione-dati.jpg); }#dfd-rotate-box-69ddf7b938a51-1134 .dfd-rotate-box-item .thumb-wrap .thumb-wrap-back {background-image: url(https:\/\/sitowebsmart.com\/wp-content\/uploads\/2018\/02\/MTC-P-acquisizione-dati2.jpg); }<\/style>\");})(jQuery);<\/script><\/div><div class=\"dfd-spacer-module\"  data-units=\"px\" data-wide_resolution=\"1280\" data-wide_size=\"20\" data-normal_resolution=\"1024\" data-normal_size=\"20\" data-tablet_resolution=\"800\" data-tablet_size=\"20\" data-mobile_resolution=\"480\" data-mobile_size=\"20\" style=\"height: 20px;\"><\/div><div id=\"idinfobox69ddf7b939792\" class=\"dfd-info-box clearfix style-01 layout-04  idinfobox69ddf7b939792\" ><div class=\"dfd-animate-container\"><div class=\"content-wrap ovh\"><h2 class=\"info-box-title \" style=\"font-size: 26px; line-height: 28px; \">MTC-P<\/h2><div class=\"wrap-delimiter\"><div class=\"delimiter\" style=\"width:100px;border-width:1px;border-color:#ea5d1c;border-bottom-style:solid\"><\/div><\/div><div class=\"description\" style=\"\">&#8211; Analizador multicanal par y \u00e1ngulo<br \/>\n&#8211; Conexi\u00f3n con autoreconocimiento con los transductores par y \u00e1ngulo de SCS<br \/>\n&#8211; Conexi\u00f3n con otras marcas de transductores (mV\/V) y transductores amplificados (V)<br \/>\n&#8211; Pruebas de herramientas Multi-husillos.<br \/>\n&#8211; PC con software Data.Pro para gesti\u00f3n de pruebas, resultados y estad\u00edsticas<\/div><\/div><a href=\"https:\/\/www.scsconcept.com\/es\/analizador-multicanal-par-y-angulo\/\"   class=\"full-box-link\"><\/a><\/div><\/div><div class=\"dfd-spacer-module\"  data-units=\"px\" data-wide_resolution=\"1280\" data-wide_size=\"20\" data-normal_resolution=\"1024\" data-normal_size=\"20\" data-tablet_resolution=\"800\" data-tablet_size=\"20\" data-mobile_resolution=\"480\" data-mobile_size=\"20\" style=\"height: 20px;\"><\/div>[\/vc_column_inner][\/vc_row_inner]<div class=\"dfd-spacer-module\"  data-units=\"px\" data-wide_resolution=\"1280\" data-wide_size=\"95\" data-normal_resolution=\"1024\" data-normal_size=\"95\" data-tablet_resolution=\"800\" data-tablet_size=\"90\" data-mobile_resolution=\"480\" data-mobile_size=\"80\" style=\"height: 95px;\"><\/div><div class=\"dfd-heading-shortcode\"><div class=\"dfd-heading-module-wrap  text-left style_01 dfd-heading-69ddf7b939927 dfd-disable-resposive-headings\" id=\"dfd-heading-69ddf7b939927\" ><div class=\"inline-block\"><div class=\"dfd-heading-module\"><h2 class=\"widget-title dfd-title \" style=\"font-size: 35px; \">Analizadores de Datos de Par\/\u00c1ngulo<\/h2><div class=\"dfd-heading-delimiter dfd-img-lazy-load\"><\/div><\/div><\/div><\/div><script type=\"text\/javascript\">\r\n\t\t\t\t\t\t\t\t\t(function($) {\r\n\t\t\t\t\t\t\t\t\t\t$(\"head\").append(\"<style>.dfd-heading-69ddf7b939927.dfd-heading-module-wrap .dfd-heading-module .dfd-heading-delimiter {border-bottom-style:solid;border-bottom-width:1px;width:140px;border-bottom-color:#ea5d1c;}.dfd-heading-69ddf7b939927.dfd-heading-module-wrap .dfd-heading-module .dfd-heading-delimiter {margin-top:10px;margin-bottom:10px;}<\/style>\");\r\n\t\t\t\t\t\t\t\t\t})(jQuery);\r\n\t\t\t\t\t\t\t\t<\/script><\/div>[vc_column_text]Incorpora pruebas de control de calidad en juntas ya apretadas (medici\u00f3n de par residual).<\/p>\n<p>Se pueden conectar a todos transductores de par y par\/\u00e1ngulo de SCS Concept. Gestionan campa\u00f1as de control de ruta, recibiendo y transfiriendo programas de prueba con software de gesti\u00f3n y base de datos.[\/vc_column_text]<div class=\"dfd-spacer-module\"  data-units=\"px\" data-wide_resolution=\"1280\" data-wide_size=\"80\" data-normal_resolution=\"1024\" data-normal_size=\"80\" data-tablet_resolution=\"800\" data-tablet_size=\"80\" data-mobile_resolution=\"480\" data-mobile_size=\"80\" style=\"height: 80px;\"><\/div>[\/vc_column][\/vc_row]<\/p>\n<\/div>","protected":false},"excerpt":{"rendered":"<p>[vc_row dfd_bg_style=\u00bbimage\u00bb dfd_bg_image_new=\u00bb240&#8243; dfd_overlay_color=\u00bb#ffffff\u00bb dfd_overlay_pattern=\u00bbtransperant\u00bb dfd_overlay_pattern_opacity=\u00bb85&#8243; dfd_row_config=\u00bbfull_width_content_paddings\u00bb dfd_row_responsive_enable=\u00bbdfd-row-responsive-enable\u00bb css=\u00bb.vc_custom_1652454053215{padding-right: 10% !important;padding-left: 10% !important;}\u00bb responsive_styles=\u00bbpadding_left_desktop:20|padding_right_desktop:20|padding_left_tablet:20|padding_right_tablet:20|padding_left_mobile:10|padding_right_mobile:10&#8243;][vc_column dfd_column_responsive_enable=\u00bbdfd-column-responsive-enable\u00bb responsive_styles=\u00bbpadding_left_mobile:10|padding_right_mobile:10&#8243;][vc_row_inner][vc_column_inner dfd_column_responsive_enable=\u00bbdfd-column-responsive-enable\u00bb css=\u00bb.vc_custom_1518631422674{padding-right: 10% !important;padding-left: 10% !important;}\u00bb responsive_styles=\u00bbpadding_left_desktop:80|padding_right_desktop:80|padding_left_tablet:10|padding_right_tablet:10|padding_left_mobile:10|padding_right_mobile:10&#8243;][\/vc_column_inner][\/vc_row_inner][vc_row_inner][vc_column_inner width=\u00bb1\/3&#8243;][\/vc_column_inner][vc_column_inner width=\u00bb1\/3&#8243;][\/vc_column_inner][vc_column_inner width=\u00bb1\/3&#8243;][\/vc_column_inner][\/vc_row_inner][vc_column_text]Incorpora pruebas de control de<\/p>\n","protected":false},"author":5,"featured_media":0,"parent":0,"menu_order":0,"comment_status":"closed","ping_status":"closed","template":"page-custom.php","meta":{"_acf_changed":false,"footnotes":""},"class_list":["post-8843","page","type-page","status-publish","hentry"],"acf":[],"yoast_head":"<!-- This site is optimized with the Yoast SEO plugin v26.9 - https:\/\/yoast.com\/product\/yoast-seo-wordpress\/ -->\n<title>Analizadores de datos - SCS Concept<\/title>\n<meta name=\"robots\" content=\"index, follow, max-snippet:-1, max-image-preview:large, max-video-preview:-1\" \/>\n<link rel=\"canonical\" href=\"https:\/\/sitowebsmart.com\/es\/analizadores-de-datos\/\" \/>\n<meta property=\"og:locale\" content=\"es_ES\" \/>\n<meta property=\"og:type\" content=\"article\" \/>\n<meta property=\"og:title\" content=\"Analizadores de datos - SCS Concept\" \/>\n<meta property=\"og:description\" content=\"[vc_row dfd_bg_style=\u00bbimage\u00bb dfd_bg_image_new=\u00bb240&#8243; dfd_overlay_color=\u00bb#ffffff\u00bb dfd_overlay_pattern=\u00bbtransperant\u00bb dfd_overlay_pattern_opacity=\u00bb85&#8243; dfd_row_config=\u00bbfull_width_content_paddings\u00bb dfd_row_responsive_enable=\u00bbdfd-row-responsive-enable\u00bb css=\u00bb.vc_custom_1652454053215{padding-right: 10% !important;padding-left: 10% !important;}\u00bb responsive_styles=\u00bbpadding_left_desktop:20|padding_right_desktop:20|padding_left_tablet:20|padding_right_tablet:20|padding_left_mobile:10|padding_right_mobile:10&#8243;][vc_column dfd_column_responsive_enable=\u00bbdfd-column-responsive-enable\u00bb responsive_styles=\u00bbpadding_left_mobile:10|padding_right_mobile:10&#8243;][vc_row_inner][vc_column_inner dfd_column_responsive_enable=\u00bbdfd-column-responsive-enable\u00bb css=\u00bb.vc_custom_1518631422674{padding-right: 10% !important;padding-left: 10% !important;}\u00bb responsive_styles=\u00bbpadding_left_desktop:80|padding_right_desktop:80|padding_left_tablet:10|padding_right_tablet:10|padding_left_mobile:10|padding_right_mobile:10&#8243;][\/vc_column_inner][\/vc_row_inner][vc_row_inner][vc_column_inner width=\u00bb1\/3&#8243;][\/vc_column_inner][vc_column_inner width=\u00bb1\/3&#8243;][\/vc_column_inner][vc_column_inner width=\u00bb1\/3&#8243;][\/vc_column_inner][\/vc_row_inner][vc_column_text]Incorpora pruebas de control de\" \/>\n<meta property=\"og:url\" content=\"https:\/\/sitowebsmart.com\/es\/analizadores-de-datos\/\" \/>\n<meta property=\"og:site_name\" content=\"SCS Concept\" \/>\n<meta property=\"article:modified_time\" content=\"2022-05-13T15:00:57+00:00\" \/>\n<meta name=\"twitter:card\" content=\"summary_large_image\" \/>\n<meta name=\"twitter:label1\" content=\"Tiempo de lectura\" \/>\n\t<meta name=\"twitter:data1\" content=\"6 minutos\" \/>\n<script type=\"application\/ld+json\" class=\"yoast-schema-graph\">{\"@context\":\"https:\/\/schema.org\",\"@graph\":[{\"@type\":\"WebPage\",\"@id\":\"https:\/\/sitowebsmart.com\/es\/analizadores-de-datos\/\",\"url\":\"https:\/\/sitowebsmart.com\/es\/analizadores-de-datos\/\",\"name\":\"Analizadores de datos - SCS Concept\",\"isPartOf\":{\"@id\":\"https:\/\/sitowebsmart.com\/#website\"},\"datePublished\":\"2018-02-28T18:52:54+00:00\",\"dateModified\":\"2022-05-13T15:00:57+00:00\",\"breadcrumb\":{\"@id\":\"https:\/\/sitowebsmart.com\/es\/analizadores-de-datos\/#breadcrumb\"},\"inLanguage\":\"es\",\"potentialAction\":[{\"@type\":\"ReadAction\",\"target\":[\"https:\/\/sitowebsmart.com\/es\/analizadores-de-datos\/\"]}]},{\"@type\":\"BreadcrumbList\",\"@id\":\"https:\/\/sitowebsmart.com\/es\/analizadores-de-datos\/#breadcrumb\",\"itemListElement\":[{\"@type\":\"ListItem\",\"position\":1,\"name\":\"Home\",\"item\":\"https:\/\/sitowebsmart.com\/es\/\"},{\"@type\":\"ListItem\",\"position\":2,\"name\":\"Analizadores de datos\"}]},{\"@type\":\"WebSite\",\"@id\":\"https:\/\/sitowebsmart.com\/#website\",\"url\":\"https:\/\/sitowebsmart.com\/\",\"name\":\"SCS Concept\",\"description\":\"Soluzioni Avanzate per il serraggio e controllo qualit\u00e0\",\"publisher\":{\"@id\":\"https:\/\/sitowebsmart.com\/#organization\"},\"potentialAction\":[{\"@type\":\"SearchAction\",\"target\":{\"@type\":\"EntryPoint\",\"urlTemplate\":\"https:\/\/sitowebsmart.com\/?s={search_term_string}\"},\"query-input\":{\"@type\":\"PropertyValueSpecification\",\"valueRequired\":true,\"valueName\":\"search_term_string\"}}],\"inLanguage\":\"es\"},{\"@type\":\"Organization\",\"@id\":\"https:\/\/sitowebsmart.com\/#organization\",\"name\":\"SCS Concept\",\"url\":\"https:\/\/sitowebsmart.com\/\",\"logo\":{\"@type\":\"ImageObject\",\"inLanguage\":\"es\",\"@id\":\"https:\/\/sitowebsmart.com\/#\/schema\/logo\/image\/\",\"url\":\"https:\/\/sitowebsmart.com\/wp-content\/uploads\/2018\/01\/scs-concept-group-200.png\",\"contentUrl\":\"https:\/\/sitowebsmart.com\/wp-content\/uploads\/2018\/01\/scs-concept-group-200.png\",\"width\":200,\"height\":200,\"caption\":\"SCS Concept\"},\"image\":{\"@id\":\"https:\/\/sitowebsmart.com\/#\/schema\/logo\/image\/\"}}]}<\/script>\n<!-- \/ Yoast SEO plugin. -->","yoast_head_json":{"title":"Analizadores de datos - SCS Concept","robots":{"index":"index","follow":"follow","max-snippet":"max-snippet:-1","max-image-preview":"max-image-preview:large","max-video-preview":"max-video-preview:-1"},"canonical":"https:\/\/sitowebsmart.com\/es\/analizadores-de-datos\/","og_locale":"es_ES","og_type":"article","og_title":"Analizadores de datos - SCS Concept","og_description":"[vc_row dfd_bg_style=\u00bbimage\u00bb dfd_bg_image_new=\u00bb240&#8243; dfd_overlay_color=\u00bb#ffffff\u00bb dfd_overlay_pattern=\u00bbtransperant\u00bb dfd_overlay_pattern_opacity=\u00bb85&#8243; dfd_row_config=\u00bbfull_width_content_paddings\u00bb dfd_row_responsive_enable=\u00bbdfd-row-responsive-enable\u00bb css=\u00bb.vc_custom_1652454053215{padding-right: 10% !important;padding-left: 10% !important;}\u00bb responsive_styles=\u00bbpadding_left_desktop:20|padding_right_desktop:20|padding_left_tablet:20|padding_right_tablet:20|padding_left_mobile:10|padding_right_mobile:10&#8243;][vc_column dfd_column_responsive_enable=\u00bbdfd-column-responsive-enable\u00bb responsive_styles=\u00bbpadding_left_mobile:10|padding_right_mobile:10&#8243;][vc_row_inner][vc_column_inner dfd_column_responsive_enable=\u00bbdfd-column-responsive-enable\u00bb css=\u00bb.vc_custom_1518631422674{padding-right: 10% !important;padding-left: 10% !important;}\u00bb responsive_styles=\u00bbpadding_left_desktop:80|padding_right_desktop:80|padding_left_tablet:10|padding_right_tablet:10|padding_left_mobile:10|padding_right_mobile:10&#8243;][\/vc_column_inner][\/vc_row_inner][vc_row_inner][vc_column_inner width=\u00bb1\/3&#8243;][\/vc_column_inner][vc_column_inner width=\u00bb1\/3&#8243;][\/vc_column_inner][vc_column_inner width=\u00bb1\/3&#8243;][\/vc_column_inner][\/vc_row_inner][vc_column_text]Incorpora pruebas de control de","og_url":"https:\/\/sitowebsmart.com\/es\/analizadores-de-datos\/","og_site_name":"SCS Concept","article_modified_time":"2022-05-13T15:00:57+00:00","twitter_card":"summary_large_image","twitter_misc":{"Tiempo de lectura":"6 minutos"},"schema":{"@context":"https:\/\/schema.org","@graph":[{"@type":"WebPage","@id":"https:\/\/sitowebsmart.com\/es\/analizadores-de-datos\/","url":"https:\/\/sitowebsmart.com\/es\/analizadores-de-datos\/","name":"Analizadores de datos - SCS Concept","isPartOf":{"@id":"https:\/\/sitowebsmart.com\/#website"},"datePublished":"2018-02-28T18:52:54+00:00","dateModified":"2022-05-13T15:00:57+00:00","breadcrumb":{"@id":"https:\/\/sitowebsmart.com\/es\/analizadores-de-datos\/#breadcrumb"},"inLanguage":"es","potentialAction":[{"@type":"ReadAction","target":["https:\/\/sitowebsmart.com\/es\/analizadores-de-datos\/"]}]},{"@type":"BreadcrumbList","@id":"https:\/\/sitowebsmart.com\/es\/analizadores-de-datos\/#breadcrumb","itemListElement":[{"@type":"ListItem","position":1,"name":"Home","item":"https:\/\/sitowebsmart.com\/es\/"},{"@type":"ListItem","position":2,"name":"Analizadores de datos"}]},{"@type":"WebSite","@id":"https:\/\/sitowebsmart.com\/#website","url":"https:\/\/sitowebsmart.com\/","name":"SCS Concept","description":"Soluzioni Avanzate per il serraggio e controllo qualit\u00e0","publisher":{"@id":"https:\/\/sitowebsmart.com\/#organization"},"potentialAction":[{"@type":"SearchAction","target":{"@type":"EntryPoint","urlTemplate":"https:\/\/sitowebsmart.com\/?s={search_term_string}"},"query-input":{"@type":"PropertyValueSpecification","valueRequired":true,"valueName":"search_term_string"}}],"inLanguage":"es"},{"@type":"Organization","@id":"https:\/\/sitowebsmart.com\/#organization","name":"SCS Concept","url":"https:\/\/sitowebsmart.com\/","logo":{"@type":"ImageObject","inLanguage":"es","@id":"https:\/\/sitowebsmart.com\/#\/schema\/logo\/image\/","url":"https:\/\/sitowebsmart.com\/wp-content\/uploads\/2018\/01\/scs-concept-group-200.png","contentUrl":"https:\/\/sitowebsmart.com\/wp-content\/uploads\/2018\/01\/scs-concept-group-200.png","width":200,"height":200,"caption":"SCS Concept"},"image":{"@id":"https:\/\/sitowebsmart.com\/#\/schema\/logo\/image\/"}}]}},"_links":{"self":[{"href":"https:\/\/sitowebsmart.com\/es\/wp-json\/wp\/v2\/pages\/8843","targetHints":{"allow":["GET"]}}],"collection":[{"href":"https:\/\/sitowebsmart.com\/es\/wp-json\/wp\/v2\/pages"}],"about":[{"href":"https:\/\/sitowebsmart.com\/es\/wp-json\/wp\/v2\/types\/page"}],"author":[{"embeddable":true,"href":"https:\/\/sitowebsmart.com\/es\/wp-json\/wp\/v2\/users\/5"}],"replies":[{"embeddable":true,"href":"https:\/\/sitowebsmart.com\/es\/wp-json\/wp\/v2\/comments?post=8843"}],"version-history":[{"count":6,"href":"https:\/\/sitowebsmart.com\/es\/wp-json\/wp\/v2\/pages\/8843\/revisions"}],"predecessor-version":[{"id":25393,"href":"https:\/\/sitowebsmart.com\/es\/wp-json\/wp\/v2\/pages\/8843\/revisions\/25393"}],"wp:attachment":[{"href":"https:\/\/sitowebsmart.com\/es\/wp-json\/wp\/v2\/media?parent=8843"}],"curies":[{"name":"wp","href":"https:\/\/api.w.org\/{rel}","templated":true}]}}