{"id":8904,"date":"2018-03-01T16:45:17","date_gmt":"2018-03-01T16:45:17","guid":{"rendered":"https:\/\/www.scsconcept.com\/?page_id=8904"},"modified":"2023-05-22T07:54:27","modified_gmt":"2023-05-22T07:54:27","slug":"laboratorio-movil-de-certificacion-de-par-angulo","status":"publish","type":"page","link":"https:\/\/sitowebsmart.com\/es\/laboratorio-movil-de-certificacion-de-par-angulo\/","title":{"rendered":"Laboratorio m\u00f3vil de certificaci\u00f3n de par-\u00e1ngulo"},"content":{"rendered":"<div class=\"wpb-content-wrapper\"><p>[vc_row dfd_bg_style=\u00bbimage\u00bb dfd_parallax_style=\u00bbdfd_vertical_parallax\u00bb dfd_bg_image_new=\u00bb5834&#8243; dfd_overlay_color=\u00bb#ffffff\u00bb dfd_overlay_pattern=\u00bbtransperant\u00bb dfd_row_config=\u00bbfull_width_content\u00bb dfd_row_responsive_enable=\u00bbdfd-row-responsive-enable\u00bb css=\u00bb.vc_custom_1517578057096{padding-right: 5% !important;padding-left: 5% !important;}\u00bb responsive_styles=\u00bbpadding_left_desktop:20|padding_right_desktop:20|padding_left_tablet:20|padding_right_tablet:20|padding_left_mobile:10|padding_right_mobile:10&#8243;][vc_column dfd_column_responsive_enable=\u00bbdfd-column-responsive-enable\u00bb responsive_styles=\u00bbpadding_left_mobile:10|padding_right_mobile:10&#8243;][vc_row_inner][vc_column_inner dfd_column_responsive_enable=\u00bbdfd-column-responsive-enable\u00bb css=\u00bb.vc_custom_1503581599802{padding-right: 20% !important;padding-left: 20% !important;}\u00bb responsive_styles=\u00bbpadding_left_desktop:80|padding_right_desktop:80|padding_left_tablet:10|padding_right_tablet:10|padding_left_mobile:10|padding_right_mobile:10&#8243;]<div class=\"dfd-spacer-module\"  data-units=\"px\" data-wide_resolution=\"1280\" data-wide_size=\"100\" data-normal_resolution=\"1024\" data-normal_size=\"60\" data-tablet_resolution=\"800\" data-tablet_size=\"40\" data-mobile_resolution=\"480\" data-mobile_size=\"40\" style=\"height: 100px;\"><\/div><div class=\"dfd-heading-shortcode\"><div class=\"dfd-heading-module-wrap  text-center style_01 cr-animate-gen dfd-heading-69e34229cd223 dfd-disable-resposive-headings\" id=\"dfd-heading-69e34229cd223\" data-animate-type = \"transition.expandIn\" ><div class=\"inline-block\"><div class=\"dfd-heading-module\"><h1 class=\"widget-title dfd-title \" style=\"\">Laboratorio M\u00f3vil de Certificaci\u00f3n de Par\/\u00c1ngulo<\/h1><div class=\"dfd-heading-delimiter dfd-img-lazy-load\"><\/div><\/div><\/div><\/div><script type=\"text\/javascript\">\r\n\t\t\t\t\t\t\t\t\t(function($) {\r\n\t\t\t\t\t\t\t\t\t\t$(\"head\").append(\"<style>.dfd-heading-69e34229cd223.dfd-heading-module-wrap .dfd-heading-module .dfd-heading-delimiter {border-bottom-style:solid;border-bottom-width:1px;width:140px;border-bottom-color:#ea5d1c;}.dfd-heading-69e34229cd223 .dfd-heading-module .widget-title {margin-top:20px;margin-bottom:35px;}.dfd-heading-69e34229cd223.dfd-heading-module-wrap .dfd-heading-module .dfd-heading-delimiter {margin-top:10px;margin-bottom:10px;}<\/style>\");\r\n\t\t\t\t\t\t\t\t\t})(jQuery);\r\n\t\t\t\t\t\t\t\t<\/script><\/div><div class=\"dfd-spacer-module\"  data-units=\"px\" data-wide_resolution=\"1280\" data-wide_size=\"30\" data-normal_resolution=\"1024\" data-normal_size=\"30\" data-tablet_resolution=\"800\" data-tablet_size=\"30\" data-mobile_resolution=\"480\" data-mobile_size=\"30\" style=\"height: 30px;\"><\/div>[\/vc_column_inner][\/vc_row_inner][vc_row_inner][vc_column_inner width=\u00bb1\/2&#8243;]<div class=\"dfd-spacer-module\"  data-units=\"px\" data-wide_resolution=\"1280\" data-wide_size=\"80\" data-normal_resolution=\"1024\" data-normal_size=\"40\" data-tablet_resolution=\"800\" data-tablet_size=\"40\" data-mobile_resolution=\"480\" data-mobile_size=\"20\" style=\"height: 80px;\"><\/div><div class=\"dfd-heading-shortcode\"><div class=\"dfd-heading-module-wrap  text-left style_01 dfd-heading-69e34229cd502 dfd-disable-resposive-headings\" id=\"dfd-heading-69e34229cd502\" ><div class=\"inline-block\"><div class=\"dfd-heading-module\"><h2 class=\"widget-title dfd-title \" style=\"font-size: 35px; color: #565656 !important; line-height: 30px; \">Nuevo Laboratorio M\u00f3vil Acreditado<\/h2><div class=\"dfd-heading-delimiter dfd-img-lazy-load\"><\/div><\/div><\/div><\/div><script type=\"text\/javascript\">\r\n\t\t\t\t\t\t\t\t\t(function($) {\r\n\t\t\t\t\t\t\t\t\t\t$(\"head\").append(\"<style>.dfd-heading-69e34229cd502.dfd-heading-module-wrap .dfd-heading-module .dfd-heading-delimiter {border-bottom-style:solid;border-bottom-width:1px;width:200px;border-bottom-color:#ea5d1c;}.dfd-heading-69e34229cd502 .dfd-heading-module .widget-title {margin-bottom:20px;}.dfd-heading-69e34229cd502.dfd-heading-module-wrap .dfd-heading-module .dfd-heading-delimiter {margin-top:10px;margin-bottom:10px;}@media only screen and (max-width: 799px) {.dfd-heading-69e34229cd502 {text-align: center;}}<\/style>\");\r\n\t\t\t\t\t\t\t\t\t})(jQuery);\r\n\t\t\t\t\t\t\t\t<\/script><\/div>[vc_column_text css=\u00bb.vc_custom_1519924539349{padding-bottom: 8px !important;}\u00bb]Como parte del desarrollo de instrumentos de medici\u00f3n, podemos ofrecer el primer laboratorio m\u00f3vil de metrolog\u00eda acreditado en el mundo.[\/vc_column_text][vc_column_text css=\u00bb.vc_custom_1519924563059{padding-bottom: 8px !important;}\u00bb]SCS Concept empez\u00f3 una cooperaci\u00f3n con la empresa alemana Q-Direct GmbH &amp; Co. KG, que ha realizado una serie de laboratorios m\u00f3viles acreditados DAkkS seg\u00fan la norma DIN EN ISO \/ IEC 17025:2005 para las magnitudes de par y \u00e1ngulo. Uno de estos laboratorios m\u00f3viles est\u00e1 ubicado en SCS Ltd Concept.[\/vc_column_text][vc_column_text css=\u00bb.vc_custom_1519924590667{padding-bottom: 8px !important;}\u00bb]El concepto de un laboratorio m\u00f3vil fue creado para permitir al cliente eliminar el tiempo de inmovilizaci\u00f3n de los instrumentos y los costes de gesti\u00f3n burocr\u00e1tica que giran alrededor de la certificaci\u00f3n.[\/vc_column_text][vc_column_text]Incluso la eliminaci\u00f3n de env\u00edo y envasado llevar\u00e1 a ahorros considerables.<br \/>\nPor supuesto que tambi\u00e9n se pueden enviar las herramientas a nuestro laboratorio.<br \/>\nNuestra movilidad le har\u00e1 ahorrar tiempo y dinero.[\/vc_column_text]<div class=\"dfd-spacer-module\"  data-units=\"px\" data-wide_resolution=\"1280\" data-wide_size=\"20\" data-normal_resolution=\"1024\" data-normal_size=\"20\" data-tablet_resolution=\"800\" data-tablet_size=\"20\" data-mobile_resolution=\"480\" data-mobile_size=\"20\" style=\"height: 20px;\"><\/div>[\/vc_column_inner][vc_column_inner width=\u00bb1\/2&#8243;]<div class=\"dfd-spacer-module\"  data-units=\"px\" data-wide_resolution=\"1280\" data-wide_size=\"20\" data-normal_resolution=\"1024\" data-normal_size=\"20\" data-tablet_resolution=\"800\" data-tablet_size=\"20\" data-mobile_resolution=\"480\" data-mobile_size=\"20\" style=\"height: 20px;\"><\/div><div id=\"dfd-single-image-module69e34229ce0bc-1644\" class=\"dfd-single-image-module  image-center  cr-animate-gen dfd-img-lazy-load\" data-animate-type = \"transition.fadeIn\" ><img  title=\"Laboratorio m\u00f3vil de certificaci\u00f3n de par-\u00e1ngulo\" fetchpriority=\"high\" decoding=\"async\" src=\"data:image\/svg+xml;charset=utf-8,%3Csvg xmlns%3D'http%3A%2F%2Fwww.w3.org%2F2000%2Fsvg' viewBox%3D'0 0 1920 1080'%2F%3E\" data-src=\"https:\/\/sitowebsmart.com\/wp-content\/uploads\/2018\/02\/laboratorio-accreditato-taratura.png\" width=\"1920\" height=\"1080\"   alt=\"Laboratorio m\u00f3vil de certificaci\u00f3n de par-\u00e1ngulo\"  \/><\/div><div class=\"dfd-spacer-module\"  data-units=\"px\" data-wide_resolution=\"1280\" data-wide_size=\"20\" data-normal_resolution=\"1024\" data-normal_size=\"20\" data-tablet_resolution=\"800\" data-tablet_size=\"20\" data-mobile_resolution=\"480\" data-mobile_size=\"20\" style=\"height: 20px;\"><\/div>[\/vc_column_inner][\/vc_row_inner]<div class=\"dfd-spacer-module\"  data-units=\"px\" data-wide_resolution=\"1280\" data-wide_size=\"80\" data-normal_resolution=\"1024\" data-normal_size=\"40\" data-tablet_resolution=\"800\" data-tablet_size=\"40\" data-mobile_resolution=\"480\" data-mobile_size=\"20\" style=\"height: 80px;\"><\/div>[\/vc_column][\/vc_row][vc_row dfd_overlay_color=\u00bb#ffffff\u00bb dfd_overlay_pattern=\u00bbtransperant\u00bb dfd_overlay_pattern_opacity=\u00bb85&#8243; dfd_row_config=\u00bbfull_width_content_paddings\u00bb dfd_row_responsive_enable=\u00bbdfd-row-responsive-enable\u00bb css=\u00bb.vc_custom_1630682306214{padding-right: 8% !important;padding-left: 8% !important;background-color: #ffffff !important;}\u00bb responsive_styles=\u00bbpadding_left_desktop:20|padding_right_desktop:20|padding_left_tablet:20|padding_right_tablet:20|padding_left_mobile:10|padding_right_mobile:10&#8243;][vc_column][vc_row_inner][vc_column_inner css=\u00bb.vc_custom_1517234278202{padding-right: 3% !important;padding-left: 3% !important;}\u00bb]<div class=\"dfd-spacer-module\"  data-units=\"px\" data-wide_resolution=\"1280\" data-wide_size=\"80\" data-normal_resolution=\"1024\" data-normal_size=\"80\" data-tablet_resolution=\"800\" data-tablet_size=\"80\" data-mobile_resolution=\"480\" data-mobile_size=\"80\" style=\"height: 80px;\"><\/div><div class=\"dfd-heading-shortcode\"><div class=\"dfd-heading-module-wrap  text-left style_01 dfd-heading-69e34229ce5c4 dfd-disable-resposive-headings\" id=\"dfd-heading-69e34229ce5c4\" ><div class=\"inline-block\"><div class=\"dfd-heading-module\"><h2 class=\"widget-title dfd-title \" style=\"font-size: 35px; \">Nuestros Servicios de Calibraci\u00f3n<br \/>\n<\/h2><div class=\"dfd-heading-delimiter dfd-img-lazy-load\"><\/div><\/div><\/div><\/div><script type=\"text\/javascript\">\r\n\t\t\t\t\t\t\t\t\t(function($) {\r\n\t\t\t\t\t\t\t\t\t\t$(\"head\").append(\"<style>.dfd-heading-69e34229ce5c4.dfd-heading-module-wrap .dfd-heading-module .dfd-heading-delimiter {border-bottom-style:solid;border-bottom-width:1px;width:140px;border-bottom-color:#ea5d1c;}.dfd-heading-69e34229ce5c4.dfd-heading-module-wrap .dfd-heading-module .dfd-heading-delimiter {margin-top:10px;margin-bottom:10px;}<\/style>\");\r\n\t\t\t\t\t\t\t\t\t})(jQuery);\r\n\t\t\t\t\t\t\t\t<\/script><\/div>[\/vc_column_inner][\/vc_row_inner][vc_row_inner][vc_column_inner width=\u00bb1\/2&#8243; css=\u00bb.vc_custom_1517234260579{padding-right: 3% !important;padding-left: 3% !important;}\u00bb]<div class=\"dfd-spacer-module\"  data-units=\"px\" data-wide_resolution=\"1280\" data-wide_size=\"20\" data-normal_resolution=\"1024\" data-normal_size=\"20\" data-tablet_resolution=\"800\" data-tablet_size=\"20\" data-mobile_resolution=\"480\" data-mobile_size=\"20\" style=\"height: 20px;\"><\/div>[vc_column_text]<strong>Calibraci\u00f3n de par:<\/strong><\/p>\n<ul>\n<li>0,1 \u2013 5 000 N\u00b7m<\/li>\n<\/ul>\n<p>[\/vc_column_text]<div class=\"dfd-spacer-module\"  data-units=\"px\" data-wide_resolution=\"1280\" data-wide_size=\"20\" data-normal_resolution=\"1024\" data-normal_size=\"20\" data-tablet_resolution=\"800\" data-tablet_size=\"20\" data-mobile_resolution=\"480\" data-mobile_size=\"20\" style=\"height: 20px;\"><\/div>[vc_column_text]<strong>Qu\u00e9 instrumentos podemos calibrar:<\/strong><\/p>\n<ul>\n<li>Bancos de pruebas y sistemas para aprieta-tuercas<\/li>\n<li>Bancos de pruebas y sistemas para llaves de par<\/li>\n<li>Llaves digitales de par<\/li>\n<li>Transductores de par, est\u00e1ticos y din\u00e1micos<\/li>\n<li>Llaves de par mec\u00e1nicas<\/li>\n<\/ul>\n<p>[\/vc_column_text]<div class=\"dfd-spacer-module\"  data-units=\"px\" data-wide_resolution=\"1280\" data-wide_size=\"20\" data-normal_resolution=\"1024\" data-normal_size=\"20\" data-tablet_resolution=\"800\" data-tablet_size=\"20\" data-mobile_resolution=\"480\" data-mobile_size=\"20\" style=\"height: 20px;\"><\/div>[vc_column_text]<strong>Seg\u00fan qu\u00e9 procedimientos:<\/strong><\/p>\n<ul>\n<li>DIN 51309 :2022-08<\/li>\n<li>DKD-R 3-7 :2018-09<\/li>\n<li>DKD-R 3-8 :2020-02<\/li>\n<li>Prueba de capacidad de m\u00e1quina y procedimiento interno acreditado seg\u00fan la norma ISO 6789: 2003-10<\/li>\n<\/ul>\n<p>[\/vc_column_text]<div class=\"dfd-spacer-module\"  data-units=\"px\" data-wide_resolution=\"1280\" data-wide_size=\"80\" data-normal_resolution=\"1024\" data-normal_size=\"80\" data-tablet_resolution=\"800\" data-tablet_size=\"30\" data-mobile_resolution=\"480\" data-mobile_size=\"30\" style=\"height: 80px;\"><\/div>[\/vc_column_inner][vc_column_inner width=\u00bb1\/2&#8243; css=\u00bb.vc_custom_1517234265907{padding-right: 3% !important;padding-left: 3% !important;}\u00bb]<div class=\"dfd-spacer-module\"  data-units=\"px\" data-wide_resolution=\"1280\" data-wide_size=\"20\" data-normal_resolution=\"1024\" data-normal_size=\"20\" data-tablet_resolution=\"800\" data-tablet_size=\"20\" data-mobile_resolution=\"480\" data-mobile_size=\"20\" style=\"height: 20px;\"><\/div>[vc_column_text]<strong>Calibraci\u00f3n de \u00e1ngulo, qu\u00e9 instrumentos podemos calibrar:<\/strong><\/p>\n<ul>\n<li>Bancos de pruebas y sistemas para aprieta-tuercas con simulaci\u00f3n de \u00e1ngulo<\/li>\n<li>Llaves de Par y \u00c1ngulo<\/li>\n<li>Transductores rotatorios de Par y \u00c1ngulo<\/li>\n<\/ul>\n<p>[\/vc_column_text]<div class=\"dfd-spacer-module\"  data-units=\"px\" data-wide_resolution=\"1280\" data-wide_size=\"20\" data-normal_resolution=\"1024\" data-normal_size=\"20\" data-tablet_resolution=\"800\" data-tablet_size=\"20\" data-mobile_resolution=\"480\" data-mobile_size=\"20\" style=\"height: 20px;\"><\/div>[vc_column_text]<strong>Seg\u00fan qu\u00e9 procedimiento:<\/strong><\/p>\n<ul>\n<li>VDI\/VDE 2648<\/li>\n<\/ul>\n<p>[\/vc_column_text]<div class=\"dfd-spacer-module\"  data-units=\"px\" data-wide_resolution=\"1280\" data-wide_size=\"20\" data-normal_resolution=\"1024\" data-normal_size=\"20\" data-tablet_resolution=\"800\" data-tablet_size=\"20\" data-mobile_resolution=\"480\" data-mobile_size=\"20\" style=\"height: 20px;\"><\/div>[vc_column_text]<strong>Calibraci\u00f3n el\u00e9ctrica de amplificadores<\/strong>[\/vc_column_text]<div class=\"dfd-spacer-module\"  data-units=\"px\" data-wide_resolution=\"1280\" data-wide_size=\"80\" data-normal_resolution=\"1024\" data-normal_size=\"80\" data-tablet_resolution=\"800\" data-tablet_size=\"80\" data-mobile_resolution=\"480\" data-mobile_size=\"80\" style=\"height: 80px;\"><\/div>[\/vc_column_inner][\/vc_row_inner][\/vc_column][\/vc_row]<\/p>\n<\/div>","protected":false},"excerpt":{"rendered":"<p>[vc_row dfd_bg_style=\u00bbimage\u00bb dfd_parallax_style=\u00bbdfd_vertical_parallax\u00bb dfd_bg_image_new=\u00bb5834&#8243; dfd_overlay_color=\u00bb#ffffff\u00bb dfd_overlay_pattern=\u00bbtransperant\u00bb dfd_row_config=\u00bbfull_width_content\u00bb dfd_row_responsive_enable=\u00bbdfd-row-responsive-enable\u00bb css=\u00bb.vc_custom_1517578057096{padding-right: 5% !important;padding-left: 5% !important;}\u00bb responsive_styles=\u00bbpadding_left_desktop:20|padding_right_desktop:20|padding_left_tablet:20|padding_right_tablet:20|padding_left_mobile:10|padding_right_mobile:10&#8243;][vc_column dfd_column_responsive_enable=\u00bbdfd-column-responsive-enable\u00bb responsive_styles=\u00bbpadding_left_mobile:10|padding_right_mobile:10&#8243;][vc_row_inner][vc_column_inner dfd_column_responsive_enable=\u00bbdfd-column-responsive-enable\u00bb css=\u00bb.vc_custom_1503581599802{padding-right: 20% !important;padding-left: 20% !important;}\u00bb responsive_styles=\u00bbpadding_left_desktop:80|padding_right_desktop:80|padding_left_tablet:10|padding_right_tablet:10|padding_left_mobile:10|padding_right_mobile:10&#8243;][\/vc_column_inner][\/vc_row_inner][vc_row_inner][vc_column_inner width=\u00bb1\/2&#8243;][vc_column_text css=\u00bb.vc_custom_1519924539349{padding-bottom: 8px !important;}\u00bb]Como parte del desarrollo<\/p>\n","protected":false},"author":5,"featured_media":0,"parent":0,"menu_order":0,"comment_status":"closed","ping_status":"closed","template":"page-custom.php","meta":{"_acf_changed":false,"footnotes":""},"class_list":["post-8904","page","type-page","status-publish","hentry"],"acf":[],"yoast_head":"<!-- This site is optimized with the Yoast SEO plugin v26.9 - https:\/\/yoast.com\/product\/yoast-seo-wordpress\/ -->\n<title>Laboratorio m\u00f3vil de certificaci\u00f3n de par-\u00e1ngulo - SCS Concept<\/title>\n<meta name=\"robots\" content=\"index, follow, max-snippet:-1, max-image-preview:large, max-video-preview:-1\" \/>\n<link rel=\"canonical\" href=\"https:\/\/sitowebsmart.com\/es\/laboratorio-movil-de-certificacion-de-par-angulo\/\" \/>\n<meta property=\"og:locale\" content=\"es_ES\" \/>\n<meta property=\"og:type\" content=\"article\" \/>\n<meta property=\"og:title\" content=\"Laboratorio m\u00f3vil de certificaci\u00f3n de par-\u00e1ngulo - SCS Concept\" \/>\n<meta property=\"og:description\" content=\"[vc_row dfd_bg_style=\u00bbimage\u00bb dfd_parallax_style=\u00bbdfd_vertical_parallax\u00bb dfd_bg_image_new=\u00bb5834&#8243; dfd_overlay_color=\u00bb#ffffff\u00bb dfd_overlay_pattern=\u00bbtransperant\u00bb dfd_row_config=\u00bbfull_width_content\u00bb dfd_row_responsive_enable=\u00bbdfd-row-responsive-enable\u00bb css=\u00bb.vc_custom_1517578057096{padding-right: 5% !important;padding-left: 5% !important;}\u00bb responsive_styles=\u00bbpadding_left_desktop:20|padding_right_desktop:20|padding_left_tablet:20|padding_right_tablet:20|padding_left_mobile:10|padding_right_mobile:10&#8243;][vc_column dfd_column_responsive_enable=\u00bbdfd-column-responsive-enable\u00bb responsive_styles=\u00bbpadding_left_mobile:10|padding_right_mobile:10&#8243;][vc_row_inner][vc_column_inner dfd_column_responsive_enable=\u00bbdfd-column-responsive-enable\u00bb css=\u00bb.vc_custom_1503581599802{padding-right: 20% !important;padding-left: 20% !important;}\u00bb responsive_styles=\u00bbpadding_left_desktop:80|padding_right_desktop:80|padding_left_tablet:10|padding_right_tablet:10|padding_left_mobile:10|padding_right_mobile:10&#8243;][\/vc_column_inner][\/vc_row_inner][vc_row_inner][vc_column_inner width=\u00bb1\/2&#8243;][vc_column_text css=\u00bb.vc_custom_1519924539349{padding-bottom: 8px !important;}\u00bb]Como parte del desarrollo\" \/>\n<meta property=\"og:url\" content=\"https:\/\/sitowebsmart.com\/es\/laboratorio-movil-de-certificacion-de-par-angulo\/\" \/>\n<meta property=\"og:site_name\" content=\"SCS Concept\" \/>\n<meta property=\"article:modified_time\" content=\"2023-05-22T07:54:27+00:00\" \/>\n<meta name=\"twitter:card\" content=\"summary_large_image\" \/>\n<meta name=\"twitter:label1\" content=\"Tiempo de lectura\" \/>\n\t<meta name=\"twitter:data1\" content=\"3 minutos\" \/>\n<script type=\"application\/ld+json\" class=\"yoast-schema-graph\">{\"@context\":\"https:\/\/schema.org\",\"@graph\":[{\"@type\":\"WebPage\",\"@id\":\"https:\/\/sitowebsmart.com\/es\/laboratorio-movil-de-certificacion-de-par-angulo\/\",\"url\":\"https:\/\/sitowebsmart.com\/es\/laboratorio-movil-de-certificacion-de-par-angulo\/\",\"name\":\"Laboratorio m\u00f3vil de certificaci\u00f3n de par-\u00e1ngulo - SCS Concept\",\"isPartOf\":{\"@id\":\"https:\/\/sitowebsmart.com\/#website\"},\"datePublished\":\"2018-03-01T16:45:17+00:00\",\"dateModified\":\"2023-05-22T07:54:27+00:00\",\"breadcrumb\":{\"@id\":\"https:\/\/sitowebsmart.com\/es\/laboratorio-movil-de-certificacion-de-par-angulo\/#breadcrumb\"},\"inLanguage\":\"es\",\"potentialAction\":[{\"@type\":\"ReadAction\",\"target\":[\"https:\/\/sitowebsmart.com\/es\/laboratorio-movil-de-certificacion-de-par-angulo\/\"]}]},{\"@type\":\"BreadcrumbList\",\"@id\":\"https:\/\/sitowebsmart.com\/es\/laboratorio-movil-de-certificacion-de-par-angulo\/#breadcrumb\",\"itemListElement\":[{\"@type\":\"ListItem\",\"position\":1,\"name\":\"Home\",\"item\":\"https:\/\/sitowebsmart.com\/es\/\"},{\"@type\":\"ListItem\",\"position\":2,\"name\":\"Laboratorio m\u00f3vil de certificaci\u00f3n de par-\u00e1ngulo\"}]},{\"@type\":\"WebSite\",\"@id\":\"https:\/\/sitowebsmart.com\/#website\",\"url\":\"https:\/\/sitowebsmart.com\/\",\"name\":\"SCS Concept\",\"description\":\"Soluzioni Avanzate per il serraggio e controllo qualit\u00e0\",\"publisher\":{\"@id\":\"https:\/\/sitowebsmart.com\/#organization\"},\"potentialAction\":[{\"@type\":\"SearchAction\",\"target\":{\"@type\":\"EntryPoint\",\"urlTemplate\":\"https:\/\/sitowebsmart.com\/?s={search_term_string}\"},\"query-input\":{\"@type\":\"PropertyValueSpecification\",\"valueRequired\":true,\"valueName\":\"search_term_string\"}}],\"inLanguage\":\"es\"},{\"@type\":\"Organization\",\"@id\":\"https:\/\/sitowebsmart.com\/#organization\",\"name\":\"SCS Concept\",\"url\":\"https:\/\/sitowebsmart.com\/\",\"logo\":{\"@type\":\"ImageObject\",\"inLanguage\":\"es\",\"@id\":\"https:\/\/sitowebsmart.com\/#\/schema\/logo\/image\/\",\"url\":\"https:\/\/sitowebsmart.com\/wp-content\/uploads\/2018\/01\/scs-concept-group-200.png\",\"contentUrl\":\"https:\/\/sitowebsmart.com\/wp-content\/uploads\/2018\/01\/scs-concept-group-200.png\",\"width\":200,\"height\":200,\"caption\":\"SCS Concept\"},\"image\":{\"@id\":\"https:\/\/sitowebsmart.com\/#\/schema\/logo\/image\/\"}}]}<\/script>\n<!-- \/ Yoast SEO plugin. -->","yoast_head_json":{"title":"Laboratorio m\u00f3vil de certificaci\u00f3n de par-\u00e1ngulo - SCS Concept","robots":{"index":"index","follow":"follow","max-snippet":"max-snippet:-1","max-image-preview":"max-image-preview:large","max-video-preview":"max-video-preview:-1"},"canonical":"https:\/\/sitowebsmart.com\/es\/laboratorio-movil-de-certificacion-de-par-angulo\/","og_locale":"es_ES","og_type":"article","og_title":"Laboratorio m\u00f3vil de certificaci\u00f3n de par-\u00e1ngulo - SCS Concept","og_description":"[vc_row dfd_bg_style=\u00bbimage\u00bb dfd_parallax_style=\u00bbdfd_vertical_parallax\u00bb dfd_bg_image_new=\u00bb5834&#8243; dfd_overlay_color=\u00bb#ffffff\u00bb dfd_overlay_pattern=\u00bbtransperant\u00bb dfd_row_config=\u00bbfull_width_content\u00bb dfd_row_responsive_enable=\u00bbdfd-row-responsive-enable\u00bb css=\u00bb.vc_custom_1517578057096{padding-right: 5% !important;padding-left: 5% !important;}\u00bb responsive_styles=\u00bbpadding_left_desktop:20|padding_right_desktop:20|padding_left_tablet:20|padding_right_tablet:20|padding_left_mobile:10|padding_right_mobile:10&#8243;][vc_column dfd_column_responsive_enable=\u00bbdfd-column-responsive-enable\u00bb responsive_styles=\u00bbpadding_left_mobile:10|padding_right_mobile:10&#8243;][vc_row_inner][vc_column_inner dfd_column_responsive_enable=\u00bbdfd-column-responsive-enable\u00bb css=\u00bb.vc_custom_1503581599802{padding-right: 20% !important;padding-left: 20% !important;}\u00bb responsive_styles=\u00bbpadding_left_desktop:80|padding_right_desktop:80|padding_left_tablet:10|padding_right_tablet:10|padding_left_mobile:10|padding_right_mobile:10&#8243;][\/vc_column_inner][\/vc_row_inner][vc_row_inner][vc_column_inner width=\u00bb1\/2&#8243;][vc_column_text css=\u00bb.vc_custom_1519924539349{padding-bottom: 8px !important;}\u00bb]Como parte del desarrollo","og_url":"https:\/\/sitowebsmart.com\/es\/laboratorio-movil-de-certificacion-de-par-angulo\/","og_site_name":"SCS Concept","article_modified_time":"2023-05-22T07:54:27+00:00","twitter_card":"summary_large_image","twitter_misc":{"Tiempo de lectura":"3 minutos"},"schema":{"@context":"https:\/\/schema.org","@graph":[{"@type":"WebPage","@id":"https:\/\/sitowebsmart.com\/es\/laboratorio-movil-de-certificacion-de-par-angulo\/","url":"https:\/\/sitowebsmart.com\/es\/laboratorio-movil-de-certificacion-de-par-angulo\/","name":"Laboratorio m\u00f3vil de certificaci\u00f3n de par-\u00e1ngulo - SCS Concept","isPartOf":{"@id":"https:\/\/sitowebsmart.com\/#website"},"datePublished":"2018-03-01T16:45:17+00:00","dateModified":"2023-05-22T07:54:27+00:00","breadcrumb":{"@id":"https:\/\/sitowebsmart.com\/es\/laboratorio-movil-de-certificacion-de-par-angulo\/#breadcrumb"},"inLanguage":"es","potentialAction":[{"@type":"ReadAction","target":["https:\/\/sitowebsmart.com\/es\/laboratorio-movil-de-certificacion-de-par-angulo\/"]}]},{"@type":"BreadcrumbList","@id":"https:\/\/sitowebsmart.com\/es\/laboratorio-movil-de-certificacion-de-par-angulo\/#breadcrumb","itemListElement":[{"@type":"ListItem","position":1,"name":"Home","item":"https:\/\/sitowebsmart.com\/es\/"},{"@type":"ListItem","position":2,"name":"Laboratorio m\u00f3vil de certificaci\u00f3n de par-\u00e1ngulo"}]},{"@type":"WebSite","@id":"https:\/\/sitowebsmart.com\/#website","url":"https:\/\/sitowebsmart.com\/","name":"SCS Concept","description":"Soluzioni Avanzate per il serraggio e controllo qualit\u00e0","publisher":{"@id":"https:\/\/sitowebsmart.com\/#organization"},"potentialAction":[{"@type":"SearchAction","target":{"@type":"EntryPoint","urlTemplate":"https:\/\/sitowebsmart.com\/?s={search_term_string}"},"query-input":{"@type":"PropertyValueSpecification","valueRequired":true,"valueName":"search_term_string"}}],"inLanguage":"es"},{"@type":"Organization","@id":"https:\/\/sitowebsmart.com\/#organization","name":"SCS Concept","url":"https:\/\/sitowebsmart.com\/","logo":{"@type":"ImageObject","inLanguage":"es","@id":"https:\/\/sitowebsmart.com\/#\/schema\/logo\/image\/","url":"https:\/\/sitowebsmart.com\/wp-content\/uploads\/2018\/01\/scs-concept-group-200.png","contentUrl":"https:\/\/sitowebsmart.com\/wp-content\/uploads\/2018\/01\/scs-concept-group-200.png","width":200,"height":200,"caption":"SCS Concept"},"image":{"@id":"https:\/\/sitowebsmart.com\/#\/schema\/logo\/image\/"}}]}},"_links":{"self":[{"href":"https:\/\/sitowebsmart.com\/es\/wp-json\/wp\/v2\/pages\/8904","targetHints":{"allow":["GET"]}}],"collection":[{"href":"https:\/\/sitowebsmart.com\/es\/wp-json\/wp\/v2\/pages"}],"about":[{"href":"https:\/\/sitowebsmart.com\/es\/wp-json\/wp\/v2\/types\/page"}],"author":[{"embeddable":true,"href":"https:\/\/sitowebsmart.com\/es\/wp-json\/wp\/v2\/users\/5"}],"replies":[{"embeddable":true,"href":"https:\/\/sitowebsmart.com\/es\/wp-json\/wp\/v2\/comments?post=8904"}],"version-history":[{"count":7,"href":"https:\/\/sitowebsmart.com\/es\/wp-json\/wp\/v2\/pages\/8904\/revisions"}],"predecessor-version":[{"id":27551,"href":"https:\/\/sitowebsmart.com\/es\/wp-json\/wp\/v2\/pages\/8904\/revisions\/27551"}],"wp:attachment":[{"href":"https:\/\/sitowebsmart.com\/es\/wp-json\/wp\/v2\/media?parent=8904"}],"curies":[{"name":"wp","href":"https:\/\/api.w.org\/{rel}","templated":true}]}}