{"id":9006,"date":"2018-03-02T11:32:26","date_gmt":"2018-03-02T11:32:26","guid":{"rendered":"https:\/\/www.scsconcept.com\/?page_id=9006"},"modified":"2021-09-03T13:28:27","modified_gmt":"2021-09-03T13:28:27","slug":"fms-multiestacion-freedom","status":"publish","type":"page","link":"https:\/\/sitowebsmart.com\/es\/fms-multiestacion-freedom\/","title":{"rendered":"FMS \u2013 Multiestaci\u00f3n Freedom"},"content":{"rendered":"<div class=\"wpb-content-wrapper\"><p>[vc_row dfd_row_config=\u00bbfull_width_content\u00bb dfd_row_responsive_enable=\u00bbdfd-row-responsive-enable\u00bb dfd_bg_style=\u00bbimage\u00bb dfd_parallax_style=\u00bbdfd_vertical_parallax\u00bb dfd_bg_image_new=\u00bb6075&#8243; dfd_overlay_color=\u00bb#ffffff\u00bb dfd_overlay_pattern=\u00bbtransperant\u00bb dfd_overlay_pattern_opacity=\u00bb85&#8243; css=\u00bb.vc_custom_1518012871400{padding-right: 5% !important;padding-left: 5% !important;}\u00bb responsive_styles=\u00bbpadding_left_desktop:20|padding_right_desktop:20|padding_left_tablet:20|padding_right_tablet:20|padding_left_mobile:10|padding_right_mobile:10&#8243;][vc_column dfd_column_responsive_enable=\u00bbdfd-column-responsive-enable\u00bb responsive_styles=\u00bbpadding_left_mobile:10|padding_right_mobile:10&#8243;][vc_row_inner][vc_column_inner dfd_column_responsive_enable=\u00bbdfd-column-responsive-enable\u00bb css=\u00bb.vc_custom_1517838243735{padding-right: 5% !important;padding-left: 5% !important;}\u00bb responsive_styles=\u00bbpadding_left_desktop:80|padding_right_desktop:80|padding_left_tablet:10|padding_right_tablet:10|padding_left_mobile:10|padding_right_mobile:10&#8243;]<div class=\"dfd-spacer-module\"  data-units=\"px\" data-wide_resolution=\"1280\" data-wide_size=\"100\" data-normal_resolution=\"1024\" data-normal_size=\"60\" data-tablet_resolution=\"800\" data-tablet_size=\"40\" data-mobile_resolution=\"480\" data-mobile_size=\"40\" style=\"height: 100px;\"><\/div><div class=\"dfd-heading-shortcode\"><div class=\"dfd-heading-module-wrap  text-center style_01 cr-animate-gen dfd-heading-69e33daf17faa dfd-disable-resposive-headings\" id=\"dfd-heading-69e33daf17faa\" data-animate-type = \"transition.expandIn\" ><div class=\"inline-block\"><div class=\"dfd-heading-module\"><h1 class=\"widget-title dfd-title \" style=\"\">FMS \u2013 Multiestaci\u00f3n Freedom<\/h1><div class=\"dfd-heading-delimiter dfd-img-lazy-load\"><\/div><\/div><\/div><\/div><script type=\"text\/javascript\">\r\n\t\t\t\t\t\t\t\t\t(function($) {\r\n\t\t\t\t\t\t\t\t\t\t$(\"head\").append(\"<style>.dfd-heading-69e33daf17faa.dfd-heading-module-wrap .dfd-heading-module .dfd-heading-delimiter {border-bottom-style:solid;border-bottom-width:1px;width:140px;border-bottom-color:#ea5d1c;}.dfd-heading-69e33daf17faa .dfd-heading-module .widget-title {margin-bottom:15px;}.dfd-heading-69e33daf17faa.dfd-heading-module-wrap .dfd-heading-module .dfd-heading-delimiter {margin-top:30px;margin-bottom:10px;}<\/style>\");\r\n\t\t\t\t\t\t\t\t\t})(jQuery);\r\n\t\t\t\t\t\t\t\t<\/script><\/div><div class=\"dfd-spacer-module\"  data-units=\"px\" data-wide_resolution=\"1280\" data-wide_size=\"30\" data-normal_resolution=\"1024\" data-normal_size=\"30\" data-tablet_resolution=\"800\" data-tablet_size=\"30\" data-mobile_resolution=\"480\" data-mobile_size=\"30\" style=\"height: 30px;\"><\/div>[\/vc_column_inner][\/vc_row_inner][vc_row_inner][vc_column_inner width=\u00bb1\/2&#8243;]<div class=\"dfd-spacer-module\"  data-units=\"px\" data-wide_resolution=\"1280\" data-wide_size=\"80\" data-normal_resolution=\"1024\" data-normal_size=\"40\" data-tablet_resolution=\"800\" data-tablet_size=\"40\" data-mobile_resolution=\"480\" data-mobile_size=\"20\" style=\"height: 80px;\"><\/div><div class=\"dfd-heading-shortcode\"><div class=\"dfd-heading-module-wrap  text-left style_01 dfd-heading-69e33daf18232 dfd-disable-resposive-headings\" id=\"dfd-heading-69e33daf18232\" ><div class=\"inline-block\"><div class=\"dfd-heading-module\"><h2 class=\"widget-title dfd-title \" style=\"font-size: 30px; color: #565656 !important; line-height: 30px; \">Una l\u00ednea de producci\u00f3n en un banco individual<\/h2><div class=\"dfd-heading-delimiter dfd-img-lazy-load\"><\/div><\/div><\/div><\/div><script type=\"text\/javascript\">\r\n\t\t\t\t\t\t\t\t\t(function($) {\r\n\t\t\t\t\t\t\t\t\t\t$(\"head\").append(\"<style>.dfd-heading-69e33daf18232.dfd-heading-module-wrap .dfd-heading-module .dfd-heading-delimiter {border-bottom-style:solid;border-bottom-width:1px;width:200px;border-bottom-color:#ea5d1c;}.dfd-heading-69e33daf18232 .dfd-heading-module .widget-title {margin-bottom:20px;}.dfd-heading-69e33daf18232.dfd-heading-module-wrap .dfd-heading-module .dfd-heading-delimiter {margin-top:10px;margin-bottom:10px;}@media only screen and (max-width: 799px) {.dfd-heading-69e33daf18232 {text-align: center;}}<\/style>\");\r\n\t\t\t\t\t\t\t\t\t})(jQuery);\r\n\t\t\t\t\t\t\t\t<\/script><\/div>[vc_column_text css=\u00bb.vc_custom_1519990574173{padding-bottom: 8px !important;}\u00bb]<strong>FMS<\/strong>\u00a0<em><strong>(Freedom Multi Station)<\/strong><\/em>\u00a0est\u00e1 dise\u00f1ado para: zonas de revisi\u00f3n (fuera de l\u00edneas de ensamblaje), producci\u00f3n por lotes, trabajo como herramienta de respaldo en la l\u00ednea de producci\u00f3n y como estaci\u00f3n de formaci\u00f3n.[\/vc_column_text][vc_column_text]<strong>FMS<\/strong>\u00a0permite realizar cualquier proceso de apriete en l\u00ednea de ensamblaje con el software de SCS instalado\u00a0<a href=\"http:\/\/scsconcept.es\/guia-visual-de-produccion-vpg\/\"><strong>VPG+<\/strong><strong>\u00a0<\/strong><em><strong>(Visual Production Guide Plus)<\/strong><\/em><\/a>\u00a0que apoya al operario con una gu\u00eda gr\u00e1fica, mostrando todas sujeciones a apretar y su estado. VPG+ puede comunicarse con Freedom3 de SCS Concept y con los muchos controladores de herramientas disponibles en el mercado.[\/vc_column_text]<div class=\"dfd-spacer-module\"  data-units=\"px\" data-wide_resolution=\"1280\" data-wide_size=\"40\" data-normal_resolution=\"1024\" data-normal_size=\"40\" data-tablet_resolution=\"800\" data-tablet_size=\"20\" data-mobile_resolution=\"480\" data-mobile_size=\"20\" style=\"height: 40px;\"><\/div>[vc_column_text]<\/p>\n<div class=\"button-position\"><a class=\"button-layout\" href=\"https:\/\/sitowebsmart.com\/brochure\/es\/FMS.pdf\" target=\"_blank\" rel=\"noopener noreferrer\">Download <strong>Brochure<\/strong><\/a><\/div>\n<p>[\/vc_column_text]<div class=\"dfd-spacer-module\"  data-units=\"px\" data-wide_resolution=\"1280\" data-wide_size=\"20\" data-normal_resolution=\"1024\" data-normal_size=\"20\" data-tablet_resolution=\"800\" data-tablet_size=\"20\" data-mobile_resolution=\"480\" data-mobile_size=\"20\" style=\"height: 20px;\"><\/div>[\/vc_column_inner][vc_column_inner width=\u00bb1\/2&#8243;]<div id=\"dfd-single-image-module69e33daf18b45-8721\" class=\"dfd-single-image-module  image-center  cr-animate-gen dfd-img-lazy-load\" data-animate-type = \"transition.fadeIn\" ><img  title=\"FMS \u2013 Multiestaci\u00f3n Freedom\" fetchpriority=\"high\" decoding=\"async\" src=\"data:image\/svg+xml;charset=utf-8,%3Csvg xmlns%3D'http%3A%2F%2Fwww.w3.org%2F2000%2Fsvg' viewBox%3D'0 0 1000 897'%2F%3E\" data-src=\"https:\/\/sitowebsmart.com\/wp-content\/uploads\/2018\/10\/FMS.png\" width=\"1000\" height=\"897\"   alt=\"FMS \u2013 Multiestaci\u00f3n Freedom\"  \/><\/div><div class=\"dfd-spacer-module\"  data-units=\"px\" data-wide_resolution=\"1280\" data-wide_size=\"20\" data-normal_resolution=\"1024\" data-normal_size=\"20\" data-tablet_resolution=\"800\" data-tablet_size=\"20\" data-mobile_resolution=\"480\" data-mobile_size=\"20\" style=\"height: 20px;\"><\/div>[\/vc_column_inner][\/vc_row_inner]<div class=\"dfd-spacer-module\"  data-units=\"px\" data-wide_resolution=\"1280\" data-wide_size=\"80\" data-normal_resolution=\"1024\" data-normal_size=\"40\" data-tablet_resolution=\"800\" data-tablet_size=\"40\" data-mobile_resolution=\"480\" data-mobile_size=\"20\" style=\"height: 80px;\"><\/div>[\/vc_column][\/vc_row][vc_row dfd_row_config=\u00bbfull_width_content_paddings\u00bb dfd_row_responsive_enable=\u00bbdfd-row-responsive-enable\u00bb dfd_overlay_color=\u00bb#ffffff\u00bb dfd_overlay_pattern=\u00bbtransperant\u00bb dfd_overlay_pattern_opacity=\u00bb85&#8243; css=\u00bb.vc_custom_1630675704138{padding-right: 8% !important;padding-left: 8% !important;background-color: #ffffff !important;}\u00bb responsive_styles=\u00bbpadding_left_desktop:20|padding_right_desktop:20|padding_left_tablet:20|padding_right_tablet:20|padding_left_mobile:10|padding_right_mobile:10&#8243;][vc_column][vc_row_inner][vc_column_inner css=\u00bb.vc_custom_1517832357197{padding-right: 3% !important;padding-left: 3% !important;}\u00bb]<div class=\"dfd-spacer-module\"  data-units=\"px\" data-wide_resolution=\"1280\" data-wide_size=\"80\" data-normal_resolution=\"1024\" data-normal_size=\"80\" data-tablet_resolution=\"800\" data-tablet_size=\"80\" data-mobile_resolution=\"480\" data-mobile_size=\"80\" style=\"height: 80px;\"><\/div><div class=\"dfd-heading-shortcode\"><div class=\"dfd-heading-module-wrap  text-left style_01 dfd-heading-69e33daf18d1e dfd-disable-resposive-headings\" id=\"dfd-heading-69e33daf18d1e\" ><div class=\"inline-block\"><div class=\"dfd-heading-module\"><h2 class=\"widget-title dfd-title \" style=\"font-size: 35px; \">Funciones<\/h2><div class=\"dfd-heading-delimiter dfd-img-lazy-load\"><\/div><\/div><\/div><\/div><script type=\"text\/javascript\">\r\n\t\t\t\t\t\t\t\t\t(function($) {\r\n\t\t\t\t\t\t\t\t\t\t$(\"head\").append(\"<style>.dfd-heading-69e33daf18d1e.dfd-heading-module-wrap .dfd-heading-module .dfd-heading-delimiter {border-bottom-style:solid;border-bottom-width:1px;width:140px;border-bottom-color:#ea5d1c;}.dfd-heading-69e33daf18d1e.dfd-heading-module-wrap .dfd-heading-module .dfd-heading-delimiter {margin-top:10px;margin-bottom:10px;}<\/style>\");\r\n\t\t\t\t\t\t\t\t\t})(jQuery);\r\n\t\t\t\t\t\t\t\t<\/script><\/div>[\/vc_column_inner][\/vc_row_inner][vc_row_inner][vc_column_inner width=\u00bb1\/2&#8243; css=\u00bb.vc_custom_1517832363004{padding-right: 3% !important;padding-left: 3% !important;}\u00bb]<div class=\"dfd-spacer-module\"  data-units=\"px\" data-wide_resolution=\"1280\" data-wide_size=\"20\" data-normal_resolution=\"1024\" data-normal_size=\"20\" data-tablet_resolution=\"800\" data-tablet_size=\"20\" data-mobile_resolution=\"480\" data-mobile_size=\"20\" style=\"height: 20px;\"><\/div>[vc_column_text]<\/p>\n<ul>\n<li>Estaci\u00f3n de revisi\u00f3n: creando y ejecutando procedimientos a prueba de errores para piezas revisadas a lo largo de la l\u00ednea de producci\u00f3n<\/li>\n<li>Estaci\u00f3n de producci\u00f3n y preproducci\u00f3n: que crea y ejecuta procedimiento a prueba de error a piezas de ensamblaje en la l\u00ednea de producci\u00f3n. Por ejemplo apriete de series previas en las que las herramientas el\u00e9ctricas electr\u00f3nicas todav\u00eda no se han programado<\/li>\n<li>Herramienta de respaldo: La estaci\u00f3n de revisi\u00f3n puede sustituir r\u00e1pidamente a una herramienta el\u00e9ctrica defectuosa a lo largo de la l\u00ednea de producci\u00f3n, minimizando el efecto del fallo y permitiendo la reparaci\u00f3n.<\/li>\n<li>Conexi\u00f3n a herramientas SCS Concept (llaves Freedom3) y herramientas el\u00e9ctricas de terceros<\/li>\n<li>Comunicaci\u00f3n personalizada exclusiva con otros tipos de herramienta con unidad de control electr\u00f3nico<\/li>\n<\/ul>\n<p>[\/vc_column_text]<div class=\"dfd-spacer-module\"  data-units=\"px\" data-wide_resolution=\"1280\" data-wide_size=\"80\" data-normal_resolution=\"1024\" data-normal_size=\"80\" data-tablet_resolution=\"800\" data-tablet_size=\"30\" data-mobile_resolution=\"480\" data-mobile_size=\"30\" style=\"height: 80px;\"><\/div>[\/vc_column_inner][vc_column_inner width=\u00bb1\/2&#8243; css=\u00bb.vc_custom_1517234265907{padding-right: 3% !important;padding-left: 3% !important;}\u00bb]<div class=\"dfd-spacer-module\"  data-units=\"px\" data-wide_resolution=\"1280\" data-wide_size=\"20\" data-normal_resolution=\"1024\" data-normal_size=\"20\" data-tablet_resolution=\"800\" data-tablet_size=\"20\" data-mobile_resolution=\"480\" data-mobile_size=\"20\" style=\"height: 20px;\"><\/div>[vc_column_text]<\/p>\n<ul>\n<li>Puede trabajar con m\u00faltiples herramientas en paralelo<\/li>\n<li>Varios tipos de operaciones soportadas: apriete (par y par\/\u00e1ngulo), l\u00f3gicas, c\u00f3digo de barras, gen\u00e9ricas<\/li>\n<li>Posibilidad de conectar a instrumentos externos (por ejemplo para mediciones de distancia)<\/li>\n<li>Lector de c\u00f3digo de barras puede escanear el VIN de la pieza de producci\u00f3n<\/li>\n<li>Gesti\u00f3n de los diversos modelos de producci\u00f3n con procesos personalizados para cada modelo y variante<\/li>\n<li>Informes y estad\u00edsticas<\/li>\n<li>Gesti\u00f3n de errores<\/li>\n<li>Base de datos local o, en caso de m\u00e1s estaciones, centralizada<\/li>\n<li>Fuente de alimentaci\u00f3n de CA con unidad de respaldo en PC<\/li>\n<\/ul>\n<p>[\/vc_column_text]<div class=\"dfd-spacer-module\"  data-units=\"px\" data-wide_resolution=\"1280\" data-wide_size=\"80\" data-normal_resolution=\"1024\" data-normal_size=\"80\" data-tablet_resolution=\"800\" data-tablet_size=\"80\" data-mobile_resolution=\"480\" data-mobile_size=\"80\" style=\"height: 80px;\"><\/div>[\/vc_column_inner][\/vc_row_inner][\/vc_column][\/vc_row]<\/p>\n<\/div>","protected":false},"excerpt":{"rendered":"<p>[vc_row dfd_row_config=\u00bbfull_width_content\u00bb dfd_row_responsive_enable=\u00bbdfd-row-responsive-enable\u00bb dfd_bg_style=\u00bbimage\u00bb dfd_parallax_style=\u00bbdfd_vertical_parallax\u00bb dfd_bg_image_new=\u00bb6075&#8243; dfd_overlay_color=\u00bb#ffffff\u00bb dfd_overlay_pattern=\u00bbtransperant\u00bb dfd_overlay_pattern_opacity=\u00bb85&#8243; css=\u00bb.vc_custom_1518012871400{padding-right: 5% !important;padding-left: 5% !important;}\u00bb responsive_styles=\u00bbpadding_left_desktop:20|padding_right_desktop:20|padding_left_tablet:20|padding_right_tablet:20|padding_left_mobile:10|padding_right_mobile:10&#8243;][vc_column dfd_column_responsive_enable=\u00bbdfd-column-responsive-enable\u00bb responsive_styles=\u00bbpadding_left_mobile:10|padding_right_mobile:10&#8243;][vc_row_inner][vc_column_inner dfd_column_responsive_enable=\u00bbdfd-column-responsive-enable\u00bb css=\u00bb.vc_custom_1517838243735{padding-right: 5% !important;padding-left: 5% !important;}\u00bb responsive_styles=\u00bbpadding_left_desktop:80|padding_right_desktop:80|padding_left_tablet:10|padding_right_tablet:10|padding_left_mobile:10|padding_right_mobile:10&#8243;][\/vc_column_inner][\/vc_row_inner][vc_row_inner][vc_column_inner width=\u00bb1\/2&#8243;][vc_column_text css=\u00bb.vc_custom_1519990574173{padding-bottom: 8px !important;}\u00bb]FMS\u00a0(Freedom Multi Station)\u00a0est\u00e1<\/p>\n","protected":false},"author":5,"featured_media":0,"parent":0,"menu_order":0,"comment_status":"closed","ping_status":"closed","template":"page-custom.php","meta":{"_acf_changed":false,"footnotes":""},"class_list":["post-9006","page","type-page","status-publish","hentry"],"acf":[],"yoast_head":"<!-- This site is optimized with the Yoast SEO plugin v26.9 - https:\/\/yoast.com\/product\/yoast-seo-wordpress\/ -->\n<title>FMS \u2013 Multiestaci\u00f3n Freedom - SCS Concept<\/title>\n<meta name=\"robots\" content=\"index, follow, max-snippet:-1, max-image-preview:large, max-video-preview:-1\" \/>\n<link rel=\"canonical\" href=\"https:\/\/sitowebsmart.com\/es\/fms-multiestacion-freedom\/\" \/>\n<meta property=\"og:locale\" content=\"es_ES\" \/>\n<meta property=\"og:type\" content=\"article\" \/>\n<meta property=\"og:title\" content=\"FMS \u2013 Multiestaci\u00f3n Freedom - SCS Concept\" \/>\n<meta property=\"og:description\" content=\"[vc_row dfd_row_config=\u00bbfull_width_content\u00bb dfd_row_responsive_enable=\u00bbdfd-row-responsive-enable\u00bb dfd_bg_style=\u00bbimage\u00bb dfd_parallax_style=\u00bbdfd_vertical_parallax\u00bb dfd_bg_image_new=\u00bb6075&#8243; dfd_overlay_color=\u00bb#ffffff\u00bb dfd_overlay_pattern=\u00bbtransperant\u00bb dfd_overlay_pattern_opacity=\u00bb85&#8243; css=\u00bb.vc_custom_1518012871400{padding-right: 5% !important;padding-left: 5% !important;}\u00bb responsive_styles=\u00bbpadding_left_desktop:20|padding_right_desktop:20|padding_left_tablet:20|padding_right_tablet:20|padding_left_mobile:10|padding_right_mobile:10&#8243;][vc_column dfd_column_responsive_enable=\u00bbdfd-column-responsive-enable\u00bb responsive_styles=\u00bbpadding_left_mobile:10|padding_right_mobile:10&#8243;][vc_row_inner][vc_column_inner dfd_column_responsive_enable=\u00bbdfd-column-responsive-enable\u00bb css=\u00bb.vc_custom_1517838243735{padding-right: 5% !important;padding-left: 5% !important;}\u00bb responsive_styles=\u00bbpadding_left_desktop:80|padding_right_desktop:80|padding_left_tablet:10|padding_right_tablet:10|padding_left_mobile:10|padding_right_mobile:10&#8243;][\/vc_column_inner][\/vc_row_inner][vc_row_inner][vc_column_inner width=\u00bb1\/2&#8243;][vc_column_text css=\u00bb.vc_custom_1519990574173{padding-bottom: 8px !important;}\u00bb]FMS\u00a0(Freedom Multi Station)\u00a0est\u00e1\" \/>\n<meta property=\"og:url\" content=\"https:\/\/sitowebsmart.com\/es\/fms-multiestacion-freedom\/\" \/>\n<meta property=\"og:site_name\" content=\"SCS Concept\" \/>\n<meta property=\"article:modified_time\" content=\"2021-09-03T13:28:27+00:00\" \/>\n<meta name=\"twitter:card\" content=\"summary_large_image\" \/>\n<meta name=\"twitter:label1\" content=\"Tiempo de lectura\" \/>\n\t<meta name=\"twitter:data1\" content=\"6 minutos\" \/>\n<script type=\"application\/ld+json\" class=\"yoast-schema-graph\">{\"@context\":\"https:\/\/schema.org\",\"@graph\":[{\"@type\":\"WebPage\",\"@id\":\"https:\/\/sitowebsmart.com\/es\/fms-multiestacion-freedom\/\",\"url\":\"https:\/\/sitowebsmart.com\/es\/fms-multiestacion-freedom\/\",\"name\":\"FMS \u2013 Multiestaci\u00f3n Freedom - SCS Concept\",\"isPartOf\":{\"@id\":\"https:\/\/sitowebsmart.com\/#website\"},\"datePublished\":\"2018-03-02T11:32:26+00:00\",\"dateModified\":\"2021-09-03T13:28:27+00:00\",\"breadcrumb\":{\"@id\":\"https:\/\/sitowebsmart.com\/es\/fms-multiestacion-freedom\/#breadcrumb\"},\"inLanguage\":\"es\",\"potentialAction\":[{\"@type\":\"ReadAction\",\"target\":[\"https:\/\/sitowebsmart.com\/es\/fms-multiestacion-freedom\/\"]}]},{\"@type\":\"BreadcrumbList\",\"@id\":\"https:\/\/sitowebsmart.com\/es\/fms-multiestacion-freedom\/#breadcrumb\",\"itemListElement\":[{\"@type\":\"ListItem\",\"position\":1,\"name\":\"Home\",\"item\":\"https:\/\/sitowebsmart.com\/es\/\"},{\"@type\":\"ListItem\",\"position\":2,\"name\":\"FMS \u2013 Multiestaci\u00f3n Freedom\"}]},{\"@type\":\"WebSite\",\"@id\":\"https:\/\/sitowebsmart.com\/#website\",\"url\":\"https:\/\/sitowebsmart.com\/\",\"name\":\"SCS Concept\",\"description\":\"Soluzioni Avanzate per il serraggio e controllo qualit\u00e0\",\"publisher\":{\"@id\":\"https:\/\/sitowebsmart.com\/#organization\"},\"potentialAction\":[{\"@type\":\"SearchAction\",\"target\":{\"@type\":\"EntryPoint\",\"urlTemplate\":\"https:\/\/sitowebsmart.com\/?s={search_term_string}\"},\"query-input\":{\"@type\":\"PropertyValueSpecification\",\"valueRequired\":true,\"valueName\":\"search_term_string\"}}],\"inLanguage\":\"es\"},{\"@type\":\"Organization\",\"@id\":\"https:\/\/sitowebsmart.com\/#organization\",\"name\":\"SCS Concept\",\"url\":\"https:\/\/sitowebsmart.com\/\",\"logo\":{\"@type\":\"ImageObject\",\"inLanguage\":\"es\",\"@id\":\"https:\/\/sitowebsmart.com\/#\/schema\/logo\/image\/\",\"url\":\"https:\/\/sitowebsmart.com\/wp-content\/uploads\/2018\/01\/scs-concept-group-200.png\",\"contentUrl\":\"https:\/\/sitowebsmart.com\/wp-content\/uploads\/2018\/01\/scs-concept-group-200.png\",\"width\":200,\"height\":200,\"caption\":\"SCS Concept\"},\"image\":{\"@id\":\"https:\/\/sitowebsmart.com\/#\/schema\/logo\/image\/\"}}]}<\/script>\n<!-- \/ Yoast SEO plugin. -->","yoast_head_json":{"title":"FMS \u2013 Multiestaci\u00f3n Freedom - SCS Concept","robots":{"index":"index","follow":"follow","max-snippet":"max-snippet:-1","max-image-preview":"max-image-preview:large","max-video-preview":"max-video-preview:-1"},"canonical":"https:\/\/sitowebsmart.com\/es\/fms-multiestacion-freedom\/","og_locale":"es_ES","og_type":"article","og_title":"FMS \u2013 Multiestaci\u00f3n Freedom - SCS Concept","og_description":"[vc_row dfd_row_config=\u00bbfull_width_content\u00bb dfd_row_responsive_enable=\u00bbdfd-row-responsive-enable\u00bb dfd_bg_style=\u00bbimage\u00bb dfd_parallax_style=\u00bbdfd_vertical_parallax\u00bb dfd_bg_image_new=\u00bb6075&#8243; dfd_overlay_color=\u00bb#ffffff\u00bb dfd_overlay_pattern=\u00bbtransperant\u00bb dfd_overlay_pattern_opacity=\u00bb85&#8243; css=\u00bb.vc_custom_1518012871400{padding-right: 5% !important;padding-left: 5% !important;}\u00bb responsive_styles=\u00bbpadding_left_desktop:20|padding_right_desktop:20|padding_left_tablet:20|padding_right_tablet:20|padding_left_mobile:10|padding_right_mobile:10&#8243;][vc_column dfd_column_responsive_enable=\u00bbdfd-column-responsive-enable\u00bb responsive_styles=\u00bbpadding_left_mobile:10|padding_right_mobile:10&#8243;][vc_row_inner][vc_column_inner dfd_column_responsive_enable=\u00bbdfd-column-responsive-enable\u00bb css=\u00bb.vc_custom_1517838243735{padding-right: 5% !important;padding-left: 5% !important;}\u00bb responsive_styles=\u00bbpadding_left_desktop:80|padding_right_desktop:80|padding_left_tablet:10|padding_right_tablet:10|padding_left_mobile:10|padding_right_mobile:10&#8243;][\/vc_column_inner][\/vc_row_inner][vc_row_inner][vc_column_inner width=\u00bb1\/2&#8243;][vc_column_text css=\u00bb.vc_custom_1519990574173{padding-bottom: 8px !important;}\u00bb]FMS\u00a0(Freedom Multi Station)\u00a0est\u00e1","og_url":"https:\/\/sitowebsmart.com\/es\/fms-multiestacion-freedom\/","og_site_name":"SCS Concept","article_modified_time":"2021-09-03T13:28:27+00:00","twitter_card":"summary_large_image","twitter_misc":{"Tiempo de lectura":"6 minutos"},"schema":{"@context":"https:\/\/schema.org","@graph":[{"@type":"WebPage","@id":"https:\/\/sitowebsmart.com\/es\/fms-multiestacion-freedom\/","url":"https:\/\/sitowebsmart.com\/es\/fms-multiestacion-freedom\/","name":"FMS \u2013 Multiestaci\u00f3n Freedom - SCS Concept","isPartOf":{"@id":"https:\/\/sitowebsmart.com\/#website"},"datePublished":"2018-03-02T11:32:26+00:00","dateModified":"2021-09-03T13:28:27+00:00","breadcrumb":{"@id":"https:\/\/sitowebsmart.com\/es\/fms-multiestacion-freedom\/#breadcrumb"},"inLanguage":"es","potentialAction":[{"@type":"ReadAction","target":["https:\/\/sitowebsmart.com\/es\/fms-multiestacion-freedom\/"]}]},{"@type":"BreadcrumbList","@id":"https:\/\/sitowebsmart.com\/es\/fms-multiestacion-freedom\/#breadcrumb","itemListElement":[{"@type":"ListItem","position":1,"name":"Home","item":"https:\/\/sitowebsmart.com\/es\/"},{"@type":"ListItem","position":2,"name":"FMS \u2013 Multiestaci\u00f3n Freedom"}]},{"@type":"WebSite","@id":"https:\/\/sitowebsmart.com\/#website","url":"https:\/\/sitowebsmart.com\/","name":"SCS Concept","description":"Soluzioni Avanzate per il serraggio e controllo qualit\u00e0","publisher":{"@id":"https:\/\/sitowebsmart.com\/#organization"},"potentialAction":[{"@type":"SearchAction","target":{"@type":"EntryPoint","urlTemplate":"https:\/\/sitowebsmart.com\/?s={search_term_string}"},"query-input":{"@type":"PropertyValueSpecification","valueRequired":true,"valueName":"search_term_string"}}],"inLanguage":"es"},{"@type":"Organization","@id":"https:\/\/sitowebsmart.com\/#organization","name":"SCS Concept","url":"https:\/\/sitowebsmart.com\/","logo":{"@type":"ImageObject","inLanguage":"es","@id":"https:\/\/sitowebsmart.com\/#\/schema\/logo\/image\/","url":"https:\/\/sitowebsmart.com\/wp-content\/uploads\/2018\/01\/scs-concept-group-200.png","contentUrl":"https:\/\/sitowebsmart.com\/wp-content\/uploads\/2018\/01\/scs-concept-group-200.png","width":200,"height":200,"caption":"SCS Concept"},"image":{"@id":"https:\/\/sitowebsmart.com\/#\/schema\/logo\/image\/"}}]}},"_links":{"self":[{"href":"https:\/\/sitowebsmart.com\/es\/wp-json\/wp\/v2\/pages\/9006","targetHints":{"allow":["GET"]}}],"collection":[{"href":"https:\/\/sitowebsmart.com\/es\/wp-json\/wp\/v2\/pages"}],"about":[{"href":"https:\/\/sitowebsmart.com\/es\/wp-json\/wp\/v2\/types\/page"}],"author":[{"embeddable":true,"href":"https:\/\/sitowebsmart.com\/es\/wp-json\/wp\/v2\/users\/5"}],"replies":[{"embeddable":true,"href":"https:\/\/sitowebsmart.com\/es\/wp-json\/wp\/v2\/comments?post=9006"}],"version-history":[{"count":6,"href":"https:\/\/sitowebsmart.com\/es\/wp-json\/wp\/v2\/pages\/9006\/revisions"}],"predecessor-version":[{"id":24629,"href":"https:\/\/sitowebsmart.com\/es\/wp-json\/wp\/v2\/pages\/9006\/revisions\/24629"}],"wp:attachment":[{"href":"https:\/\/sitowebsmart.com\/es\/wp-json\/wp\/v2\/media?parent=9006"}],"curies":[{"name":"wp","href":"https:\/\/api.w.org\/{rel}","templated":true}]}}