{"id":14159,"date":"2018-04-13T15:31:20","date_gmt":"2018-04-13T15:31:20","guid":{"rendered":"https:\/\/www.scsconcept.com\/legal-notices\/"},"modified":"2018-12-19T13:41:06","modified_gmt":"2018-12-19T13:41:06","slug":"mentions-legales","status":"publish","type":"page","link":"https:\/\/sitowebsmart.com\/fr\/mentions-legales\/","title":{"rendered":"Mentions l\u00e9gales"},"content":{"rendered":"<p><strong>Mentions l\u00e9gales et conditions d\u2019utilisation<br \/>\n<\/strong>Ce site appartient et est g\u00e9r\u00e9 par :<\/p>\n<p><strong>SCS Concept S.r.l.<\/strong>, Via\u00a0<strong>Zucchi 39\/c<\/strong>,<strong>\u00a020095 Cusano Milanino (MI)<\/strong>, tel.<strong>\u00a0<\/strong><strong>+39 02 92502684<\/strong>, num\u00e9ro de TVA :\u00a0<strong>06388790963<\/strong><\/p>\n<p>Les informations contenues sur ce site sont gratuites et ne sont fournies qu\u2019\u00e0 titre informatif. En utilisant ce site, vous acceptez, sans restriction, les mentions l\u00e9gales figurant sur cette page. <strong>SCS Concept Italia S.r.l. <\/strong>se r\u00e9serve le droit de modifier ces notes \u00e0 tout moment et sans pr\u00e9avis.<\/p>\n<p><strong>Informations sur l\u2019entreprise :<\/strong><br \/>\nRaison sociale :\u00a0<strong>SCS Concept S.r.l.<\/strong><br \/>\nNum\u00e9ro de TVA :\u00a0<strong>06388790963<\/strong><br \/>\nSi\u00e8ge social : Via\u00a0<strong>Zucchi 39\/c<\/strong>,\u00a0<strong>20095 Cusano Milanino (MI)<\/strong><\/p>\n<p>REA : MI \u2013 1889255<br \/>\nInscription au REA du\u00a0<strong>24\/11\/2008<\/strong><br \/>\nINSCRIPTION AU REGISTRE DES ENTREPRISES INDIVIDUELLES DE\u00a0<strong>MI<\/strong>\u00a0sous le N\u00ba 1889255<br \/>\nCapital social <strong>enti\u00e8rement vers\u00e9 et lib\u00e9r\u00e9 \u20ac\u00a0200 000 <\/strong><\/p>\n<p><strong>Conditions et modalit\u00e9s d\u2019utilisation<br \/>\n<\/strong>Le site internet\u00a0<a href=\"https:\/\/sitowebsmart.com\/\"><strong>www.scsconcept.com<\/strong><\/a>\u00a0est un service d\u2019information en ligne. Son utilisation est soumise \u00e0 l\u2019acceptation des conditions et modalit\u00e9s d\u2019utilisation expos\u00e9es ci-apr\u00e8s. Si vous n\u2019avez pas l\u2019intention de les accepter, vous \u00eates invit\u00e9 \u00e0 ne pas utiliser le site web et \u00e0 ne pas t\u00e9l\u00e9charger le mat\u00e9riel mis \u00e0 disposition.<\/p>\n<p><strong>Limites d\u2019utilisation<\/strong><br \/>\nLe contenu des pages du site sont Copyright \u00a9\u00a0<strong>SCS Concept S.r.l.<\/strong>\u00a0Tous droits r\u00e9serv\u00e9s. Le contenu des pages du site ne peut pas, partiellement ou en totalit\u00e9, \u00eatre copi\u00e9, reproduit, transf\u00e9r\u00e9, t\u00e9l\u00e9charg\u00e9, publi\u00e9 ou distribu\u00e9 de quelque mani\u00e8re que ce soit sans l\u2019accord pr\u00e9alable et \u00e9crit de <strong>SCS Concept S.r.l<\/strong>., sans pr\u00e9judice de son stockage sur un ordinateur ou de l\u2019impression des pages de ce site web \u00e0 des fins personnelles.<\/p>\n<p>Les marques et logos apparaissant sur ce site sont la propri\u00e9t\u00e9 de <strong>SCS Concept S.r.l.<\/strong>\u00a0Ils ne peuvent pas \u00eatre utilis\u00e9s sur d\u2019autres sites web que le site <a href=\"https:\/\/sitowebsmart.com\/\"><strong>www.scsconcept.com<\/strong><\/a> sans l\u2019accord pr\u00e9alable et \u00e9crit de <strong>SCS Concept S.r.l.<\/strong>. Le nom <a href=\"https:\/\/sitowebsmart.com\/\"><strong>www.scsconcept.com<\/strong><\/a>\u00a0et toute marque incluant la marque <a href=\"https:\/\/sitowebsmart.com\/\"><strong>www.scsconcept.com<\/strong><\/a> ne peuvent pas \u00eatre utilis\u00e9s comme adresse internet par d\u2019autres sites, ou comme une partie de ces adresses, sans l\u2019accord pr\u00e9alable et \u00e9crit de <strong>SCS Concept S.r.l.<\/strong><\/p>\n<p><strong>Limites de responsabilit\u00e9<\/strong><br \/>\nLes informations de ce site sont fournies en toute bonne foi et <strong>SCS Concept S.r.l.<\/strong>\u00a0consid\u00e8re qu\u2019elles sont exactes. Cela \u00e9tant, toute personne souhaitant acqu\u00e9rir des produits ne doit pas se r\u00e9f\u00e9rer \u00e0 ces informations mais s\u2019assurer, ult\u00e9rieurement, de la nature r\u00e9elle des produits et de leur ad\u00e9quation \u00e0 l\u2019usage qu\u2019elle souhaite en faire. En outre, toutes les informations fournies sur ce site ne constituent pas une garantie, implicite ou explicite, de quelque nature que ce soit, \u00e0 titre d\u2019exemple, de la qualit\u00e9 du produit, de l&rsquo;ad\u00e9quation \u00e0 un usage sp\u00e9cifique ou de la non-violation des droits de propri\u00e9t\u00e9 intellectuelle. <strong>SCS Concept S.r.l.<\/strong>\u00a0ne sera, en aucun cas, tenu pour responsable des dommages directs ou indirects occasionn\u00e9s par l\u2019utilisation de ce site. Les informations contenues sur ce site peuvent \u00eatre techniquement inexactes ou contenir des erreurs topographiques. Les informations peuvent \u00eatre modifi\u00e9es ou actualis\u00e9es sans pr\u00e9avis. <strong>SCS Concept S.r.l.<\/strong>\u00a0peut \u00e9galement am\u00e9liorer ou changer les produits pr\u00e9sent\u00e9s sur ce site sans pr\u00e9avis.<\/p>\n<p><strong>Liens<\/strong><br \/>\n<strong>SCS Concept S.r.l.<\/strong>\u00a0n\u2019assume aucune responsabilit\u00e9 quant aux mat\u00e9riels cr\u00e9\u00e9s ou publi\u00e9s par des tiers dont le site poss\u00e8de un lien sur le site <a href=\"https:\/\/sitowebsmart.com\/\"><strong>www.scsconcept.com<\/strong><\/a>. Quiconque d\u00e9cide de visiter un site ayant un lien sur le site <a href=\"https:\/\/sitowebsmart.com\/\"><strong>www.scsconcept.com<\/strong><\/a> le fait en connaissance de cause, et assume la responsabilit\u00e9 de prendre toutes les mesures n\u00e9cessaires pour se prot\u00e9ger des virus ou autres \u00e9l\u00e9ments nuisibles. Les liens existants vers d\u2019autres sites ne signifient pas que <strong>www.scsconcept.com<\/strong> se porte caution ou soit affili\u00e9 aux entit\u00e9s qui fournissent les services d\u00e9crits sur ces sites.<\/p>\n<p><strong>Informations re\u00e7ues par\u00a0SCS Concept S.r.l.<\/strong><br \/>\nTout mat\u00e9riel envoy\u00e9 \u00e0 <a href=\"https:\/\/sitowebsmart.com\/\"><strong>www.scsconcept.com<\/strong><\/a>, par exemple via e-mail ou la page World Wide Web, sera consid\u00e9r\u00e9 non confidentiel. <strong>SCS Concept S.r.l.<\/strong>\u00a0n\u2019aura aucune obligation \u00e0 l\u2019\u00e9gard de ce mat\u00e9riel et sera libre de le reproduire, de l\u2019utiliser, de le r\u00e9v\u00e9ler, de le montrer, de le transformer, de s\u2019en servir pour des produits d\u00e9riv\u00e9s et de le distribuer \u00e0 des tiers, sans aucune limite. En outre, <strong>SCS Concept S.r.l.<\/strong>\u00a0sera libre d\u2019utiliser toutes les id\u00e9es, concepts, savoir-faire ou connaissances techniques contenus dans ce mat\u00e9riel, quel que soit l\u2019objectif vis\u00e9, y compris et sans s\u2019y limiter, le d\u00e9veloppement, la production et la commercialisation de produits utilisant ce mat\u00e9riel. Quiconque envoie du mat\u00e9riel garantit que ce dernier peut \u00eatre publi\u00e9 et accepte de lib\u00e9rer <strong>SCS Concept S.r.l.<\/strong> de toute action de\u00a0tiers relative \u00e0 ce mat\u00e9riel.<\/p>\n<p><strong>Cookies et confidentialit\u00e9<\/strong><br \/>\nLes \u00ab cookies \u00bb des sessions (c\u2019est-\u00e0-dire les petits fichiers que certains sites web peuvent envoyer \u00e0 l\u2019adresse du visiteur lors de sa visite) ont pour but d\u2019am\u00e9liorer l\u2019analyse du trafic sur Internet et de faciliter l\u2019acc\u00e8s des utilisateurs aux services offerts par le site. Leur utilisation n\u2019entra\u00eene aucune transmission ni acquisition de donn\u00e9es \u00e0 caract\u00e8re personnel, et les syst\u00e8mes de suivi des utilisateurs ne sont pas utilis\u00e9s. Si vous pr\u00e9f\u00e9rez ne pas recevoir de cookies, vous pouvez param\u00e9trer votre navigateur de mani\u00e8re \u00e0 ce qu\u2019il vous avertisse de la pr\u00e9sence de cookies afin que vous puissiez ou non les accepter. Il est possible de refuser les cookies de mani\u00e8re automatique en activant l\u2019option correspondante dans le navigateur.<\/p>\n<p><strong>Loi et juridiction<\/strong><br \/>\nCes conditions sont r\u00e9gies par la loi italienne. Le Tribunal de Milan, en Italie, aura la comp\u00e9tence juridique exclusive pour traiter les \u00e9ventuels litiges li\u00e9s \u00e0 ces conditions. Toutefois, <strong>SCS Concept S.r.l. <\/strong>se r\u00e9serve le droit, au cas o\u00f9 cela serait consid\u00e9r\u00e9 n\u00e9cessaire, d\u2019engager une action en justice devant les tribunaux des pays ou villes se trouvant hors de l\u2019Italie, ou de <strong>SCS Concept S.r.l., <\/strong>afin de prot\u00e9ger ses int\u00e9r\u00eats et de faire respecter ses droits.<\/p>\n","protected":false},"excerpt":{"rendered":"<p>Mentions l\u00e9gales et conditions d\u2019utilisation Ce site appartient et est g\u00e9r\u00e9 par : SCS Concept S.r.l., Via\u00a0Zucchi 39\/c,\u00a020095 Cusano Milanino (MI), tel.\u00a0+39 02 92502684, num\u00e9ro de TVA :\u00a006388790963 Les informations<\/p>\n","protected":false},"author":5,"featured_media":0,"parent":0,"menu_order":0,"comment_status":"closed","ping_status":"closed","template":"tmp-page-right-sidebar.php","meta":{"_acf_changed":false,"footnotes":""},"class_list":["post-14159","page","type-page","status-publish","hentry"],"acf":[],"yoast_head":"<!-- This site is optimized with the Yoast SEO plugin v26.9 - https:\/\/yoast.com\/product\/yoast-seo-wordpress\/ -->\n<title>Mentions l\u00e9gales - SCS Concept<\/title>\n<meta name=\"robots\" content=\"index, follow, max-snippet:-1, max-image-preview:large, max-video-preview:-1\" \/>\n<link rel=\"canonical\" href=\"https:\/\/sitowebsmart.com\/fr\/mentions-legales\/\" \/>\n<meta property=\"og:locale\" content=\"fr_FR\" \/>\n<meta property=\"og:type\" content=\"article\" \/>\n<meta property=\"og:title\" content=\"Mentions l\u00e9gales - SCS Concept\" \/>\n<meta property=\"og:description\" content=\"Mentions l\u00e9gales et conditions d\u2019utilisation Ce site appartient et est g\u00e9r\u00e9 par : SCS Concept S.r.l., Via\u00a0Zucchi 39\/c,\u00a020095 Cusano Milanino (MI), tel.\u00a0+39 02 92502684, num\u00e9ro de TVA :\u00a006388790963 Les informations\" \/>\n<meta property=\"og:url\" content=\"https:\/\/sitowebsmart.com\/fr\/mentions-legales\/\" \/>\n<meta property=\"og:site_name\" content=\"SCS Concept\" \/>\n<meta property=\"article:modified_time\" content=\"2018-12-19T13:41:06+00:00\" \/>\n<meta name=\"twitter:card\" content=\"summary_large_image\" \/>\n<meta name=\"twitter:label1\" content=\"Dur\u00e9e de lecture estim\u00e9e\" \/>\n\t<meta name=\"twitter:data1\" content=\"5 minutes\" \/>\n<script type=\"application\/ld+json\" class=\"yoast-schema-graph\">{\"@context\":\"https:\/\/schema.org\",\"@graph\":[{\"@type\":\"WebPage\",\"@id\":\"https:\/\/sitowebsmart.com\/fr\/mentions-legales\/\",\"url\":\"https:\/\/sitowebsmart.com\/fr\/mentions-legales\/\",\"name\":\"Mentions l\u00e9gales - SCS Concept\",\"isPartOf\":{\"@id\":\"https:\/\/sitowebsmart.com\/#website\"},\"datePublished\":\"2018-04-13T15:31:20+00:00\",\"dateModified\":\"2018-12-19T13:41:06+00:00\",\"breadcrumb\":{\"@id\":\"https:\/\/sitowebsmart.com\/fr\/mentions-legales\/#breadcrumb\"},\"inLanguage\":\"fr-FR\",\"potentialAction\":[{\"@type\":\"ReadAction\",\"target\":[\"https:\/\/sitowebsmart.com\/fr\/mentions-legales\/\"]}]},{\"@type\":\"BreadcrumbList\",\"@id\":\"https:\/\/sitowebsmart.com\/fr\/mentions-legales\/#breadcrumb\",\"itemListElement\":[{\"@type\":\"ListItem\",\"position\":1,\"name\":\"Home\",\"item\":\"https:\/\/sitowebsmart.com\/fr\/\"},{\"@type\":\"ListItem\",\"position\":2,\"name\":\"Mentions l\u00e9gales\"}]},{\"@type\":\"WebSite\",\"@id\":\"https:\/\/sitowebsmart.com\/#website\",\"url\":\"https:\/\/sitowebsmart.com\/\",\"name\":\"SCS Concept\",\"description\":\"Soluzioni Avanzate per il serraggio e controllo qualit\u00e0\",\"publisher\":{\"@id\":\"https:\/\/sitowebsmart.com\/#organization\"},\"potentialAction\":[{\"@type\":\"SearchAction\",\"target\":{\"@type\":\"EntryPoint\",\"urlTemplate\":\"https:\/\/sitowebsmart.com\/?s={search_term_string}\"},\"query-input\":{\"@type\":\"PropertyValueSpecification\",\"valueRequired\":true,\"valueName\":\"search_term_string\"}}],\"inLanguage\":\"fr-FR\"},{\"@type\":\"Organization\",\"@id\":\"https:\/\/sitowebsmart.com\/#organization\",\"name\":\"SCS Concept\",\"url\":\"https:\/\/sitowebsmart.com\/\",\"logo\":{\"@type\":\"ImageObject\",\"inLanguage\":\"fr-FR\",\"@id\":\"https:\/\/sitowebsmart.com\/#\/schema\/logo\/image\/\",\"url\":\"https:\/\/sitowebsmart.com\/wp-content\/uploads\/2018\/01\/scs-concept-group-200.png\",\"contentUrl\":\"https:\/\/sitowebsmart.com\/wp-content\/uploads\/2018\/01\/scs-concept-group-200.png\",\"width\":200,\"height\":200,\"caption\":\"SCS Concept\"},\"image\":{\"@id\":\"https:\/\/sitowebsmart.com\/#\/schema\/logo\/image\/\"}}]}<\/script>\n<!-- \/ Yoast SEO plugin. -->","yoast_head_json":{"title":"Mentions l\u00e9gales - SCS Concept","robots":{"index":"index","follow":"follow","max-snippet":"max-snippet:-1","max-image-preview":"max-image-preview:large","max-video-preview":"max-video-preview:-1"},"canonical":"https:\/\/sitowebsmart.com\/fr\/mentions-legales\/","og_locale":"fr_FR","og_type":"article","og_title":"Mentions l\u00e9gales - SCS Concept","og_description":"Mentions l\u00e9gales et conditions d\u2019utilisation Ce site appartient et est g\u00e9r\u00e9 par : SCS Concept S.r.l., Via\u00a0Zucchi 39\/c,\u00a020095 Cusano Milanino (MI), tel.\u00a0+39 02 92502684, num\u00e9ro de TVA :\u00a006388790963 Les informations","og_url":"https:\/\/sitowebsmart.com\/fr\/mentions-legales\/","og_site_name":"SCS Concept","article_modified_time":"2018-12-19T13:41:06+00:00","twitter_card":"summary_large_image","twitter_misc":{"Dur\u00e9e de lecture estim\u00e9e":"5 minutes"},"schema":{"@context":"https:\/\/schema.org","@graph":[{"@type":"WebPage","@id":"https:\/\/sitowebsmart.com\/fr\/mentions-legales\/","url":"https:\/\/sitowebsmart.com\/fr\/mentions-legales\/","name":"Mentions l\u00e9gales - SCS Concept","isPartOf":{"@id":"https:\/\/sitowebsmart.com\/#website"},"datePublished":"2018-04-13T15:31:20+00:00","dateModified":"2018-12-19T13:41:06+00:00","breadcrumb":{"@id":"https:\/\/sitowebsmart.com\/fr\/mentions-legales\/#breadcrumb"},"inLanguage":"fr-FR","potentialAction":[{"@type":"ReadAction","target":["https:\/\/sitowebsmart.com\/fr\/mentions-legales\/"]}]},{"@type":"BreadcrumbList","@id":"https:\/\/sitowebsmart.com\/fr\/mentions-legales\/#breadcrumb","itemListElement":[{"@type":"ListItem","position":1,"name":"Home","item":"https:\/\/sitowebsmart.com\/fr\/"},{"@type":"ListItem","position":2,"name":"Mentions l\u00e9gales"}]},{"@type":"WebSite","@id":"https:\/\/sitowebsmart.com\/#website","url":"https:\/\/sitowebsmart.com\/","name":"SCS Concept","description":"Soluzioni Avanzate per il serraggio e controllo qualit\u00e0","publisher":{"@id":"https:\/\/sitowebsmart.com\/#organization"},"potentialAction":[{"@type":"SearchAction","target":{"@type":"EntryPoint","urlTemplate":"https:\/\/sitowebsmart.com\/?s={search_term_string}"},"query-input":{"@type":"PropertyValueSpecification","valueRequired":true,"valueName":"search_term_string"}}],"inLanguage":"fr-FR"},{"@type":"Organization","@id":"https:\/\/sitowebsmart.com\/#organization","name":"SCS Concept","url":"https:\/\/sitowebsmart.com\/","logo":{"@type":"ImageObject","inLanguage":"fr-FR","@id":"https:\/\/sitowebsmart.com\/#\/schema\/logo\/image\/","url":"https:\/\/sitowebsmart.com\/wp-content\/uploads\/2018\/01\/scs-concept-group-200.png","contentUrl":"https:\/\/sitowebsmart.com\/wp-content\/uploads\/2018\/01\/scs-concept-group-200.png","width":200,"height":200,"caption":"SCS Concept"},"image":{"@id":"https:\/\/sitowebsmart.com\/#\/schema\/logo\/image\/"}}]}},"_links":{"self":[{"href":"https:\/\/sitowebsmart.com\/fr\/wp-json\/wp\/v2\/pages\/14159","targetHints":{"allow":["GET"]}}],"collection":[{"href":"https:\/\/sitowebsmart.com\/fr\/wp-json\/wp\/v2\/pages"}],"about":[{"href":"https:\/\/sitowebsmart.com\/fr\/wp-json\/wp\/v2\/types\/page"}],"author":[{"embeddable":true,"href":"https:\/\/sitowebsmart.com\/fr\/wp-json\/wp\/v2\/users\/5"}],"replies":[{"embeddable":true,"href":"https:\/\/sitowebsmart.com\/fr\/wp-json\/wp\/v2\/comments?post=14159"}],"version-history":[{"count":4,"href":"https:\/\/sitowebsmart.com\/fr\/wp-json\/wp\/v2\/pages\/14159\/revisions"}],"predecessor-version":[{"id":21010,"href":"https:\/\/sitowebsmart.com\/fr\/wp-json\/wp\/v2\/pages\/14159\/revisions\/21010"}],"wp:attachment":[{"href":"https:\/\/sitowebsmart.com\/fr\/wp-json\/wp\/v2\/media?parent=14159"}],"curies":[{"name":"wp","href":"https:\/\/api.w.org\/{rel}","templated":true}]}}