{"id":19172,"date":"2018-10-04T17:24:57","date_gmt":"2018-10-04T17:24:57","guid":{"rendered":"https:\/\/www.scsconcept.com\/corsi-di-formazione-serraggio-qualifica\/"},"modified":"2018-10-17T17:11:07","modified_gmt":"2018-10-17T17:11:07","slug":"qualification","status":"publish","type":"page","link":"https:\/\/sitowebsmart.com\/fr\/qualification\/","title":{"rendered":"Qualification"},"content":{"rendered":"<div class=\"wpb-content-wrapper\"><p>[vc_row force_equal_height_columns=\u00a0\u00bbmain_row\u00a0\u00bb dfd_row_config=\u00a0\u00bbfull_width_content\u00a0\u00bb][vc_column width=\u00a0\u00bb1\/2&Prime; dfd_column_responsive_enable=\u00a0\u00bbdfd-column-responsive-enable\u00a0\u00bb css=\u00a0\u00bb.vc_custom_1515147431102{padding-right: 2% !important;padding-left: 2% !important;background-color: #f7f7f7 !important;}\u00a0\u00bb el_class=\u00a0\u00bbdfd_col-tablet-12&Prime; offset=\u00a0\u00bbvc_col-lg-6 vc_col-md-6 vc_col-xs-12&Prime; responsive_styles=\u00a0\u00bbpadding_left_tablet:20|padding_right_tablet:20|padding_left_mobile:20|padding_right_mobile:20&Prime;][vc_row_inner dfd_row_responsive_enable=\u00a0\u00bbdfd-row-responsive-enable\u00a0\u00bb css=\u00a0\u00bb.vc_custom_1538672628153{padding-right: 10.5% !important;padding-left: 10.5% !important;}\u00a0\u00bb responsive_styles=\u00a0\u00bbpadding_left_desktop:0|padding_right_desktop:0&Prime; el_class=\u00a0\u00bbpadding-tablet\u00a0\u00bb][vc_column_inner dfd_column_responsive_enable=\u00a0\u00bbdfd-column-responsive-enable\u00a0\u00bb]<div class=\"dfd-spacer-module\"  data-units=\"px\" data-wide_resolution=\"1280\" data-wide_size=\"120\" data-normal_resolution=\"1024\" data-normal_size=\"100\" data-tablet_resolution=\"800\" data-tablet_size=\"90\" data-mobile_resolution=\"480\" data-mobile_size=\"80\" style=\"height: 120px;\"><\/div><div class=\"dfd-heading-shortcode\"><div class=\"dfd-heading-module-wrap  text-left style_01 cr-animate-gen dfd-heading-69dff198d08c6 dfd-disable-resposive-headings\" id=\"dfd-heading-69dff198d08c6\" data-animate-type = \"transition.expandIn\" ><div class=\"inline-block\"><div class=\"dfd-heading-module\"><h1 class=\"widget-title dfd-title \" style=\"\">Qualification<\/h1><h3 class=\"widget-sub-title dfd-sub-title \" style=\"font-family:Open Sans; font-weight:400; font-style:italic; font-size: 16px; \">La cl\u00e9 du succ\u00e8s.<\/h3><div class=\"dfd-heading-delimiter dfd-img-lazy-load\"><\/div><\/div><\/div><\/div><script type=\"text\/javascript\">\r\n\t\t\t\t\t\t\t\t\t(function($) {\r\n\t\t\t\t\t\t\t\t\t\t$(\"head\").append(\"<style>.dfd-heading-69dff198d08c6.dfd-heading-module-wrap .dfd-heading-module .dfd-heading-delimiter {border-bottom-style:solid;border-bottom-width:1px;width:140px;border-bottom-color:#ea5d1c;}.dfd-heading-69dff198d08c6 .dfd-heading-module .widget-sub-title {margin-top:15px;margin-bottom:20px;}.dfd-heading-69dff198d08c6.dfd-heading-module-wrap .dfd-heading-module .dfd-heading-delimiter {margin-top:10px;margin-bottom:10px;}<\/style>\");\r\n\t\t\t\t\t\t\t\t\t})(jQuery);\r\n\t\t\t\t\t\t\t\t<\/script><\/div>[vc_column_text item_animation=\u00a0\u00bbtransition.slideDownIn\u00a0\u00bb css=\u00a0\u00bb.vc_custom_1539796260777{margin-bottom: 20px !important;}\u00a0\u00bb]Nous avons d\u00e9velopp\u00e9 un vaste ensemble de modules d\u2019enseignement th\u00e9orique et des formations pratiques pour les processus d\u2019assemblage des joints, et l\u2019assurance de la qualit\u00e9.<\/p>\n<p>Bas\u00e9 sur approximativement 300 diff\u00e9rents essais et s\u00e9quences de formation, nous avons cr\u00e9\u00e9 une formation personnalis\u00e9e, divis\u00e9e en s\u00e9quences de niveau basique, avanc\u00e9 ou expert.<\/p>\n<p>Nos cours pour la qualification sont toujours un groupe cible sp\u00e9cifique : de la ligne d\u2019assemblage au niveau de gestion, de la construction \u00e0 l\u2019assurance de la qualit\u00e9, du d\u00e9partement de la planification \u00e0 la technologie du laboratoire \u2013 le bon cours de formation pour chacun.<\/p>\n<p>Les syst\u00e8mes de gestion internationaux bien \u00e9tablis (ISO 9001, IATF 16949, ISO\/TS 22163, ISO 9100 etc.) demandent aux organisations de d\u00e9terminer la comp\u00e9tence n\u00e9cessaire de leurs employ\u00e9s et d\u2019assurer cette comp\u00e9tence par des formations v\u00e9rifi\u00e9es et efficaces.[\/vc_column_text]<div class=\"dfd-spacer-module\"  data-units=\"px\" data-wide_resolution=\"1280\" data-wide_size=\"135\" data-normal_resolution=\"1024\" data-normal_size=\"100\" data-tablet_resolution=\"800\" data-tablet_size=\"90\" data-mobile_resolution=\"480\" data-mobile_size=\"80\" style=\"height: 135px;\"><\/div>[\/vc_column_inner][\/vc_row_inner][\/vc_column][vc_column width=\u00a0\u00bb1\/2&Prime; column_bg_position=\u00a0\u00bbcenter bottom\u00a0\u00bb dfd_column_responsive_enable=\u00a0\u00bbdfd-column-responsive-enable\u00a0\u00bb el_class=\u00a0\u00bbdfd_col-tablet-12&Prime; offset=\u00a0\u00bbvc_col-lg-6 vc_col-md-6 vc_col-xs-12&Prime; responsive_styles=\u00a0\u00bbpadding_left_desktop:0|padding_right_desktop:0&Prime; css=\u00a0\u00bb.vc_custom_1538985480353{background-image: url(https:\/\/sitowebsmart.com\/wp-content\/uploads\/2018\/10\/scs-concept-fastening-training-qulification.jpg?id=18552) !important;background-position: center !important;background-repeat: no-repeat !important;background-size: cover !important;}\u00a0\u00bb]<div class=\"dfd-spacer-module\"  data-units=\"px\" data-wide_resolution=\"1280\" data-wide_size=\"\" data-normal_resolution=\"1024\" data-normal_size=\"\" data-tablet_resolution=\"800\" data-tablet_size=\"\" data-mobile_resolution=\"480\" data-mobile_size=\"150\" style=\"height: px;\"><\/div><div class=\"dfd-spacer-module\"  data-units=\"px\" data-wide_resolution=\"1280\" data-wide_size=\"\" data-normal_resolution=\"1024\" data-normal_size=\"\" data-tablet_resolution=\"800\" data-tablet_size=\"\" data-mobile_resolution=\"480\" data-mobile_size=\"150\" style=\"height: px;\"><\/div>[\/vc_column][\/vc_row]<\/p>\n<\/div>","protected":false},"excerpt":{"rendered":"<p>[vc_row force_equal_height_columns=\u00a0\u00bbmain_row\u00a0\u00bb dfd_row_config=\u00a0\u00bbfull_width_content\u00a0\u00bb][vc_column width=\u00a0\u00bb1\/2&Prime; dfd_column_responsive_enable=\u00a0\u00bbdfd-column-responsive-enable\u00a0\u00bb css=\u00a0\u00bb.vc_custom_1515147431102{padding-right: 2% !important;padding-left: 2% !important;background-color: #f7f7f7 !important;}\u00a0\u00bb el_class=\u00a0\u00bbdfd_col-tablet-12&Prime; offset=\u00a0\u00bbvc_col-lg-6 vc_col-md-6 vc_col-xs-12&Prime; responsive_styles=\u00a0\u00bbpadding_left_tablet:20|padding_right_tablet:20|padding_left_mobile:20|padding_right_mobile:20&Prime;][vc_row_inner dfd_row_responsive_enable=\u00a0\u00bbdfd-row-responsive-enable\u00a0\u00bb css=\u00a0\u00bb.vc_custom_1538672628153{padding-right: 10.5% !important;padding-left: 10.5% !important;}\u00a0\u00bb responsive_styles=\u00a0\u00bbpadding_left_desktop:0|padding_right_desktop:0&Prime; el_class=\u00a0\u00bbpadding-tablet\u00a0\u00bb][vc_column_inner dfd_column_responsive_enable=\u00a0\u00bbdfd-column-responsive-enable\u00a0\u00bb][vc_column_text item_animation=\u00a0\u00bbtransition.slideDownIn\u00a0\u00bb css=\u00a0\u00bb.vc_custom_1539796260777{margin-bottom: 20px !important;}\u00a0\u00bb]Nous<\/p>\n","protected":false},"author":5,"featured_media":0,"parent":0,"menu_order":0,"comment_status":"closed","ping_status":"closed","template":"page-custom.php","meta":{"_acf_changed":false,"footnotes":""},"class_list":["post-19172","page","type-page","status-publish","hentry"],"acf":[],"yoast_head":"<!-- This site is optimized with the Yoast SEO plugin v26.9 - https:\/\/yoast.com\/product\/yoast-seo-wordpress\/ -->\n<title>Qualification - SCS Concept<\/title>\n<meta name=\"robots\" content=\"index, follow, max-snippet:-1, max-image-preview:large, max-video-preview:-1\" \/>\n<link rel=\"canonical\" href=\"https:\/\/sitowebsmart.com\/fr\/qualification\/\" \/>\n<meta property=\"og:locale\" content=\"fr_FR\" \/>\n<meta property=\"og:type\" content=\"article\" \/>\n<meta property=\"og:title\" content=\"Qualification - SCS Concept\" \/>\n<meta property=\"og:description\" content=\"[vc_row force_equal_height_columns=\u00a0\u00bbmain_row\u00a0\u00bb dfd_row_config=\u00a0\u00bbfull_width_content\u00a0\u00bb][vc_column width=\u00a0\u00bb1\/2&Prime; dfd_column_responsive_enable=\u00a0\u00bbdfd-column-responsive-enable\u00a0\u00bb css=\u00a0\u00bb.vc_custom_1515147431102{padding-right: 2% !important;padding-left: 2% !important;background-color: #f7f7f7 !important;}\u00a0\u00bb el_class=\u00a0\u00bbdfd_col-tablet-12&Prime; offset=\u00a0\u00bbvc_col-lg-6 vc_col-md-6 vc_col-xs-12&Prime; responsive_styles=\u00a0\u00bbpadding_left_tablet:20|padding_right_tablet:20|padding_left_mobile:20|padding_right_mobile:20&Prime;][vc_row_inner dfd_row_responsive_enable=\u00a0\u00bbdfd-row-responsive-enable\u00a0\u00bb css=\u00a0\u00bb.vc_custom_1538672628153{padding-right: 10.5% !important;padding-left: 10.5% !important;}\u00a0\u00bb responsive_styles=\u00a0\u00bbpadding_left_desktop:0|padding_right_desktop:0&Prime; el_class=\u00a0\u00bbpadding-tablet\u00a0\u00bb][vc_column_inner dfd_column_responsive_enable=\u00a0\u00bbdfd-column-responsive-enable\u00a0\u00bb][vc_column_text item_animation=\u00a0\u00bbtransition.slideDownIn\u00a0\u00bb css=\u00a0\u00bb.vc_custom_1539796260777{margin-bottom: 20px !important;}\u00a0\u00bb]Nous\" \/>\n<meta property=\"og:url\" content=\"https:\/\/sitowebsmart.com\/fr\/qualification\/\" \/>\n<meta property=\"og:site_name\" content=\"SCS Concept\" \/>\n<meta property=\"article:modified_time\" content=\"2018-10-17T17:11:07+00:00\" \/>\n<meta name=\"twitter:card\" content=\"summary_large_image\" \/>\n<meta name=\"twitter:label1\" content=\"Dur\u00e9e de lecture estim\u00e9e\" \/>\n\t<meta name=\"twitter:data1\" content=\"3 minutes\" \/>\n<script type=\"application\/ld+json\" class=\"yoast-schema-graph\">{\"@context\":\"https:\/\/schema.org\",\"@graph\":[{\"@type\":\"WebPage\",\"@id\":\"https:\/\/sitowebsmart.com\/fr\/qualification\/\",\"url\":\"https:\/\/sitowebsmart.com\/fr\/qualification\/\",\"name\":\"Qualification - SCS Concept\",\"isPartOf\":{\"@id\":\"https:\/\/sitowebsmart.com\/#website\"},\"datePublished\":\"2018-10-04T17:24:57+00:00\",\"dateModified\":\"2018-10-17T17:11:07+00:00\",\"breadcrumb\":{\"@id\":\"https:\/\/sitowebsmart.com\/fr\/qualification\/#breadcrumb\"},\"inLanguage\":\"fr-FR\",\"potentialAction\":[{\"@type\":\"ReadAction\",\"target\":[\"https:\/\/sitowebsmart.com\/fr\/qualification\/\"]}]},{\"@type\":\"BreadcrumbList\",\"@id\":\"https:\/\/sitowebsmart.com\/fr\/qualification\/#breadcrumb\",\"itemListElement\":[{\"@type\":\"ListItem\",\"position\":1,\"name\":\"Home\",\"item\":\"https:\/\/sitowebsmart.com\/fr\/\"},{\"@type\":\"ListItem\",\"position\":2,\"name\":\"Qualification\"}]},{\"@type\":\"WebSite\",\"@id\":\"https:\/\/sitowebsmart.com\/#website\",\"url\":\"https:\/\/sitowebsmart.com\/\",\"name\":\"SCS Concept\",\"description\":\"Soluzioni Avanzate per il serraggio e controllo qualit\u00e0\",\"publisher\":{\"@id\":\"https:\/\/sitowebsmart.com\/#organization\"},\"potentialAction\":[{\"@type\":\"SearchAction\",\"target\":{\"@type\":\"EntryPoint\",\"urlTemplate\":\"https:\/\/sitowebsmart.com\/?s={search_term_string}\"},\"query-input\":{\"@type\":\"PropertyValueSpecification\",\"valueRequired\":true,\"valueName\":\"search_term_string\"}}],\"inLanguage\":\"fr-FR\"},{\"@type\":\"Organization\",\"@id\":\"https:\/\/sitowebsmart.com\/#organization\",\"name\":\"SCS Concept\",\"url\":\"https:\/\/sitowebsmart.com\/\",\"logo\":{\"@type\":\"ImageObject\",\"inLanguage\":\"fr-FR\",\"@id\":\"https:\/\/sitowebsmart.com\/#\/schema\/logo\/image\/\",\"url\":\"https:\/\/sitowebsmart.com\/wp-content\/uploads\/2018\/01\/scs-concept-group-200.png\",\"contentUrl\":\"https:\/\/sitowebsmart.com\/wp-content\/uploads\/2018\/01\/scs-concept-group-200.png\",\"width\":200,\"height\":200,\"caption\":\"SCS Concept\"},\"image\":{\"@id\":\"https:\/\/sitowebsmart.com\/#\/schema\/logo\/image\/\"}}]}<\/script>\n<!-- \/ Yoast SEO plugin. -->","yoast_head_json":{"title":"Qualification - SCS Concept","robots":{"index":"index","follow":"follow","max-snippet":"max-snippet:-1","max-image-preview":"max-image-preview:large","max-video-preview":"max-video-preview:-1"},"canonical":"https:\/\/sitowebsmart.com\/fr\/qualification\/","og_locale":"fr_FR","og_type":"article","og_title":"Qualification - SCS Concept","og_description":"[vc_row force_equal_height_columns=\u00a0\u00bbmain_row\u00a0\u00bb dfd_row_config=\u00a0\u00bbfull_width_content\u00a0\u00bb][vc_column width=\u00a0\u00bb1\/2&Prime; dfd_column_responsive_enable=\u00a0\u00bbdfd-column-responsive-enable\u00a0\u00bb css=\u00a0\u00bb.vc_custom_1515147431102{padding-right: 2% !important;padding-left: 2% !important;background-color: #f7f7f7 !important;}\u00a0\u00bb el_class=\u00a0\u00bbdfd_col-tablet-12&Prime; offset=\u00a0\u00bbvc_col-lg-6 vc_col-md-6 vc_col-xs-12&Prime; responsive_styles=\u00a0\u00bbpadding_left_tablet:20|padding_right_tablet:20|padding_left_mobile:20|padding_right_mobile:20&Prime;][vc_row_inner dfd_row_responsive_enable=\u00a0\u00bbdfd-row-responsive-enable\u00a0\u00bb css=\u00a0\u00bb.vc_custom_1538672628153{padding-right: 10.5% !important;padding-left: 10.5% !important;}\u00a0\u00bb responsive_styles=\u00a0\u00bbpadding_left_desktop:0|padding_right_desktop:0&Prime; el_class=\u00a0\u00bbpadding-tablet\u00a0\u00bb][vc_column_inner dfd_column_responsive_enable=\u00a0\u00bbdfd-column-responsive-enable\u00a0\u00bb][vc_column_text item_animation=\u00a0\u00bbtransition.slideDownIn\u00a0\u00bb css=\u00a0\u00bb.vc_custom_1539796260777{margin-bottom: 20px !important;}\u00a0\u00bb]Nous","og_url":"https:\/\/sitowebsmart.com\/fr\/qualification\/","og_site_name":"SCS Concept","article_modified_time":"2018-10-17T17:11:07+00:00","twitter_card":"summary_large_image","twitter_misc":{"Dur\u00e9e de lecture estim\u00e9e":"3 minutes"},"schema":{"@context":"https:\/\/schema.org","@graph":[{"@type":"WebPage","@id":"https:\/\/sitowebsmart.com\/fr\/qualification\/","url":"https:\/\/sitowebsmart.com\/fr\/qualification\/","name":"Qualification - SCS Concept","isPartOf":{"@id":"https:\/\/sitowebsmart.com\/#website"},"datePublished":"2018-10-04T17:24:57+00:00","dateModified":"2018-10-17T17:11:07+00:00","breadcrumb":{"@id":"https:\/\/sitowebsmart.com\/fr\/qualification\/#breadcrumb"},"inLanguage":"fr-FR","potentialAction":[{"@type":"ReadAction","target":["https:\/\/sitowebsmart.com\/fr\/qualification\/"]}]},{"@type":"BreadcrumbList","@id":"https:\/\/sitowebsmart.com\/fr\/qualification\/#breadcrumb","itemListElement":[{"@type":"ListItem","position":1,"name":"Home","item":"https:\/\/sitowebsmart.com\/fr\/"},{"@type":"ListItem","position":2,"name":"Qualification"}]},{"@type":"WebSite","@id":"https:\/\/sitowebsmart.com\/#website","url":"https:\/\/sitowebsmart.com\/","name":"SCS Concept","description":"Soluzioni Avanzate per il serraggio e controllo qualit\u00e0","publisher":{"@id":"https:\/\/sitowebsmart.com\/#organization"},"potentialAction":[{"@type":"SearchAction","target":{"@type":"EntryPoint","urlTemplate":"https:\/\/sitowebsmart.com\/?s={search_term_string}"},"query-input":{"@type":"PropertyValueSpecification","valueRequired":true,"valueName":"search_term_string"}}],"inLanguage":"fr-FR"},{"@type":"Organization","@id":"https:\/\/sitowebsmart.com\/#organization","name":"SCS Concept","url":"https:\/\/sitowebsmart.com\/","logo":{"@type":"ImageObject","inLanguage":"fr-FR","@id":"https:\/\/sitowebsmart.com\/#\/schema\/logo\/image\/","url":"https:\/\/sitowebsmart.com\/wp-content\/uploads\/2018\/01\/scs-concept-group-200.png","contentUrl":"https:\/\/sitowebsmart.com\/wp-content\/uploads\/2018\/01\/scs-concept-group-200.png","width":200,"height":200,"caption":"SCS Concept"},"image":{"@id":"https:\/\/sitowebsmart.com\/#\/schema\/logo\/image\/"}}]}},"_links":{"self":[{"href":"https:\/\/sitowebsmart.com\/fr\/wp-json\/wp\/v2\/pages\/19172","targetHints":{"allow":["GET"]}}],"collection":[{"href":"https:\/\/sitowebsmart.com\/fr\/wp-json\/wp\/v2\/pages"}],"about":[{"href":"https:\/\/sitowebsmart.com\/fr\/wp-json\/wp\/v2\/types\/page"}],"author":[{"embeddable":true,"href":"https:\/\/sitowebsmart.com\/fr\/wp-json\/wp\/v2\/users\/5"}],"replies":[{"embeddable":true,"href":"https:\/\/sitowebsmart.com\/fr\/wp-json\/wp\/v2\/comments?post=19172"}],"version-history":[{"count":3,"href":"https:\/\/sitowebsmart.com\/fr\/wp-json\/wp\/v2\/pages\/19172\/revisions"}],"predecessor-version":[{"id":19175,"href":"https:\/\/sitowebsmart.com\/fr\/wp-json\/wp\/v2\/pages\/19172\/revisions\/19175"}],"wp:attachment":[{"href":"https:\/\/sitowebsmart.com\/fr\/wp-json\/wp\/v2\/media?parent=19172"}],"curies":[{"name":"wp","href":"https:\/\/api.w.org\/{rel}","templated":true}]}}