{"id":19185,"date":"2018-10-04T17:35:59","date_gmt":"2018-10-04T17:35:59","guid":{"rendered":"https:\/\/www.scsconcept.com\/corsi-di-formazione-serraggio-ubicazione\/"},"modified":"2018-10-17T17:43:53","modified_gmt":"2018-10-17T17:43:53","slug":"lieu","status":"publish","type":"page","link":"https:\/\/sitowebsmart.com\/fr\/lieu\/","title":{"rendered":"Lieu"},"content":{"rendered":"<div class=\"wpb-content-wrapper\"><p>[vc_row force_equal_height_columns=\u00a0\u00bbmain_row\u00a0\u00bb dfd_row_config=\u00a0\u00bbfull_width_content\u00a0\u00bb][vc_column width=\u00a0\u00bb1\/2&Prime; dfd_column_responsive_enable=\u00a0\u00bbdfd-column-responsive-enable\u00a0\u00bb css=\u00a0\u00bb.vc_custom_1515147431102{padding-right: 2% !important;padding-left: 2% !important;background-color: #f7f7f7 !important;}\u00a0\u00bb el_class=\u00a0\u00bbdfd_col-tablet-12&Prime; offset=\u00a0\u00bbvc_col-lg-6 vc_col-md-6 vc_col-xs-12&Prime; responsive_styles=\u00a0\u00bbpadding_left_tablet:20|padding_right_tablet:20|padding_left_mobile:20|padding_right_mobile:20&Prime;][vc_row_inner dfd_row_responsive_enable=\u00a0\u00bbdfd-row-responsive-enable\u00a0\u00bb css=\u00a0\u00bb.vc_custom_1538672628153{padding-right: 10.5% !important;padding-left: 10.5% !important;}\u00a0\u00bb responsive_styles=\u00a0\u00bbpadding_left_desktop:0|padding_right_desktop:0&Prime; el_class=\u00a0\u00bbpadding-tablet\u00a0\u00bb][vc_column_inner dfd_column_responsive_enable=\u00a0\u00bbdfd-column-responsive-enable\u00a0\u00bb]<div class=\"dfd-spacer-module\"  data-units=\"px\" data-wide_resolution=\"1280\" data-wide_size=\"120\" data-normal_resolution=\"1024\" data-normal_size=\"100\" data-tablet_resolution=\"800\" data-tablet_size=\"90\" data-mobile_resolution=\"480\" data-mobile_size=\"80\" style=\"height: 120px;\"><\/div><div class=\"dfd-heading-shortcode\"><div class=\"dfd-heading-module-wrap  text-left style_01 cr-animate-gen dfd-heading-69df2f0867ae9 dfd-disable-resposive-headings\" id=\"dfd-heading-69df2f0867ae9\" data-animate-type = \"transition.expandIn\" ><div class=\"inline-block\"><div class=\"dfd-heading-module\"><h1 class=\"widget-title dfd-title \" style=\"\">Lieu<\/p>\n<p><\/h1><h3 class=\"widget-sub-title dfd-sub-title \" style=\"font-family:Open Sans; font-weight:400; font-style:italic; font-size: 16px; \">O\u00f9 vous voulez.<\/h3><div class=\"dfd-heading-delimiter dfd-img-lazy-load\"><\/div><\/div><\/div><\/div><script type=\"text\/javascript\">\r\n\t\t\t\t\t\t\t\t\t(function($) {\r\n\t\t\t\t\t\t\t\t\t\t$(\"head\").append(\"<style>.dfd-heading-69df2f0867ae9.dfd-heading-module-wrap .dfd-heading-module .dfd-heading-delimiter {border-bottom-style:solid;border-bottom-width:1px;width:140px;border-bottom-color:#ea5d1c;}.dfd-heading-69df2f0867ae9 .dfd-heading-module .widget-sub-title {margin-top:15px;margin-bottom:20px;}.dfd-heading-69df2f0867ae9.dfd-heading-module-wrap .dfd-heading-module .dfd-heading-delimiter {margin-top:10px;margin-bottom:10px;}<\/style>\");\r\n\t\t\t\t\t\t\t\t\t})(jQuery);\r\n\t\t\t\t\t\t\t\t<\/script><\/div>[vc_column_text item_animation=\u00a0\u00bbtransition.slideDownIn\u00a0\u00bb css=\u00a0\u00bb.vc_custom_1539798229439{margin-bottom: 20px !important;}\u00a0\u00bb]La formation est un processus global. Exempt de t\u00e2ches quotidiennes, la formation efficace et effective sera stimul\u00e9e.<\/p>\n<p>Pour atteindre ce but, nous sommes heureux d\u2019offrir un environnement convenable. Le principal centre de formation de SCS Academy est bas\u00e9 en plein c\u0153ur de l\u2019Europe. Plus de 1500 m\u00b2, incluant des salles de s\u00e9minaires professionnels, des \u00e9quipements de laboratoire et formation seront \u00e0 votre disposition.<\/p>\n<p>Nos formateurs certifi\u00e9s sont bas\u00e9s dans nos filiales internationales, proche de chez vous. Pour les formations internes, nous sommes parfaitement \u00e9quip\u00e9es avec des outils de pr\u00e9sentation, des \u00e9quipements de laboratoire et d\u2019assemblage.[\/vc_column_text]<div class=\"dfd-spacer-module\"  data-units=\"px\" data-wide_resolution=\"1280\" data-wide_size=\"135\" data-normal_resolution=\"1024\" data-normal_size=\"100\" data-tablet_resolution=\"800\" data-tablet_size=\"90\" data-mobile_resolution=\"480\" data-mobile_size=\"80\" style=\"height: 135px;\"><\/div>[\/vc_column_inner][\/vc_row_inner][\/vc_column][vc_column width=\u00a0\u00bb1\/2&Prime; column_bg_position=\u00a0\u00bbcenter bottom\u00a0\u00bb dfd_column_responsive_enable=\u00a0\u00bbdfd-column-responsive-enable\u00a0\u00bb el_class=\u00a0\u00bbdfd_col-tablet-12&Prime; offset=\u00a0\u00bbvc_col-lg-6 vc_col-md-6 vc_col-xs-12&Prime; responsive_styles=\u00a0\u00bbpadding_left_desktop:0|padding_right_desktop:0&Prime; css=\u00a0\u00bb.vc_custom_1538985656344{background-image: url(https:\/\/sitowebsmart.com\/wp-content\/uploads\/2018\/10\/Ubicazione-scs-academy.jpg?id=18199) !important;background-position: center !important;background-repeat: no-repeat !important;background-size: cover !important;}\u00a0\u00bb]<div class=\"dfd-spacer-module\"  data-units=\"px\" data-wide_resolution=\"1280\" data-wide_size=\"\" data-normal_resolution=\"1024\" data-normal_size=\"\" data-tablet_resolution=\"800\" data-tablet_size=\"\" data-mobile_resolution=\"480\" data-mobile_size=\"150\" style=\"height: px;\"><\/div><div class=\"dfd-spacer-module\"  data-units=\"px\" data-wide_resolution=\"1280\" data-wide_size=\"\" data-normal_resolution=\"1024\" data-normal_size=\"\" data-tablet_resolution=\"800\" data-tablet_size=\"\" data-mobile_resolution=\"480\" data-mobile_size=\"150\" style=\"height: px;\"><\/div>[\/vc_column][\/vc_row]<\/p>\n<\/div>","protected":false},"excerpt":{"rendered":"<p>[vc_row force_equal_height_columns=\u00a0\u00bbmain_row\u00a0\u00bb dfd_row_config=\u00a0\u00bbfull_width_content\u00a0\u00bb][vc_column width=\u00a0\u00bb1\/2&Prime; dfd_column_responsive_enable=\u00a0\u00bbdfd-column-responsive-enable\u00a0\u00bb css=\u00a0\u00bb.vc_custom_1515147431102{padding-right: 2% !important;padding-left: 2% !important;background-color: #f7f7f7 !important;}\u00a0\u00bb el_class=\u00a0\u00bbdfd_col-tablet-12&Prime; offset=\u00a0\u00bbvc_col-lg-6 vc_col-md-6 vc_col-xs-12&Prime; responsive_styles=\u00a0\u00bbpadding_left_tablet:20|padding_right_tablet:20|padding_left_mobile:20|padding_right_mobile:20&Prime;][vc_row_inner dfd_row_responsive_enable=\u00a0\u00bbdfd-row-responsive-enable\u00a0\u00bb css=\u00a0\u00bb.vc_custom_1538672628153{padding-right: 10.5% !important;padding-left: 10.5% !important;}\u00a0\u00bb responsive_styles=\u00a0\u00bbpadding_left_desktop:0|padding_right_desktop:0&Prime; el_class=\u00a0\u00bbpadding-tablet\u00a0\u00bb][vc_column_inner dfd_column_responsive_enable=\u00a0\u00bbdfd-column-responsive-enable\u00a0\u00bb][vc_column_text item_animation=\u00a0\u00bbtransition.slideDownIn\u00a0\u00bb css=\u00a0\u00bb.vc_custom_1539798229439{margin-bottom: 20px !important;}\u00a0\u00bb]La<\/p>\n","protected":false},"author":5,"featured_media":0,"parent":0,"menu_order":0,"comment_status":"closed","ping_status":"closed","template":"page-custom.php","meta":{"_acf_changed":false,"footnotes":""},"class_list":["post-19185","page","type-page","status-publish","hentry"],"acf":[],"yoast_head":"<!-- This site is optimized with the Yoast SEO plugin v26.9 - https:\/\/yoast.com\/product\/yoast-seo-wordpress\/ -->\n<title>Lieu - SCS Concept<\/title>\n<meta name=\"robots\" content=\"index, follow, max-snippet:-1, max-image-preview:large, max-video-preview:-1\" \/>\n<link rel=\"canonical\" href=\"https:\/\/sitowebsmart.com\/fr\/lieu\/\" \/>\n<meta property=\"og:locale\" content=\"fr_FR\" \/>\n<meta property=\"og:type\" content=\"article\" \/>\n<meta property=\"og:title\" content=\"Lieu - SCS Concept\" \/>\n<meta property=\"og:description\" content=\"[vc_row force_equal_height_columns=\u00a0\u00bbmain_row\u00a0\u00bb dfd_row_config=\u00a0\u00bbfull_width_content\u00a0\u00bb][vc_column width=\u00a0\u00bb1\/2&Prime; dfd_column_responsive_enable=\u00a0\u00bbdfd-column-responsive-enable\u00a0\u00bb css=\u00a0\u00bb.vc_custom_1515147431102{padding-right: 2% !important;padding-left: 2% !important;background-color: #f7f7f7 !important;}\u00a0\u00bb el_class=\u00a0\u00bbdfd_col-tablet-12&Prime; offset=\u00a0\u00bbvc_col-lg-6 vc_col-md-6 vc_col-xs-12&Prime; responsive_styles=\u00a0\u00bbpadding_left_tablet:20|padding_right_tablet:20|padding_left_mobile:20|padding_right_mobile:20&Prime;][vc_row_inner dfd_row_responsive_enable=\u00a0\u00bbdfd-row-responsive-enable\u00a0\u00bb css=\u00a0\u00bb.vc_custom_1538672628153{padding-right: 10.5% !important;padding-left: 10.5% !important;}\u00a0\u00bb responsive_styles=\u00a0\u00bbpadding_left_desktop:0|padding_right_desktop:0&Prime; el_class=\u00a0\u00bbpadding-tablet\u00a0\u00bb][vc_column_inner dfd_column_responsive_enable=\u00a0\u00bbdfd-column-responsive-enable\u00a0\u00bb][vc_column_text item_animation=\u00a0\u00bbtransition.slideDownIn\u00a0\u00bb css=\u00a0\u00bb.vc_custom_1539798229439{margin-bottom: 20px !important;}\u00a0\u00bb]La\" \/>\n<meta property=\"og:url\" content=\"https:\/\/sitowebsmart.com\/fr\/lieu\/\" \/>\n<meta property=\"og:site_name\" content=\"SCS Concept\" \/>\n<meta property=\"article:modified_time\" content=\"2018-10-17T17:43:53+00:00\" \/>\n<meta name=\"twitter:card\" content=\"summary_large_image\" \/>\n<meta name=\"twitter:label1\" content=\"Dur\u00e9e de lecture estim\u00e9e\" \/>\n\t<meta name=\"twitter:data1\" content=\"2 minutes\" \/>\n<script type=\"application\/ld+json\" class=\"yoast-schema-graph\">{\"@context\":\"https:\/\/schema.org\",\"@graph\":[{\"@type\":\"WebPage\",\"@id\":\"https:\/\/sitowebsmart.com\/fr\/lieu\/\",\"url\":\"https:\/\/sitowebsmart.com\/fr\/lieu\/\",\"name\":\"Lieu - SCS Concept\",\"isPartOf\":{\"@id\":\"https:\/\/sitowebsmart.com\/#website\"},\"datePublished\":\"2018-10-04T17:35:59+00:00\",\"dateModified\":\"2018-10-17T17:43:53+00:00\",\"breadcrumb\":{\"@id\":\"https:\/\/sitowebsmart.com\/fr\/lieu\/#breadcrumb\"},\"inLanguage\":\"fr-FR\",\"potentialAction\":[{\"@type\":\"ReadAction\",\"target\":[\"https:\/\/sitowebsmart.com\/fr\/lieu\/\"]}]},{\"@type\":\"BreadcrumbList\",\"@id\":\"https:\/\/sitowebsmart.com\/fr\/lieu\/#breadcrumb\",\"itemListElement\":[{\"@type\":\"ListItem\",\"position\":1,\"name\":\"Home\",\"item\":\"https:\/\/sitowebsmart.com\/fr\/\"},{\"@type\":\"ListItem\",\"position\":2,\"name\":\"Lieu\"}]},{\"@type\":\"WebSite\",\"@id\":\"https:\/\/sitowebsmart.com\/#website\",\"url\":\"https:\/\/sitowebsmart.com\/\",\"name\":\"SCS Concept\",\"description\":\"Soluzioni Avanzate per il serraggio e controllo qualit\u00e0\",\"publisher\":{\"@id\":\"https:\/\/sitowebsmart.com\/#organization\"},\"potentialAction\":[{\"@type\":\"SearchAction\",\"target\":{\"@type\":\"EntryPoint\",\"urlTemplate\":\"https:\/\/sitowebsmart.com\/?s={search_term_string}\"},\"query-input\":{\"@type\":\"PropertyValueSpecification\",\"valueRequired\":true,\"valueName\":\"search_term_string\"}}],\"inLanguage\":\"fr-FR\"},{\"@type\":\"Organization\",\"@id\":\"https:\/\/sitowebsmart.com\/#organization\",\"name\":\"SCS Concept\",\"url\":\"https:\/\/sitowebsmart.com\/\",\"logo\":{\"@type\":\"ImageObject\",\"inLanguage\":\"fr-FR\",\"@id\":\"https:\/\/sitowebsmart.com\/#\/schema\/logo\/image\/\",\"url\":\"https:\/\/sitowebsmart.com\/wp-content\/uploads\/2018\/01\/scs-concept-group-200.png\",\"contentUrl\":\"https:\/\/sitowebsmart.com\/wp-content\/uploads\/2018\/01\/scs-concept-group-200.png\",\"width\":200,\"height\":200,\"caption\":\"SCS Concept\"},\"image\":{\"@id\":\"https:\/\/sitowebsmart.com\/#\/schema\/logo\/image\/\"}}]}<\/script>\n<!-- \/ Yoast SEO plugin. -->","yoast_head_json":{"title":"Lieu - SCS Concept","robots":{"index":"index","follow":"follow","max-snippet":"max-snippet:-1","max-image-preview":"max-image-preview:large","max-video-preview":"max-video-preview:-1"},"canonical":"https:\/\/sitowebsmart.com\/fr\/lieu\/","og_locale":"fr_FR","og_type":"article","og_title":"Lieu - SCS Concept","og_description":"[vc_row force_equal_height_columns=\u00a0\u00bbmain_row\u00a0\u00bb dfd_row_config=\u00a0\u00bbfull_width_content\u00a0\u00bb][vc_column width=\u00a0\u00bb1\/2&Prime; dfd_column_responsive_enable=\u00a0\u00bbdfd-column-responsive-enable\u00a0\u00bb css=\u00a0\u00bb.vc_custom_1515147431102{padding-right: 2% !important;padding-left: 2% !important;background-color: #f7f7f7 !important;}\u00a0\u00bb el_class=\u00a0\u00bbdfd_col-tablet-12&Prime; offset=\u00a0\u00bbvc_col-lg-6 vc_col-md-6 vc_col-xs-12&Prime; responsive_styles=\u00a0\u00bbpadding_left_tablet:20|padding_right_tablet:20|padding_left_mobile:20|padding_right_mobile:20&Prime;][vc_row_inner dfd_row_responsive_enable=\u00a0\u00bbdfd-row-responsive-enable\u00a0\u00bb css=\u00a0\u00bb.vc_custom_1538672628153{padding-right: 10.5% !important;padding-left: 10.5% !important;}\u00a0\u00bb responsive_styles=\u00a0\u00bbpadding_left_desktop:0|padding_right_desktop:0&Prime; el_class=\u00a0\u00bbpadding-tablet\u00a0\u00bb][vc_column_inner dfd_column_responsive_enable=\u00a0\u00bbdfd-column-responsive-enable\u00a0\u00bb][vc_column_text item_animation=\u00a0\u00bbtransition.slideDownIn\u00a0\u00bb css=\u00a0\u00bb.vc_custom_1539798229439{margin-bottom: 20px !important;}\u00a0\u00bb]La","og_url":"https:\/\/sitowebsmart.com\/fr\/lieu\/","og_site_name":"SCS Concept","article_modified_time":"2018-10-17T17:43:53+00:00","twitter_card":"summary_large_image","twitter_misc":{"Dur\u00e9e de lecture estim\u00e9e":"2 minutes"},"schema":{"@context":"https:\/\/schema.org","@graph":[{"@type":"WebPage","@id":"https:\/\/sitowebsmart.com\/fr\/lieu\/","url":"https:\/\/sitowebsmart.com\/fr\/lieu\/","name":"Lieu - SCS Concept","isPartOf":{"@id":"https:\/\/sitowebsmart.com\/#website"},"datePublished":"2018-10-04T17:35:59+00:00","dateModified":"2018-10-17T17:43:53+00:00","breadcrumb":{"@id":"https:\/\/sitowebsmart.com\/fr\/lieu\/#breadcrumb"},"inLanguage":"fr-FR","potentialAction":[{"@type":"ReadAction","target":["https:\/\/sitowebsmart.com\/fr\/lieu\/"]}]},{"@type":"BreadcrumbList","@id":"https:\/\/sitowebsmart.com\/fr\/lieu\/#breadcrumb","itemListElement":[{"@type":"ListItem","position":1,"name":"Home","item":"https:\/\/sitowebsmart.com\/fr\/"},{"@type":"ListItem","position":2,"name":"Lieu"}]},{"@type":"WebSite","@id":"https:\/\/sitowebsmart.com\/#website","url":"https:\/\/sitowebsmart.com\/","name":"SCS Concept","description":"Soluzioni Avanzate per il serraggio e controllo qualit\u00e0","publisher":{"@id":"https:\/\/sitowebsmart.com\/#organization"},"potentialAction":[{"@type":"SearchAction","target":{"@type":"EntryPoint","urlTemplate":"https:\/\/sitowebsmart.com\/?s={search_term_string}"},"query-input":{"@type":"PropertyValueSpecification","valueRequired":true,"valueName":"search_term_string"}}],"inLanguage":"fr-FR"},{"@type":"Organization","@id":"https:\/\/sitowebsmart.com\/#organization","name":"SCS Concept","url":"https:\/\/sitowebsmart.com\/","logo":{"@type":"ImageObject","inLanguage":"fr-FR","@id":"https:\/\/sitowebsmart.com\/#\/schema\/logo\/image\/","url":"https:\/\/sitowebsmart.com\/wp-content\/uploads\/2018\/01\/scs-concept-group-200.png","contentUrl":"https:\/\/sitowebsmart.com\/wp-content\/uploads\/2018\/01\/scs-concept-group-200.png","width":200,"height":200,"caption":"SCS Concept"},"image":{"@id":"https:\/\/sitowebsmart.com\/#\/schema\/logo\/image\/"}}]}},"_links":{"self":[{"href":"https:\/\/sitowebsmart.com\/fr\/wp-json\/wp\/v2\/pages\/19185","targetHints":{"allow":["GET"]}}],"collection":[{"href":"https:\/\/sitowebsmart.com\/fr\/wp-json\/wp\/v2\/pages"}],"about":[{"href":"https:\/\/sitowebsmart.com\/fr\/wp-json\/wp\/v2\/types\/page"}],"author":[{"embeddable":true,"href":"https:\/\/sitowebsmart.com\/fr\/wp-json\/wp\/v2\/users\/5"}],"replies":[{"embeddable":true,"href":"https:\/\/sitowebsmart.com\/fr\/wp-json\/wp\/v2\/comments?post=19185"}],"version-history":[{"count":3,"href":"https:\/\/sitowebsmart.com\/fr\/wp-json\/wp\/v2\/pages\/19185\/revisions"}],"predecessor-version":[{"id":19190,"href":"https:\/\/sitowebsmart.com\/fr\/wp-json\/wp\/v2\/pages\/19185\/revisions\/19190"}],"wp:attachment":[{"href":"https:\/\/sitowebsmart.com\/fr\/wp-json\/wp\/v2\/media?parent=19185"}],"curies":[{"name":"wp","href":"https:\/\/api.w.org\/{rel}","templated":true}]}}