{"id":26427,"date":"2022-07-13T11:02:02","date_gmt":"2022-07-13T11:02:02","guid":{"rendered":"https:\/\/www.scsconcept.com\/?page_id=26427"},"modified":"2022-07-13T11:07:40","modified_gmt":"2022-07-13T11:07:40","slug":"cookie-policy","status":"publish","type":"page","link":"https:\/\/sitowebsmart.com\/fr\/cookie-policy\/","title":{"rendered":"Cookie Policy"},"content":{"rendered":"<div class=\"wpb-content-wrapper\"><p>[vc_row][vc_column][vc_column_text]<\/p>\n<h2>Politique relative aux cookies de <strong>www.scsconcept.com <\/strong><\/h2>\n<p>Le pr\u00e9sent document informe les Utilisateurs des technologies permettant \u00e0 ce site Web d\u2019atteindre les finalit\u00e9s d\u00e9crites ci-dessous. Ces technologies permettent au Propri\u00e9taire d\u2019acc\u00e9der \u00e0 des informations et de les stocker (\u00e0 l\u2019aide d\u2019un Cookie, par exemple) ou d\u2019utiliser des ressources (en ex\u00e9cutant un script, par exemple) sur l\u2019appareil d\u2019un Utilisateur lorsque celui-ci interagit avec ce site Web.<\/p>\n<p>Par souci de simplification, toutes ces technologies sont d\u00e9finies comme \u00e9tant des \u00ab Traqueurs \u00bb dans le pr\u00e9sent document, \u00e0 moins qu\u2019il n\u2019existe une raison de les diff\u00e9rencier.<br \/>\nPar exemple, bien que les Cookies puissent \u00eatre utilis\u00e9s \u00e0 la fois sur les navigateurs Internet et mobiles, il serait inexact de parler de Cookies dans le contexte des applications mobiles car ce sont des traqueurs bas\u00e9s sur un navigateur. C\u2019est pourquoi, dans ce document, le terme Cookies n\u2019est utilis\u00e9 que lorsqu\u2019il est sp\u00e9cifiquement destin\u00e9 \u00e0 indiquer ce type sp\u00e9cifique de Traqueur.<\/p>\n<p>Certaines des finalit\u00e9s pour lesquelles les Traqueurs sont utilis\u00e9s peuvent n\u00e9cessiter le consentement de l\u2019Utilisateur. Lorsque le consentement est donn\u00e9, il peut \u00eatre librement retir\u00e9 \u00e0 tout moment en suivant les instructions fournies dans le pr\u00e9sent document.<\/p>\n<p>Ce site Web utilise des Traqueurs g\u00e9r\u00e9s directement par le Propri\u00e9taire (les Traqueurs dits \u00ab de premi\u00e8re partie \u00bb) et les Traqueurs qui activent les services fournis par un tiers (les Traqueurs dits \u00ab tiers \u00bb). Sauf indication contraire dans le pr\u00e9sent document, les fournisseurs tiers peuvent acc\u00e9der aux Traqueurs g\u00e9r\u00e9s par eux-m\u00eames.<br \/>\nLes p\u00e9riodes de validit\u00e9 et d\u2019expiration des Cookies et d\u2019autres Traqueurs similaires peuvent varier en fonction de la dur\u00e9e de vie d\u00e9finie par le Propri\u00e9taire ou le fournisseur concern\u00e9. Certains expirent \u00e0 la fin de la session de navigation de l\u2019Utilisateur.<br \/>\nOutre ce qui est pr\u00e9cis\u00e9 dans les descriptions de chacune des cat\u00e9gories ci-dessous, les Utilisateurs peuvent trouver des informations plus pr\u00e9cises et actualis\u00e9es concernant la description sur la dur\u00e9e de vie ainsi que toute autre information utile \u2013 comme la pr\u00e9sence d\u2019autres Traqueurs \u2013 dans les politiques de confidentialit\u00e9 des fournisseurs tiers respectifs, mises en lien, ou en contactant le Propri\u00e9taire.<\/p>\n<p>Pour trouver plus d\u2019informations consacr\u00e9es aux consommateurs californiens et \u00e0 leurs droits en mati\u00e8re de vie priv\u00e9e, les Utilisateurs peuvent <a href=\"https:\/\/www.iubenda.com\/privacy-policy\/94140778\/legal?from_cookie_policy=true&amp;no_markup=false\">lire la politique de confidentialit\u00e9<\/a>.<\/p>\n<p><strong>Activit\u00e9s strictement n\u00e9cessaires au fonctionnement de ce site Web et \u00e0 la fourniture du Service<\/strong><\/p>\n<p>Ce site Web utilise des Cookies dits \u00ab techniques \u00bb et d\u2019autres Traqueurs similaires pour mener des activit\u00e9s strictement n\u00e9cessaires au fonctionnement ou \u00e0 la fourniture du Service.<\/p>\n<p><strong>Traqueurs tiers<\/strong><\/p>\n<ul>\n<li><strong>Gestion des balises <\/strong><\/li>\n<\/ul>\n<p>Ce type de service permet au Propri\u00e9taire de g\u00e9rer les balises ou les scripts n\u00e9cessaires sur ce site Web de mani\u00e8re centralis\u00e9e.<br \/>\nPar cons\u00e9quent, les Donn\u00e9es utilisateurs transitent par ces services, ce qui pourrait entra\u00eener la conservation de ces Donn\u00e9es.<\/p>\n<p><strong>Google Tag Manager (Google Ireland Limited)<\/strong><\/p>\n<p>Google Tag Manager est un service de gestion de balises fourni par Google Ireland Limited.<\/p>\n<p>Donn\u00e9es personnelles trait\u00e9es : Donn\u00e9es d&rsquo;utilisation et Traqueurs.<\/p>\n<p>Lieu de traitement : Irlande \u2013 <a href=\"https:\/\/policies.google.com\/privacy\">Politique de confidentialit\u00e9<\/a>.<\/p>\n<p><strong>Autres activit\u00e9s impliquant l\u2019utilisation de Traqueurs<\/strong><\/p>\n<p><strong>Am\u00e9lioration de l\u2019exp\u00e9rience<\/strong><\/p>\n<p>Ce site Web utilise des Traqueurs pour offrir une exp\u00e9rience utilisateur personnalis\u00e9e en am\u00e9liorant la qualit\u00e9 des options de gestion des pr\u00e9f\u00e9rences et en permettant les interactions avec les r\u00e9seaux et les plateformes externes.<\/p>\n<ul>\n<li><strong>Affichage de contenus \u00e0 partir de plateformes externes <\/strong><\/li>\n<\/ul>\n<p>Ce type de services vous permet de visualiser et d\u2019interagir avec le contenu h\u00e9berg\u00e9 sur des plateformes externes directement \u00e0 partir des pages de ce site Web. Si un tel service est install\u00e9, il peut toujours collecter les donn\u00e9es relatives au trafic Web des pages, m\u00eame si l\u2019Utilisateur ne l\u2019utilise pas.<\/p>\n<p><strong>Google Fonts (Google Ireland Limited)<\/strong><\/p>\n<p>Google Fonts est un service de visualisation de polices de caract\u00e8res fourni par Google Ireland Limited qui permet \u00e0 ce site Web d&rsquo;incorporer un contenu de cette nature sur ses pages.<\/p>\n<p>Donn\u00e9es personnelles trait\u00e9es : Donn\u00e9es d&rsquo;utilisation et Traqueurs.<\/p>\n<p>Lieu de traitement : Irlande \u2013 <a href=\"https:\/\/policies.google.com\/privacy\">Politique de confidentialit\u00e9<\/a>.<\/p>\n<p><strong>Widget vid\u00e9o YouTube (mode de confidentialit\u00e9) (Google Ireland Limited)<\/strong><\/p>\n<p>YouTube est un service de visualisation de contenus vid\u00e9o fourni par Google Ireland Limited, permettant \u00e0 ce site Web d\u2019int\u00e9grer ce type de contenu sur ses pages. Ce widget est configur\u00e9 de telle sorte que YouTube n&rsquo;enregistre aucune information ou cookie sur les Utilisateurs de ce site Web, \u00e0 moins qu&rsquo;ils lancent la lecture de la vid\u00e9o.<\/p>\n<p>Donn\u00e9es personnelles trait\u00e9es : Donn\u00e9es d&rsquo;utilisation, Identifiant universel unique (UUID) et Traqueurs.<\/p>\n<p>Lieu de traitement : Irlande \u2013 <a href=\"https:\/\/policies.google.com\/privacy\">Politique de confidentialit\u00e9<\/a>.<\/p>\n<p><strong>Mesure<\/strong><\/p>\n<p>Ce site Web utilise des Traqueurs pour mesurer le trafic et analyser le comportement de l\u2019Utilisateur dans le but d\u2019am\u00e9liorer le Service.<\/p>\n<ul>\n<li><strong>Analyses <\/strong><\/li>\n<\/ul>\n<p>Les services que contient cette partie permettent au Propri\u00e9taire de surveiller et d\u2019analyser le trafic Web et de suivre l\u2019\u00e9volution du comportement de l\u2019Utilisateur.<\/p>\n<p><strong>Google Analytics 4 (Google Ireland Limited)<\/strong><\/p>\n<p>Google Analytics 4 est un service d\u2019analyse Web fourni par Google Ireland Limited (\u00ab Google \u00bb). Google utilise les Donn\u00e9es collect\u00e9es pour suivre et analyser l\u2019utilisation de ce site Web, pr\u00e9parer des rapports sur ses activit\u00e9s et les partager avec d\u2019autres services Google.<br \/>\nGoogle peut utiliser les Donn\u00e9es collect\u00e9es pour contextualiser et personnaliser les publicit\u00e9s de son propre r\u00e9seau publicitaire.<br \/>\nDans Google Analytics 4, les adresses IP sont utilis\u00e9es au moment de la collecte puis supprim\u00e9es avant la consignation des Donn\u00e9es sur un serveur ou dans un centre de donn\u00e9es. Pour en savoir plus, les utilisateurs peuvent consulter la <a href=\"https:\/\/support.google.com\/analytics\/answer\/12017362?hl=fr&amp;ref_topic=2919631\">documentation officielle de Google<\/a>.<\/p>\n<p>Donn\u00e9es personnelles trait\u00e9es : Donn\u00e9es d&rsquo;utilisation, informations sur l&rsquo;appareil, informations sur le navigateur, latitude (de la ville), longitude (de la ville), nombre d&rsquo;Utilisateurs, statistiques de la session, Traqueurs et ville.<\/p>\n<p>Lieu de traitement : Irlande \u2013 <a href=\"https:\/\/policies.google.com\/privacy\">Politique de confidentialit\u00e9<\/a> \u2013 <a href=\"https:\/\/tools.google.com\/dlpage\/gaoptout?hl=fr\">Option de retrait<\/a>.<\/p>\n<p>Dur\u00e9e de stockage :<\/p>\n<ul>\n<li style=\"list-style-type: none;\">\n<ul>\n<li>_ga: 2 ans<\/li>\n<li>_ga_*: 2 ans<\/li>\n<li>_gac_gb_*: 3 mois<\/li>\n<li>_gid: 1 jour<\/li>\n<\/ul>\n<\/li>\n<\/ul>\n<p><strong>Comment g\u00e9rer les pr\u00e9f\u00e9rences et donner ou retirer son consentement<\/strong><\/p>\n<p>Il existe diff\u00e9rentes fa\u00e7ons de g\u00e9rer les pr\u00e9f\u00e9rences relatives aux Traqueurs et de donner et de retirer son consentement, le cas \u00e9ch\u00e9ant:<\/p>\n<p>Les Utilisateurs peuvent g\u00e9rer les pr\u00e9f\u00e9rences relatives aux Traqueurs directement dans les param\u00e8tres de leur propre appareil, par exemple en emp\u00eachant l\u2019utilisation ou le stockage des Traqueurs.<\/p>\n<p>De plus, chaque fois que l\u2019utilisation de Traqueurs repose sur le consentement, les Utilisateurs peuvent donner ou retirer ce consentement en d\u00e9finissant leurs pr\u00e9f\u00e9rences dans la notification de cookie, ou en mettant \u00e0 jour ces pr\u00e9f\u00e9rences en cons\u00e9quence \u00e0 l\u2019aide du widget appropri\u00e9 de pr\u00e9f\u00e9rences relatives au consentement, le cas \u00e9ch\u00e9ant.<\/p>\n<p>Il est \u00e9galement possible, par le biais du navigateur ou les fonctionnalit\u00e9s de l\u2019appareil, de supprimer les Traqueurs pr\u00e9c\u00e9demment stock\u00e9s, y compris ceux utilis\u00e9s pour se souvenir du consentement initial de l\u2019Utilisateur.<\/p>\n<p>Les autres Traqueurs dans la m\u00e9moire locale du navigateur peuvent \u00eatre effac\u00e9s en supprimant l\u2019historique de navigation.<\/p>\n<p>S\u2019agissant des Traqueurs tiers, les Utilisateurs peuvent g\u00e9rer les pr\u00e9f\u00e9rences et retirer leur consentement par le lien de retrait associ\u00e9 (le cas \u00e9ch\u00e9ant), \u00e0 l\u2019aide du moyen indiqu\u00e9 dans la politique de confidentialit\u00e9 de ce tiers ou en contactant celui-ci.<\/p>\n<p><strong>Acc\u00e8s aux param\u00e8tres pour les Traqueurs<\/strong><\/p>\n<p>Les Utilisateurs peuvent, par exemple, trouver des informations sur la fa\u00e7on de g\u00e9rer les Cookies dans les navigateurs les plus couramment utilis\u00e9s aux adresses suivantes :<\/p>\n<ul>\n<li><a href=\"https:\/\/support.google.com\/chrome\/answer\/95647?hl=fr&amp;p=cpn_cookies\">Google Chrome<\/a><\/li>\n<li><a href=\"https:\/\/support.mozilla.org\/fr\/kb\/activer-desactiver-cookies\">Mozilla Firefox<\/a><\/li>\n<li><a href=\"https:\/\/support.apple.com\/fr-fr\/guide\/safari\/manage-cookies-and-website-data-sfri11471\/\">Apple Safari<\/a><\/li>\n<li><a href=\"http:\/\/windows.microsoft.com\/fr-fr\/windows-vista\/block-or-allow-cookies\">Microsoft Internet Explorer<\/a><\/li>\n<li><a href=\"https:\/\/support.microsoft.com\/fr-fr\/help\/4027947\">Microsoft Edge<\/a><\/li>\n<li><a href=\"https:\/\/support.brave.com\/hc\/articles\/360022806212-How-do-I-use-Shields-while-browsing\">Brave<\/a><\/li>\n<li><a href=\"https:\/\/help.opera.com\/latest\/web-preferences\/#cookies\">Opera<\/a><\/li>\n<\/ul>\n<p>Les Utilisateurs peuvent \u00e9galement g\u00e9rer certaines cat\u00e9gories de Traqueurs utilis\u00e9s sur les applications mobiles en d\u00e9sactivant les param\u00e8tres appropri\u00e9s de l\u2019appareil, tels que les param\u00e8tres publicitaires de l\u2019appareil pour les appareils mobiles ou les param\u00e8tres de suivi en g\u00e9n\u00e9ral (les Utilisateurs peuvent ouvrir les param\u00e8tres de l\u2019appareil et rechercher le param\u00e8tre appropri\u00e9).<\/p>\n<p><strong>Cons\u00e9quences du refus de consentement<\/strong><\/p>\n<p>Les utilisateurs sont libres de donner ou non leur consentement. Toutefois, il convient de noter que les Traqueurs permettent \u00e0 ce site Web de fournir aux Utilisateurs une meilleure exp\u00e9rience et des fonctionnalit\u00e9s avanc\u00e9es (conform\u00e9ment aux finalit\u00e9s d\u00e9crites dans le pr\u00e9sent document). Par cons\u00e9quent, sans le consentement de l\u2019Utilisateur, il est possible que le Propri\u00e9taire ne soit pas en mesure de fournir les fonctionnalit\u00e9s connexes.<\/p>\n<p><strong>Propri\u00e9taire et Responsable du traitement<\/strong><\/p>\n<p>Ragione sociale: SCS Concept S.r.l.<br \/>\nPartita IVA: 06388790963<br \/>\nSede legale: Via Zucchi 39\/c, 20095 Cusano Milanino (MI)<br \/>\nREA: MI \u2013 1889255<br \/>\nIscrizione REA del 24\/11\/2008<br \/>\nISCRIZIONE AL REGISTRO IMPRESE DI MI con N. 1889255<br \/>\nCapitale Sociale \u20ac 200.000 i.v.<\/p>\n<p><strong>Courriel de contact du Propri\u00e9taire :<\/strong> <a href=\"mailto:info@scsconcept.com\">info@scsconcept.com<\/a>, <a href=\"mailto:privacy@scsconcept.com\">privacy@scsconcept.com<\/a><\/p>\n<p>\u00c9tant donn\u00e9 que l\u2019utilisation des Traqueurs par ce site Web ne peut \u00eatre enti\u00e8rement contr\u00f4l\u00e9e par le Propri\u00e9taire, toute r\u00e9f\u00e9rence sp\u00e9cifique aux Traqueurs tiers n\u2019a qu\u2019une valeur indicative. Afin d\u2019obtenir des informations compl\u00e8tes, les Utilisateurs sont invit\u00e9s \u00e0 consulter les politiques de confidentialit\u00e9 des services tiers indiqu\u00e9s dans le pr\u00e9sent document.<\/p>\n<p>Compte tenu de la complexit\u00e9 objective des technologies de suivi, les Utilisateurs sont invit\u00e9s \u00e0 contacter le Propri\u00e9taire s\u2019ils souhaitent recevoir de plus amples informations sur l\u2019utilisation de ces technologies par ce site Web.<\/p>\n<p><strong>D\u00e9finitions et r\u00e9f\u00e9rences l\u00e9gales <\/strong><\/p>\n<p><strong>Donn\u00e9es personnelles (ou Donn\u00e9es)<\/strong><\/p>\n<p>Toute information qui, directement, indirectement ou en relation avec d&rsquo;autres informations \u2013 y compris un num\u00e9ro d&rsquo;identification personnel \u2013 permet l&rsquo;identification ou l&rsquo;identifiabilit\u00e9 d&rsquo;une personne physique.<\/p>\n<p><strong>Donn\u00e9es d\u2019utilisation<\/strong><\/p>\n<p>Les informations collect\u00e9es automatiquement par ce site Web (ou par des services tiers employ\u00e9s par ce site Web), qui peuvent inclure les adresses IP ou les noms de domaines des ordinateurs utilis\u00e9s par les Utilisateurs qui utilisent ce site Web, les adresses URI (Uniform Resource Identifier ou identifiant uniforme de ressource), l\u2019heure de la demande, la m\u00e9thode utilis\u00e9e pour soumettre la demande au serveur, la taille du fichier re\u00e7u en r\u00e9ponse, le code num\u00e9rique indiquant le statut de la r\u00e9ponse du serveur (r\u00e9sultat favorable, erreur, etc.), le pays d\u2019origine, les caract\u00e9ristiques du navigateur et du syst\u00e8me d\u2019exploitation utilis\u00e9s par l\u2019Utilisateur, les diff\u00e9rents d\u00e9tails relatifs au temps par visite (p. ex. temps pass\u00e9 sur chaque page dans l\u2019Application) et les d\u00e9tails relatifs au chemin suivi dans l\u2019Application avec une r\u00e9f\u00e9rence sp\u00e9ciale \u00e0 la s\u00e9quence des pages visit\u00e9es, et d\u2019autres param\u00e8tres concernant le syst\u00e8me d\u2019exploitation ou l\u2019environnement informatique de l\u2019Utilisateur.<\/p>\n<p><strong>Utilisateur<\/strong><\/p>\n<p>La personne utilisant ce site Web qui, sauf indication contraire, correspond \u00e0 la Personne concern\u00e9e.<\/p>\n<p><strong>Personne concern\u00e9e<\/strong><\/p>\n<p>La personne physique \u00e0 laquelle les Donn\u00e9es personnelles font r\u00e9f\u00e9rence.<\/p>\n<p><strong>Sous-traitant (ou Responsable des donn\u00e9es)<\/strong><\/p>\n<p>La personne physique ou morale, l&rsquo;autorit\u00e9 publique, l&rsquo;institution ou tout autre organisme qui traite les Donn\u00e9es personnelles pour le compte du Responsable du traitement, tel que d\u00e9crit dans la pr\u00e9sente politique de confidentialit\u00e9.<\/p>\n<p><strong>Responsable du traitement (ou Propri\u00e9taire)<\/strong><\/p>\n<p>La personne physique ou morale, l\u2019autorit\u00e9 publique, l&rsquo;institution ou toute autre organisme qui, seul ou conjointement avec d\u2019autres, d\u00e9termine les finalit\u00e9s et les moyens du traitement de Donn\u00e9es personnelles, y compris les mesures de s\u00e9curit\u00e9 concernant le fonctionnement et l&rsquo;utilisation de ce site Web. Sauf mention contraire, le Responsable du traitement est le Propri\u00e9taire de ce site Web.<\/p>\n<p><strong>Ce site Web (ou cette Application)<\/strong><\/p>\n<p>Les moyens par lesquels les Donn\u00e9es personnelles de l&rsquo;Utilisateur sont collect\u00e9es et trait\u00e9es.<\/p>\n<p><strong>Service<\/strong><\/p>\n<p>Le service fourni par ce site Web comme d\u00e9crit dans les conditions s&rsquo;y rapportant (le cas \u00e9ch\u00e9ant) et sur ce site\/cette application.<\/p>\n<p><strong>Union europ\u00e9enne (ou UE)<\/strong><\/p>\n<p>Sauf indication contraire, toutes les r\u00e9f\u00e9rences faites dans le pr\u00e9sent document \u00e0 l&rsquo;Union europ\u00e9enne incluent tous les \u00c9tats membres actuels de l&rsquo;Union europ\u00e9enne et de l&rsquo;Espace \u00e9conomique europ\u00e9en.<\/p>\n<p><strong>Cookie<\/strong><\/p>\n<p>Les Cookies sont des Traqueurs constitu\u00e9s de petits ensembles de donn\u00e9es stock\u00e9s dans le navigateur de l\u2019Utilisateur.<\/p>\n<p><strong>Traqueurs<\/strong><\/p>\n<p>Un Traqueur indique toute technologie \u2013 par exemple, les Cookies, les identifiants uniques, les balises Web, les scripts int\u00e9gr\u00e9s, les balises \u00e9lectroniques et les empreintes digitales \u2013 permettant de suivre les Utilisateurs, par exemple en acc\u00e9dant \u00e0 des informations ou en les stockant sur l\u2019appareil de l\u2019Utilisateur.<\/p>\n<p><strong>Informations l\u00e9gales<\/strong><\/p>\n<p>La pr\u00e9sente politique de confidentialit\u00e9 a \u00e9t\u00e9 pr\u00e9par\u00e9e en ex\u00e9cution des dispositions de plusieurs l\u00e9gislations, notamment de l&rsquo;article 13\/14 du r\u00e8glement europ\u00e9en 2016\/679 (r\u00e8glement g\u00e9n\u00e9ral sur la protection des donn\u00e9es).<\/p>\n<p>Cette politique de confidentialit\u00e9 concerne uniquement ce site Web, sauf indication contraire dans le pr\u00e9sent document.<\/p>\n<p>Derni\u00e8re mise \u00e0 jour : 12 juillet 2022<\/p>\n<p><a href=\"https:\/\/www.iubenda.com\/fr\/generateur-de-politique-de-confidentialite-et-de-cookies\">iubenda<\/a> h\u00e9berge le pr\u00e9sent contenu et ne collecte que <a href=\"https:\/\/www.iubenda.com\/privacy-policy\/51596779\">les Donn\u00e9es personnelles strictement n\u00e9cessaires<\/a> \u00e0 sa fourniture.[\/vc_column_text][\/vc_column][\/vc_row]<\/p>\n<\/div>","protected":false},"excerpt":{"rendered":"<p>[vc_row][vc_column][vc_column_text] Politique relative aux cookies de www.scsconcept.com Le pr\u00e9sent document informe les Utilisateurs des technologies permettant \u00e0 ce site Web d\u2019atteindre les finalit\u00e9s d\u00e9crites ci-dessous. Ces technologies permettent au Propri\u00e9taire<\/p>\n","protected":false},"author":4,"featured_media":0,"parent":0,"menu_order":0,"comment_status":"closed","ping_status":"closed","template":"","meta":{"_acf_changed":false,"footnotes":""},"class_list":["post-26427","page","type-page","status-publish","hentry"],"acf":[],"yoast_head":"<!-- This site is optimized with the Yoast SEO plugin v26.9 - https:\/\/yoast.com\/product\/yoast-seo-wordpress\/ -->\n<title>Cookie Policy - SCS Concept<\/title>\n<meta name=\"robots\" content=\"index, follow, max-snippet:-1, max-image-preview:large, max-video-preview:-1\" \/>\n<link rel=\"canonical\" href=\"https:\/\/sitowebsmart.com\/fr\/cookie-policy\/\" \/>\n<meta property=\"og:locale\" content=\"fr_FR\" \/>\n<meta property=\"og:type\" content=\"article\" \/>\n<meta property=\"og:title\" content=\"Cookie Policy - SCS Concept\" \/>\n<meta property=\"og:description\" content=\"[vc_row][vc_column][vc_column_text] Politique relative aux cookies de www.scsconcept.com Le pr\u00e9sent document informe les Utilisateurs des technologies permettant \u00e0 ce site Web d\u2019atteindre les finalit\u00e9s d\u00e9crites ci-dessous. Ces technologies permettent au Propri\u00e9taire\" \/>\n<meta property=\"og:url\" content=\"https:\/\/sitowebsmart.com\/fr\/cookie-policy\/\" \/>\n<meta property=\"og:site_name\" content=\"SCS Concept\" \/>\n<meta property=\"article:modified_time\" content=\"2022-07-13T11:07:40+00:00\" \/>\n<meta name=\"twitter:card\" content=\"summary_large_image\" \/>\n<meta name=\"twitter:label1\" content=\"Dur\u00e9e de lecture estim\u00e9e\" \/>\n\t<meta name=\"twitter:data1\" content=\"11 minutes\" \/>\n<script type=\"application\/ld+json\" class=\"yoast-schema-graph\">{\"@context\":\"https:\/\/schema.org\",\"@graph\":[{\"@type\":\"WebPage\",\"@id\":\"https:\/\/sitowebsmart.com\/fr\/cookie-policy\/\",\"url\":\"https:\/\/sitowebsmart.com\/fr\/cookie-policy\/\",\"name\":\"Cookie Policy - SCS Concept\",\"isPartOf\":{\"@id\":\"https:\/\/sitowebsmart.com\/#website\"},\"datePublished\":\"2022-07-13T11:02:02+00:00\",\"dateModified\":\"2022-07-13T11:07:40+00:00\",\"breadcrumb\":{\"@id\":\"https:\/\/sitowebsmart.com\/fr\/cookie-policy\/#breadcrumb\"},\"inLanguage\":\"fr-FR\",\"potentialAction\":[{\"@type\":\"ReadAction\",\"target\":[\"https:\/\/sitowebsmart.com\/fr\/cookie-policy\/\"]}]},{\"@type\":\"BreadcrumbList\",\"@id\":\"https:\/\/sitowebsmart.com\/fr\/cookie-policy\/#breadcrumb\",\"itemListElement\":[{\"@type\":\"ListItem\",\"position\":1,\"name\":\"Home\",\"item\":\"https:\/\/sitowebsmart.com\/fr\/\"},{\"@type\":\"ListItem\",\"position\":2,\"name\":\"Cookie Policy\"}]},{\"@type\":\"WebSite\",\"@id\":\"https:\/\/sitowebsmart.com\/#website\",\"url\":\"https:\/\/sitowebsmart.com\/\",\"name\":\"SCS Concept\",\"description\":\"Soluzioni Avanzate per il serraggio e controllo qualit\u00e0\",\"publisher\":{\"@id\":\"https:\/\/sitowebsmart.com\/#organization\"},\"potentialAction\":[{\"@type\":\"SearchAction\",\"target\":{\"@type\":\"EntryPoint\",\"urlTemplate\":\"https:\/\/sitowebsmart.com\/?s={search_term_string}\"},\"query-input\":{\"@type\":\"PropertyValueSpecification\",\"valueRequired\":true,\"valueName\":\"search_term_string\"}}],\"inLanguage\":\"fr-FR\"},{\"@type\":\"Organization\",\"@id\":\"https:\/\/sitowebsmart.com\/#organization\",\"name\":\"SCS Concept\",\"url\":\"https:\/\/sitowebsmart.com\/\",\"logo\":{\"@type\":\"ImageObject\",\"inLanguage\":\"fr-FR\",\"@id\":\"https:\/\/sitowebsmart.com\/#\/schema\/logo\/image\/\",\"url\":\"https:\/\/sitowebsmart.com\/wp-content\/uploads\/2018\/01\/scs-concept-group-200.png\",\"contentUrl\":\"https:\/\/sitowebsmart.com\/wp-content\/uploads\/2018\/01\/scs-concept-group-200.png\",\"width\":200,\"height\":200,\"caption\":\"SCS Concept\"},\"image\":{\"@id\":\"https:\/\/sitowebsmart.com\/#\/schema\/logo\/image\/\"}}]}<\/script>\n<!-- \/ Yoast SEO plugin. -->","yoast_head_json":{"title":"Cookie Policy - SCS Concept","robots":{"index":"index","follow":"follow","max-snippet":"max-snippet:-1","max-image-preview":"max-image-preview:large","max-video-preview":"max-video-preview:-1"},"canonical":"https:\/\/sitowebsmart.com\/fr\/cookie-policy\/","og_locale":"fr_FR","og_type":"article","og_title":"Cookie Policy - SCS Concept","og_description":"[vc_row][vc_column][vc_column_text] Politique relative aux cookies de www.scsconcept.com Le pr\u00e9sent document informe les Utilisateurs des technologies permettant \u00e0 ce site Web d\u2019atteindre les finalit\u00e9s d\u00e9crites ci-dessous. Ces technologies permettent au Propri\u00e9taire","og_url":"https:\/\/sitowebsmart.com\/fr\/cookie-policy\/","og_site_name":"SCS Concept","article_modified_time":"2022-07-13T11:07:40+00:00","twitter_card":"summary_large_image","twitter_misc":{"Dur\u00e9e de lecture estim\u00e9e":"11 minutes"},"schema":{"@context":"https:\/\/schema.org","@graph":[{"@type":"WebPage","@id":"https:\/\/sitowebsmart.com\/fr\/cookie-policy\/","url":"https:\/\/sitowebsmart.com\/fr\/cookie-policy\/","name":"Cookie Policy - SCS Concept","isPartOf":{"@id":"https:\/\/sitowebsmart.com\/#website"},"datePublished":"2022-07-13T11:02:02+00:00","dateModified":"2022-07-13T11:07:40+00:00","breadcrumb":{"@id":"https:\/\/sitowebsmart.com\/fr\/cookie-policy\/#breadcrumb"},"inLanguage":"fr-FR","potentialAction":[{"@type":"ReadAction","target":["https:\/\/sitowebsmart.com\/fr\/cookie-policy\/"]}]},{"@type":"BreadcrumbList","@id":"https:\/\/sitowebsmart.com\/fr\/cookie-policy\/#breadcrumb","itemListElement":[{"@type":"ListItem","position":1,"name":"Home","item":"https:\/\/sitowebsmart.com\/fr\/"},{"@type":"ListItem","position":2,"name":"Cookie Policy"}]},{"@type":"WebSite","@id":"https:\/\/sitowebsmart.com\/#website","url":"https:\/\/sitowebsmart.com\/","name":"SCS Concept","description":"Soluzioni Avanzate per il serraggio e controllo qualit\u00e0","publisher":{"@id":"https:\/\/sitowebsmart.com\/#organization"},"potentialAction":[{"@type":"SearchAction","target":{"@type":"EntryPoint","urlTemplate":"https:\/\/sitowebsmart.com\/?s={search_term_string}"},"query-input":{"@type":"PropertyValueSpecification","valueRequired":true,"valueName":"search_term_string"}}],"inLanguage":"fr-FR"},{"@type":"Organization","@id":"https:\/\/sitowebsmart.com\/#organization","name":"SCS Concept","url":"https:\/\/sitowebsmart.com\/","logo":{"@type":"ImageObject","inLanguage":"fr-FR","@id":"https:\/\/sitowebsmart.com\/#\/schema\/logo\/image\/","url":"https:\/\/sitowebsmart.com\/wp-content\/uploads\/2018\/01\/scs-concept-group-200.png","contentUrl":"https:\/\/sitowebsmart.com\/wp-content\/uploads\/2018\/01\/scs-concept-group-200.png","width":200,"height":200,"caption":"SCS Concept"},"image":{"@id":"https:\/\/sitowebsmart.com\/#\/schema\/logo\/image\/"}}]}},"_links":{"self":[{"href":"https:\/\/sitowebsmart.com\/fr\/wp-json\/wp\/v2\/pages\/26427","targetHints":{"allow":["GET"]}}],"collection":[{"href":"https:\/\/sitowebsmart.com\/fr\/wp-json\/wp\/v2\/pages"}],"about":[{"href":"https:\/\/sitowebsmart.com\/fr\/wp-json\/wp\/v2\/types\/page"}],"author":[{"embeddable":true,"href":"https:\/\/sitowebsmart.com\/fr\/wp-json\/wp\/v2\/users\/4"}],"replies":[{"embeddable":true,"href":"https:\/\/sitowebsmart.com\/fr\/wp-json\/wp\/v2\/comments?post=26427"}],"version-history":[{"count":6,"href":"https:\/\/sitowebsmart.com\/fr\/wp-json\/wp\/v2\/pages\/26427\/revisions"}],"predecessor-version":[{"id":26435,"href":"https:\/\/sitowebsmart.com\/fr\/wp-json\/wp\/v2\/pages\/26427\/revisions\/26435"}],"wp:attachment":[{"href":"https:\/\/sitowebsmart.com\/fr\/wp-json\/wp\/v2\/media?parent=26427"}],"curies":[{"name":"wp","href":"https:\/\/api.w.org\/{rel}","templated":true}]}}