{"id":7514,"date":"2018-02-19T17:09:42","date_gmt":"2018-02-19T17:09:42","guid":{"rendered":"https:\/\/www.scsconcept.com\/?page_id=7514"},"modified":"2024-03-04T09:59:14","modified_gmt":"2024-03-04T09:59:14","slug":"footer","status":"publish","type":"page","link":"https:\/\/sitowebsmart.com\/fr\/footer\/","title":{"rendered":"footer"},"content":{"rendered":"<div class=\"wpb-content-wrapper\"><p>[vc_row bg_check=\u00a0\u00bbrow-background-dark\u00a0\u00bb dfd_overlay_color=\u00a0\u00bb#ea5d1c\u00a0\u00bb dfd_overlay_pattern=\u00a0\u00bbtransperant\u00a0\u00bb dfd_overlay_pattern_opacity=\u00a0\u00bb100&Prime; force_equal_height_columns=\u00a0\u00bbmain_row\u00a0\u00bb mobile_destroy_equal_heights_resolution=\u00a0\u00bb799&Prime; dfd_row_responsive_enable=\u00a0\u00bbdfd-row-responsive-enable\u00a0\u00bb el_class=\u00a0\u00bbbg-download\u00a0\u00bb css=\u00a0\u00bb.vc_custom_1518715533558{background-color: #ea5d1c !important;}\u00a0\u00bb responsive_styles=\u00a0\u00bbpadding_left_desktop:10|padding_right_desktop:10|padding_left_tablet:10|padding_right_tablet:10|padding_left_mobile:10|padding_right_mobile:10&Prime; mobile_destroy_equal_heights=\u00a0\u00bbyes\u00a0\u00bb][vc_column width=\u00a0\u00bb2\/3&Prime;]<div class=\"dfd-spacer-module\"  data-units=\"px\" data-wide_resolution=\"1280\" data-wide_size=\"35\" data-normal_resolution=\"1024\" data-normal_size=\"35\" data-tablet_resolution=\"800\" data-tablet_size=\"40\" data-mobile_resolution=\"480\" data-mobile_size=\"80\" style=\"height: 35px;\"><\/div><div class=\"dfd-heading-shortcode\"><div class=\"dfd-heading-module-wrap  text-left style_01 cr-animate-gen dfd-heading-69dee32b1035b dfd-disable-resposive-headings\" id=\"dfd-heading-69dee32b1035b\" data-animate-type = \"transition.expandIn\" ><div class=\"inline-block\"><div class=\"dfd-heading-module\"><h3 class=\"widget-title dfd-title \" style=\"font-size: 20px; line-height: 35px; letter-spacing: 6px; \">Parcourir et t\u00e9l\u00e9charger notre catalogue<\/h3><\/div><\/div><\/div><script type=\"text\/javascript\">\r\n\t\t\t\t\t\t\t\t\t(function($) {\r\n\t\t\t\t\t\t\t\t\t\t$(\"head\").append(\"<style>.dfd-heading-69dee32b1035b.dfd-heading-module-wrap .dfd-heading-module .dfd-heading-delimiter {margin-top:10px;margin-bottom:10px;}@media (max-width: 799px){.dfd-heading-69dee32b1035b .dfd-title{font-size: 20px !important;letter-spacing: 3px !important;line-height: 30px !important;}}@media only screen and (max-width: 799px) {.dfd-heading-69dee32b1035b {text-align: center;}}<\/style>\");\r\n\t\t\t\t\t\t\t\t\t})(jQuery);\r\n\t\t\t\t\t\t\t\t<\/script><\/div><div class=\"dfd-spacer-module\"  data-units=\"px\" data-wide_resolution=\"1280\" data-wide_size=\"35\" data-normal_resolution=\"1024\" data-normal_size=\"35\" data-tablet_resolution=\"800\" data-tablet_size=\"40\" data-mobile_resolution=\"480\" data-mobile_size=\"40\" style=\"height: 35px;\"><\/div>[\/vc_column][vc_column width=\u00a0\u00bb1\/3&Prime;]<div id=\"dfd-button-69dee32b107af\" class=\"dfd-button-module-wrap dfd-button-69dee32b107af\"><div class=\"dfd-button-module  style_1 text-right dfd-horizontal dfd-top-to-bottom dfd-button-icon-left dfd-button-icon-hover-simple mobile-center\" ><a href=\"https:\/\/www.scsconcept.com\/PDF\/Catalogue-SCS-Concept_Ed.6_WEB_FR.pdf\" target=\"_blank\" class=\"dfd-button-link\"><span class=\"dfd-button-inner-cover\"><span class=\"dfd-button-text-main\">DOWNLOAD<\/span><\/span><\/a><\/div><script type=\"text\/javascript\">\r\n\t\t\t\t\t\t\t\t\t(function($) {$(\"head\").append(\"<style>@media only screen and (max-width: 799px) {.dfd-button-69dee32b107af .mobile-center,#dfd-button-69dee32b107af .mobile-center {text-align: center;}}#dfd-button-69dee32b107af.dfd-button-module-wrap .dfd-button-module .dfd-button-link .dfd-button-inner-cover .dfd-button-text-main, .dfd-button-69dee32b107af.dfd-button-module-wrap .dfd-button-module .dfd-button-link .dfd-button-inner-cover .dfd-button-text-main, .dfd-button-69dee32b107af.dfd-button-module-wrap .dfd-button-module .dfd-button-link .dfd-button-inner-cover .dfd-button-text-hover, #dfd-button-69dee32b107af.dfd-button-module-wrap .dfd-button-module .dfd-button-link .dfd-button-inner-cover .dfd-button-text-hover {padding-left: 30px;}#dfd-button-69dee32b107af.dfd-button-module-wrap .dfd-button-module .dfd-button-link .dfd-button-inner-cover .dfd-button-text-main, .dfd-button-69dee32b107af.dfd-button-module-wrap .dfd-button-module .dfd-button-link .dfd-button-inner-cover .dfd-button-text-main, .dfd-button-69dee32b107af.dfd-button-module-wrap .dfd-button-module .dfd-button-link .dfd-button-inner-cover .dfd-button-text-hover, #dfd-button-69dee32b107af.dfd-button-module-wrap .dfd-button-module .dfd-button-link .dfd-button-inner-cover .dfd-button-text-hover {padding-right: 30px;}#dfd-button-69dee32b107af.dfd-button-module-wrap .dfd-button-module .dfd-button-link .dfd-button-inner-cover .dfd-button-text-main, .dfd-button-69dee32b107af.dfd-button-module-wrap .dfd-button-module .dfd-button-link .dfd-button-inner-cover .dfd-button-text-main, .dfd-button-69dee32b107af.dfd-button-module-wrap .dfd-button-module .dfd-button-link .dfd-button-inner-cover .dfd-button-text-hover, #dfd-button-69dee32b107af.dfd-button-module-wrap .dfd-button-module .dfd-button-link .dfd-button-inner-cover .dfd-button-text-hover {letter-spacing: 2px; }#dfd-button-69dee32b107af.dfd-button-module-wrap .dfd-button-module .dfd-button-link .dfd-button-inner-cover .dfd-button-text-main,.dfd-button-69dee32b107af.dfd-button-module-wrap .dfd-button-module .dfd-button-link .dfd-button-inner-cover .dfd-button-text-main {color: #ffffff}#dfd-button-69dee32b107af.dfd-button-module-wrap .dfd-button-module .dfd-button-link .dfd-button-inner-cover,.dfd-button-69dee32b107af.dfd-button-module-wrap .dfd-button-module .dfd-button-link .dfd-button-border-decoration,.dfd-button-69dee32b107af.dfd-button-module-wrap .dfd-button-module .dfd-button-link .dfd-button-inner-cover {border-radius:60px;}#dfd-button-69dee32b107af.dfd-button-module-wrap .dfd-button-module:not(.style_4) .dfd-button-link .dfd-button-inner-cover:before,#dfd-button-69dee32b107af.dfd-button-module-wrap .dfd-button-module.style_4 .dfd-button-link .dfd-button-inner-cover:after,#dfd-button-69dee32b107af.dfd-button-module-wrap .dfd-button-module.style_6 .dfd-button-link .dfd-button-inner-cover .dfd-button-text-main,.dfd-button-69dee32b107af.dfd-button-module-wrap .dfd-button-module:not(.style_4) .dfd-button-link .dfd-button-inner-cover:before,.dfd-button-69dee32b107af.dfd-button-module-wrap .dfd-button-module.style_4 .dfd-button-link .dfd-button-inner-cover:after,.dfd-button-69dee32b107af.dfd-button-module-wrap .dfd-button-module.style_6 .dfd-button-link .dfd-button-inner-cover .dfd-button-text-main {background: #262626;border-style:solid;border-width:1px;border-radius:60px;border-color:#333333;}#dfd-button-69dee32b107af.dfd-button-module-wrap .dfd-button-module:not(.style_6) .dfd-button-link:hover .dfd-button-inner-cover .dfd-button-text-main,#dfd-button-69dee32b107af.dfd-button-module-wrap .dfd-button-module .dfd-button-link .dfd-button-inner-cover .dfd-button-text-hover,.dfd-button-69dee32b107af.dfd-button-module-wrap .dfd-button-module:not(.style_6) .dfd-button-link:hover .dfd-button-inner-cover .dfd-button-text-main,.dfd-button-69dee32b107af.dfd-button-module-wrap .dfd-button-module .dfd-button-link .dfd-button-inner-cover .dfd-button-text-hover {color: #ea5d1c;}#dfd-button-69dee32b107af.dfd-button-module-wrap .dfd-button-module .dfd-button-link:hover .dfd-button-inner-cover,.dfd-button-69dee32b107af.dfd-button-module-wrap .dfd-button-module .dfd-button-link:hover .dfd-button-border-decoration,.dfd-button-69dee32b107af.dfd-button-module-wrap .dfd-button-module .dfd-button-link:hover .dfd-button-inner-cover {border-radius:60px;}#dfd-button-69dee32b107af.dfd-button-module-wrap .dfd-button-module:not(.style_4) .dfd-button-link .dfd-button-inner-cover:after,#dfd-button-69dee32b107af.dfd-button-module-wrap .dfd-button-module.style_4 .dfd-button-link .dfd-button-inner-cover:before,#dfd-button-69dee32b107af.dfd-button-module-wrap .dfd-button-module .dfd-button-link .dfd-button-inner-cover .dfd-button-text-hover .dfd-button-69dee32b107af.dfd-button-module-wrap .dfd-button-module:not(.style_4) .dfd-button-link .dfd-button-inner-cover:after,.dfd-button-69dee32b107af.dfd-button-module-wrap .dfd-button-module.style_4 .dfd-button-link .dfd-button-inner-cover:before,.dfd-button-69dee32b107af.dfd-button-module-wrap .dfd-button-module .dfd-button-link .dfd-button-inner-cover .dfd-button-text-hover {background: #262626;border-style:solid;border-width:1px;border-radius:60px;border-color:#333333;}#dfd-button-69dee32b107af.dfd-button-module-wrap .dfd-button-module.style_3 .dfd-button-link:hover .dfd-button-inner-cover:before,#dfd-button-69dee32b107af.dfd-button-module-wrap .dfd-button-module.style_4 .dfd-button-link:hover .dfd-button-inner-cover:before,.dfd-button-69dee32b107af.dfd-button-module-wrap .dfd-button-module.style_3 .dfd-button-link:hover .dfd-button-inner-cover:before,.dfd-button-69dee32b107af.dfd-button-module-wrap .dfd-button-module.style_4 .dfd-button-link:hover .dfd-button-inner-cover:before {border-style:solid;border-width:1px;border-radius:60px;border-color:#333333;}<\/style>\")\r\n\t\t\t\t\t\t\t\t\t})(jQuery);\r\n\t\t\t\t\t\t\t\t<\/script><\/div><div class=\"dfd-spacer-module\"  data-units=\"px\" data-wide_resolution=\"1280\" data-wide_size=\"0\" data-normal_resolution=\"1024\" data-normal_size=\"0\" data-tablet_resolution=\"800\" data-tablet_size=\"40\" data-mobile_resolution=\"480\" data-mobile_size=\"80\" style=\"height: 0px;\"><\/div>[\/vc_column][\/vc_row][vc_row bg_check=\u00a0\u00bbrow-background-dark\u00a0\u00bb dfd_row_config=\u00a0\u00bbfull_width_small_paddings\u00a0\u00bb css=\u00a0\u00bb.vc_custom_1514915444354{margin-right: 0px !important;margin-left: 0px !important;padding-right: 0px !important;padding-left: 0px !important;}\u00a0\u00bb][vc_column css=\u00a0\u00bb.vc_custom_1514915180403{margin-right: 0px !important;margin-left: 0px !important;padding-right: 0px !important;padding-left: 0px !important;background-position: center !important;background-repeat: no-repeat !important;background-size: cover !important;}\u00a0\u00bb]<div id=\"dfd-single-image-module69dee32b11f3c-8092\" class=\"dfd-single-image-module  image-center  dfd-img-lazy-load\" ><img  title=\"footer\" fetchpriority=\"high\" decoding=\"async\" src=\"data:image\/svg+xml;charset=utf-8,%3Csvg xmlns%3D'http%3A%2F%2Fwww.w3.org%2F2000%2Fsvg' viewBox%3D'0 0 1920 340'%2F%3E\" data-src=\"https:\/\/sitowebsmart.com\/wp-content\/uploads\/2018\/01\/strumenti-serraggio-banchi-lavoro-scs-concept.jpg\" width=\"1920\" height=\"340\"   alt=\"footer\"  \/><\/div>[vc_row_inner][vc_column_inner]<div class=\"dfd-spacer-module\"  data-units=\"px\" data-wide_resolution=\"1280\" data-wide_size=\"80\" data-normal_resolution=\"1024\" data-normal_size=\"60\" data-tablet_resolution=\"800\" data-tablet_size=\"0\" data-mobile_resolution=\"480\" data-mobile_size=\"0\" style=\"height: 80px;\"><\/div><div id=\"idinfobox69dee32b12644\" class=\"dfd-info-box clearfix style-01 layout-01  idinfobox69dee32b12644 cr-animate-gen text-center\" data-animate-item=\".dfd-animate-container\" data-animate-type = \"transition.fadeIn\" ><div class=\"dfd-animate-container\"><div class=\"wrap-delimiter\"><div class=\"delimiter\" ><\/div><\/div><div class=\"description\" style=\"\">Cl\u00e9s couple digitales, bancs pour test des outils \u00e9lectriques, capteurs, analyseurs de couple et logiciel pour la gestion des op\u00e9rations de serrage et le contr\u00f4le qualit\u00e9 pour l\u2019automobile, l\u2019a\u00e9ronautique, l\u2019industrie et les applications de laboratoire.<\/div><\/div><\/div><div class=\"dfd-spacer-module\"  data-units=\"px\" data-wide_resolution=\"1280\" data-wide_size=\"80\" data-normal_resolution=\"1024\" data-normal_size=\"80\" data-tablet_resolution=\"800\" data-tablet_size=\"40\" data-mobile_resolution=\"480\" data-mobile_size=\"40\" style=\"height: 80px;\"><\/div>[\/vc_column_inner][\/vc_row_inner][\/vc_column][\/vc_row][vc_row dfd_overlay_color=\u00a0\u00bb#2b2b2b\u00a0\u00bb][vc_column]<div class=\"dfd-spacer-module\"  data-units=\"px\" data-wide_resolution=\"1280\" data-wide_size=\"20\" data-normal_resolution=\"1024\" data-normal_size=\"20\" data-tablet_resolution=\"800\" data-tablet_size=\"20\" data-mobile_resolution=\"480\" data-mobile_size=\"20\" style=\"height: 20px;\"><\/div>[vc_column_text]<\/p>\n<p style=\"text-align: center;\">SCS Concept \u00a9 Copyright 2018 | <a class=\"colore-bianco\" href=\"https:\/\/sitowebsmart.com\/fr\/mentions-legales\/\">mentions l\u00e9gales<\/a> | <a class=\"colore-bianco\" href=\"https:\/\/sitowebsmart.com\/fr\/policy-privacy\/\">privacy poicy<\/a>| <a href=\"https:\/\/sitowebsmart.com\/policy\/SCS-Concept-Group_Grievance-policy_Ed.1.0_EN.pdf\" target=\"_blank\" rel=\"noopener\">Grievance policy<\/a><\/p>\n<p>[\/vc_column_text][\/vc_column][\/vc_row]<\/p>\n<\/div>","protected":false},"excerpt":{"rendered":"<p>[vc_row bg_check=\u00a0\u00bbrow-background-dark\u00a0\u00bb dfd_overlay_color=\u00a0\u00bb#ea5d1c\u00a0\u00bb dfd_overlay_pattern=\u00a0\u00bbtransperant\u00a0\u00bb dfd_overlay_pattern_opacity=\u00a0\u00bb100&Prime; force_equal_height_columns=\u00a0\u00bbmain_row\u00a0\u00bb mobile_destroy_equal_heights_resolution=\u00a0\u00bb799&Prime; dfd_row_responsive_enable=\u00a0\u00bbdfd-row-responsive-enable\u00a0\u00bb el_class=\u00a0\u00bbbg-download\u00a0\u00bb css=\u00a0\u00bb.vc_custom_1518715533558{background-color: #ea5d1c !important;}\u00a0\u00bb responsive_styles=\u00a0\u00bbpadding_left_desktop:10|padding_right_desktop:10|padding_left_tablet:10|padding_right_tablet:10|padding_left_mobile:10|padding_right_mobile:10&Prime; mobile_destroy_equal_heights=\u00a0\u00bbyes\u00a0\u00bb][vc_column width=\u00a0\u00bb2\/3&Prime;][\/vc_column][vc_column width=\u00a0\u00bb1\/3&Prime;][\/vc_column][\/vc_row][vc_row bg_check=\u00a0\u00bbrow-background-dark\u00a0\u00bb dfd_row_config=\u00a0\u00bbfull_width_small_paddings\u00a0\u00bb css=\u00a0\u00bb.vc_custom_1514915444354{margin-right: 0px !important;margin-left: 0px !important;padding-right: 0px !important;padding-left: 0px !important;}\u00a0\u00bb][vc_column css=\u00a0\u00bb.vc_custom_1514915180403{margin-right: 0px !important;margin-left:<\/p>\n","protected":false},"author":5,"featured_media":0,"parent":0,"menu_order":0,"comment_status":"closed","ping_status":"closed","template":"page-custom.php","meta":{"_acf_changed":false,"footnotes":""},"class_list":["post-7514","page","type-page","status-publish","hentry"],"acf":[],"yoast_head":"<!-- This site is optimized with the Yoast SEO plugin v26.9 - https:\/\/yoast.com\/product\/yoast-seo-wordpress\/ -->\n<title>footer - SCS Concept<\/title>\n<meta name=\"robots\" content=\"index, follow, max-snippet:-1, max-image-preview:large, max-video-preview:-1\" \/>\n<link rel=\"canonical\" href=\"https:\/\/sitowebsmart.com\/fr\/footer\/\" \/>\n<meta property=\"og:locale\" content=\"fr_FR\" \/>\n<meta property=\"og:type\" content=\"article\" \/>\n<meta property=\"og:title\" content=\"footer - SCS Concept\" \/>\n<meta property=\"og:description\" content=\"[vc_row bg_check=\u00a0\u00bbrow-background-dark\u00a0\u00bb dfd_overlay_color=\u00a0\u00bb#ea5d1c\u00a0\u00bb dfd_overlay_pattern=\u00a0\u00bbtransperant\u00a0\u00bb dfd_overlay_pattern_opacity=\u00a0\u00bb100&Prime; force_equal_height_columns=\u00a0\u00bbmain_row\u00a0\u00bb mobile_destroy_equal_heights_resolution=\u00a0\u00bb799&Prime; dfd_row_responsive_enable=\u00a0\u00bbdfd-row-responsive-enable\u00a0\u00bb el_class=\u00a0\u00bbbg-download\u00a0\u00bb css=\u00a0\u00bb.vc_custom_1518715533558{background-color: #ea5d1c !important;}\u00a0\u00bb responsive_styles=\u00a0\u00bbpadding_left_desktop:10|padding_right_desktop:10|padding_left_tablet:10|padding_right_tablet:10|padding_left_mobile:10|padding_right_mobile:10&Prime; mobile_destroy_equal_heights=\u00a0\u00bbyes\u00a0\u00bb][vc_column width=\u00a0\u00bb2\/3&Prime;][\/vc_column][vc_column width=\u00a0\u00bb1\/3&Prime;][\/vc_column][\/vc_row][vc_row bg_check=\u00a0\u00bbrow-background-dark\u00a0\u00bb dfd_row_config=\u00a0\u00bbfull_width_small_paddings\u00a0\u00bb css=\u00a0\u00bb.vc_custom_1514915444354{margin-right: 0px !important;margin-left: 0px !important;padding-right: 0px !important;padding-left: 0px !important;}\u00a0\u00bb][vc_column css=\u00a0\u00bb.vc_custom_1514915180403{margin-right: 0px !important;margin-left:\" \/>\n<meta property=\"og:url\" content=\"https:\/\/sitowebsmart.com\/fr\/footer\/\" \/>\n<meta property=\"og:site_name\" content=\"SCS Concept\" \/>\n<meta property=\"article:modified_time\" content=\"2024-03-04T09:59:14+00:00\" \/>\n<meta name=\"twitter:card\" content=\"summary_large_image\" \/>\n<meta name=\"twitter:label1\" content=\"Dur\u00e9e de lecture estim\u00e9e\" \/>\n\t<meta name=\"twitter:data1\" content=\"1 minute\" \/>\n<script type=\"application\/ld+json\" class=\"yoast-schema-graph\">{\"@context\":\"https:\/\/schema.org\",\"@graph\":[{\"@type\":\"WebPage\",\"@id\":\"https:\/\/sitowebsmart.com\/fr\/footer\/\",\"url\":\"https:\/\/sitowebsmart.com\/fr\/footer\/\",\"name\":\"footer - SCS Concept\",\"isPartOf\":{\"@id\":\"https:\/\/sitowebsmart.com\/#website\"},\"datePublished\":\"2018-02-19T17:09:42+00:00\",\"dateModified\":\"2024-03-04T09:59:14+00:00\",\"breadcrumb\":{\"@id\":\"https:\/\/sitowebsmart.com\/fr\/footer\/#breadcrumb\"},\"inLanguage\":\"fr-FR\",\"potentialAction\":[{\"@type\":\"ReadAction\",\"target\":[\"https:\/\/sitowebsmart.com\/fr\/footer\/\"]}]},{\"@type\":\"BreadcrumbList\",\"@id\":\"https:\/\/sitowebsmart.com\/fr\/footer\/#breadcrumb\",\"itemListElement\":[{\"@type\":\"ListItem\",\"position\":1,\"name\":\"Home\",\"item\":\"https:\/\/sitowebsmart.com\/fr\/\"},{\"@type\":\"ListItem\",\"position\":2,\"name\":\"footer\"}]},{\"@type\":\"WebSite\",\"@id\":\"https:\/\/sitowebsmart.com\/#website\",\"url\":\"https:\/\/sitowebsmart.com\/\",\"name\":\"SCS Concept\",\"description\":\"Soluzioni Avanzate per il serraggio e controllo qualit\u00e0\",\"publisher\":{\"@id\":\"https:\/\/sitowebsmart.com\/#organization\"},\"potentialAction\":[{\"@type\":\"SearchAction\",\"target\":{\"@type\":\"EntryPoint\",\"urlTemplate\":\"https:\/\/sitowebsmart.com\/?s={search_term_string}\"},\"query-input\":{\"@type\":\"PropertyValueSpecification\",\"valueRequired\":true,\"valueName\":\"search_term_string\"}}],\"inLanguage\":\"fr-FR\"},{\"@type\":\"Organization\",\"@id\":\"https:\/\/sitowebsmart.com\/#organization\",\"name\":\"SCS Concept\",\"url\":\"https:\/\/sitowebsmart.com\/\",\"logo\":{\"@type\":\"ImageObject\",\"inLanguage\":\"fr-FR\",\"@id\":\"https:\/\/sitowebsmart.com\/#\/schema\/logo\/image\/\",\"url\":\"https:\/\/sitowebsmart.com\/wp-content\/uploads\/2018\/01\/scs-concept-group-200.png\",\"contentUrl\":\"https:\/\/sitowebsmart.com\/wp-content\/uploads\/2018\/01\/scs-concept-group-200.png\",\"width\":200,\"height\":200,\"caption\":\"SCS Concept\"},\"image\":{\"@id\":\"https:\/\/sitowebsmart.com\/#\/schema\/logo\/image\/\"}}]}<\/script>\n<!-- \/ Yoast SEO plugin. -->","yoast_head_json":{"title":"footer - SCS Concept","robots":{"index":"index","follow":"follow","max-snippet":"max-snippet:-1","max-image-preview":"max-image-preview:large","max-video-preview":"max-video-preview:-1"},"canonical":"https:\/\/sitowebsmart.com\/fr\/footer\/","og_locale":"fr_FR","og_type":"article","og_title":"footer - SCS Concept","og_description":"[vc_row bg_check=\u00a0\u00bbrow-background-dark\u00a0\u00bb dfd_overlay_color=\u00a0\u00bb#ea5d1c\u00a0\u00bb dfd_overlay_pattern=\u00a0\u00bbtransperant\u00a0\u00bb dfd_overlay_pattern_opacity=\u00a0\u00bb100&Prime; force_equal_height_columns=\u00a0\u00bbmain_row\u00a0\u00bb mobile_destroy_equal_heights_resolution=\u00a0\u00bb799&Prime; dfd_row_responsive_enable=\u00a0\u00bbdfd-row-responsive-enable\u00a0\u00bb el_class=\u00a0\u00bbbg-download\u00a0\u00bb css=\u00a0\u00bb.vc_custom_1518715533558{background-color: #ea5d1c !important;}\u00a0\u00bb responsive_styles=\u00a0\u00bbpadding_left_desktop:10|padding_right_desktop:10|padding_left_tablet:10|padding_right_tablet:10|padding_left_mobile:10|padding_right_mobile:10&Prime; mobile_destroy_equal_heights=\u00a0\u00bbyes\u00a0\u00bb][vc_column width=\u00a0\u00bb2\/3&Prime;][\/vc_column][vc_column width=\u00a0\u00bb1\/3&Prime;][\/vc_column][\/vc_row][vc_row bg_check=\u00a0\u00bbrow-background-dark\u00a0\u00bb dfd_row_config=\u00a0\u00bbfull_width_small_paddings\u00a0\u00bb css=\u00a0\u00bb.vc_custom_1514915444354{margin-right: 0px !important;margin-left: 0px !important;padding-right: 0px !important;padding-left: 0px !important;}\u00a0\u00bb][vc_column css=\u00a0\u00bb.vc_custom_1514915180403{margin-right: 0px !important;margin-left:","og_url":"https:\/\/sitowebsmart.com\/fr\/footer\/","og_site_name":"SCS Concept","article_modified_time":"2024-03-04T09:59:14+00:00","twitter_card":"summary_large_image","twitter_misc":{"Dur\u00e9e de lecture estim\u00e9e":"1 minute"},"schema":{"@context":"https:\/\/schema.org","@graph":[{"@type":"WebPage","@id":"https:\/\/sitowebsmart.com\/fr\/footer\/","url":"https:\/\/sitowebsmart.com\/fr\/footer\/","name":"footer - SCS Concept","isPartOf":{"@id":"https:\/\/sitowebsmart.com\/#website"},"datePublished":"2018-02-19T17:09:42+00:00","dateModified":"2024-03-04T09:59:14+00:00","breadcrumb":{"@id":"https:\/\/sitowebsmart.com\/fr\/footer\/#breadcrumb"},"inLanguage":"fr-FR","potentialAction":[{"@type":"ReadAction","target":["https:\/\/sitowebsmart.com\/fr\/footer\/"]}]},{"@type":"BreadcrumbList","@id":"https:\/\/sitowebsmart.com\/fr\/footer\/#breadcrumb","itemListElement":[{"@type":"ListItem","position":1,"name":"Home","item":"https:\/\/sitowebsmart.com\/fr\/"},{"@type":"ListItem","position":2,"name":"footer"}]},{"@type":"WebSite","@id":"https:\/\/sitowebsmart.com\/#website","url":"https:\/\/sitowebsmart.com\/","name":"SCS Concept","description":"Soluzioni Avanzate per il serraggio e controllo qualit\u00e0","publisher":{"@id":"https:\/\/sitowebsmart.com\/#organization"},"potentialAction":[{"@type":"SearchAction","target":{"@type":"EntryPoint","urlTemplate":"https:\/\/sitowebsmart.com\/?s={search_term_string}"},"query-input":{"@type":"PropertyValueSpecification","valueRequired":true,"valueName":"search_term_string"}}],"inLanguage":"fr-FR"},{"@type":"Organization","@id":"https:\/\/sitowebsmart.com\/#organization","name":"SCS Concept","url":"https:\/\/sitowebsmart.com\/","logo":{"@type":"ImageObject","inLanguage":"fr-FR","@id":"https:\/\/sitowebsmart.com\/#\/schema\/logo\/image\/","url":"https:\/\/sitowebsmart.com\/wp-content\/uploads\/2018\/01\/scs-concept-group-200.png","contentUrl":"https:\/\/sitowebsmart.com\/wp-content\/uploads\/2018\/01\/scs-concept-group-200.png","width":200,"height":200,"caption":"SCS Concept"},"image":{"@id":"https:\/\/sitowebsmart.com\/#\/schema\/logo\/image\/"}}]}},"_links":{"self":[{"href":"https:\/\/sitowebsmart.com\/fr\/wp-json\/wp\/v2\/pages\/7514","targetHints":{"allow":["GET"]}}],"collection":[{"href":"https:\/\/sitowebsmart.com\/fr\/wp-json\/wp\/v2\/pages"}],"about":[{"href":"https:\/\/sitowebsmart.com\/fr\/wp-json\/wp\/v2\/types\/page"}],"author":[{"embeddable":true,"href":"https:\/\/sitowebsmart.com\/fr\/wp-json\/wp\/v2\/users\/5"}],"replies":[{"embeddable":true,"href":"https:\/\/sitowebsmart.com\/fr\/wp-json\/wp\/v2\/comments?post=7514"}],"version-history":[{"count":9,"href":"https:\/\/sitowebsmart.com\/fr\/wp-json\/wp\/v2\/pages\/7514\/revisions"}],"predecessor-version":[{"id":27812,"href":"https:\/\/sitowebsmart.com\/fr\/wp-json\/wp\/v2\/pages\/7514\/revisions\/27812"}],"wp:attachment":[{"href":"https:\/\/sitowebsmart.com\/fr\/wp-json\/wp\/v2\/media?parent=7514"}],"curies":[{"name":"wp","href":"https:\/\/api.w.org\/{rel}","templated":true}]}}