{"id":7607,"date":"2018-02-20T16:43:31","date_gmt":"2018-02-20T16:43:31","guid":{"rendered":"https:\/\/www.scsconcept.com\/?page_id=7607"},"modified":"2022-05-12T15:56:13","modified_gmt":"2022-05-12T15:56:13","slug":"analyseurs-de-donnees-couple-angle","status":"publish","type":"page","link":"https:\/\/sitowebsmart.com\/fr\/analyseurs-de-donnees-couple-angle\/","title":{"rendered":"Analyseurs de donnees couple angle"},"content":{"rendered":"<div class=\"wpb-content-wrapper\"><p>[vc_row dfd_bg_style=\u00a0\u00bbimage\u00a0\u00bb dfd_bg_image_new=\u00a0\u00bb240&Prime; dfd_overlay_color=\u00a0\u00bb#ffffff\u00a0\u00bb dfd_overlay_pattern=\u00a0\u00bbtransperant\u00a0\u00bb dfd_overlay_pattern_opacity=\u00a0\u00bb85&Prime; dfd_row_config=\u00a0\u00bbfull_width_content_paddings\u00a0\u00bb dfd_row_responsive_enable=\u00a0\u00bbdfd-row-responsive-enable\u00a0\u00bb css=\u00a0\u00bb.vc_custom_1652370968020{padding-right: 10% !important;padding-left: 10% !important;}\u00a0\u00bb responsive_styles=\u00a0\u00bbpadding_left_desktop:20|padding_right_desktop:20|padding_left_tablet:20|padding_right_tablet:20|padding_left_mobile:10|padding_right_mobile:10&Prime;][vc_column dfd_column_responsive_enable=\u00a0\u00bbdfd-column-responsive-enable\u00a0\u00bb responsive_styles=\u00a0\u00bbpadding_left_mobile:10|padding_right_mobile:10&Prime;][vc_row_inner][vc_column_inner dfd_column_responsive_enable=\u00a0\u00bbdfd-column-responsive-enable\u00a0\u00bb css=\u00a0\u00bb.vc_custom_1503581599802{padding-right: 20% !important;padding-left: 20% !important;}\u00a0\u00bb responsive_styles=\u00a0\u00bbpadding_left_desktop:80|padding_right_desktop:80|padding_left_tablet:10|padding_right_tablet:10|padding_left_mobile:10|padding_right_mobile:10&Prime;]<div class=\"dfd-spacer-module\"  data-units=\"px\" data-wide_resolution=\"1280\" data-wide_size=\"100\" data-normal_resolution=\"1024\" data-normal_size=\"100\" data-tablet_resolution=\"800\" data-tablet_size=\"90\" data-mobile_resolution=\"480\" data-mobile_size=\"80\" style=\"height: 100px;\"><\/div><div class=\"dfd-heading-shortcode\"><div class=\"dfd-heading-module-wrap  text-center style_01 cr-animate-gen dfd-heading-69e341df69050 dfd-disable-resposive-headings\" id=\"dfd-heading-69e341df69050\" data-animate-type = \"transition.expandIn\" ><div class=\"inline-block\"><div class=\"dfd-heading-module\"><h1 class=\"widget-title dfd-title \" style=\"\">Analyseurs de Donn\u00e9es<\/h1><h3 class=\"widget-sub-title dfd-sub-title \" style=\"line-height: 26px; \">Les analyseurs de donn\u00e9es SCS Concept offrent une solution pour v\u00e9rifier et calibrer des outils \u00e9lectriques et des cl\u00e9s couple le long de la ligne de production.<\/h3><div class=\"dfd-heading-delimiter dfd-img-lazy-load\"><\/div><\/div><\/div><\/div><script type=\"text\/javascript\">\r\n\t\t\t\t\t\t\t\t\t(function($) {\r\n\t\t\t\t\t\t\t\t\t\t$(\"head\").append(\"<style>.dfd-heading-69e341df69050.dfd-heading-module-wrap .dfd-heading-module .dfd-heading-delimiter {border-bottom-style:solid;border-bottom-width:1px;width:140px;border-bottom-color:#ea5d1c;}.dfd-heading-69e341df69050 .dfd-heading-module .widget-sub-title {margin-top:20px;margin-bottom:35px;}.dfd-heading-69e341df69050.dfd-heading-module-wrap .dfd-heading-module .dfd-heading-delimiter {margin-top:10px;margin-bottom:10px;}<\/style>\");\r\n\t\t\t\t\t\t\t\t\t})(jQuery);\r\n\t\t\t\t\t\t\t\t<\/script><\/div><div class=\"dfd-spacer-module\"  data-units=\"px\" data-wide_resolution=\"1280\" data-wide_size=\"30\" data-normal_resolution=\"1024\" data-normal_size=\"30\" data-tablet_resolution=\"800\" data-tablet_size=\"30\" data-mobile_resolution=\"480\" data-mobile_size=\"30\" style=\"height: 30px;\"><\/div>[\/vc_column_inner][\/vc_row_inner][vc_row_inner][vc_column_inner width=\u00a0\u00bb1\/3&Prime;]<div id=\"dfd-rotate-box-69e341df69359-3124\" class=\"dfd-rotate-box-wrap  to-left\" ><div class=\"dfd-rotate-box-list\"><div class=\"dfd-item-offset rotate-box\"><div class=\"dfd-rotate-box-item to-left\"><div class=\"thumb-wrap\"><div class=\"thumb-wrap-front dfd-background-main\"><div class=\"content-wrap\"><div class=\"content-block dfd-rotate-content-v_center dfd-rotate-content-h_center \"><\/div><\/div><\/div><div class=\"thumb-wrap-back dfd-background-main\"><div class=\"content-wrap\"><\/div><\/div><\/div><a href=\"https:\/\/www.scsconcept.com\/fr\/datatouch3-analyseur-de-donnees-couple-angle\/\" class=\"full-box-link\" title=\"\"  rel=\"\"><\/a><\/div><\/div><\/div><script type=\"text\/javascript\">(function($) {$(\"head\").append(\"<style>#dfd-rotate-box-69e341df69359-3124 .dfd-rotate-box-item .thumb-wrap .thumb-wrap-front {background-image: url(https:\/\/sitowebsmart.com\/wp-content\/uploads\/2018\/02\/datatouch3-acquisizione-dati-1.jpg); }#dfd-rotate-box-69e341df69359-3124 .dfd-rotate-box-item .thumb-wrap .thumb-wrap-back {background-image: url(https:\/\/sitowebsmart.com\/wp-content\/uploads\/2018\/02\/datatouch3-acquisizione-dati2.jpg); }<\/style>\");})(jQuery);<\/script><\/div><div class=\"dfd-spacer-module\"  data-units=\"px\" data-wide_resolution=\"1280\" data-wide_size=\"20\" data-normal_resolution=\"1024\" data-normal_size=\"20\" data-tablet_resolution=\"800\" data-tablet_size=\"20\" data-mobile_resolution=\"480\" data-mobile_size=\"20\" style=\"height: 20px;\"><\/div><div class=\"dfd-heading-shortcode\"><div class=\"dfd-heading-module-wrap  text-left style_01 dfd-heading-69e341df6a06f dfd-disable-resposive-headings\" id=\"dfd-heading-69e341df6a06f\" ><div class=\"inline-block\"><div class=\"dfd-heading-module\"><h2 class=\"widget-title dfd-title \" style=\"font-size: 26px; color: #565656 !important; line-height: 28px; \"><a style=\"color: #565656;\" href=\"https:\/\/sitowebsmart.com\/fr\/datatouch3-analyseur-de-donnees-couple-angle\/\">DataTouch<sup style=\"font-size: 14px;\">3<\/sup><\/a><\/p>\n<p><\/h2><\/div><\/div><\/div><script type=\"text\/javascript\">\r\n\t\t\t\t\t\t\t\t\t(function($) {\r\n\t\t\t\t\t\t\t\t\t\t$(\"head\").append(\"<style>.dfd-heading-69e341df6a06f .dfd-heading-module .widget-title {margin-bottom:4px;}.dfd-heading-69e341df6a06f.dfd-heading-module-wrap .dfd-heading-module .dfd-heading-delimiter {margin-top:10px;margin-bottom:10px;}<\/style>\");\r\n\t\t\t\t\t\t\t\t\t})(jQuery);\r\n\t\t\t\t\t\t\t\t<\/script><\/div><div id=\"idinfobox69e341df6a2b0\" class=\"dfd-info-box clearfix style-01 layout-04  idinfobox69e341df6a2b0\" ><div class=\"dfd-animate-container\"><div class=\"content-wrap ovh\"><div class=\"wrap-delimiter\"><div class=\"delimiter\" style=\"width:100px;border-width:1px;border-color:#ea5d1c;border-bottom-style:solid\"><\/div><\/div><div class=\"description\" style=\"\">&#8211; Mesure couple \/ angle pour le test des outils<br \/>\n&#8211; C\u00e2ble ou connexion sans fil pour capteurs externes<br \/>\n&#8211; Test des outils \u00e9lectriques et cl\u00e9s<br \/>\n&#8211; Tests de qualit\u00e9 sur des joints d\u00e9j\u00e0 serr\u00e9s<br \/>\n&#8211; Op\u00e9rations de serrage<br \/>\n&#8211; Statistiques Cmk-Cm, Cp-Cpk<br \/>\n&#8211; Graphiques de contr\u00f4le (SPC)<br \/>\n&#8211; Lecture code-barres incorpor\u00e9<\/div><\/div><a href=\"https:\/\/www.scsconcept.com\/fr\/datatouch3-analyseur-de-donnees-couple-angle\/\"   class=\"full-box-link\"><\/a><\/div><\/div><div class=\"dfd-spacer-module\"  data-units=\"px\" data-wide_resolution=\"1280\" data-wide_size=\"20\" data-normal_resolution=\"1024\" data-normal_size=\"20\" data-tablet_resolution=\"800\" data-tablet_size=\"20\" data-mobile_resolution=\"480\" data-mobile_size=\"20\" style=\"height: 20px;\"><\/div>[\/vc_column_inner][vc_column_inner width=\u00a0\u00bb1\/3&Prime;]<div id=\"dfd-rotate-box-69e341df6a472-1723\" class=\"dfd-rotate-box-wrap  to-left\" ><div class=\"dfd-rotate-box-list\"><div class=\"dfd-item-offset rotate-box\"><div class=\"dfd-rotate-box-item to-left\"><div class=\"thumb-wrap\"><div class=\"thumb-wrap-front dfd-background-main\"><div class=\"content-wrap\"><div class=\"content-block dfd-rotate-content-v_center dfd-rotate-content-h_center \"><\/div><\/div><\/div><div class=\"thumb-wrap-back dfd-background-main\"><div class=\"content-wrap\"><\/div><\/div><\/div><a href=\"https:\/\/www.scsconcept.com\/fr\/analyseur-de-donnees-couple-et-angle-easytouch\/\" class=\"full-box-link\" title=\"\"  rel=\"\"><\/a><\/div><\/div><\/div><script type=\"text\/javascript\">(function($) {$(\"head\").append(\"<style>#dfd-rotate-box-69e341df6a472-1723 .dfd-rotate-box-item .thumb-wrap .thumb-wrap-front {background-image: url(https:\/\/sitowebsmart.com\/wp-content\/uploads\/2018\/02\/easytouch-acquisizione-dati-1.jpg); }#dfd-rotate-box-69e341df6a472-1723 .dfd-rotate-box-item .thumb-wrap .thumb-wrap-back {background-image: url(https:\/\/sitowebsmart.com\/wp-content\/uploads\/2018\/02\/easytouch-acquisizione-dati2.jpg); }<\/style>\");})(jQuery);<\/script><\/div><div class=\"dfd-spacer-module\"  data-units=\"px\" data-wide_resolution=\"1280\" data-wide_size=\"20\" data-normal_resolution=\"1024\" data-normal_size=\"20\" data-tablet_resolution=\"800\" data-tablet_size=\"20\" data-mobile_resolution=\"480\" data-mobile_size=\"20\" style=\"height: 20px;\"><\/div><div id=\"idinfobox69e341df6b710\" class=\"dfd-info-box clearfix style-01 layout-04  idinfobox69e341df6b710\" ><div class=\"dfd-animate-container\"><div class=\"content-wrap ovh\"><h2 class=\"info-box-title \" style=\"font-size: 26px; line-height: 28px; \">EasyTouch<\/h2><div class=\"wrap-delimiter\"><div class=\"delimiter\" style=\"width:100px;border-width:1px;border-color:#ea5d1c;border-bottom-style:solid\"><\/div><\/div><div class=\"description\" style=\"\">&#8211; Analyseur de donn\u00e9es \u00e0 connecter \u00e0 FWE (couple seulement) ou des capteurs externes<br \/>\n&#8211; Test des outils \u00e9lectriques et des cl\u00e9s couple<\/div><\/div><a href=\"https:\/\/www.scsconcept.com\/fr\/analyseur-de-donnees-couple-et-angle-easytouch\/\"   class=\"full-box-link\"><\/a><\/div><\/div><div class=\"dfd-spacer-module\"  data-units=\"px\" data-wide_resolution=\"1280\" data-wide_size=\"20\" data-normal_resolution=\"1024\" data-normal_size=\"20\" data-tablet_resolution=\"800\" data-tablet_size=\"20\" data-mobile_resolution=\"480\" data-mobile_size=\"20\" style=\"height: 20px;\"><\/div>[\/vc_column_inner][vc_column_inner width=\u00a0\u00bb1\/3&Prime;]<div id=\"dfd-rotate-box-69e341df6ba91-6471\" class=\"dfd-rotate-box-wrap  to-left\" ><div class=\"dfd-rotate-box-list\"><div class=\"dfd-item-offset rotate-box\"><div class=\"dfd-rotate-box-item to-left\"><div class=\"thumb-wrap\"><div class=\"thumb-wrap-front dfd-background-main\"><div class=\"content-wrap\"><div class=\"content-block dfd-rotate-content-v_center dfd-rotate-content-h_center \"><\/div><\/div><\/div><div class=\"thumb-wrap-back dfd-background-main\"><div class=\"content-wrap\"><\/div><\/div><\/div><a href=\"https:\/\/www.scsconcept.com\/fr\/analyseur-couple-angle-multi-canal-mtc-p\/\" class=\"full-box-link\" title=\"\"  rel=\"\"><\/a><\/div><\/div><\/div><script type=\"text\/javascript\">(function($) {$(\"head\").append(\"<style>#dfd-rotate-box-69e341df6ba91-6471 .dfd-rotate-box-item .thumb-wrap .thumb-wrap-front {background-image: url(https:\/\/sitowebsmart.com\/wp-content\/uploads\/2018\/02\/MTC-P-acquisizione-dati.jpg); }#dfd-rotate-box-69e341df6ba91-6471 .dfd-rotate-box-item .thumb-wrap .thumb-wrap-back {background-image: url(https:\/\/sitowebsmart.com\/wp-content\/uploads\/2018\/02\/MTC-P-acquisizione-dati2.jpg); }<\/style>\");})(jQuery);<\/script><\/div><div class=\"dfd-spacer-module\"  data-units=\"px\" data-wide_resolution=\"1280\" data-wide_size=\"20\" data-normal_resolution=\"1024\" data-normal_size=\"20\" data-tablet_resolution=\"800\" data-tablet_size=\"20\" data-mobile_resolution=\"480\" data-mobile_size=\"20\" style=\"height: 20px;\"><\/div><div id=\"idinfobox69e341df6cbb5\" class=\"dfd-info-box clearfix style-01 layout-04  idinfobox69e341df6cbb5\" ><div class=\"dfd-animate-container\"><div class=\"content-wrap ovh\"><h2 class=\"info-box-title \" style=\"font-size: 26px; line-height: 28px; \">MTC-P<\/h2><div class=\"wrap-delimiter\"><div class=\"delimiter\" style=\"width:100px;border-width:1px;border-color:#ea5d1c;border-bottom-style:solid\"><\/div><\/div><div class=\"description\" style=\"\">&#8211; Analyseur couple\/angle Multi canal<br \/>\n&#8211; Connexion \u00e0 des capteurs SCS couple et couple\/angle, avec reconnaissance automatique<br \/>\n&#8211; Connexion \u00e0 des capteurs concurrents (mV\/V) et des capteurs amplifi\u00e9s (V)<br \/>\n&#8211; Test des outils multi broche<br \/>\n&#8211; PC avec logiciel de gestion des tests, r\u00e9sultats et statistiques Data.Pro<\/div><\/div><a href=\"https:\/\/www.scsconcept.com\/fr\/analyseur-couple-angle-multi-canal-mtc-p\/\"   class=\"full-box-link\"><\/a><\/div><\/div><div class=\"dfd-spacer-module\"  data-units=\"px\" data-wide_resolution=\"1280\" data-wide_size=\"20\" data-normal_resolution=\"1024\" data-normal_size=\"20\" data-tablet_resolution=\"800\" data-tablet_size=\"20\" data-mobile_resolution=\"480\" data-mobile_size=\"20\" style=\"height: 20px;\"><\/div>[\/vc_column_inner][\/vc_row_inner]<div class=\"dfd-spacer-module\"  data-units=\"px\" data-wide_resolution=\"1280\" data-wide_size=\"95\" data-normal_resolution=\"1024\" data-normal_size=\"95\" data-tablet_resolution=\"800\" data-tablet_size=\"90\" data-mobile_resolution=\"480\" data-mobile_size=\"80\" style=\"height: 95px;\"><\/div><div class=\"dfd-heading-shortcode\"><div class=\"dfd-heading-module-wrap  text-left style_01 dfd-heading-69e341df6ce48 dfd-disable-resposive-headings\" id=\"dfd-heading-69e341df6ce48\" ><div class=\"inline-block\"><div class=\"dfd-heading-module\"><h2 class=\"widget-title dfd-title \" style=\"font-size: 35px; \">Analyseurs de Donn\u00e9es Couple\/Angle<\/h2><div class=\"dfd-heading-delimiter dfd-img-lazy-load\"><\/div><\/div><\/div><\/div><script type=\"text\/javascript\">\r\n\t\t\t\t\t\t\t\t\t(function($) {\r\n\t\t\t\t\t\t\t\t\t\t$(\"head\").append(\"<style>.dfd-heading-69e341df6ce48.dfd-heading-module-wrap .dfd-heading-module .dfd-heading-delimiter {border-bottom-style:solid;border-bottom-width:1px;width:140px;border-bottom-color:#ea5d1c;}.dfd-heading-69e341df6ce48.dfd-heading-module-wrap .dfd-heading-module .dfd-heading-delimiter {margin-top:10px;margin-bottom:10px;}<\/style>\");\r\n\t\t\t\t\t\t\t\t\t})(jQuery);\r\n\t\t\t\t\t\t\t\t<\/script><\/div>[vc_column_text]Leurs particularit\u00e9s sont les tests contr\u00f4le qualit\u00e9 sur des joints d\u00e9j\u00e0 serr\u00e9s (mesure du couple r\u00e9siduel).<\/p>\n<p>Ils peuvent \u00eatre connect\u00e9s \u00e0 tous les capteurs couple et couple\/angle SCS Concept. Ils g\u00e8rent le contr\u00f4le des routes, re\u00e7oivent et transf\u00e8rent des programmes de test avec un logiciel de gestion et une base de donn\u00e9es.[\/vc_column_text]<div class=\"dfd-spacer-module\"  data-units=\"px\" data-wide_resolution=\"1280\" data-wide_size=\"80\" data-normal_resolution=\"1024\" data-normal_size=\"80\" data-tablet_resolution=\"800\" data-tablet_size=\"80\" data-mobile_resolution=\"480\" data-mobile_size=\"80\" style=\"height: 80px;\"><\/div>[\/vc_column][\/vc_row]<\/p>\n<\/div>","protected":false},"excerpt":{"rendered":"<p>[vc_row dfd_bg_style=\u00a0\u00bbimage\u00a0\u00bb dfd_bg_image_new=\u00a0\u00bb240&Prime; dfd_overlay_color=\u00a0\u00bb#ffffff\u00a0\u00bb dfd_overlay_pattern=\u00a0\u00bbtransperant\u00a0\u00bb dfd_overlay_pattern_opacity=\u00a0\u00bb85&Prime; dfd_row_config=\u00a0\u00bbfull_width_content_paddings\u00a0\u00bb dfd_row_responsive_enable=\u00a0\u00bbdfd-row-responsive-enable\u00a0\u00bb css=\u00a0\u00bb.vc_custom_1652370968020{padding-right: 10% !important;padding-left: 10% !important;}\u00a0\u00bb responsive_styles=\u00a0\u00bbpadding_left_desktop:20|padding_right_desktop:20|padding_left_tablet:20|padding_right_tablet:20|padding_left_mobile:10|padding_right_mobile:10&Prime;][vc_column dfd_column_responsive_enable=\u00a0\u00bbdfd-column-responsive-enable\u00a0\u00bb responsive_styles=\u00a0\u00bbpadding_left_mobile:10|padding_right_mobile:10&Prime;][vc_row_inner][vc_column_inner dfd_column_responsive_enable=\u00a0\u00bbdfd-column-responsive-enable\u00a0\u00bb css=\u00a0\u00bb.vc_custom_1503581599802{padding-right: 20% !important;padding-left: 20% !important;}\u00a0\u00bb responsive_styles=\u00a0\u00bbpadding_left_desktop:80|padding_right_desktop:80|padding_left_tablet:10|padding_right_tablet:10|padding_left_mobile:10|padding_right_mobile:10&Prime;][\/vc_column_inner][\/vc_row_inner][vc_row_inner][vc_column_inner width=\u00a0\u00bb1\/3&Prime;][\/vc_column_inner][vc_column_inner width=\u00a0\u00bb1\/3&Prime;][\/vc_column_inner][vc_column_inner width=\u00a0\u00bb1\/3&Prime;][\/vc_column_inner][\/vc_row_inner][vc_column_text]Leurs particularit\u00e9s sont les tests<\/p>\n","protected":false},"author":5,"featured_media":0,"parent":0,"menu_order":0,"comment_status":"closed","ping_status":"closed","template":"page-custom.php","meta":{"_acf_changed":false,"footnotes":""},"class_list":["post-7607","page","type-page","status-publish","hentry"],"acf":[],"yoast_head":"<!-- This site is optimized with the Yoast SEO plugin v26.9 - https:\/\/yoast.com\/product\/yoast-seo-wordpress\/ -->\n<title>Analyseurs de donnees couple angle - SCS Concept<\/title>\n<meta name=\"robots\" content=\"index, follow, max-snippet:-1, max-image-preview:large, max-video-preview:-1\" \/>\n<link rel=\"canonical\" href=\"https:\/\/sitowebsmart.com\/fr\/analyseurs-de-donnees-couple-angle\/\" \/>\n<meta property=\"og:locale\" content=\"fr_FR\" \/>\n<meta property=\"og:type\" content=\"article\" \/>\n<meta property=\"og:title\" content=\"Analyseurs de donnees couple angle - SCS Concept\" \/>\n<meta property=\"og:description\" content=\"[vc_row dfd_bg_style=\u00a0\u00bbimage\u00a0\u00bb dfd_bg_image_new=\u00a0\u00bb240&Prime; dfd_overlay_color=\u00a0\u00bb#ffffff\u00a0\u00bb dfd_overlay_pattern=\u00a0\u00bbtransperant\u00a0\u00bb dfd_overlay_pattern_opacity=\u00a0\u00bb85&Prime; dfd_row_config=\u00a0\u00bbfull_width_content_paddings\u00a0\u00bb dfd_row_responsive_enable=\u00a0\u00bbdfd-row-responsive-enable\u00a0\u00bb css=\u00a0\u00bb.vc_custom_1652370968020{padding-right: 10% !important;padding-left: 10% !important;}\u00a0\u00bb responsive_styles=\u00a0\u00bbpadding_left_desktop:20|padding_right_desktop:20|padding_left_tablet:20|padding_right_tablet:20|padding_left_mobile:10|padding_right_mobile:10&Prime;][vc_column dfd_column_responsive_enable=\u00a0\u00bbdfd-column-responsive-enable\u00a0\u00bb responsive_styles=\u00a0\u00bbpadding_left_mobile:10|padding_right_mobile:10&Prime;][vc_row_inner][vc_column_inner dfd_column_responsive_enable=\u00a0\u00bbdfd-column-responsive-enable\u00a0\u00bb css=\u00a0\u00bb.vc_custom_1503581599802{padding-right: 20% !important;padding-left: 20% !important;}\u00a0\u00bb responsive_styles=\u00a0\u00bbpadding_left_desktop:80|padding_right_desktop:80|padding_left_tablet:10|padding_right_tablet:10|padding_left_mobile:10|padding_right_mobile:10&Prime;][\/vc_column_inner][\/vc_row_inner][vc_row_inner][vc_column_inner width=\u00a0\u00bb1\/3&Prime;][\/vc_column_inner][vc_column_inner width=\u00a0\u00bb1\/3&Prime;][\/vc_column_inner][vc_column_inner width=\u00a0\u00bb1\/3&Prime;][\/vc_column_inner][\/vc_row_inner][vc_column_text]Leurs particularit\u00e9s sont les tests\" \/>\n<meta property=\"og:url\" content=\"https:\/\/sitowebsmart.com\/fr\/analyseurs-de-donnees-couple-angle\/\" \/>\n<meta property=\"og:site_name\" content=\"SCS Concept\" \/>\n<meta property=\"article:modified_time\" content=\"2022-05-12T15:56:13+00:00\" \/>\n<meta name=\"twitter:card\" content=\"summary_large_image\" \/>\n<meta name=\"twitter:label1\" content=\"Dur\u00e9e de lecture estim\u00e9e\" \/>\n\t<meta name=\"twitter:data1\" content=\"6 minutes\" \/>\n<script type=\"application\/ld+json\" class=\"yoast-schema-graph\">{\"@context\":\"https:\/\/schema.org\",\"@graph\":[{\"@type\":\"WebPage\",\"@id\":\"https:\/\/sitowebsmart.com\/fr\/analyseurs-de-donnees-couple-angle\/\",\"url\":\"https:\/\/sitowebsmart.com\/fr\/analyseurs-de-donnees-couple-angle\/\",\"name\":\"Analyseurs de donnees couple angle - SCS Concept\",\"isPartOf\":{\"@id\":\"https:\/\/sitowebsmart.com\/#website\"},\"datePublished\":\"2018-02-20T16:43:31+00:00\",\"dateModified\":\"2022-05-12T15:56:13+00:00\",\"breadcrumb\":{\"@id\":\"https:\/\/sitowebsmart.com\/fr\/analyseurs-de-donnees-couple-angle\/#breadcrumb\"},\"inLanguage\":\"fr-FR\",\"potentialAction\":[{\"@type\":\"ReadAction\",\"target\":[\"https:\/\/sitowebsmart.com\/fr\/analyseurs-de-donnees-couple-angle\/\"]}]},{\"@type\":\"BreadcrumbList\",\"@id\":\"https:\/\/sitowebsmart.com\/fr\/analyseurs-de-donnees-couple-angle\/#breadcrumb\",\"itemListElement\":[{\"@type\":\"ListItem\",\"position\":1,\"name\":\"Home\",\"item\":\"https:\/\/sitowebsmart.com\/fr\/\"},{\"@type\":\"ListItem\",\"position\":2,\"name\":\"Analyseurs de donnees couple angle\"}]},{\"@type\":\"WebSite\",\"@id\":\"https:\/\/sitowebsmart.com\/#website\",\"url\":\"https:\/\/sitowebsmart.com\/\",\"name\":\"SCS Concept\",\"description\":\"Soluzioni Avanzate per il serraggio e controllo qualit\u00e0\",\"publisher\":{\"@id\":\"https:\/\/sitowebsmart.com\/#organization\"},\"potentialAction\":[{\"@type\":\"SearchAction\",\"target\":{\"@type\":\"EntryPoint\",\"urlTemplate\":\"https:\/\/sitowebsmart.com\/?s={search_term_string}\"},\"query-input\":{\"@type\":\"PropertyValueSpecification\",\"valueRequired\":true,\"valueName\":\"search_term_string\"}}],\"inLanguage\":\"fr-FR\"},{\"@type\":\"Organization\",\"@id\":\"https:\/\/sitowebsmart.com\/#organization\",\"name\":\"SCS Concept\",\"url\":\"https:\/\/sitowebsmart.com\/\",\"logo\":{\"@type\":\"ImageObject\",\"inLanguage\":\"fr-FR\",\"@id\":\"https:\/\/sitowebsmart.com\/#\/schema\/logo\/image\/\",\"url\":\"https:\/\/sitowebsmart.com\/wp-content\/uploads\/2018\/01\/scs-concept-group-200.png\",\"contentUrl\":\"https:\/\/sitowebsmart.com\/wp-content\/uploads\/2018\/01\/scs-concept-group-200.png\",\"width\":200,\"height\":200,\"caption\":\"SCS Concept\"},\"image\":{\"@id\":\"https:\/\/sitowebsmart.com\/#\/schema\/logo\/image\/\"}}]}<\/script>\n<!-- \/ Yoast SEO plugin. -->","yoast_head_json":{"title":"Analyseurs de donnees couple angle - SCS Concept","robots":{"index":"index","follow":"follow","max-snippet":"max-snippet:-1","max-image-preview":"max-image-preview:large","max-video-preview":"max-video-preview:-1"},"canonical":"https:\/\/sitowebsmart.com\/fr\/analyseurs-de-donnees-couple-angle\/","og_locale":"fr_FR","og_type":"article","og_title":"Analyseurs de donnees couple angle - SCS Concept","og_description":"[vc_row dfd_bg_style=\u00a0\u00bbimage\u00a0\u00bb dfd_bg_image_new=\u00a0\u00bb240&Prime; dfd_overlay_color=\u00a0\u00bb#ffffff\u00a0\u00bb dfd_overlay_pattern=\u00a0\u00bbtransperant\u00a0\u00bb dfd_overlay_pattern_opacity=\u00a0\u00bb85&Prime; dfd_row_config=\u00a0\u00bbfull_width_content_paddings\u00a0\u00bb dfd_row_responsive_enable=\u00a0\u00bbdfd-row-responsive-enable\u00a0\u00bb css=\u00a0\u00bb.vc_custom_1652370968020{padding-right: 10% !important;padding-left: 10% !important;}\u00a0\u00bb responsive_styles=\u00a0\u00bbpadding_left_desktop:20|padding_right_desktop:20|padding_left_tablet:20|padding_right_tablet:20|padding_left_mobile:10|padding_right_mobile:10&Prime;][vc_column dfd_column_responsive_enable=\u00a0\u00bbdfd-column-responsive-enable\u00a0\u00bb responsive_styles=\u00a0\u00bbpadding_left_mobile:10|padding_right_mobile:10&Prime;][vc_row_inner][vc_column_inner dfd_column_responsive_enable=\u00a0\u00bbdfd-column-responsive-enable\u00a0\u00bb css=\u00a0\u00bb.vc_custom_1503581599802{padding-right: 20% !important;padding-left: 20% !important;}\u00a0\u00bb responsive_styles=\u00a0\u00bbpadding_left_desktop:80|padding_right_desktop:80|padding_left_tablet:10|padding_right_tablet:10|padding_left_mobile:10|padding_right_mobile:10&Prime;][\/vc_column_inner][\/vc_row_inner][vc_row_inner][vc_column_inner width=\u00a0\u00bb1\/3&Prime;][\/vc_column_inner][vc_column_inner width=\u00a0\u00bb1\/3&Prime;][\/vc_column_inner][vc_column_inner width=\u00a0\u00bb1\/3&Prime;][\/vc_column_inner][\/vc_row_inner][vc_column_text]Leurs particularit\u00e9s sont les tests","og_url":"https:\/\/sitowebsmart.com\/fr\/analyseurs-de-donnees-couple-angle\/","og_site_name":"SCS Concept","article_modified_time":"2022-05-12T15:56:13+00:00","twitter_card":"summary_large_image","twitter_misc":{"Dur\u00e9e de lecture estim\u00e9e":"6 minutes"},"schema":{"@context":"https:\/\/schema.org","@graph":[{"@type":"WebPage","@id":"https:\/\/sitowebsmart.com\/fr\/analyseurs-de-donnees-couple-angle\/","url":"https:\/\/sitowebsmart.com\/fr\/analyseurs-de-donnees-couple-angle\/","name":"Analyseurs de donnees couple angle - SCS Concept","isPartOf":{"@id":"https:\/\/sitowebsmart.com\/#website"},"datePublished":"2018-02-20T16:43:31+00:00","dateModified":"2022-05-12T15:56:13+00:00","breadcrumb":{"@id":"https:\/\/sitowebsmart.com\/fr\/analyseurs-de-donnees-couple-angle\/#breadcrumb"},"inLanguage":"fr-FR","potentialAction":[{"@type":"ReadAction","target":["https:\/\/sitowebsmart.com\/fr\/analyseurs-de-donnees-couple-angle\/"]}]},{"@type":"BreadcrumbList","@id":"https:\/\/sitowebsmart.com\/fr\/analyseurs-de-donnees-couple-angle\/#breadcrumb","itemListElement":[{"@type":"ListItem","position":1,"name":"Home","item":"https:\/\/sitowebsmart.com\/fr\/"},{"@type":"ListItem","position":2,"name":"Analyseurs de donnees couple angle"}]},{"@type":"WebSite","@id":"https:\/\/sitowebsmart.com\/#website","url":"https:\/\/sitowebsmart.com\/","name":"SCS Concept","description":"Soluzioni Avanzate per il serraggio e controllo qualit\u00e0","publisher":{"@id":"https:\/\/sitowebsmart.com\/#organization"},"potentialAction":[{"@type":"SearchAction","target":{"@type":"EntryPoint","urlTemplate":"https:\/\/sitowebsmart.com\/?s={search_term_string}"},"query-input":{"@type":"PropertyValueSpecification","valueRequired":true,"valueName":"search_term_string"}}],"inLanguage":"fr-FR"},{"@type":"Organization","@id":"https:\/\/sitowebsmart.com\/#organization","name":"SCS Concept","url":"https:\/\/sitowebsmart.com\/","logo":{"@type":"ImageObject","inLanguage":"fr-FR","@id":"https:\/\/sitowebsmart.com\/#\/schema\/logo\/image\/","url":"https:\/\/sitowebsmart.com\/wp-content\/uploads\/2018\/01\/scs-concept-group-200.png","contentUrl":"https:\/\/sitowebsmart.com\/wp-content\/uploads\/2018\/01\/scs-concept-group-200.png","width":200,"height":200,"caption":"SCS Concept"},"image":{"@id":"https:\/\/sitowebsmart.com\/#\/schema\/logo\/image\/"}}]}},"_links":{"self":[{"href":"https:\/\/sitowebsmart.com\/fr\/wp-json\/wp\/v2\/pages\/7607","targetHints":{"allow":["GET"]}}],"collection":[{"href":"https:\/\/sitowebsmart.com\/fr\/wp-json\/wp\/v2\/pages"}],"about":[{"href":"https:\/\/sitowebsmart.com\/fr\/wp-json\/wp\/v2\/types\/page"}],"author":[{"embeddable":true,"href":"https:\/\/sitowebsmart.com\/fr\/wp-json\/wp\/v2\/users\/5"}],"replies":[{"embeddable":true,"href":"https:\/\/sitowebsmart.com\/fr\/wp-json\/wp\/v2\/comments?post=7607"}],"version-history":[{"count":6,"href":"https:\/\/sitowebsmart.com\/fr\/wp-json\/wp\/v2\/pages\/7607\/revisions"}],"predecessor-version":[{"id":25372,"href":"https:\/\/sitowebsmart.com\/fr\/wp-json\/wp\/v2\/pages\/7607\/revisions\/25372"}],"wp:attachment":[{"href":"https:\/\/sitowebsmart.com\/fr\/wp-json\/wp\/v2\/media?parent=7607"}],"curies":[{"name":"wp","href":"https:\/\/api.w.org\/{rel}","templated":true}]}}