{"id":7634,"date":"2018-02-20T17:31:25","date_gmt":"2018-02-20T17:31:25","guid":{"rendered":"https:\/\/www.scsconcept.com\/?page_id=7634"},"modified":"2018-04-05T10:17:29","modified_gmt":"2018-04-05T10:17:29","slug":"logiciels","status":"publish","type":"page","link":"https:\/\/sitowebsmart.com\/fr\/logiciels\/","title":{"rendered":"Logiciels"},"content":{"rendered":"<div class=\"wpb-content-wrapper\"><p>[vc_row dfd_row_config=\u00a0\u00bbfull_width_content_paddings\u00a0\u00bb dfd_row_responsive_enable=\u00a0\u00bbdfd-row-responsive-enable\u00a0\u00bb dfd_bg_style=\u00a0\u00bbimage\u00a0\u00bb dfd_parallax_style=\u00a0\u00bbdfd_vertical_parallax\u00a0\u00bb dfd_bg_image_new=\u00a0\u00bb6101&Prime; dfd_overlay_color=\u00a0\u00bb#ffffff\u00a0\u00bb dfd_overlay_pattern=\u00a0\u00bbtransperant\u00a0\u00bb dfd_overlay_pattern_opacity=\u00a0\u00bb85&Prime; css=\u00a0\u00bb.vc_custom_1518015200343{padding-right: 10% !important;padding-left: 10% !important;}\u00a0\u00bb responsive_styles=\u00a0\u00bbpadding_left_desktop:20|padding_right_desktop:20|padding_left_tablet:20|padding_right_tablet:20|padding_left_mobile:10|padding_right_mobile:10&Prime;][vc_column dfd_column_responsive_enable=\u00a0\u00bbdfd-column-responsive-enable\u00a0\u00bb responsive_styles=\u00a0\u00bbpadding_left_mobile:10|padding_right_mobile:10&Prime;][vc_row_inner][vc_column_inner dfd_column_responsive_enable=\u00a0\u00bbdfd-column-responsive-enable\u00a0\u00bb css=\u00a0\u00bb.vc_custom_1503581599802{padding-right: 20% !important;padding-left: 20% !important;}\u00a0\u00bb responsive_styles=\u00a0\u00bbpadding_left_desktop:80|padding_right_desktop:80|padding_left_tablet:10|padding_right_tablet:10|padding_left_mobile:10|padding_right_mobile:10&Prime;]<div class=\"dfd-spacer-module\"  data-units=\"px\" data-wide_resolution=\"1280\" data-wide_size=\"100\" data-normal_resolution=\"1024\" data-normal_size=\"100\" data-tablet_resolution=\"800\" data-tablet_size=\"90\" data-mobile_resolution=\"480\" data-mobile_size=\"80\" style=\"height: 100px;\"><\/div><div class=\"dfd-heading-shortcode\"><div class=\"dfd-heading-module-wrap  text-center style_01 cr-animate-gen dfd-heading-69e1b2ca32502 dfd-disable-resposive-headings\" id=\"dfd-heading-69e1b2ca32502\" data-animate-type = \"transition.expandIn\" ><div class=\"inline-block\"><div class=\"dfd-heading-module\"><h1 class=\"widget-title dfd-title \" style=\"\">Logiciels<\/h1><h3 class=\"widget-sub-title dfd-sub-title \" style=\"line-height: 26px; \">Les logiciels de gestion de la qualit\u00e9 compl\u00e8tent la gamme de produits SCS Concept. Ils programment les instruments, planifient les campagnes de tests, re\u00e7oivent les r\u00e9sultats et les courbes, g\u00e9n\u00e8rent des rapports et des statistiques, assurent la tra\u00e7abilit\u00e9 des donn\u00e9es. <\/h3><div class=\"dfd-heading-delimiter dfd-img-lazy-load\"><\/div><\/div><\/div><\/div><script type=\"text\/javascript\">\r\n\t\t\t\t\t\t\t\t\t(function($) {\r\n\t\t\t\t\t\t\t\t\t\t$(\"head\").append(\"<style>.dfd-heading-69e1b2ca32502.dfd-heading-module-wrap .dfd-heading-module .dfd-heading-delimiter {border-bottom-style:solid;border-bottom-width:1px;width:140px;border-bottom-color:#ea5d1c;}.dfd-heading-69e1b2ca32502 .dfd-heading-module .widget-sub-title {margin-top:20px;margin-bottom:35px;}.dfd-heading-69e1b2ca32502.dfd-heading-module-wrap .dfd-heading-module .dfd-heading-delimiter {margin-top:10px;margin-bottom:10px;}<\/style>\");\r\n\t\t\t\t\t\t\t\t\t})(jQuery);\r\n\t\t\t\t\t\t\t\t<\/script><\/div><div class=\"dfd-spacer-module\"  data-units=\"px\" data-wide_resolution=\"1280\" data-wide_size=\"30\" data-normal_resolution=\"1024\" data-normal_size=\"30\" data-tablet_resolution=\"800\" data-tablet_size=\"30\" data-mobile_resolution=\"480\" data-mobile_size=\"30\" style=\"height: 30px;\"><\/div>[\/vc_column_inner][\/vc_row_inner][vc_row_inner][vc_column_inner width=\u00a0\u00bb1\/3&Prime;]<div id=\"dfd-rotate-box-69e1b2ca32803-4907\" class=\"dfd-rotate-box-wrap  to-left\" ><div class=\"dfd-rotate-box-list\"><div class=\"dfd-item-offset rotate-box\"><div class=\"dfd-rotate-box-item to-left\"><div class=\"thumb-wrap\"><div class=\"thumb-wrap-front dfd-background-main\"><div class=\"content-wrap\"><div class=\"content-block dfd-rotate-content-v_center dfd-rotate-content-h_center \"><\/div><\/div><\/div><div class=\"thumb-wrap-back dfd-background-main\"><div class=\"content-wrap\"><\/div><\/div><\/div><a href=\"https:\/\/www.scsconcept.com\/fr\/guide-visuel-pour-la-production-et-la-retouche\/\" class=\"full-box-link\" title=\"\"  rel=\"\"><\/a><\/div><\/div><\/div><script type=\"text\/javascript\">(function($) {$(\"head\").append(\"<style>#dfd-rotate-box-69e1b2ca32803-4907 .dfd-rotate-box-item .thumb-wrap .thumb-wrap-front {background-image: url(https:\/\/sitowebsmart.com\/wp-content\/uploads\/2018\/02\/VPGsoftware.jpg); }#dfd-rotate-box-69e1b2ca32803-4907 .dfd-rotate-box-item .thumb-wrap .thumb-wrap-back {background-image: url(https:\/\/sitowebsmart.com\/wp-content\/uploads\/2018\/02\/VPGsoftware2.jpg); }<\/style>\");})(jQuery);<\/script><\/div><div class=\"dfd-spacer-module\"  data-units=\"px\" data-wide_resolution=\"1280\" data-wide_size=\"20\" data-normal_resolution=\"1024\" data-normal_size=\"20\" data-tablet_resolution=\"800\" data-tablet_size=\"20\" data-mobile_resolution=\"480\" data-mobile_size=\"20\" style=\"height: 20px;\"><\/div><div id=\"idinfobox69e1b2ca33829\" class=\"dfd-info-box clearfix style-01 layout-04  idinfobox69e1b2ca33829\" ><div class=\"dfd-animate-container\"><div class=\"content-wrap ovh\"><h2 class=\"info-box-title \" style=\"font-size: 26px; line-height: 28px; \">VPG+<\/h2><div class=\"wrap-delimiter\"><div class=\"delimiter\" style=\"width:100px;border-width:1px;border-color:#ea5d1c;border-bottom-style:solid\"><\/div><\/div><div class=\"description\" style=\"\">Logiciel de gestion des stations de production et de retouche<\/div><\/div><a href=\"https:\/\/www.scsconcept.com\/fr\/guide-visuel-pour-la-production-et-la-retouche\/\"   class=\"full-box-link\"><\/a><\/div><\/div><div class=\"dfd-spacer-module\"  data-units=\"px\" data-wide_resolution=\"1280\" data-wide_size=\"20\" data-normal_resolution=\"1024\" data-normal_size=\"20\" data-tablet_resolution=\"800\" data-tablet_size=\"20\" data-mobile_resolution=\"480\" data-mobile_size=\"20\" style=\"height: 20px;\"><\/div>[\/vc_column_inner][vc_column_inner width=\u00a0\u00bb1\/3&Prime;]<div id=\"dfd-rotate-box-69e1b2ca33992-7759\" class=\"dfd-rotate-box-wrap  to-left\" ><div class=\"dfd-rotate-box-list\"><div class=\"dfd-item-offset rotate-box\"><div class=\"dfd-rotate-box-item to-left\"><div class=\"thumb-wrap\"><div class=\"thumb-wrap-front dfd-background-main\"><div class=\"content-wrap\"><div class=\"content-block dfd-rotate-content-v_center dfd-rotate-content-h_center \"><\/div><\/div><\/div><div class=\"thumb-wrap-back dfd-background-main\"><div class=\"content-wrap\"><\/div><\/div><\/div><a href=\"https:\/\/www.scsconcept.com\/fr\/logiciel-de-gestion-du-controle-qualite-de-la-ligne-de-production\/\" class=\"full-box-link\" title=\"\"  rel=\"\"><\/a><\/div><\/div><\/div><script type=\"text\/javascript\">(function($) {$(\"head\").append(\"<style>#dfd-rotate-box-69e1b2ca33992-7759 .dfd-rotate-box-item .thumb-wrap .thumb-wrap-front {background-image: url(https:\/\/sitowebsmart.com\/wp-content\/uploads\/2018\/02\/SQnet-software.jpg); }#dfd-rotate-box-69e1b2ca33992-7759 .dfd-rotate-box-item .thumb-wrap .thumb-wrap-back {background-image: url(https:\/\/sitowebsmart.com\/wp-content\/uploads\/2018\/02\/SQnet-software2.jpg); }<\/style>\");})(jQuery);<\/script><\/div><div class=\"dfd-spacer-module\"  data-units=\"px\" data-wide_resolution=\"1280\" data-wide_size=\"20\" data-normal_resolution=\"1024\" data-normal_size=\"20\" data-tablet_resolution=\"800\" data-tablet_size=\"20\" data-mobile_resolution=\"480\" data-mobile_size=\"20\" style=\"height: 20px;\"><\/div><div id=\"idinfobox69e1b2ca344aa\" class=\"dfd-info-box clearfix style-01 layout-04  idinfobox69e1b2ca344aa\" ><div class=\"dfd-animate-container\"><div class=\"content-wrap ovh\"><h2 class=\"info-box-title \" style=\"font-size: 26px; line-height: 28px; \">SQnet+<\/h2><div class=\"wrap-delimiter\"><div class=\"delimiter\" style=\"width:100px;border-width:1px;border-color:#ea5d1c;border-bottom-style:solid\"><\/div><\/div><div class=\"description\" style=\"\">Logiciel de gestion de la qualit\u00e9 de la ligne de production<\/div><\/div><a href=\"https:\/\/www.scsconcept.com\/fr\/logiciel-de-gestion-du-controle-qualite-de-la-ligne-de-production\/\"   class=\"full-box-link\"><\/a><\/div><\/div><div class=\"dfd-spacer-module\"  data-units=\"px\" data-wide_resolution=\"1280\" data-wide_size=\"20\" data-normal_resolution=\"1024\" data-normal_size=\"20\" data-tablet_resolution=\"800\" data-tablet_size=\"20\" data-mobile_resolution=\"480\" data-mobile_size=\"20\" style=\"height: 20px;\"><\/div>[\/vc_column_inner][vc_column_inner width=\u00a0\u00bb1\/3&Prime;]<div id=\"dfd-rotate-box-69e1b2ca345a4-4892\" class=\"dfd-rotate-box-wrap  to-left\" ><div class=\"dfd-rotate-box-list\"><div class=\"dfd-item-offset rotate-box\"><div class=\"dfd-rotate-box-item to-left\"><div class=\"thumb-wrap\"><div class=\"thumb-wrap-front dfd-background-main\"><div class=\"content-wrap\"><div class=\"content-block dfd-rotate-content-v_center dfd-rotate-content-h_center \"><\/div><\/div><\/div><div class=\"thumb-wrap-back dfd-background-main\"><div class=\"content-wrap\"><\/div><\/div><\/div><a href=\"https:\/\/www.scsconcept.com\/fr\/data-pro-logiciel-dacquisition-de-couple-angle\/\" class=\"full-box-link\" title=\"\"  rel=\"\"><\/a><\/div><\/div><\/div><script type=\"text\/javascript\">(function($) {$(\"head\").append(\"<style>#dfd-rotate-box-69e1b2ca345a4-4892 .dfd-rotate-box-item .thumb-wrap .thumb-wrap-front {background-image: url(https:\/\/sitowebsmart.com\/wp-content\/uploads\/2018\/02\/DataPro-software.jpg); }#dfd-rotate-box-69e1b2ca345a4-4892 .dfd-rotate-box-item .thumb-wrap .thumb-wrap-back {background-image: url(https:\/\/sitowebsmart.com\/wp-content\/uploads\/2018\/02\/DataPro-software2.jpg); }<\/style>\");})(jQuery);<\/script><\/div><div class=\"dfd-spacer-module\"  data-units=\"px\" data-wide_resolution=\"1280\" data-wide_size=\"20\" data-normal_resolution=\"1024\" data-normal_size=\"20\" data-tablet_resolution=\"800\" data-tablet_size=\"20\" data-mobile_resolution=\"480\" data-mobile_size=\"20\" style=\"height: 20px;\"><\/div><div id=\"idinfobox69e1b2ca3527d\" class=\"dfd-info-box clearfix style-01 layout-04  idinfobox69e1b2ca3527d\" ><div class=\"dfd-animate-container\"><div class=\"content-wrap ovh\"><h2 class=\"info-box-title \" style=\"font-size: 26px; line-height: 28px; \">Data.Pro<\/h2><div class=\"wrap-delimiter\"><div class=\"delimiter\" style=\"width:100px;border-width:1px;border-color:#ea5d1c;border-bottom-style:solid\"><\/div><\/div><div class=\"description\" style=\"\">Logiciel d\u2019acquisition de couple\/angle<\/div><\/div><a href=\"https:\/\/www.scsconcept.com\/fr\/data-pro-logiciel-dacquisition-de-couple-angle\/\"   class=\"full-box-link\"><\/a><\/div><\/div><div class=\"dfd-spacer-module\"  data-units=\"px\" data-wide_resolution=\"1280\" data-wide_size=\"20\" data-normal_resolution=\"1024\" data-normal_size=\"20\" data-tablet_resolution=\"800\" data-tablet_size=\"20\" data-mobile_resolution=\"480\" data-mobile_size=\"20\" style=\"height: 20px;\"><\/div>[\/vc_column_inner][\/vc_row_inner]<div class=\"dfd-spacer-module\"  data-units=\"px\" data-wide_resolution=\"1280\" data-wide_size=\"95\" data-normal_resolution=\"1024\" data-normal_size=\"95\" data-tablet_resolution=\"800\" data-tablet_size=\"90\" data-mobile_resolution=\"480\" data-mobile_size=\"80\" style=\"height: 95px;\"><\/div>[\/vc_column][\/vc_row]<\/p>\n<\/div>","protected":false},"excerpt":{"rendered":"<p>[vc_row dfd_row_config=\u00a0\u00bbfull_width_content_paddings\u00a0\u00bb dfd_row_responsive_enable=\u00a0\u00bbdfd-row-responsive-enable\u00a0\u00bb dfd_bg_style=\u00a0\u00bbimage\u00a0\u00bb dfd_parallax_style=\u00a0\u00bbdfd_vertical_parallax\u00a0\u00bb dfd_bg_image_new=\u00a0\u00bb6101&Prime; dfd_overlay_color=\u00a0\u00bb#ffffff\u00a0\u00bb dfd_overlay_pattern=\u00a0\u00bbtransperant\u00a0\u00bb dfd_overlay_pattern_opacity=\u00a0\u00bb85&Prime; css=\u00a0\u00bb.vc_custom_1518015200343{padding-right: 10% !important;padding-left: 10% !important;}\u00a0\u00bb responsive_styles=\u00a0\u00bbpadding_left_desktop:20|padding_right_desktop:20|padding_left_tablet:20|padding_right_tablet:20|padding_left_mobile:10|padding_right_mobile:10&Prime;][vc_column dfd_column_responsive_enable=\u00a0\u00bbdfd-column-responsive-enable\u00a0\u00bb responsive_styles=\u00a0\u00bbpadding_left_mobile:10|padding_right_mobile:10&Prime;][vc_row_inner][vc_column_inner dfd_column_responsive_enable=\u00a0\u00bbdfd-column-responsive-enable\u00a0\u00bb css=\u00a0\u00bb.vc_custom_1503581599802{padding-right: 20% !important;padding-left: 20% !important;}\u00a0\u00bb responsive_styles=\u00a0\u00bbpadding_left_desktop:80|padding_right_desktop:80|padding_left_tablet:10|padding_right_tablet:10|padding_left_mobile:10|padding_right_mobile:10&Prime;][\/vc_column_inner][\/vc_row_inner][vc_row_inner][vc_column_inner width=\u00a0\u00bb1\/3&Prime;][\/vc_column_inner][vc_column_inner width=\u00a0\u00bb1\/3&Prime;][\/vc_column_inner][vc_column_inner width=\u00a0\u00bb1\/3&Prime;][\/vc_column_inner][\/vc_row_inner][\/vc_column][\/vc_row]<\/p>\n","protected":false},"author":5,"featured_media":0,"parent":0,"menu_order":0,"comment_status":"closed","ping_status":"closed","template":"page-custom.php","meta":{"_acf_changed":false,"footnotes":""},"class_list":["post-7634","page","type-page","status-publish","hentry"],"acf":[],"yoast_head":"<!-- This site is optimized with the Yoast SEO plugin v26.9 - https:\/\/yoast.com\/product\/yoast-seo-wordpress\/ -->\n<title>Logiciels - SCS Concept<\/title>\n<meta name=\"robots\" content=\"index, follow, max-snippet:-1, max-image-preview:large, max-video-preview:-1\" \/>\n<link rel=\"canonical\" href=\"https:\/\/sitowebsmart.com\/fr\/logiciels\/\" \/>\n<meta property=\"og:locale\" content=\"fr_FR\" \/>\n<meta property=\"og:type\" content=\"article\" \/>\n<meta property=\"og:title\" content=\"Logiciels - SCS Concept\" \/>\n<meta property=\"og:description\" content=\"[vc_row dfd_row_config=\u00a0\u00bbfull_width_content_paddings\u00a0\u00bb dfd_row_responsive_enable=\u00a0\u00bbdfd-row-responsive-enable\u00a0\u00bb dfd_bg_style=\u00a0\u00bbimage\u00a0\u00bb dfd_parallax_style=\u00a0\u00bbdfd_vertical_parallax\u00a0\u00bb dfd_bg_image_new=\u00a0\u00bb6101&Prime; dfd_overlay_color=\u00a0\u00bb#ffffff\u00a0\u00bb dfd_overlay_pattern=\u00a0\u00bbtransperant\u00a0\u00bb dfd_overlay_pattern_opacity=\u00a0\u00bb85&Prime; css=\u00a0\u00bb.vc_custom_1518015200343{padding-right: 10% !important;padding-left: 10% !important;}\u00a0\u00bb responsive_styles=\u00a0\u00bbpadding_left_desktop:20|padding_right_desktop:20|padding_left_tablet:20|padding_right_tablet:20|padding_left_mobile:10|padding_right_mobile:10&Prime;][vc_column dfd_column_responsive_enable=\u00a0\u00bbdfd-column-responsive-enable\u00a0\u00bb responsive_styles=\u00a0\u00bbpadding_left_mobile:10|padding_right_mobile:10&Prime;][vc_row_inner][vc_column_inner dfd_column_responsive_enable=\u00a0\u00bbdfd-column-responsive-enable\u00a0\u00bb css=\u00a0\u00bb.vc_custom_1503581599802{padding-right: 20% !important;padding-left: 20% !important;}\u00a0\u00bb responsive_styles=\u00a0\u00bbpadding_left_desktop:80|padding_right_desktop:80|padding_left_tablet:10|padding_right_tablet:10|padding_left_mobile:10|padding_right_mobile:10&Prime;][\/vc_column_inner][\/vc_row_inner][vc_row_inner][vc_column_inner width=\u00a0\u00bb1\/3&Prime;][\/vc_column_inner][vc_column_inner width=\u00a0\u00bb1\/3&Prime;][\/vc_column_inner][vc_column_inner width=\u00a0\u00bb1\/3&Prime;][\/vc_column_inner][\/vc_row_inner][\/vc_column][\/vc_row]\" \/>\n<meta property=\"og:url\" content=\"https:\/\/sitowebsmart.com\/fr\/logiciels\/\" \/>\n<meta property=\"og:site_name\" content=\"SCS Concept\" \/>\n<meta property=\"article:modified_time\" content=\"2018-04-05T10:17:29+00:00\" \/>\n<meta name=\"twitter:card\" content=\"summary_large_image\" \/>\n<meta name=\"twitter:label1\" content=\"Dur\u00e9e de lecture estim\u00e9e\" \/>\n\t<meta name=\"twitter:data1\" content=\"4 minutes\" \/>\n<script type=\"application\/ld+json\" class=\"yoast-schema-graph\">{\"@context\":\"https:\/\/schema.org\",\"@graph\":[{\"@type\":\"WebPage\",\"@id\":\"https:\/\/sitowebsmart.com\/fr\/logiciels\/\",\"url\":\"https:\/\/sitowebsmart.com\/fr\/logiciels\/\",\"name\":\"Logiciels - SCS Concept\",\"isPartOf\":{\"@id\":\"https:\/\/sitowebsmart.com\/#website\"},\"datePublished\":\"2018-02-20T17:31:25+00:00\",\"dateModified\":\"2018-04-05T10:17:29+00:00\",\"breadcrumb\":{\"@id\":\"https:\/\/sitowebsmart.com\/fr\/logiciels\/#breadcrumb\"},\"inLanguage\":\"fr-FR\",\"potentialAction\":[{\"@type\":\"ReadAction\",\"target\":[\"https:\/\/sitowebsmart.com\/fr\/logiciels\/\"]}]},{\"@type\":\"BreadcrumbList\",\"@id\":\"https:\/\/sitowebsmart.com\/fr\/logiciels\/#breadcrumb\",\"itemListElement\":[{\"@type\":\"ListItem\",\"position\":1,\"name\":\"Home\",\"item\":\"https:\/\/sitowebsmart.com\/fr\/\"},{\"@type\":\"ListItem\",\"position\":2,\"name\":\"Logiciels\"}]},{\"@type\":\"WebSite\",\"@id\":\"https:\/\/sitowebsmart.com\/#website\",\"url\":\"https:\/\/sitowebsmart.com\/\",\"name\":\"SCS Concept\",\"description\":\"Soluzioni Avanzate per il serraggio e controllo qualit\u00e0\",\"publisher\":{\"@id\":\"https:\/\/sitowebsmart.com\/#organization\"},\"potentialAction\":[{\"@type\":\"SearchAction\",\"target\":{\"@type\":\"EntryPoint\",\"urlTemplate\":\"https:\/\/sitowebsmart.com\/?s={search_term_string}\"},\"query-input\":{\"@type\":\"PropertyValueSpecification\",\"valueRequired\":true,\"valueName\":\"search_term_string\"}}],\"inLanguage\":\"fr-FR\"},{\"@type\":\"Organization\",\"@id\":\"https:\/\/sitowebsmart.com\/#organization\",\"name\":\"SCS Concept\",\"url\":\"https:\/\/sitowebsmart.com\/\",\"logo\":{\"@type\":\"ImageObject\",\"inLanguage\":\"fr-FR\",\"@id\":\"https:\/\/sitowebsmart.com\/#\/schema\/logo\/image\/\",\"url\":\"https:\/\/sitowebsmart.com\/wp-content\/uploads\/2018\/01\/scs-concept-group-200.png\",\"contentUrl\":\"https:\/\/sitowebsmart.com\/wp-content\/uploads\/2018\/01\/scs-concept-group-200.png\",\"width\":200,\"height\":200,\"caption\":\"SCS Concept\"},\"image\":{\"@id\":\"https:\/\/sitowebsmart.com\/#\/schema\/logo\/image\/\"}}]}<\/script>\n<!-- \/ Yoast SEO plugin. -->","yoast_head_json":{"title":"Logiciels - SCS Concept","robots":{"index":"index","follow":"follow","max-snippet":"max-snippet:-1","max-image-preview":"max-image-preview:large","max-video-preview":"max-video-preview:-1"},"canonical":"https:\/\/sitowebsmart.com\/fr\/logiciels\/","og_locale":"fr_FR","og_type":"article","og_title":"Logiciels - SCS Concept","og_description":"[vc_row dfd_row_config=\u00a0\u00bbfull_width_content_paddings\u00a0\u00bb dfd_row_responsive_enable=\u00a0\u00bbdfd-row-responsive-enable\u00a0\u00bb dfd_bg_style=\u00a0\u00bbimage\u00a0\u00bb dfd_parallax_style=\u00a0\u00bbdfd_vertical_parallax\u00a0\u00bb dfd_bg_image_new=\u00a0\u00bb6101&Prime; dfd_overlay_color=\u00a0\u00bb#ffffff\u00a0\u00bb dfd_overlay_pattern=\u00a0\u00bbtransperant\u00a0\u00bb dfd_overlay_pattern_opacity=\u00a0\u00bb85&Prime; css=\u00a0\u00bb.vc_custom_1518015200343{padding-right: 10% !important;padding-left: 10% !important;}\u00a0\u00bb responsive_styles=\u00a0\u00bbpadding_left_desktop:20|padding_right_desktop:20|padding_left_tablet:20|padding_right_tablet:20|padding_left_mobile:10|padding_right_mobile:10&Prime;][vc_column dfd_column_responsive_enable=\u00a0\u00bbdfd-column-responsive-enable\u00a0\u00bb responsive_styles=\u00a0\u00bbpadding_left_mobile:10|padding_right_mobile:10&Prime;][vc_row_inner][vc_column_inner dfd_column_responsive_enable=\u00a0\u00bbdfd-column-responsive-enable\u00a0\u00bb css=\u00a0\u00bb.vc_custom_1503581599802{padding-right: 20% !important;padding-left: 20% !important;}\u00a0\u00bb responsive_styles=\u00a0\u00bbpadding_left_desktop:80|padding_right_desktop:80|padding_left_tablet:10|padding_right_tablet:10|padding_left_mobile:10|padding_right_mobile:10&Prime;][\/vc_column_inner][\/vc_row_inner][vc_row_inner][vc_column_inner width=\u00a0\u00bb1\/3&Prime;][\/vc_column_inner][vc_column_inner width=\u00a0\u00bb1\/3&Prime;][\/vc_column_inner][vc_column_inner width=\u00a0\u00bb1\/3&Prime;][\/vc_column_inner][\/vc_row_inner][\/vc_column][\/vc_row]","og_url":"https:\/\/sitowebsmart.com\/fr\/logiciels\/","og_site_name":"SCS Concept","article_modified_time":"2018-04-05T10:17:29+00:00","twitter_card":"summary_large_image","twitter_misc":{"Dur\u00e9e de lecture estim\u00e9e":"4 minutes"},"schema":{"@context":"https:\/\/schema.org","@graph":[{"@type":"WebPage","@id":"https:\/\/sitowebsmart.com\/fr\/logiciels\/","url":"https:\/\/sitowebsmart.com\/fr\/logiciels\/","name":"Logiciels - SCS Concept","isPartOf":{"@id":"https:\/\/sitowebsmart.com\/#website"},"datePublished":"2018-02-20T17:31:25+00:00","dateModified":"2018-04-05T10:17:29+00:00","breadcrumb":{"@id":"https:\/\/sitowebsmart.com\/fr\/logiciels\/#breadcrumb"},"inLanguage":"fr-FR","potentialAction":[{"@type":"ReadAction","target":["https:\/\/sitowebsmart.com\/fr\/logiciels\/"]}]},{"@type":"BreadcrumbList","@id":"https:\/\/sitowebsmart.com\/fr\/logiciels\/#breadcrumb","itemListElement":[{"@type":"ListItem","position":1,"name":"Home","item":"https:\/\/sitowebsmart.com\/fr\/"},{"@type":"ListItem","position":2,"name":"Logiciels"}]},{"@type":"WebSite","@id":"https:\/\/sitowebsmart.com\/#website","url":"https:\/\/sitowebsmart.com\/","name":"SCS Concept","description":"Soluzioni Avanzate per il serraggio e controllo qualit\u00e0","publisher":{"@id":"https:\/\/sitowebsmart.com\/#organization"},"potentialAction":[{"@type":"SearchAction","target":{"@type":"EntryPoint","urlTemplate":"https:\/\/sitowebsmart.com\/?s={search_term_string}"},"query-input":{"@type":"PropertyValueSpecification","valueRequired":true,"valueName":"search_term_string"}}],"inLanguage":"fr-FR"},{"@type":"Organization","@id":"https:\/\/sitowebsmart.com\/#organization","name":"SCS Concept","url":"https:\/\/sitowebsmart.com\/","logo":{"@type":"ImageObject","inLanguage":"fr-FR","@id":"https:\/\/sitowebsmart.com\/#\/schema\/logo\/image\/","url":"https:\/\/sitowebsmart.com\/wp-content\/uploads\/2018\/01\/scs-concept-group-200.png","contentUrl":"https:\/\/sitowebsmart.com\/wp-content\/uploads\/2018\/01\/scs-concept-group-200.png","width":200,"height":200,"caption":"SCS Concept"},"image":{"@id":"https:\/\/sitowebsmart.com\/#\/schema\/logo\/image\/"}}]}},"_links":{"self":[{"href":"https:\/\/sitowebsmart.com\/fr\/wp-json\/wp\/v2\/pages\/7634","targetHints":{"allow":["GET"]}}],"collection":[{"href":"https:\/\/sitowebsmart.com\/fr\/wp-json\/wp\/v2\/pages"}],"about":[{"href":"https:\/\/sitowebsmart.com\/fr\/wp-json\/wp\/v2\/types\/page"}],"author":[{"embeddable":true,"href":"https:\/\/sitowebsmart.com\/fr\/wp-json\/wp\/v2\/users\/5"}],"replies":[{"embeddable":true,"href":"https:\/\/sitowebsmart.com\/fr\/wp-json\/wp\/v2\/comments?post=7634"}],"version-history":[{"count":5,"href":"https:\/\/sitowebsmart.com\/fr\/wp-json\/wp\/v2\/pages\/7634\/revisions"}],"predecessor-version":[{"id":13783,"href":"https:\/\/sitowebsmart.com\/fr\/wp-json\/wp\/v2\/pages\/7634\/revisions\/13783"}],"wp:attachment":[{"href":"https:\/\/sitowebsmart.com\/fr\/wp-json\/wp\/v2\/media?parent=7634"}],"curies":[{"name":"wp","href":"https:\/\/api.w.org\/{rel}","templated":true}]}}