{"id":7732,"date":"2018-02-21T16:37:25","date_gmt":"2018-02-21T16:37:25","guid":{"rendered":"https:\/\/www.scsconcept.com\/?page_id=7732"},"modified":"2021-09-03T10:41:36","modified_gmt":"2021-09-03T10:41:36","slug":"banc-de-test-outils-impulsion-statiques-et-cles","status":"publish","type":"page","link":"https:\/\/sitowebsmart.com\/fr\/banc-de-test-outils-impulsion-statiques-et-cles\/","title":{"rendered":"Banc de test outils a impulsion statiques et cles"},"content":{"rendered":"<div class=\"wpb-content-wrapper\"><p>[vc_row dfd_row_config=\u00a0\u00bbfull_width_content\u00a0\u00bb dfd_row_responsive_enable=\u00a0\u00bbdfd-row-responsive-enable\u00a0\u00bb dfd_bg_style=\u00a0\u00bbimage\u00a0\u00bb dfd_parallax_style=\u00a0\u00bbdfd_vertical_parallax\u00a0\u00bb dfd_bg_image_new=\u00a0\u00bb6077&Prime; dfd_overlay_color=\u00a0\u00bb#ffffff\u00a0\u00bb dfd_overlay_pattern=\u00a0\u00bbtransperant\u00a0\u00bb dfd_overlay_pattern_opacity=\u00a0\u00bb85&Prime; css=\u00a0\u00bb.vc_custom_1518012735375{padding-right: 5% !important;padding-left: 5% !important;}\u00a0\u00bb responsive_styles=\u00a0\u00bbpadding_left_desktop:20|padding_right_desktop:20|padding_left_tablet:20|padding_right_tablet:20|padding_left_mobile:10|padding_right_mobile:10&Prime;][vc_column dfd_column_responsive_enable=\u00a0\u00bbdfd-column-responsive-enable\u00a0\u00bb responsive_styles=\u00a0\u00bbpadding_left_mobile:10|padding_right_mobile:10&Prime;][vc_row_inner][vc_column_inner dfd_column_responsive_enable=\u00a0\u00bbdfd-column-responsive-enable\u00a0\u00bb css=\u00a0\u00bb.vc_custom_1503581599802{padding-right: 20% !important;padding-left: 20% !important;}\u00a0\u00bb responsive_styles=\u00a0\u00bbpadding_left_desktop:80|padding_right_desktop:80|padding_left_tablet:10|padding_right_tablet:10|padding_left_mobile:10|padding_right_mobile:10&Prime;]<div class=\"dfd-spacer-module\"  data-units=\"px\" data-wide_resolution=\"1280\" data-wide_size=\"100\" data-normal_resolution=\"1024\" data-normal_size=\"60\" data-tablet_resolution=\"800\" data-tablet_size=\"40\" data-mobile_resolution=\"480\" data-mobile_size=\"40\" style=\"height: 100px;\"><\/div><div class=\"dfd-heading-shortcode\"><div class=\"dfd-heading-module-wrap  text-center style_01 cr-animate-gen dfd-heading-69e1782acc3f3 dfd-disable-resposive-headings\" id=\"dfd-heading-69e1782acc3f3\" data-animate-type = \"transition.expandIn\" ><div class=\"inline-block\"><div class=\"dfd-heading-module\"><h1 class=\"widget-title dfd-title \" style=\"\">MSB \u2013 Banc de Test Capteurs Statiques<\/h1><div class=\"dfd-heading-delimiter dfd-img-lazy-load\"><\/div><\/div><\/div><\/div><script type=\"text\/javascript\">\r\n\t\t\t\t\t\t\t\t\t(function($) {\r\n\t\t\t\t\t\t\t\t\t\t$(\"head\").append(\"<style>.dfd-heading-69e1782acc3f3.dfd-heading-module-wrap .dfd-heading-module .dfd-heading-delimiter {border-bottom-style:solid;border-bottom-width:1px;width:140px;border-bottom-color:#ea5d1c;}.dfd-heading-69e1782acc3f3 .dfd-heading-module .widget-title {margin-bottom:15px;}.dfd-heading-69e1782acc3f3.dfd-heading-module-wrap .dfd-heading-module .dfd-heading-delimiter {margin-top:30px;margin-bottom:10px;}<\/style>\");\r\n\t\t\t\t\t\t\t\t\t})(jQuery);\r\n\t\t\t\t\t\t\t\t<\/script><\/div><div class=\"dfd-spacer-module\"  data-units=\"px\" data-wide_resolution=\"1280\" data-wide_size=\"30\" data-normal_resolution=\"1024\" data-normal_size=\"30\" data-tablet_resolution=\"800\" data-tablet_size=\"30\" data-mobile_resolution=\"480\" data-mobile_size=\"30\" style=\"height: 30px;\"><\/div>[\/vc_column_inner][\/vc_row_inner][vc_row_inner][vc_column_inner width=\u00a0\u00bb1\/2&Prime;]<div class=\"dfd-spacer-module\"  data-units=\"px\" data-wide_resolution=\"1280\" data-wide_size=\"80\" data-normal_resolution=\"1024\" data-normal_size=\"40\" data-tablet_resolution=\"800\" data-tablet_size=\"40\" data-mobile_resolution=\"480\" data-mobile_size=\"20\" style=\"height: 80px;\"><\/div><div class=\"dfd-heading-shortcode\"><div class=\"dfd-heading-module-wrap  text-left style_01 dfd-heading-69e1782acc5e6 dfd-disable-resposive-headings\" id=\"dfd-heading-69e1782acc5e6\" ><div class=\"inline-block\"><div class=\"dfd-heading-module\"><h2 class=\"widget-title dfd-title \" style=\"font-size: 35px; color: #565656 !important; line-height: 30px; \">MSB<\/p>\n<p><\/h2><div class=\"dfd-heading-delimiter dfd-img-lazy-load\"><\/div><\/div><\/div><\/div><script type=\"text\/javascript\">\r\n\t\t\t\t\t\t\t\t\t(function($) {\r\n\t\t\t\t\t\t\t\t\t\t$(\"head\").append(\"<style>.dfd-heading-69e1782acc5e6.dfd-heading-module-wrap .dfd-heading-module .dfd-heading-delimiter {border-bottom-style:solid;border-bottom-width:1px;width:200px;border-bottom-color:#ea5d1c;}.dfd-heading-69e1782acc5e6 .dfd-heading-module .widget-title {margin-bottom:20px;}.dfd-heading-69e1782acc5e6.dfd-heading-module-wrap .dfd-heading-module .dfd-heading-delimiter {margin-top:10px;margin-bottom:10px;}@media only screen and (max-width: 799px) {.dfd-heading-69e1782acc5e6 {text-align: center;}}<\/style>\");\r\n\t\t\t\t\t\t\t\t\t})(jQuery);\r\n\t\t\t\t\t\t\t\t<\/script><\/div>[vc_column_text css=\u00a0\u00bb.vc_custom_1519231290570{padding-bottom: 8px !important;}\u00a0\u00bb]<strong>MSB<\/strong><strong>\u00a0<\/strong>est un banc de test avec simulateurs de joint m\u00e9caniques pour les tests de tous les types d\u2019outils \u00e9lectriques et cl\u00e9s couple, compl\u00e9t\u00e9 avec un PC et un logiciel de gestion et statistique. Gr\u00e2ce \u00e0 sa technologie sans fil SCS, il est possible de connecter les capteurs sans fil RCM BT et<a href=\"http:\/\/scsconcept.fr\/cle-couple-digitale-freedom3\/\">\u00a0les cl\u00e9s couple<\/a>sans fil SCS.[\/vc_column_text][vc_column_text]<strong>MSB<\/strong>\u00a0peut \u00eatre utilis\u00e9 non seulement pour le processus de capacit\u00e9 machine mais aussi pour le processus de\u00a0<a href=\"http:\/\/scsconcept.fr\/simulateurs-de-joint-et-capteurs-couple-angle\/\">capacit\u00e9 et d\u2019analyse<\/a>\u00a0sur la ligne de production.[\/vc_column_text]<div class=\"dfd-spacer-module\"  data-units=\"px\" data-wide_resolution=\"1280\" data-wide_size=\"40\" data-normal_resolution=\"1024\" data-normal_size=\"40\" data-tablet_resolution=\"800\" data-tablet_size=\"20\" data-mobile_resolution=\"480\" data-mobile_size=\"20\" style=\"height: 40px;\"><\/div>[vc_column_text]<\/p>\n<div class=\"button-position\"><a class=\"button-layout\" href=\"https:\/\/sitowebsmart.com\/brochure\/fr\/MSB.pdf\" target=\"_blank\" rel=\"noopener noreferrer\">Download <strong>Brochure<\/strong><\/a><\/div>\n<div class=\"button-position\"><a class=\"button-layout\" href=\"https:\/\/sitowebsmart.com\/brochure\/fr\/Models-and-codes-Purchase_MSB.pdf\" target=\"_blank\" rel=\"noopener noreferrer\"><strong>Models<\/strong> and <strong>Codes<\/strong> Purchase<\/a><\/div>\n<p>[\/vc_column_text]<div class=\"dfd-spacer-module\"  data-units=\"px\" data-wide_resolution=\"1280\" data-wide_size=\"20\" data-normal_resolution=\"1024\" data-normal_size=\"20\" data-tablet_resolution=\"800\" data-tablet_size=\"20\" data-mobile_resolution=\"480\" data-mobile_size=\"20\" style=\"height: 20px;\"><\/div>[\/vc_column_inner][vc_column_inner width=\u00a0\u00bb1\/2&Prime;]<div id=\"dfd-single-image-module69e1782accdf4-3460\" class=\"dfd-single-image-module  image-center  cr-animate-gen dfd-img-lazy-load\" data-animate-type = \"transition.fadeIn\" ><img  title=\"Banc de test outils a impulsion statiques et cles\" fetchpriority=\"high\" decoding=\"async\" src=\"data:image\/svg+xml;charset=utf-8,%3Csvg xmlns%3D'http%3A%2F%2Fwww.w3.org%2F2000%2Fsvg' viewBox%3D'0 0 1000 897'%2F%3E\" data-src=\"https:\/\/sitowebsmart.com\/wp-content\/uploads\/2018\/10\/MSB.png\" width=\"1000\" height=\"897\"   alt=\"Banc de test outils a impulsion statiques et cles\"  \/><\/div><div class=\"dfd-spacer-module\"  data-units=\"px\" data-wide_resolution=\"1280\" data-wide_size=\"20\" data-normal_resolution=\"1024\" data-normal_size=\"20\" data-tablet_resolution=\"800\" data-tablet_size=\"20\" data-mobile_resolution=\"480\" data-mobile_size=\"20\" style=\"height: 20px;\"><\/div>[\/vc_column_inner][\/vc_row_inner]<div class=\"dfd-spacer-module\"  data-units=\"px\" data-wide_resolution=\"1280\" data-wide_size=\"80\" data-normal_resolution=\"1024\" data-normal_size=\"40\" data-tablet_resolution=\"800\" data-tablet_size=\"40\" data-mobile_resolution=\"480\" data-mobile_size=\"20\" style=\"height: 80px;\"><\/div>[\/vc_column][\/vc_row][vc_row dfd_row_config=\u00a0\u00bbfull_width_content_paddings\u00a0\u00bb dfd_row_responsive_enable=\u00a0\u00bbdfd-row-responsive-enable\u00a0\u00bb dfd_overlay_color=\u00a0\u00bb#ffffff\u00a0\u00bb dfd_overlay_pattern=\u00a0\u00bbtransperant\u00a0\u00bb dfd_overlay_pattern_opacity=\u00a0\u00bb85&Prime; css=\u00a0\u00bb.vc_custom_1630665693108{padding-right: 8% !important;padding-left: 8% !important;background-color: #ffffff !important;}\u00a0\u00bb responsive_styles=\u00a0\u00bbpadding_left_desktop:20|padding_right_desktop:20|padding_left_tablet:20|padding_right_tablet:20|padding_left_mobile:10|padding_right_mobile:10&Prime;][vc_column][vc_row_inner][vc_column_inner css=\u00a0\u00bb.vc_custom_1517832047879{padding-right: 2% !important;padding-left: 2% !important;}\u00a0\u00bb]<div class=\"dfd-spacer-module\"  data-units=\"px\" data-wide_resolution=\"1280\" data-wide_size=\"80\" data-normal_resolution=\"1024\" data-normal_size=\"80\" data-tablet_resolution=\"800\" data-tablet_size=\"80\" data-mobile_resolution=\"480\" data-mobile_size=\"80\" style=\"height: 80px;\"><\/div><div class=\"dfd-heading-shortcode\"><div class=\"dfd-heading-module-wrap  text-left style_01 dfd-heading-69e1782accfa2 dfd-disable-resposive-headings\" id=\"dfd-heading-69e1782accfa2\" ><div class=\"inline-block\"><div class=\"dfd-heading-module\"><h2 class=\"widget-title dfd-title \" style=\"font-size: 35px; \">Fonctions<\/h2><div class=\"dfd-heading-delimiter dfd-img-lazy-load\"><\/div><\/div><\/div><\/div><script type=\"text\/javascript\">\r\n\t\t\t\t\t\t\t\t\t(function($) {\r\n\t\t\t\t\t\t\t\t\t\t$(\"head\").append(\"<style>.dfd-heading-69e1782accfa2.dfd-heading-module-wrap .dfd-heading-module .dfd-heading-delimiter {border-bottom-style:solid;border-bottom-width:1px;width:140px;border-bottom-color:#ea5d1c;}.dfd-heading-69e1782accfa2.dfd-heading-module-wrap .dfd-heading-module .dfd-heading-delimiter {margin-top:10px;margin-bottom:10px;}<\/style>\");\r\n\t\t\t\t\t\t\t\t\t})(jQuery);\r\n\t\t\t\t\t\t\t\t<\/script><\/div>[\/vc_column_inner][\/vc_row_inner][vc_row_inner][vc_column_inner width=\u00a0\u00bb1\/2&Prime; css=\u00a0\u00bb.vc_custom_1517831167436{padding-right: 2% !important;padding-left: 2% !important;}\u00a0\u00bb]<div class=\"dfd-spacer-module\"  data-units=\"px\" data-wide_resolution=\"1280\" data-wide_size=\"20\" data-normal_resolution=\"1024\" data-normal_size=\"20\" data-tablet_resolution=\"800\" data-tablet_size=\"20\" data-mobile_resolution=\"480\" data-mobile_size=\"20\" style=\"height: 20px;\"><\/div>[vc_column_text]<\/p>\n<ul>\n<li>Teste des outils : cl\u00e9s (\u00e9lectronique \/ digitale, m\u00e9caniques), outils hydrauliques et batterie, outils \u00e0 impulsion (excluant\u00a0<a href=\"http:\/\/scsconcept.fr\/cle-couple-digitale-freedom3\/\">cl\u00e9s impact<\/a>)<\/li>\n<li>D\u00e9tection automatique du point de d\u00e9clenchement des cl\u00e9s \u00e0 d\u00e9clenchement<\/li>\n<li>Contr\u00f4le du processus statistique : mesure de la capacit\u00e9 de la machine (Cm, Cmk) et graphiques X, R.<\/li>\n<li>Tests selon ISO 6789<\/li>\n<li>Syst\u00e8me de r\u00e9action pour le test et la calibration des\u00a0<a href=\"http:\/\/scsconcept.fr\/cle-couple-digitale-freedom3\/\">cl\u00e9s couple<\/a><\/li>\n<li>Base de donn\u00e9es avec archive des outils, programmation et ex\u00e9cution des tests, stockage des r\u00e9sultats<\/li>\n<li>Tests compar\u00e9s pour tournevis et cl\u00e9s avec comparaison du couple entre le banc et l\u2019outil test\u00e9<\/li>\n<li>Connectivit\u00e9 des capteurs externes pour tests sp\u00e9ciaux<\/li>\n<li>Test sens horaire et anti horaire<\/li>\n<\/ul>\n<p>[\/vc_column_text]<div class=\"dfd-spacer-module\"  data-units=\"px\" data-wide_resolution=\"1280\" data-wide_size=\"80\" data-normal_resolution=\"1024\" data-normal_size=\"80\" data-tablet_resolution=\"800\" data-tablet_size=\"30\" data-mobile_resolution=\"480\" data-mobile_size=\"30\" style=\"height: 80px;\"><\/div>[\/vc_column_inner][vc_column_inner width=\u00a0\u00bb1\/2&Prime; css=\u00a0\u00bb.vc_custom_1517234265907{padding-right: 3% !important;padding-left: 3% !important;}\u00a0\u00bb]<div class=\"dfd-spacer-module\"  data-units=\"px\" data-wide_resolution=\"1280\" data-wide_size=\"20\" data-normal_resolution=\"1024\" data-normal_size=\"20\" data-tablet_resolution=\"800\" data-tablet_size=\"20\" data-mobile_resolution=\"480\" data-mobile_size=\"20\" style=\"height: 20px;\"><\/div>[vc_column_text]<\/p>\n<ul>\n<li>Simulateurs de joint m\u00e9caniques pour test des outils \u00e0 impulsion avec robinet d\u2019isolement<\/li>\n<li>Statistiques et rapport<\/li>\n<li>Traces en temps r\u00e9el sur le moniteur<\/li>\n<li>Equip\u00e9 avec des capteurs statiques couple configur\u00e9s selon les outils \u00e0 tester sur la ligne de production<\/li>\n<li>Programmation en local, ou par un logiciel de gestion \u00e0 distance pour le contr\u00f4le qualit\u00e9 de la ligne de production<\/li>\n<li>Communication radio aux syst\u00e8mes externes<\/li>\n<li>Base de donn\u00e9es locale ou serveur<\/li>\n<li>Pr\u00e9cision du couple de moins de 0.5% selon DIN 51309<\/li>\n<li>Aliment\u00e9 par batterie<\/li>\n<\/ul>\n<p>[\/vc_column_text]<div class=\"dfd-spacer-module\"  data-units=\"px\" data-wide_resolution=\"1280\" data-wide_size=\"80\" data-normal_resolution=\"1024\" data-normal_size=\"80\" data-tablet_resolution=\"800\" data-tablet_size=\"80\" data-mobile_resolution=\"480\" data-mobile_size=\"80\" style=\"height: 80px;\"><\/div>[\/vc_column_inner][\/vc_row_inner][\/vc_column][\/vc_row]<\/p>\n<\/div>","protected":false},"excerpt":{"rendered":"<p>[vc_row dfd_row_config=\u00a0\u00bbfull_width_content\u00a0\u00bb dfd_row_responsive_enable=\u00a0\u00bbdfd-row-responsive-enable\u00a0\u00bb dfd_bg_style=\u00a0\u00bbimage\u00a0\u00bb dfd_parallax_style=\u00a0\u00bbdfd_vertical_parallax\u00a0\u00bb dfd_bg_image_new=\u00a0\u00bb6077&Prime; dfd_overlay_color=\u00a0\u00bb#ffffff\u00a0\u00bb dfd_overlay_pattern=\u00a0\u00bbtransperant\u00a0\u00bb dfd_overlay_pattern_opacity=\u00a0\u00bb85&Prime; css=\u00a0\u00bb.vc_custom_1518012735375{padding-right: 5% !important;padding-left: 5% !important;}\u00a0\u00bb responsive_styles=\u00a0\u00bbpadding_left_desktop:20|padding_right_desktop:20|padding_left_tablet:20|padding_right_tablet:20|padding_left_mobile:10|padding_right_mobile:10&Prime;][vc_column dfd_column_responsive_enable=\u00a0\u00bbdfd-column-responsive-enable\u00a0\u00bb responsive_styles=\u00a0\u00bbpadding_left_mobile:10|padding_right_mobile:10&Prime;][vc_row_inner][vc_column_inner dfd_column_responsive_enable=\u00a0\u00bbdfd-column-responsive-enable\u00a0\u00bb css=\u00a0\u00bb.vc_custom_1503581599802{padding-right: 20% !important;padding-left: 20% !important;}\u00a0\u00bb responsive_styles=\u00a0\u00bbpadding_left_desktop:80|padding_right_desktop:80|padding_left_tablet:10|padding_right_tablet:10|padding_left_mobile:10|padding_right_mobile:10&Prime;][\/vc_column_inner][\/vc_row_inner][vc_row_inner][vc_column_inner width=\u00a0\u00bb1\/2&Prime;][vc_column_text css=\u00a0\u00bb.vc_custom_1519231290570{padding-bottom: 8px !important;}\u00a0\u00bb]MSB\u00a0est un banc<\/p>\n","protected":false},"author":5,"featured_media":0,"parent":0,"menu_order":0,"comment_status":"closed","ping_status":"closed","template":"page-custom.php","meta":{"_acf_changed":false,"footnotes":""},"class_list":["post-7732","page","type-page","status-publish","hentry"],"acf":[],"yoast_head":"<!-- This site is optimized with the Yoast SEO plugin v26.9 - https:\/\/yoast.com\/product\/yoast-seo-wordpress\/ -->\n<title>Banc de test outils a impulsion statiques et cles - SCS Concept<\/title>\n<meta name=\"robots\" content=\"index, follow, max-snippet:-1, max-image-preview:large, max-video-preview:-1\" \/>\n<link rel=\"canonical\" href=\"https:\/\/sitowebsmart.com\/fr\/banc-de-test-outils-impulsion-statiques-et-cles\/\" \/>\n<meta property=\"og:locale\" content=\"fr_FR\" \/>\n<meta property=\"og:type\" content=\"article\" \/>\n<meta property=\"og:title\" content=\"Banc de test outils a impulsion statiques et cles - SCS Concept\" \/>\n<meta property=\"og:description\" content=\"[vc_row dfd_row_config=\u00a0\u00bbfull_width_content\u00a0\u00bb dfd_row_responsive_enable=\u00a0\u00bbdfd-row-responsive-enable\u00a0\u00bb dfd_bg_style=\u00a0\u00bbimage\u00a0\u00bb dfd_parallax_style=\u00a0\u00bbdfd_vertical_parallax\u00a0\u00bb dfd_bg_image_new=\u00a0\u00bb6077&Prime; dfd_overlay_color=\u00a0\u00bb#ffffff\u00a0\u00bb dfd_overlay_pattern=\u00a0\u00bbtransperant\u00a0\u00bb dfd_overlay_pattern_opacity=\u00a0\u00bb85&Prime; css=\u00a0\u00bb.vc_custom_1518012735375{padding-right: 5% !important;padding-left: 5% !important;}\u00a0\u00bb responsive_styles=\u00a0\u00bbpadding_left_desktop:20|padding_right_desktop:20|padding_left_tablet:20|padding_right_tablet:20|padding_left_mobile:10|padding_right_mobile:10&Prime;][vc_column dfd_column_responsive_enable=\u00a0\u00bbdfd-column-responsive-enable\u00a0\u00bb responsive_styles=\u00a0\u00bbpadding_left_mobile:10|padding_right_mobile:10&Prime;][vc_row_inner][vc_column_inner dfd_column_responsive_enable=\u00a0\u00bbdfd-column-responsive-enable\u00a0\u00bb css=\u00a0\u00bb.vc_custom_1503581599802{padding-right: 20% !important;padding-left: 20% !important;}\u00a0\u00bb responsive_styles=\u00a0\u00bbpadding_left_desktop:80|padding_right_desktop:80|padding_left_tablet:10|padding_right_tablet:10|padding_left_mobile:10|padding_right_mobile:10&Prime;][\/vc_column_inner][\/vc_row_inner][vc_row_inner][vc_column_inner width=\u00a0\u00bb1\/2&Prime;][vc_column_text css=\u00a0\u00bb.vc_custom_1519231290570{padding-bottom: 8px !important;}\u00a0\u00bb]MSB\u00a0est un banc\" \/>\n<meta property=\"og:url\" content=\"https:\/\/sitowebsmart.com\/fr\/banc-de-test-outils-impulsion-statiques-et-cles\/\" \/>\n<meta property=\"og:site_name\" content=\"SCS Concept\" \/>\n<meta property=\"article:modified_time\" content=\"2021-09-03T10:41:36+00:00\" \/>\n<meta name=\"twitter:card\" content=\"summary_large_image\" \/>\n<meta name=\"twitter:label1\" content=\"Dur\u00e9e de lecture estim\u00e9e\" \/>\n\t<meta name=\"twitter:data1\" content=\"5 minutes\" \/>\n<script type=\"application\/ld+json\" class=\"yoast-schema-graph\">{\"@context\":\"https:\/\/schema.org\",\"@graph\":[{\"@type\":\"WebPage\",\"@id\":\"https:\/\/sitowebsmart.com\/fr\/banc-de-test-outils-impulsion-statiques-et-cles\/\",\"url\":\"https:\/\/sitowebsmart.com\/fr\/banc-de-test-outils-impulsion-statiques-et-cles\/\",\"name\":\"Banc de test outils a impulsion statiques et cles - SCS Concept\",\"isPartOf\":{\"@id\":\"https:\/\/sitowebsmart.com\/#website\"},\"datePublished\":\"2018-02-21T16:37:25+00:00\",\"dateModified\":\"2021-09-03T10:41:36+00:00\",\"breadcrumb\":{\"@id\":\"https:\/\/sitowebsmart.com\/fr\/banc-de-test-outils-impulsion-statiques-et-cles\/#breadcrumb\"},\"inLanguage\":\"fr-FR\",\"potentialAction\":[{\"@type\":\"ReadAction\",\"target\":[\"https:\/\/sitowebsmart.com\/fr\/banc-de-test-outils-impulsion-statiques-et-cles\/\"]}]},{\"@type\":\"BreadcrumbList\",\"@id\":\"https:\/\/sitowebsmart.com\/fr\/banc-de-test-outils-impulsion-statiques-et-cles\/#breadcrumb\",\"itemListElement\":[{\"@type\":\"ListItem\",\"position\":1,\"name\":\"Home\",\"item\":\"https:\/\/sitowebsmart.com\/fr\/\"},{\"@type\":\"ListItem\",\"position\":2,\"name\":\"Banc de test outils a impulsion statiques et cles\"}]},{\"@type\":\"WebSite\",\"@id\":\"https:\/\/sitowebsmart.com\/#website\",\"url\":\"https:\/\/sitowebsmart.com\/\",\"name\":\"SCS Concept\",\"description\":\"Soluzioni Avanzate per il serraggio e controllo qualit\u00e0\",\"publisher\":{\"@id\":\"https:\/\/sitowebsmart.com\/#organization\"},\"potentialAction\":[{\"@type\":\"SearchAction\",\"target\":{\"@type\":\"EntryPoint\",\"urlTemplate\":\"https:\/\/sitowebsmart.com\/?s={search_term_string}\"},\"query-input\":{\"@type\":\"PropertyValueSpecification\",\"valueRequired\":true,\"valueName\":\"search_term_string\"}}],\"inLanguage\":\"fr-FR\"},{\"@type\":\"Organization\",\"@id\":\"https:\/\/sitowebsmart.com\/#organization\",\"name\":\"SCS Concept\",\"url\":\"https:\/\/sitowebsmart.com\/\",\"logo\":{\"@type\":\"ImageObject\",\"inLanguage\":\"fr-FR\",\"@id\":\"https:\/\/sitowebsmart.com\/#\/schema\/logo\/image\/\",\"url\":\"https:\/\/sitowebsmart.com\/wp-content\/uploads\/2018\/01\/scs-concept-group-200.png\",\"contentUrl\":\"https:\/\/sitowebsmart.com\/wp-content\/uploads\/2018\/01\/scs-concept-group-200.png\",\"width\":200,\"height\":200,\"caption\":\"SCS Concept\"},\"image\":{\"@id\":\"https:\/\/sitowebsmart.com\/#\/schema\/logo\/image\/\"}}]}<\/script>\n<!-- \/ Yoast SEO plugin. -->","yoast_head_json":{"title":"Banc de test outils a impulsion statiques et cles - SCS Concept","robots":{"index":"index","follow":"follow","max-snippet":"max-snippet:-1","max-image-preview":"max-image-preview:large","max-video-preview":"max-video-preview:-1"},"canonical":"https:\/\/sitowebsmart.com\/fr\/banc-de-test-outils-impulsion-statiques-et-cles\/","og_locale":"fr_FR","og_type":"article","og_title":"Banc de test outils a impulsion statiques et cles - SCS Concept","og_description":"[vc_row dfd_row_config=\u00a0\u00bbfull_width_content\u00a0\u00bb dfd_row_responsive_enable=\u00a0\u00bbdfd-row-responsive-enable\u00a0\u00bb dfd_bg_style=\u00a0\u00bbimage\u00a0\u00bb dfd_parallax_style=\u00a0\u00bbdfd_vertical_parallax\u00a0\u00bb dfd_bg_image_new=\u00a0\u00bb6077&Prime; dfd_overlay_color=\u00a0\u00bb#ffffff\u00a0\u00bb dfd_overlay_pattern=\u00a0\u00bbtransperant\u00a0\u00bb dfd_overlay_pattern_opacity=\u00a0\u00bb85&Prime; css=\u00a0\u00bb.vc_custom_1518012735375{padding-right: 5% !important;padding-left: 5% !important;}\u00a0\u00bb responsive_styles=\u00a0\u00bbpadding_left_desktop:20|padding_right_desktop:20|padding_left_tablet:20|padding_right_tablet:20|padding_left_mobile:10|padding_right_mobile:10&Prime;][vc_column dfd_column_responsive_enable=\u00a0\u00bbdfd-column-responsive-enable\u00a0\u00bb responsive_styles=\u00a0\u00bbpadding_left_mobile:10|padding_right_mobile:10&Prime;][vc_row_inner][vc_column_inner dfd_column_responsive_enable=\u00a0\u00bbdfd-column-responsive-enable\u00a0\u00bb css=\u00a0\u00bb.vc_custom_1503581599802{padding-right: 20% !important;padding-left: 20% !important;}\u00a0\u00bb responsive_styles=\u00a0\u00bbpadding_left_desktop:80|padding_right_desktop:80|padding_left_tablet:10|padding_right_tablet:10|padding_left_mobile:10|padding_right_mobile:10&Prime;][\/vc_column_inner][\/vc_row_inner][vc_row_inner][vc_column_inner width=\u00a0\u00bb1\/2&Prime;][vc_column_text css=\u00a0\u00bb.vc_custom_1519231290570{padding-bottom: 8px !important;}\u00a0\u00bb]MSB\u00a0est un banc","og_url":"https:\/\/sitowebsmart.com\/fr\/banc-de-test-outils-impulsion-statiques-et-cles\/","og_site_name":"SCS Concept","article_modified_time":"2021-09-03T10:41:36+00:00","twitter_card":"summary_large_image","twitter_misc":{"Dur\u00e9e de lecture estim\u00e9e":"5 minutes"},"schema":{"@context":"https:\/\/schema.org","@graph":[{"@type":"WebPage","@id":"https:\/\/sitowebsmart.com\/fr\/banc-de-test-outils-impulsion-statiques-et-cles\/","url":"https:\/\/sitowebsmart.com\/fr\/banc-de-test-outils-impulsion-statiques-et-cles\/","name":"Banc de test outils a impulsion statiques et cles - SCS Concept","isPartOf":{"@id":"https:\/\/sitowebsmart.com\/#website"},"datePublished":"2018-02-21T16:37:25+00:00","dateModified":"2021-09-03T10:41:36+00:00","breadcrumb":{"@id":"https:\/\/sitowebsmart.com\/fr\/banc-de-test-outils-impulsion-statiques-et-cles\/#breadcrumb"},"inLanguage":"fr-FR","potentialAction":[{"@type":"ReadAction","target":["https:\/\/sitowebsmart.com\/fr\/banc-de-test-outils-impulsion-statiques-et-cles\/"]}]},{"@type":"BreadcrumbList","@id":"https:\/\/sitowebsmart.com\/fr\/banc-de-test-outils-impulsion-statiques-et-cles\/#breadcrumb","itemListElement":[{"@type":"ListItem","position":1,"name":"Home","item":"https:\/\/sitowebsmart.com\/fr\/"},{"@type":"ListItem","position":2,"name":"Banc de test outils a impulsion statiques et cles"}]},{"@type":"WebSite","@id":"https:\/\/sitowebsmart.com\/#website","url":"https:\/\/sitowebsmart.com\/","name":"SCS Concept","description":"Soluzioni Avanzate per il serraggio e controllo qualit\u00e0","publisher":{"@id":"https:\/\/sitowebsmart.com\/#organization"},"potentialAction":[{"@type":"SearchAction","target":{"@type":"EntryPoint","urlTemplate":"https:\/\/sitowebsmart.com\/?s={search_term_string}"},"query-input":{"@type":"PropertyValueSpecification","valueRequired":true,"valueName":"search_term_string"}}],"inLanguage":"fr-FR"},{"@type":"Organization","@id":"https:\/\/sitowebsmart.com\/#organization","name":"SCS Concept","url":"https:\/\/sitowebsmart.com\/","logo":{"@type":"ImageObject","inLanguage":"fr-FR","@id":"https:\/\/sitowebsmart.com\/#\/schema\/logo\/image\/","url":"https:\/\/sitowebsmart.com\/wp-content\/uploads\/2018\/01\/scs-concept-group-200.png","contentUrl":"https:\/\/sitowebsmart.com\/wp-content\/uploads\/2018\/01\/scs-concept-group-200.png","width":200,"height":200,"caption":"SCS Concept"},"image":{"@id":"https:\/\/sitowebsmart.com\/#\/schema\/logo\/image\/"}}]}},"_links":{"self":[{"href":"https:\/\/sitowebsmart.com\/fr\/wp-json\/wp\/v2\/pages\/7732","targetHints":{"allow":["GET"]}}],"collection":[{"href":"https:\/\/sitowebsmart.com\/fr\/wp-json\/wp\/v2\/pages"}],"about":[{"href":"https:\/\/sitowebsmart.com\/fr\/wp-json\/wp\/v2\/types\/page"}],"author":[{"embeddable":true,"href":"https:\/\/sitowebsmart.com\/fr\/wp-json\/wp\/v2\/users\/5"}],"replies":[{"embeddable":true,"href":"https:\/\/sitowebsmart.com\/fr\/wp-json\/wp\/v2\/comments?post=7732"}],"version-history":[{"count":6,"href":"https:\/\/sitowebsmart.com\/fr\/wp-json\/wp\/v2\/pages\/7732\/revisions"}],"predecessor-version":[{"id":24586,"href":"https:\/\/sitowebsmart.com\/fr\/wp-json\/wp\/v2\/pages\/7732\/revisions\/24586"}],"wp:attachment":[{"href":"https:\/\/sitowebsmart.com\/fr\/wp-json\/wp\/v2\/media?parent=7732"}],"curies":[{"name":"wp","href":"https:\/\/api.w.org\/{rel}","templated":true}]}}