{"id":14161,"date":"2018-04-13T15:31:20","date_gmt":"2018-04-13T15:31:20","guid":{"rendered":"https:\/\/www.scsconcept.com\/legal-notices\/"},"modified":"2018-12-19T13:38:28","modified_gmt":"2018-12-19T13:38:28","slug":"note-legali","status":"publish","type":"page","link":"https:\/\/sitowebsmart.com\/it\/note-legali\/","title":{"rendered":"Note Legali"},"content":{"rendered":"<p><strong>Note legali e termini d&#8217;utilizzo <\/strong><br \/>\nQuesto sito \u00e8 di propriet\u00e0 ed \u00e8 gestito da:<\/p>\n<p><strong>SCS Concept S.r.l.<\/strong>, Via\u00a0<strong>Zucchi 39\/c<\/strong>,<strong> 20095 Cusano Milanino (MI)<\/strong>, ph.<strong>\u00a0<\/strong><strong>+39 02 92502684<\/strong>, Partita Iva: <strong>06388790963<\/strong><\/p>\n<p>Le informazioni fornite su questo sito sono gratuite per scopi puramente informativi. Utilizzando il sito accettate senza limitazioni le Note Legali riportate in questa pagina. <strong>SCS Concept S.r.l.<\/strong> si riserva il diritto di modificare tali note in ogni momento e senza preavviso.<\/p>\n<p><strong>Informazioni societarie:<\/strong><br \/>\nRagione sociale: <strong>SCS Concept S.r.l.<\/strong><br \/>\nPartita IVA: <strong>06388790963<\/strong><br \/>\nSede legale: Via\u00a0<strong>Zucchi 39\/c<\/strong>, <strong>20095 Cusano Milanino (MI)<\/strong><\/p>\n<p>REA: MI &#8211; 1889255<br \/>\nIscrizione REA del <strong>24\/11\/2008<\/strong><br \/>\nISCRIZIONE AL REGISTRO IMPRESE DI <strong>MI<\/strong> con N. 1889255<br \/>\nCapitale Sociale \u20ac <strong>200.000 i.v.<\/strong><\/p>\n<p><strong>Termini e condizioni di utilizzo<\/strong><br \/>\nIl Sito Internet <a href=\"https:\/\/sitowebsmart.com\"><strong>www.scsconcept.com<\/strong><\/a> \u00e8 un servizio di informazioni on-line. Il suo utilizzo \u00e8 subordinato all\u2019accettazione dei termini e delle condizioni, qui di seguito stabilite. Se non si intende accettare si \u00e8 invitati a non utilizzare il Sito ed a non scaricare alcun materiale dallo stesso.<\/p>\n<p><strong>Limiti all&#8217;utilizzo<\/strong><br \/>\nI contenuti delle pagine del Sito sono Copyright \u00a9 <strong>SCS Concept S.r.l.<\/strong> Tutti i diritti riservati. I contenuti delle pagine del Sito non possono, n\u00e9 totalmente n\u00e9 in parte, essere copiati, riprodotti, trasferiti, caricati, pubblicati o distribuiti in qualsiasi modo senza il preventivo consenso scritto di <strong>SCS Concept S.r.l.<\/strong>, fatta salva la possibilit\u00e0 di immagazzinarli nel proprio computer o di stampare estratti delle pagine di questo Sito unicamente per utilizzo personale.<\/p>\n<p>I marchi e logo che compaiono su questo Sito sono di propriet\u00e0 di <strong>SCS Concept S.r.l.<\/strong>\u00a0 Essi non possono essere utilizzati su alcun sito Internet diverso dal Sito <a href=\"https:\/\/sitowebsmart.com\"><strong>www.scsconcept.com<\/strong><\/a>\u00a0senza il preventivo consenso scritto di <strong>SCS Concept S.r.l.<\/strong>. Il nome <a href=\"https:\/\/sitowebsmart.com\"><strong>www.scsconcept.com<\/strong><\/a>\u00a0e qualsiasi marchio che includa il marchio <a href=\"https:\/\/sitowebsmart.com\"><strong>www.scsconcept.com<\/strong><\/a>\u00a0non possono essere utilizzati come indirizzi Internet di altri siti, o quali parti di tali indirizzi, senza il preventivo consenso scritto di <strong>SCS Concept S.r.l.<\/strong><\/p>\n<p><strong>Limiti di responsabilit\u00e0<\/strong><br \/>\nLe informazioni di questo Sito sono fornite in buona fede e <strong>SCS Concept S.r.l.<\/strong> le ritiene accurate. In ogni caso, chiunque intenda acquistare prodotti non deve rifarsi a dette informazioni ma deve accertarsi, ulteriormente, dell\u2019effettiva natura dei prodotti e della loro concreta idoneit\u00e0 all&#8217;uso che se ne intende fare. Conseguentemente, tutte le informazioni di questo Sito sono fornite senza alcuna garanzia, implicita od esplicita, di qualsiasi tipo, quali, a titolo puramente esemplificativo, di qualit\u00e0 dei prodotti, di idoneit\u00e0 per uno specifico scopo o di non violazione di diritti di propriet\u00e0 intellettuale. In nessun caso <strong>SCS Concept S.r.l.<\/strong> sar\u00e0 ritenuta responsabile per qualsiasi danno diretto o indiretto, causato dall&#8217;utilizzo di questo Sito. Le informazioni contenute in questo Sito possono essere tecnicamente inaccurate o viziate da errori tipografici. Le informazioni possono essere modificate od aggiornate senza preavviso. <strong>SCS Concept S.r.l.<\/strong> pu\u00f2 anche migliorare o cambiare prodotti descritti in questo Sito, senza preavviso.<\/p>\n<p><strong>Links<\/strong><br \/>\n<strong>SCS Concept S.r.l.<\/strong> non assume alcuna responsabilit\u00e0 per materiali creati o pubblicati da terzi con i quali il Sito <a href=\"https:\/\/sitowebsmart.com\"><strong>www.scsconcept.com<\/strong><\/a>\u00a0abbia un link di collegamento. Chi decide di visitare un Sito collegato al Sito <a href=\"https:\/\/sitowebsmart.com\"><strong>www.scsconcept.com<\/strong><\/a>\u00a0lo fa a suo rischio, assumendosi l\u2019onere di prendere tutte le misure necessarie contro virus od altri elementi distruttivi. Il collegamento con altri siti non implica che <a href=\"https:\/\/sitowebsmart.com\"><strong>www.scsconcept.com<\/strong><\/a>\u00a0sponsorizzi o sia affiliata con le entit\u00e0 che effettuano i servizi descritti in quei siti.<\/p>\n<p><strong>Informazioni ricevute da <\/strong><strong>SCS Concept S.r.l.<\/strong><br \/>\nQualsiasi materiale inviato a <a href=\"https:\/\/sitowebsmart.com\"><strong>www.scsconcept.com<\/strong><\/a>, per esempio via e-mail o tramite le pagine World Wide Web, sar\u00e0 ritenuto di natura non confidenziale. <strong>SCS Concept S.r.l.<\/strong> non avr\u00e0 obblighi di alcun tipo rispetto a tale materiale e sar\u00e0 libera di riprodurlo, usarlo, rivelarlo, mostrarlo, trasformarlo, farne opere derivate e distribuirlo a terzi, senza limiti. Inoltre, <strong>SCS Concept S.r.l.<\/strong> sar\u00e0 libera di utilizzare tutte le idee, concetti, know-how o conoscenze tecniche contenute in tale materiale, per qualsiasi scopo, incluso, senza ad esso essere limitato, lo sviluppo, la produzione e commercializzazione di prodotti utilizzanti tale materiale. Chiunque invia materiale garantisce che il medesimo \u00e8 pubblicabile ed accetta di tenere indenne <strong>SCS Concept S.r.l.<\/strong> da qualsiasi azione da parte di terzi in relazione a tale materiale.<\/p>\n<p><strong>Cookies e privacy<\/strong><br \/>\nI &#8220;cookies&#8221; di sessione (cio\u00e8 piccoli data file che alcuni siti Web, mentre vengono visitati, possono inviare all&#8217;indirizzo del visitatore) utilizzati hanno lo scopo di velocizzare l\u2019analisi del traffico su Internet e facilitare agli utenti l\u2019accesso ai servizi offerti dal Sito, con il loro utilizzo non vengono trasmessi n\u00e8 acquisiti dati personali e non vengono utilizzati sistemi di tracciamento degli utenti. Se si preferisce non ricevere cookies, si pu\u00f2 impostare il proprio browser in modo tale che vi avverta della presenza di un cookie e quindi decidere se accettarlo o meno. Si pu\u00f2 anche rifiutare automaticamente tutti i cookies, attivando l&#8217;apposita opzione nel browser.<\/p>\n<p><strong>Legge e giurisdizione<\/strong><br \/>\nQueste condizioni sono regolate dalla legge italiana. Il Foro di Milano, Italia, avr\u00e0 giurisdizione e competenza esclusiva per eventuali controversie comunque connesse a queste condizioni. Ci\u00f2 nonostante<strong> SCS Concept S.r.l.<\/strong> si riserva, qualora lo ritenga necessario, di poter agire in giudizio di fronte a Tribunali di paesi o citt\u00e0 diversi dall&#8217;Italia o da <strong>SCS Concept S.r.l.<\/strong>, per proteggere i propri interessi e far rispettare i propri diritti.<\/p>\n","protected":false},"excerpt":{"rendered":"<p>Note legali e termini d&#8217;utilizzo Questo sito \u00e8 di propriet\u00e0 ed \u00e8 gestito da: SCS Concept S.r.l., Via\u00a0Zucchi 39\/c, 20095 Cusano Milanino (MI), ph.\u00a0+39 02 92502684, Partita Iva: 06388790963 Le<\/p>\n","protected":false},"author":5,"featured_media":0,"parent":0,"menu_order":0,"comment_status":"closed","ping_status":"closed","template":"tmp-page-right-sidebar.php","meta":{"_acf_changed":false,"footnotes":""},"class_list":["post-14161","page","type-page","status-publish","hentry"],"acf":[],"yoast_head":"<!-- This site is optimized with the Yoast SEO plugin v26.9 - https:\/\/yoast.com\/product\/yoast-seo-wordpress\/ -->\n<title>Note Legali - SCS Concept<\/title>\n<meta name=\"robots\" content=\"index, follow, max-snippet:-1, max-image-preview:large, max-video-preview:-1\" \/>\n<link rel=\"canonical\" href=\"https:\/\/sitowebsmart.com\/it\/note-legali\/\" \/>\n<meta property=\"og:locale\" content=\"it_IT\" \/>\n<meta property=\"og:type\" content=\"article\" \/>\n<meta property=\"og:title\" content=\"Note Legali - SCS Concept\" \/>\n<meta property=\"og:description\" content=\"Note legali e termini d&#8217;utilizzo Questo sito \u00e8 di propriet\u00e0 ed \u00e8 gestito da: SCS Concept S.r.l., Via\u00a0Zucchi 39\/c, 20095 Cusano Milanino (MI), ph.\u00a0+39 02 92502684, Partita Iva: 06388790963 Le\" \/>\n<meta property=\"og:url\" content=\"https:\/\/sitowebsmart.com\/it\/note-legali\/\" \/>\n<meta property=\"og:site_name\" content=\"SCS Concept\" \/>\n<meta property=\"article:modified_time\" content=\"2018-12-19T13:38:28+00:00\" \/>\n<meta name=\"twitter:card\" content=\"summary_large_image\" \/>\n<meta name=\"twitter:label1\" content=\"Tempo di lettura stimato\" \/>\n\t<meta name=\"twitter:data1\" content=\"4 minuti\" \/>\n<script type=\"application\/ld+json\" class=\"yoast-schema-graph\">{\"@context\":\"https:\/\/schema.org\",\"@graph\":[{\"@type\":\"WebPage\",\"@id\":\"https:\/\/sitowebsmart.com\/it\/note-legali\/\",\"url\":\"https:\/\/sitowebsmart.com\/it\/note-legali\/\",\"name\":\"Note Legali - SCS Concept\",\"isPartOf\":{\"@id\":\"https:\/\/sitowebsmart.com\/#website\"},\"datePublished\":\"2018-04-13T15:31:20+00:00\",\"dateModified\":\"2018-12-19T13:38:28+00:00\",\"breadcrumb\":{\"@id\":\"https:\/\/sitowebsmart.com\/it\/note-legali\/#breadcrumb\"},\"inLanguage\":\"it-IT\",\"potentialAction\":[{\"@type\":\"ReadAction\",\"target\":[\"https:\/\/sitowebsmart.com\/it\/note-legali\/\"]}]},{\"@type\":\"BreadcrumbList\",\"@id\":\"https:\/\/sitowebsmart.com\/it\/note-legali\/#breadcrumb\",\"itemListElement\":[{\"@type\":\"ListItem\",\"position\":1,\"name\":\"Home\",\"item\":\"https:\/\/sitowebsmart.com\/it\/\"},{\"@type\":\"ListItem\",\"position\":2,\"name\":\"Note Legali\"}]},{\"@type\":\"WebSite\",\"@id\":\"https:\/\/sitowebsmart.com\/#website\",\"url\":\"https:\/\/sitowebsmart.com\/\",\"name\":\"SCS Concept\",\"description\":\"Soluzioni Avanzate per il serraggio e controllo qualit\u00e0\",\"publisher\":{\"@id\":\"https:\/\/sitowebsmart.com\/#organization\"},\"potentialAction\":[{\"@type\":\"SearchAction\",\"target\":{\"@type\":\"EntryPoint\",\"urlTemplate\":\"https:\/\/sitowebsmart.com\/?s={search_term_string}\"},\"query-input\":{\"@type\":\"PropertyValueSpecification\",\"valueRequired\":true,\"valueName\":\"search_term_string\"}}],\"inLanguage\":\"it-IT\"},{\"@type\":\"Organization\",\"@id\":\"https:\/\/sitowebsmart.com\/#organization\",\"name\":\"SCS Concept\",\"url\":\"https:\/\/sitowebsmart.com\/\",\"logo\":{\"@type\":\"ImageObject\",\"inLanguage\":\"it-IT\",\"@id\":\"https:\/\/sitowebsmart.com\/#\/schema\/logo\/image\/\",\"url\":\"https:\/\/sitowebsmart.com\/wp-content\/uploads\/2018\/01\/scs-concept-group-200.png\",\"contentUrl\":\"https:\/\/sitowebsmart.com\/wp-content\/uploads\/2018\/01\/scs-concept-group-200.png\",\"width\":200,\"height\":200,\"caption\":\"SCS Concept\"},\"image\":{\"@id\":\"https:\/\/sitowebsmart.com\/#\/schema\/logo\/image\/\"}}]}<\/script>\n<!-- \/ Yoast SEO plugin. -->","yoast_head_json":{"title":"Note Legali - SCS Concept","robots":{"index":"index","follow":"follow","max-snippet":"max-snippet:-1","max-image-preview":"max-image-preview:large","max-video-preview":"max-video-preview:-1"},"canonical":"https:\/\/sitowebsmart.com\/it\/note-legali\/","og_locale":"it_IT","og_type":"article","og_title":"Note Legali - SCS Concept","og_description":"Note legali e termini d&#8217;utilizzo Questo sito \u00e8 di propriet\u00e0 ed \u00e8 gestito da: SCS Concept S.r.l., Via\u00a0Zucchi 39\/c, 20095 Cusano Milanino (MI), ph.\u00a0+39 02 92502684, Partita Iva: 06388790963 Le","og_url":"https:\/\/sitowebsmart.com\/it\/note-legali\/","og_site_name":"SCS Concept","article_modified_time":"2018-12-19T13:38:28+00:00","twitter_card":"summary_large_image","twitter_misc":{"Tempo di lettura stimato":"4 minuti"},"schema":{"@context":"https:\/\/schema.org","@graph":[{"@type":"WebPage","@id":"https:\/\/sitowebsmart.com\/it\/note-legali\/","url":"https:\/\/sitowebsmart.com\/it\/note-legali\/","name":"Note Legali - SCS Concept","isPartOf":{"@id":"https:\/\/sitowebsmart.com\/#website"},"datePublished":"2018-04-13T15:31:20+00:00","dateModified":"2018-12-19T13:38:28+00:00","breadcrumb":{"@id":"https:\/\/sitowebsmart.com\/it\/note-legali\/#breadcrumb"},"inLanguage":"it-IT","potentialAction":[{"@type":"ReadAction","target":["https:\/\/sitowebsmart.com\/it\/note-legali\/"]}]},{"@type":"BreadcrumbList","@id":"https:\/\/sitowebsmart.com\/it\/note-legali\/#breadcrumb","itemListElement":[{"@type":"ListItem","position":1,"name":"Home","item":"https:\/\/sitowebsmart.com\/it\/"},{"@type":"ListItem","position":2,"name":"Note Legali"}]},{"@type":"WebSite","@id":"https:\/\/sitowebsmart.com\/#website","url":"https:\/\/sitowebsmart.com\/","name":"SCS Concept","description":"Soluzioni Avanzate per il serraggio e controllo qualit\u00e0","publisher":{"@id":"https:\/\/sitowebsmart.com\/#organization"},"potentialAction":[{"@type":"SearchAction","target":{"@type":"EntryPoint","urlTemplate":"https:\/\/sitowebsmart.com\/?s={search_term_string}"},"query-input":{"@type":"PropertyValueSpecification","valueRequired":true,"valueName":"search_term_string"}}],"inLanguage":"it-IT"},{"@type":"Organization","@id":"https:\/\/sitowebsmart.com\/#organization","name":"SCS Concept","url":"https:\/\/sitowebsmart.com\/","logo":{"@type":"ImageObject","inLanguage":"it-IT","@id":"https:\/\/sitowebsmart.com\/#\/schema\/logo\/image\/","url":"https:\/\/sitowebsmart.com\/wp-content\/uploads\/2018\/01\/scs-concept-group-200.png","contentUrl":"https:\/\/sitowebsmart.com\/wp-content\/uploads\/2018\/01\/scs-concept-group-200.png","width":200,"height":200,"caption":"SCS Concept"},"image":{"@id":"https:\/\/sitowebsmart.com\/#\/schema\/logo\/image\/"}}]}},"_links":{"self":[{"href":"https:\/\/sitowebsmart.com\/it\/wp-json\/wp\/v2\/pages\/14161","targetHints":{"allow":["GET"]}}],"collection":[{"href":"https:\/\/sitowebsmart.com\/it\/wp-json\/wp\/v2\/pages"}],"about":[{"href":"https:\/\/sitowebsmart.com\/it\/wp-json\/wp\/v2\/types\/page"}],"author":[{"embeddable":true,"href":"https:\/\/sitowebsmart.com\/it\/wp-json\/wp\/v2\/users\/5"}],"replies":[{"embeddable":true,"href":"https:\/\/sitowebsmart.com\/it\/wp-json\/wp\/v2\/comments?post=14161"}],"version-history":[{"count":4,"href":"https:\/\/sitowebsmart.com\/it\/wp-json\/wp\/v2\/pages\/14161\/revisions"}],"predecessor-version":[{"id":21009,"href":"https:\/\/sitowebsmart.com\/it\/wp-json\/wp\/v2\/pages\/14161\/revisions\/21009"}],"wp:attachment":[{"href":"https:\/\/sitowebsmart.com\/it\/wp-json\/wp\/v2\/media?parent=14161"}],"curies":[{"name":"wp","href":"https:\/\/api.w.org\/{rel}","templated":true}]}}