{"id":23748,"date":"2021-01-21T17:49:18","date_gmt":"2021-01-21T17:49:18","guid":{"rendered":"https:\/\/www.scsconcept.com\/?page_id=23748"},"modified":"2024-10-31T10:38:53","modified_gmt":"2024-10-31T10:38:53","slug":"csr-policy","status":"publish","type":"page","link":"https:\/\/sitowebsmart.com\/it\/csr-policy\/","title":{"rendered":"Supply Chain &#8211; Politica CSR"},"content":{"rendered":"\r\n<p><strong>Obiettivo<\/strong><br \/>Con questa politica di &#8220;Corporate Social Responsibility&#8221; (CSR), l&#8217;obiettivo \u00e8 quello di educare tutti i fornitori di SCS Concept Group sull&#8217;importanza dell&#8217;etica aziendale e sull&#8217;impegno dell&#8217;azienda a garantirla. La conformit\u00e0 a questo documento \u00e8 obbligatoria e non sono consentite eccezioni.<\/p>\r\n\r\n\r\n\r\n<p><strong>Scopo<\/strong><br \/>La politica e l&#8217;attuazione specificate in questo documento sono indirizzate a:<\/p>\r\n\r\n\r\n\r\n<ul class=\"wp-block-list\">\r\n<li>Tutti i fornitori di SCS Concept Group, di prodotti, ricambi, logistica e servizi<\/li>\r\n<\/ul>\r\n\r\n\r\n\r\n<p>Tutti devono applicare questa politica e informare il gruppo in caso di qualsiasi situazione in cui questa politica non sarebbe applicata.<br \/>Tutti i fornitori devono impegnarsi a garantire che tutte le proprie attivit\u00e0 internazionali siano condotte in conformit\u00e0 a tutti i requisiti legali e normativi applicabili e ai pi\u00f9 elevati standard di condotta aziendale etica.<\/p>\r\n\r\n\r\n\r\n<h2 class=\"wp-block-heading\"><strong>Politica etica<\/strong><\/h2>\r\n\r\n\r\n\r\n<p><strong>Condizioni di lavoro e diritti umani<\/strong><br \/>I fornitori si impegnano a rispettare senza compromessi i requisiti legali relativi alle condizioni di lavoro in ogni momento e quindi a garantire la protezione illimitata di tutti i dipendenti nei rispettivi luoghi di lavoro.<\/p>\r\n\r\n\r\n\r\n<p><strong>Lavoro minorile e giovani lavoratori<\/strong><br \/>I fornitori si impegnano a rispettare senza compromessi i requisiti legali in materia di lavoro minorile e giovani lavoratori in ogni momento e quindi a garantire la protezione illimitata di bambini e adolescenti.<\/p>\r\n\r\n\r\n\r\n<p><strong>Salari e benefi<\/strong>t<br \/>I fornitori si impegnano a rispettare senza compromessi i requisiti legali in materia di salari e benefit in ogni momento e di garantire un reddito finanziariamente soddisfacente per i dipendenti e partner a lungo termine.<\/p>\r\n\r\n\r\n\r\n<p><strong>Lavoro forzato e obbligatorio e tratta di esseri umani<\/strong><br \/>I fornitori si impegnano a prendere tutte le misure possibili in ogni momento per combattere il lavoro forzato e obbligatorio e la tratta di esseri umani, ea combattere i primi segni senza compromessi.<\/p>\r\n\r\n\r\n\r\n<p><strong>Libert\u00e0 di associazione e contrattazione collettiva<\/strong><br \/>I fornitori si impegnano a salvaguardare la libert\u00e0 di associazione e i diritti di contrattazione dei dipendenti in ogni momento, in modo che la direzione ei dipendenti possano sviluppare e mantenere congiuntamente il quadro appropriato per l&#8217;occupazione a lungo termine.<\/p>\r\n\r\n\r\n\r\n<p><strong>Non discriminazione<\/strong><br \/>I fornitori si impegnano a prendere tutte le misure possibili in qualsiasi momento contro qualsiasi discriminazione in termini di genere, origine, colore, religione, e a combattere senza compromessi anche i primi segni di essa.<\/p>\r\n\r\n\r\n\r\n<p><strong>Corruzione, estorsione e concussione<\/strong><br \/>I fornitori si impegnano a prendere tutte le misure possibili in qualsiasi momento per combattere qualsiasi corruzione, estorsione e concussione e per combattere i primi segni senza compromessi.<\/p>\r\n\r\n\r\n\r\n<p><strong>Responsabilit\u00e0 finanziaria (registrazioni accurate)<\/strong><br \/>I fornitori si impegnano a far fronte alla responsabilit\u00e0 finanziaria in ogni momento ea rispettare tutti i requisiti legali e gli statuti generali di una societ\u00e0 internazionale in materia di gestione degli investimenti e documenti e registri finanziari.<\/p>\r\n\r\n\r\n\r\n<p><strong>Divulgazione di informazioni<\/strong><br \/>I fornitori si impegnano in ogni momento nella responsabilit\u00e0 di fornire una divulgazione legittima e di fatto corretta delle informazioni all&#8217;interno e all&#8217;esterno dell&#8217;azienda.<\/p>\r\n\r\n\r\n\r\n<p><strong>Concorrenza leale e antitrust<\/strong><br \/>I fornitori si impegnano a essere all&#8217;altezza della responsabilit\u00e0 di una concorrenza leale e libera in ogni momento ea promuovere sempre la fiducia tra i dipendenti, fornitori, partner e clienti.<\/p>\r\n\r\n\r\n\r\n<p><strong>Conflitto di interessi<\/strong><br \/>I fornitori si impegnano a evitare i conflitti di interesse in ogni momento a tutti i livelli gerarchici e aree del Gruppo SCS al fine di essere in grado di prendere decisioni neutre e ottenere risultati oggettivi di prodotto.<\/p>\r\n\r\n\r\n\r\n<p><strong>Parti contraffatte<\/strong><br \/>I fornitori si impegnano a rinunciare in qualsiasi momento a parti contraffatte in tutti i prodotti sviluppati e prodotti e a correre il rischio di essere confusi con un prodotto della concorrenza, consciamente o inconsciamente, nei confronti dei clienti. Fondamentalmente non permettiamo il plagio nei processi e prodotti.<\/p>\r\n\r\n\r\n\r\n<p><br \/><strong>Propriet\u00e0 intellettuale<\/strong><br \/>I fornitori si impegnano a proteggere la propriet\u00e0 intellettuale dei dipendenti, partner e fornitori in ogni momento ea non utilizzarli illegalmente per i propri scopi.<\/p>\r\n\r\n\r\n\r\n<p><strong>Controlli sulle esportazioni e sanzioni economiche<\/strong><br \/>I fornitori si impegnano a rispettare senza compromessi tutti i requisiti legali in relazione ai controlli sulle esportazioni e alle sanzioni economiche in ogni momento, e ad allineare i processi aziendali di conseguenza ea combatterli in una fase iniziale.<\/p>\r\n\r\n\r\n\r\n<p><strong>Protezione dell&#8217;identit\u00e0 e non ritorsione<\/strong><br \/>I fornitori si impegnano a sensibilizzare in ogni momento la protezione dell&#8217;identit\u00e0 e la non ritorsione di tutti i dipendenti e partner ea mantenere i principi etici pertinenti.<\/p>\r\n\r\n\r\n\r\n<p>Company policy and Business ethics code of conduct<\/p>\r\n\r\n\r\n\r\n<p><strong>Whistleblowing e protezione contro le ritorsioni <\/strong><\/p>\r\n\r\n\r\n\r\n<p>Un informatore \u00e8 una persona che trasmette informazioni su illeciti di un individuo e \/ o di un&#8217;azienda alla societ\u00e0, a un individuo e \/ o a terzi. L&#8217;atto di trasmettere tali informazioni \u00e8 noto come &#8221; <strong>Whistleblowing <\/strong>&#8221; o &#8220;fare una divulgazione&#8221;.<\/p>\r\n\r\n\r\n\r\n<p>I motivi del whistleblowing rientrano normalmente in una delle seguenti categorie:<\/p>\r\n\r\n\r\n\r\n<ul class=\"wp-block-list\">\r\n<li>Reati<\/li>\r\n<li>Inosservanza degli obblighi di legge<\/li>\r\n<li>Andare contro alla giustizia<\/li>\r\n<li>La messa in pericolo della salute e della sicurezza di qualcuno<\/li>\r\n<li>Danni all&#8217;ambiente<\/li>\r\n<li>Coprire gli illeciti in una di queste categorie<\/li>\r\n<\/ul>\r\n\r\n\r\n\r\n<p>I dipendenti dei partner commerciali \u00a0devono \u00a0avere il diritto di &#8220;rendere noto&#8221; se l&#8217;azienda o un individuo ha dimostrato illeciti passati o presenti o ci sono motivi per credere che ci\u00f2 accadr\u00e0 in futuro.<\/p>\r\n\r\n\r\n\r\n<p>I partner commerciali devono indagare su tutte le affermazioni di illeciti in modo vigoroso ed equo e cercheranno di proteggere l&#8217;informatore, compreso, se del caso, l&#8217;anonimato dell&#8217;informatore.<\/p>\r\n\r\n\r\n\r\n<p>Company policy and Business ethics code of conduct<\/p>\r\n\r\n\r\n\r\n<h2 class=\"wp-block-heading\">Politica in materia di salute e sicurezza<\/h2>\r\n<p>I partner devono soddisfare tutte le leggi in materia di salute e sicurezza applicabili nel Paese di appartenenza<\/p>\r\n\r\n\r\n\r\n<p>I partner commerciali devono porsi i seguenti obiettivi:<\/p>\r\n\r\n\r\n\r\n<ul class=\"wp-block-list\">\r\n<li>Fornire un posto di lavoro privo di incidenti<\/li>\r\n<li>Prevenire tutti gli infortuni o i problemi di salute legati al lavoro<\/li>\r\n<li>Controllare e ridurre al minimo i rischi associati ai prodotti per il loro ciclo di vita totale e scegliere processi e prodotti produttivi tali da ridurre al minimo l&#8217;uso di materie prime ed energia;<\/li>\r\n<li>Valutare e migliorare continuamente le pratiche, processi e prodotti al fine di renderli sicuri e accettabili per i dipendenti, i clienti, il pubblico e l&#8217;ambiente.<\/li>\r\n<\/ul>\r\n\r\n\r\n\r\n<p><strong>Manipolazione di sostanze chimiche<\/strong> &#8211; I partner devono considerare \u00a0che la \u00a0manipolazione, il trasporto e l&#8217;uso di sostanze chimiche \u00e8 un rischio per la salute e la sicurezza del personale ed \u00e8 importante ridurre i rischi e l&#8217;esposizione del personale a tali sostanze. La politica dei partner \u00a0commerciali \u00a0deve definire, ove \u00a0possibile, azioni volte a cercare sostanze chimiche sostitutive per alternative pi\u00f9 sicure e garantire l&#8217;attuazione di misure volte a ridurre al minimo l&#8217;esposizione per quanto possibile. Le pi\u00f9 recenti \u00a0schede di sicurezza dei materiali (MSDS) per tutte le sostanze chimiche in \u00a0uso devono \u00a0essere mantenute accessibili a tutti i \u00a0dipendenti. Le \u00a0informazioni \u00a0MSDS del fornitore devono essere controllate periodicamente per garantire che siano disponibili le versioni pi\u00f9 recenti. Corsi di formazione riguardo ai rischi, pericoli e per un uso sicuro, la gestione dei \u00a0rifiuti ,\u00a0dovrebbero essere organizzati.<\/p>\r\n\r\n\r\n\r\n<h2 class=\"wp-block-heading\">Informativa sulla privacy<\/h2>\r\n\r\n\r\n\r\n<p>I partner devono impegnarsi a rispettare la privacy dei propri dipendenti e partner. Il diritto individuale alla privacy dei dati deve essere tutelato. Ognuno ha il diritto di determinare se le proprie informazioni personali vengono divulgate e come vengono elaborate. L&#8217;uso delle informazioni personali deve essere trasparente.<\/p>\r\n\r\n\r\n\r\n<p>I dipendenti e i partner commerciali possono decidere se e come i loro dati personali vengono utilizzati o trattati, a meno che non sia altrimenti richiesto dalla legge o il suo utilizzo sia necessario per un processo aziendale. Le informazioni personali devono essere raccolte, elaborate e utilizzate solo nella misura consentita dalle leggi applicabili e dalle politiche interne.<\/p>\r\n\r\n\r\n\r\n<h2 class=\"wp-block-heading\">Politica Ambientale<\/h2>\r\n<p>I partner devono soddisfare tutte le leggi ambientali applicabili nel Paese di appartenenza<\/p>\r\n\r\n\r\n\r\n<p>I partner devono impegnarsi a monitorare e migliorare gli aspetti ambientali:<\/p>\r\n\r\n\r\n\r\n<ul class=\"wp-block-list\">\r\n<li>I siti di sviluppo e produzione devono essere analizzati dalla prospettiva ambientale<\/li>\r\n<li>Occorre prendere in considerazione un uso e una conservazione efficienti delle risorse naturali e la prevenzione dell&#8217;inquinamento.<\/li>\r\n<li>L&#8217;acqua \u00e8 considerata una risorsa naturale preziosa, che soffrir\u00e0 di carenze in diverse parti del mondo. A causa di questo interesse pubblico e dell&#8217;importanza sociale, occorre concentrarsi su un uso efficiente dell&#8217;acqua.<\/li>\r\n<li>Mantenere l&#8217;uso dell&#8217;acqua il pi\u00f9 efficiente possibile impedendo l&#8217;aumento dell&#8217;uso specifico dell&#8217;acqua e cercando opportunit\u00e0 di riduzione nei processi.<\/li>\r\n<li>Monitorare e migliorare il consumo energetico (elettrico e gas)<\/li>\r\n<li>Monitorare e migliorare le emissioni di gas a effetto serra<\/li>\r\n<li>Monitorare e migliorare tutti i tipi di rifiuti<\/li>\r\n<li>Monitorare e migliorare il consumo di acqua<\/li>\r\n<li>Monitorare e migliorare la qualit\u00e0 dell&#8217;aria e l&#8217;inquinamento atmosferico creato dai processi di produzione<\/li>\r\n<li>Monitorare e migliorare l&#8217;utilizzo delle risorse naturali<\/li>\r\n<li>Le sostanze chimiche e pericolose devono essere utilizzate il meno possibile. Quando sono essenziali, devono essere trattati in base alle loro schede di dati di sicurezza dei materiali (MSDS) e i dipendenti devono essere formati sull&#8217;uso e lo smaltimento sicuri.<\/li>\r\n<li>La politica e gli obiettivi ambientali devono essere disponibili per i lavoratori.<\/li>\r\n<li>La politica ambientale dovrebbe essere comunicata ai partner<\/li>\r\n<li>Ogni dipendente deve essere formato per la politica ambientale e le norme ambientali.<\/li>\r\n<\/ul>\r\n\r\n\r\n\r\n<p><strong>Gestione sostenibile delle risorse <\/strong><\/p>\r\n\r\n\r\n\r\n<p>I partner devono prendere in considerazione la possibilit\u00e0 di valutare l&#8217;approvvigionamento di materie prime. Le materie \u00a0prime \u00a0dovrebbero provenire, quando possibile, da fonti riciclate. I materiali in cui i rifiuti possono essere riciclati direttamente durante la fabbricazione e al termine del ciclo di vita devono essere utilizzati.<\/p>\r\n\r\n\r\n\r\n<p>I partner sono invitati a rispettare le regole etiche lungo la catena di approvvigionamento. Ci\u00f2 include l&#8217;attuazione di misure che garantiscano che i minerali utilizzati dai fornitori \u2013 in particolare stagno, tantalio, tungsteno, oro e cobalto \u2013 non contribuiscano al sostegno diretto o indiretto dei conflitti armati o siano in relazione a violazioni dei diritti umani.<\/p>\r\n\r\n\r\n\r\n<h2 class=\"wp-block-heading\">Implementazione della politica<\/h2>\r\n\r\n\r\n\r\n<p>I fornitori di SCS Concept Group devono attuare la politica mediante le seguenti azioni di gestione:<\/p>\r\n<p><br \/>&#8211; Sensibilizzazione dei dipendenti<\/p>\r\n<p>&#8211; Formazione sistematica del dipendente<\/p>\r\n<p>&#8211; Fornitura della politica a parti interessate esterne<\/p>\r\n<p>&#8211; Definire requisiti vincolanti nei confronti dei fornitori di primo livello per trasmettere standard lungo la catena di fornitura.<\/p>\r\n<p>&#8211; Comunicate i requisiti ai propri fornitori e verificate che siano stati ricevuti.<\/p>\r\n<p>-Verificare che i fornitori attuino le azioni necessarie per soddisfarli<\/p>\r\n\r\n\r\n\r\n<p><strong>Audit<\/strong><\/p>\r\n\r\n\r\n\r\n<p>Il gruppo SCS Concept potrebbe chiedere a qualsiasi fornitore di eseguire un audit per verificare l&#8217;implementazione della policy<\/p>\r\n\r\n\r\n\r\n<p><strong>Azioni correttive<\/strong><\/p>\r\n\r\n\r\n\r\n<p>In caso di evidenza di non corretta implementazione, devono essere intraprese le seguenti azioni:<\/p>\r\n\r\n\r\n\r\n<ul class=\"wp-block-list\">\r\n<li>Definire il piano per correggere l&#8217;attuazione della politica<\/li>\r\n<li>I risultati devono essere comunicati a SCS Concept<\/li>\r\n<\/ul>\r\n","protected":false},"excerpt":{"rendered":"<p>ObiettivoCon questa politica di &#8220;Corporate Social Responsibility&#8221; (CSR), l&#8217;obiettivo \u00e8 quello di educare tutti i fornitori di SCS Concept Group sull&#8217;importanza dell&#8217;etica aziendale e sull&#8217;impegno dell&#8217;azienda a garantirla. La conformit\u00e0<\/p>\n","protected":false},"author":1,"featured_media":0,"parent":0,"menu_order":0,"comment_status":"closed","ping_status":"closed","template":"tmp-page-right-sidebar.php","meta":{"_acf_changed":false,"footnotes":""},"class_list":["post-23748","page","type-page","status-publish","hentry"],"acf":[],"yoast_head":"<!-- This site is optimized with the Yoast SEO plugin v26.9 - https:\/\/yoast.com\/product\/yoast-seo-wordpress\/ -->\n<title>Supply Chain - Politica CSR - SCS Concept<\/title>\n<meta name=\"robots\" content=\"noindex, nofollow\" \/>\n<meta property=\"og:locale\" content=\"it_IT\" \/>\n<meta property=\"og:type\" content=\"article\" \/>\n<meta property=\"og:title\" content=\"Supply Chain - Politica CSR - SCS Concept\" \/>\n<meta property=\"og:description\" content=\"ObiettivoCon questa politica di &#8220;Corporate Social Responsibility&#8221; (CSR), l&#8217;obiettivo \u00e8 quello di educare tutti i fornitori di SCS Concept Group sull&#8217;importanza dell&#8217;etica aziendale e sull&#8217;impegno dell&#8217;azienda a garantirla. La conformit\u00e0\" \/>\n<meta property=\"og:url\" content=\"https:\/\/sitowebsmart.com\/it\/csr-policy\/\" \/>\n<meta property=\"og:site_name\" content=\"SCS Concept\" \/>\n<meta property=\"article:modified_time\" content=\"2024-10-31T10:38:53+00:00\" \/>\n<meta name=\"twitter:card\" content=\"summary_large_image\" \/>\n<meta name=\"twitter:label1\" content=\"Tempo di lettura stimato\" \/>\n\t<meta name=\"twitter:data1\" content=\"9 minuti\" \/>\n<script type=\"application\/ld+json\" class=\"yoast-schema-graph\">{\"@context\":\"https:\/\/schema.org\",\"@graph\":[{\"@type\":\"WebPage\",\"@id\":\"https:\/\/sitowebsmart.com\/it\/csr-policy\/\",\"url\":\"https:\/\/sitowebsmart.com\/it\/csr-policy\/\",\"name\":\"Supply Chain - Politica CSR - SCS Concept\",\"isPartOf\":{\"@id\":\"https:\/\/sitowebsmart.com\/#website\"},\"datePublished\":\"2021-01-21T17:49:18+00:00\",\"dateModified\":\"2024-10-31T10:38:53+00:00\",\"breadcrumb\":{\"@id\":\"https:\/\/sitowebsmart.com\/it\/csr-policy\/#breadcrumb\"},\"inLanguage\":\"it-IT\",\"potentialAction\":[{\"@type\":\"ReadAction\",\"target\":[\"https:\/\/sitowebsmart.com\/it\/csr-policy\/\"]}]},{\"@type\":\"BreadcrumbList\",\"@id\":\"https:\/\/sitowebsmart.com\/it\/csr-policy\/#breadcrumb\",\"itemListElement\":[{\"@type\":\"ListItem\",\"position\":1,\"name\":\"Home\",\"item\":\"https:\/\/sitowebsmart.com\/it\/\"},{\"@type\":\"ListItem\",\"position\":2,\"name\":\"Supply Chain &#8211; Politica CSR\"}]},{\"@type\":\"WebSite\",\"@id\":\"https:\/\/sitowebsmart.com\/#website\",\"url\":\"https:\/\/sitowebsmart.com\/\",\"name\":\"SCS Concept\",\"description\":\"Soluzioni Avanzate per il serraggio e controllo qualit\u00e0\",\"publisher\":{\"@id\":\"https:\/\/sitowebsmart.com\/#organization\"},\"potentialAction\":[{\"@type\":\"SearchAction\",\"target\":{\"@type\":\"EntryPoint\",\"urlTemplate\":\"https:\/\/sitowebsmart.com\/?s={search_term_string}\"},\"query-input\":{\"@type\":\"PropertyValueSpecification\",\"valueRequired\":true,\"valueName\":\"search_term_string\"}}],\"inLanguage\":\"it-IT\"},{\"@type\":\"Organization\",\"@id\":\"https:\/\/sitowebsmart.com\/#organization\",\"name\":\"SCS Concept\",\"url\":\"https:\/\/sitowebsmart.com\/\",\"logo\":{\"@type\":\"ImageObject\",\"inLanguage\":\"it-IT\",\"@id\":\"https:\/\/sitowebsmart.com\/#\/schema\/logo\/image\/\",\"url\":\"https:\/\/sitowebsmart.com\/wp-content\/uploads\/2018\/01\/scs-concept-group-200.png\",\"contentUrl\":\"https:\/\/sitowebsmart.com\/wp-content\/uploads\/2018\/01\/scs-concept-group-200.png\",\"width\":200,\"height\":200,\"caption\":\"SCS Concept\"},\"image\":{\"@id\":\"https:\/\/sitowebsmart.com\/#\/schema\/logo\/image\/\"}}]}<\/script>\n<!-- \/ Yoast SEO plugin. -->","yoast_head_json":{"title":"Supply Chain - Politica CSR - SCS Concept","robots":{"index":"noindex","follow":"nofollow"},"og_locale":"it_IT","og_type":"article","og_title":"Supply Chain - Politica CSR - SCS Concept","og_description":"ObiettivoCon questa politica di &#8220;Corporate Social Responsibility&#8221; (CSR), l&#8217;obiettivo \u00e8 quello di educare tutti i fornitori di SCS Concept Group sull&#8217;importanza dell&#8217;etica aziendale e sull&#8217;impegno dell&#8217;azienda a garantirla. La conformit\u00e0","og_url":"https:\/\/sitowebsmart.com\/it\/csr-policy\/","og_site_name":"SCS Concept","article_modified_time":"2024-10-31T10:38:53+00:00","twitter_card":"summary_large_image","twitter_misc":{"Tempo di lettura stimato":"9 minuti"},"schema":{"@context":"https:\/\/schema.org","@graph":[{"@type":"WebPage","@id":"https:\/\/sitowebsmart.com\/it\/csr-policy\/","url":"https:\/\/sitowebsmart.com\/it\/csr-policy\/","name":"Supply Chain - Politica CSR - SCS Concept","isPartOf":{"@id":"https:\/\/sitowebsmart.com\/#website"},"datePublished":"2021-01-21T17:49:18+00:00","dateModified":"2024-10-31T10:38:53+00:00","breadcrumb":{"@id":"https:\/\/sitowebsmart.com\/it\/csr-policy\/#breadcrumb"},"inLanguage":"it-IT","potentialAction":[{"@type":"ReadAction","target":["https:\/\/sitowebsmart.com\/it\/csr-policy\/"]}]},{"@type":"BreadcrumbList","@id":"https:\/\/sitowebsmart.com\/it\/csr-policy\/#breadcrumb","itemListElement":[{"@type":"ListItem","position":1,"name":"Home","item":"https:\/\/sitowebsmart.com\/it\/"},{"@type":"ListItem","position":2,"name":"Supply Chain &#8211; Politica CSR"}]},{"@type":"WebSite","@id":"https:\/\/sitowebsmart.com\/#website","url":"https:\/\/sitowebsmart.com\/","name":"SCS Concept","description":"Soluzioni Avanzate per il serraggio e controllo qualit\u00e0","publisher":{"@id":"https:\/\/sitowebsmart.com\/#organization"},"potentialAction":[{"@type":"SearchAction","target":{"@type":"EntryPoint","urlTemplate":"https:\/\/sitowebsmart.com\/?s={search_term_string}"},"query-input":{"@type":"PropertyValueSpecification","valueRequired":true,"valueName":"search_term_string"}}],"inLanguage":"it-IT"},{"@type":"Organization","@id":"https:\/\/sitowebsmart.com\/#organization","name":"SCS Concept","url":"https:\/\/sitowebsmart.com\/","logo":{"@type":"ImageObject","inLanguage":"it-IT","@id":"https:\/\/sitowebsmart.com\/#\/schema\/logo\/image\/","url":"https:\/\/sitowebsmart.com\/wp-content\/uploads\/2018\/01\/scs-concept-group-200.png","contentUrl":"https:\/\/sitowebsmart.com\/wp-content\/uploads\/2018\/01\/scs-concept-group-200.png","width":200,"height":200,"caption":"SCS Concept"},"image":{"@id":"https:\/\/sitowebsmart.com\/#\/schema\/logo\/image\/"}}]}},"_links":{"self":[{"href":"https:\/\/sitowebsmart.com\/it\/wp-json\/wp\/v2\/pages\/23748","targetHints":{"allow":["GET"]}}],"collection":[{"href":"https:\/\/sitowebsmart.com\/it\/wp-json\/wp\/v2\/pages"}],"about":[{"href":"https:\/\/sitowebsmart.com\/it\/wp-json\/wp\/v2\/types\/page"}],"author":[{"embeddable":true,"href":"https:\/\/sitowebsmart.com\/it\/wp-json\/wp\/v2\/users\/1"}],"replies":[{"embeddable":true,"href":"https:\/\/sitowebsmart.com\/it\/wp-json\/wp\/v2\/comments?post=23748"}],"version-history":[{"count":7,"href":"https:\/\/sitowebsmart.com\/it\/wp-json\/wp\/v2\/pages\/23748\/revisions"}],"predecessor-version":[{"id":30690,"href":"https:\/\/sitowebsmart.com\/it\/wp-json\/wp\/v2\/pages\/23748\/revisions\/30690"}],"wp:attachment":[{"href":"https:\/\/sitowebsmart.com\/it\/wp-json\/wp\/v2\/media?parent=23748"}],"curies":[{"name":"wp","href":"https:\/\/api.w.org\/{rel}","templated":true}]}}