{"id":26290,"date":"2022-06-29T11:54:34","date_gmt":"2022-06-29T11:54:34","guid":{"rendered":"https:\/\/www.scsconcept.com\/?page_id=26290"},"modified":"2022-07-13T10:55:36","modified_gmt":"2022-07-13T10:55:36","slug":"cookie-policy","status":"publish","type":"page","link":"https:\/\/sitowebsmart.com\/it\/cookie-policy\/","title":{"rendered":"Cookie Policy"},"content":{"rendered":"<div class=\"wpb-content-wrapper\"><p>[vc_row][vc_column][vc_column_text]<\/p>\n<h2>Cookie Policy di <strong>www.scsconcept.com <\/strong><\/h2>\n<p>Questo documento contiene informazioni in merito alle tecnologie che consentono a questo Sito Web di raggiungere gli scopi descritti di seguito. Tali tecnologie permettono al Titolare di raccogliere e salvare informazioni (per esempio tramite l\u2019utilizzo di Cookie) o di utilizzare risorse (per esempio eseguendo uno script) sul dispositivo dell\u2019Utente quando quest\u2019ultimo interagisce con questo Sito Web.<\/p>\n<p>Per semplicit\u00e0, in questo documento tali tecnologie sono sinteticamente definite \u201cStrumenti di Tracciamento\u201d, salvo vi sia ragione di differenziare.<br \/>\nPer esempio, sebbene i Cookie possano essere usati in browser sia web sia mobili, sarebbe fuori luogo parlare di Cookie nel contesto di applicazioni per dispositivi mobili, dal momento che si tratta di Strumenti di Tracciamento che richiedono la presenza di un browser. Per questo motivo, all\u2019interno di questo documento il termine Cookie \u00e8 utilizzato solo per indicare in modo specifico quel particolare tipo di Strumento di Tracciamento.<\/p>\n<p>Alcune delle finalit\u00e0 per le quali vengono impiegati Strumenti di Tracciamento potrebbero, inoltre richiedere il consenso dell\u2019Utente. Se viene prestato il consenso, esso pu\u00f2 essere revocato liberamente in qualsiasi momento seguendo le istruzioni contenute in questo documento.<\/p>\n<p>Questo Sito Web utilizza Strumenti di Tracciamento gestiti direttamente dal Titolare (comunemente detti Strumenti di Tracciamento \u201cdi prima parte\u201d) e Strumenti di Tracciamento che abilitano servizi forniti da terzi (comunemente detti Strumenti di Tracciamento \u201cdi terza parte\u201d). Se non diversamente specificato all\u2019interno di questo documento, tali terzi hanno accesso ai rispettivi Strumenti di Tracciamento.<br \/>\nDurata e scadenza dei Cookie e degli altri Strumenti di Tracciamento simili possono variare a seconda di quanto impostato dal Titolare o da ciascun fornitore terzo. Alcuni di essi scadono al termine della sessione di navigazione dell\u2019Utente.<br \/>\nIn aggiunta a quanto specificato nella descrizione di ciascuna delle categorie di seguito riportate, gli Utenti possono ottenere informazioni pi\u00f9 dettagliate ed aggiornate sulla durata, cos\u00ec come qualsiasi altra informazione rilevante &#8211; quale la presenza di altri Strumenti di Tracciamento &#8211; nelle privacy policy dei rispettivi fornitori terzi (tramite i link messi a disposizione) o contattando il Titolare.<\/p>\n<p>Per avere ulteriori informazioni riguardo ai consumatori californiani e ai loro diritti sulla privacy, gli Utenti possono consultare la <a href=\"https:\/\/www.iubenda.com\/privacy-policy\/99818707\/legal?from_cookie_policy=true&amp;no_markup=false\">privacy policy<\/a>.<\/p>\n<p><strong>Attivit\u00e0 strettamente necessarie a garantire il funzionamento di questo Sito Web e la fornitura del Servizio<\/strong><\/p>\n<p>Questo Sito Web utilizza Cookie comunemente detti \u201ctecnici\u201d o altri Strumenti di Tracciamento analoghi per svolgere attivit\u00e0 strettamente necessarie a garantire il funzionamento o la fornitura del Servizio.<\/p>\n<p><strong>Strumenti di Tracciamento di terza parte<\/strong><\/p>\n<ul>\n<li><strong>Gestione dei tag <\/strong><\/li>\n<\/ul>\n<p>Questo tipo di servizi \u00e8 funzionale alla gestione centralizzata dei tag o script utilizzati su questo Sito Web.<br \/>\nL&#8217;uso di tali servizi comporta il fluire dei Dati dell&#8217;Utente attraverso gli stessi e, se del caso, la loro ritenzione.<\/p>\n<p><strong>Google Tag Manager (Google Ireland Limited)<\/strong><\/p>\n<p>Google Tag Manager \u00e8 un servizio di gestione dei tag fornito da Google Ireland Limited.<\/p>\n<p>Dati Personali trattati: Dati di utilizzo e Strumenti di Tracciamento.<\/p>\n<p>Luogo del trattamento: Irlanda \u2013 <a href=\"https:\/\/policies.google.com\/privacy\">Privacy Policy<\/a>.<\/p>\n<p><strong>Altre attivit\u00e0 che prevedono l\u2019utilizzo di Strumenti di Tracciamento<\/strong><\/p>\n<p><strong>Miglioramento dell\u2019esperienza<\/strong><\/p>\n<p>Questo Sito Web utilizza Strumenti di Tracciamento per fornire una user experience personalizzata, consentendo una migliore gestione delle impostazioni personali e l&#8217;interazione con network e piattaforme esterne.<\/p>\n<ul>\n<li><strong>Visualizzazione di contenuti da piattaforme esterne <\/strong><\/li>\n<\/ul>\n<p>Questo tipo di servizi permette di visualizzare contenuti ospitati su piattaforme esterne direttamente dalle pagine di questo Sito Web e di interagire con essi.<br \/>\nQuesto tipo di servizio potrebbe comunque raccogliere dati sul traffico web relativo alle pagine dove il servizio \u00e8 installato, anche quando gli utenti non lo utilizzano.<\/p>\n<p><strong>Google Fonts (Google Ireland Limited)<\/strong><\/p>\n<p>Google Fonts \u00e8 un servizio di visualizzazione di stili di carattere gestito da Google Ireland Limited che permette a questo Sito Web di integrare tali contenuti all\u2019interno delle proprie pagine.<\/p>\n<p>Dati Personali trattati: Dati di utilizzo e Strumenti di Tracciamento.<\/p>\n<p>Luogo del trattamento: Irlanda \u2013 <a href=\"https:\/\/policies.google.com\/privacy\">Privacy Policy<\/a>.<\/p>\n<p><strong>Widget Video YouTube (modalit\u00e0 di privacy avanzata) (Google Ireland Limited)<\/strong><\/p>\n<p>YouTube \u00e8 un servizio di visualizzazione di contenuti video gestito da Google Ireland Limited che permette a questo Sito Web di integrare tali contenuti all\u2019interno delle proprie pagine.<br \/>\nQuesto widget \u00e8 impostato in modo che YouTube non salvi informazioni e cookie riguardo agli Utenti su questo Sito Web, a meno che non riproducano il video.<\/p>\n<p>Dati Personali trattati: Dati di utilizzo, Identificativo univoco universale (UUID) e Strumenti di Tracciamento.<\/p>\n<p>Luogo del trattamento: Irlanda \u2013 <a href=\"https:\/\/policies.google.com\/privacy\">Privacy Policy<\/a>.<\/p>\n<p><strong>Misurazione<\/strong><\/p>\n<p>Questo Sito Web utilizza Strumenti di Tracciamento per misurare il traffico e analizzare il comportamento degli Utenti con l&#8217;obiettivo di migliorare il Servizio.<\/p>\n<ul>\n<li><strong>Statistica <\/strong><\/li>\n<\/ul>\n<p>I servizi contenuti nella presente sezione permettono al Titolare del Trattamento di monitorare e analizzare i dati di traffico e servono a tener traccia del comportamento dell\u2019Utente.<\/p>\n<p><strong>Google Analytics 4 (Google Ireland Limited)<\/strong><\/p>\n<p>Google Analytics \u00e8 un servizio di statistica fornito da Google Ireland Limited (\u201cGoogle\u201d). Google utilizza i Dati Personali raccolti allo scopo di tracciare ed esaminare l\u2019utilizzo di questo Sito Web, compilare report e condividerli con gli altri servizi sviluppati da Google.<br \/>\nGoogle potrebbe utilizzare i Dati Personali per contestualizzare e personalizzare gli annunci del proprio network pubblicitario.<br \/>\nIn Google Analytics 4, gli indirizzi IP vengono utilizzati al momento della raccolta e poi eliminati prima che i dati vengano registrati in qualsiasi data center o server. Per saperne di pi\u00f9, \u00e8 possibile consultare la <a href=\"https:\/\/support.google.com\/analytics\/answer\/12017362?hl=it&amp;ref_topic=2919631\">documentazione ufficiale di Google<\/a>.<\/p>\n<p>Dati Personali trattati: citt\u00e0, Dati di utilizzo, informazioni sul browser, informazioni sul dispositivo, latitudine (della citt\u00e0), longitudine (della citt\u00e0), numero di Utenti, statistiche delle sessioni e Strumenti di Tracciamento.<\/p>\n<p>Luogo del trattamento: Irlanda \u2013 <a href=\"https:\/\/policies.google.com\/privacy\">Privacy Policy<\/a> \u2013 <a href=\"https:\/\/tools.google.com\/dlpage\/gaoptout?hl=it%22\">Opt Out<\/a>.<\/p>\n<p>Durata di archiviazione:<\/p>\n<ul>\n<li style=\"list-style-type: none;\">\n<ul>\n<li>_ga: 2 anni<\/li>\n<li>_ga_*: 2 anni<\/li>\n<li>_gac_gb_*: 3 mesi<\/li>\n<li>_gid: 1 giorno<\/li>\n<\/ul>\n<\/li>\n<\/ul>\n<p><strong>Come gestire le preferenze e prestare o revocare il consenso<\/strong><\/p>\n<p>Esistono vari modi per gestire le preferenze relative agli Strumenti di Tracciamento e per prestare o revocare il consenso, ove necessario:<\/p>\n<p>Gli Utenti possono gestire le preferenze relative agli Strumenti di Tracciamento direttamente tramite le impostazioni dei propri dispositivi &#8211; per esempio, possono impedire l\u2019uso o l\u2019archiviazione di Strumenti di Tracciamento.<\/p>\n<p>In aggiunta, ogni qualvolta l\u2019utilizzo di Strumenti di Tracciamento dipenda da consenso, l\u2019Utente pu\u00f2 prestare o revocare tale consenso impostando le proprie preferenze all\u2019interno dell\u2019informativa sui cookie o aggiornando tali preferenze tramite il widget delle impostazioni di tracciamento, se presente.<\/p>\n<p>Grazie ad apposite funzioni del browser o del dispositivo \u00e8 anche possibile rimuovere Strumenti di Tracciamento precedentemente salvati.<\/p>\n<p>Altri Strumenti di Tracciamento presenti nella memoria locale del browser possono essere rimossi cancellando la cronologia di navigazione.<\/p>\n<p>Per quanto riguarda Strumenti di Tracciamento di terza parte, gli Utenti possono gestire le preferenze e revocare il consenso visitando il relativo link di opt out (qualora disponibile), utilizzando gli strumenti descritti nella privacy policy della terza parte o contattandola direttamente.<\/p>\n<p><strong>Individuare le impostazioni relative agli Strumenti di Tracciamento<\/strong><\/p>\n<p>Gli Utenti possono, per esempio, trovare informazioni su come gestire i Cookie in alcuni dei browser pi\u00f9 diffusi ai seguenti indirizzi:<\/p>\n<ul>\n<li><a href=\"https:\/\/support.google.com\/chrome\/answer\/95647?hl=it&amp;p=cpn_cookies\">Google Chrome<\/a><\/li>\n<li><a href=\"https:\/\/support.mozilla.org\/it\/kb\/Attivare%20e%20disattivare%20i%20cookie\">Mozilla Firefox<\/a><\/li>\n<li><a href=\"https:\/\/support.apple.com\/it-it\/guide\/safari\/manage-cookies-and-website-data-sfri11471\/\">Apple Safari<\/a><\/li>\n<li><a href=\"http:\/\/windows.microsoft.com\/it-it\/windows-vista\/block-or-allow-cookies\">Microsoft Internet Explorer<\/a><\/li>\n<li><a href=\"https:\/\/support.microsoft.com\/it-it\/help\/4027947\">Microsoft Edge<\/a><\/li>\n<li><a href=\"https:\/\/support.brave.com\/hc\/articles\/360022806212-How-do-I-use-Shields-while-browsing\">Brave<\/a><\/li>\n<li><a href=\"https:\/\/help.opera.com\/latest\/web-preferences\/#cookies\">Opera<\/a><\/li>\n<\/ul>\n<p>Gli Utenti possono inoltre gestire alcuni Strumenti di Tracciamento per applicazioni mobili disattivandoli tramite le apposite impostazioni del dispositivo, quali le impostazioni di pubblicit\u00e0 per dispositivi mobili o le impostazioni relative al tracciamento in generale (gli Utenti possono consultare le impostazioni del dispositivo per individuare quella pertinente).<\/p>\n<p><strong>Conseguenze del rifiuto del consenso<\/strong><\/p>\n<p>Gli Utenti sono liberi di decidere se prestare o meno il consenso. Tuttavia, si noti che gli Strumenti di Tracciamento consentono a questo Sito Web di fornire una migliore esperienza e funzionalit\u00e0 avanzate agli Utenti (in linea con le finalit\u00e0 delineate nel presente documento). Pertanto, in assenza del consenso dell&#8217;Utente, il Titolare potrebbe non essere in grado di fornire le relative funzionalit\u00e0.<\/p>\n<p><strong>Titolare del Trattamento dei Dati<\/strong><\/p>\n<p>Ragione sociale: SCS Concept S.r.l.<br \/>\nPartita IVA: 06388790963<br \/>\nSede legale: Via Zucchi 39\/c, 20095 Cusano Milanino (MI)<br \/>\nREA: MI \u2013 1889255<br \/>\nIscrizione REA del 24\/11\/2008<br \/>\nISCRIZIONE AL REGISTRO IMPRESE DI MI con N. 1889255<br \/>\nCapitale Sociale \u20ac 200.000 i.v.<\/p>\n<p><strong>Indirizzo email del Titolare:<\/strong> <a href=\"mailto:info@scsconcept.com\">info@scsconcept.com<\/a>, <a href=\"mailto:privacy@scsconcept.com\">privacy@scsconcept.com<\/a><\/p>\n<p>Dal momento che l\u2019uso di Strumenti di Tracciamento di terza parte su questo Sito Web non pu\u00f2 essere completamente controllato dal Titolare, ogni riferimento specifico a Strumenti di Tracciamento di terza parte \u00e8 da considerarsi indicativo. Per ottenere informazioni complete, gli Utenti sono gentilmente invitati a consultare la privacy policy dei rispettivi servizi terzi elencati in questo documento.<\/p>\n<p>Data l&#8217;oggettiva complessit\u00e0 di identificazione delle tecnologie di tracciamento, gli Utenti sono invitati a contattare il Titolare qualora volessero ricevere ulteriori informazioni in merito all&#8217;utilizzo di tali tecnologie su questo Sito Web.<\/p>\n<p><strong>Definizioni e riferimenti legali <\/strong><\/p>\n<p><strong>Dati Personali (o Dati)<\/strong><\/p>\n<p>Costituisce dato personale qualunque informazione che, direttamente o indirettamente, anche in collegamento con qualsiasi altra informazione, ivi compreso un numero di identificazione personale, renda identificata o identificabile una persona fisica.<\/p>\n<p><strong>Dati di Utilizzo<\/strong><\/p>\n<p>Sono le informazioni raccolte automaticamente attraverso questo Sito Web (anche da applicazioni di parti terze integrate in questo Sito Web), tra cui: gli indirizzi IP o i nomi a dominio dei computer utilizzati dall\u2019Utente che si connette con questo Sito Web, gli indirizzi in notazione URI (Uniform Resource Identifier), l\u2019orario della richiesta, il metodo utilizzato nell\u2019inoltrare la richiesta al server, la dimensione del file ottenuto in risposta, il codice numerico indicante lo stato della risposta dal server (buon fine, errore, ecc.) il paese di provenienza, le caratteristiche del browser e del sistema operativo utilizzati dal visitatore, le varie connotazioni temporali della visita (ad esempio il tempo di permanenza su ciascuna pagina) e i dettagli relativi all\u2019itinerario seguito all\u2019interno dell\u2019Applicazione, con particolare riferimento alla sequenza delle pagine consultate, ai parametri relativi al sistema operativo e all\u2019ambiente informatico dell\u2019Utente.<\/p>\n<p><strong>Utente<\/strong><\/p>\n<p>L&#8217;individuo che utilizza questo Sito Web che, salvo ove diversamente specificato, coincide con l&#8217;Interessato.<\/p>\n<p><strong>Interessato<\/strong><\/p>\n<p>La persona fisica cui si riferiscono i Dati Personali.<\/p>\n<p><strong>Responsabile del Trattamento (o Responsabile)<\/strong><\/p>\n<p>La persona fisica, giuridica, la pubblica amministrazione e qualsiasi altro ente che tratta dati personali per conto del Titolare, secondo quanto esposto nella presente privacy policy.<\/p>\n<p><strong>Titolare del Trattamento (o Titolare)<\/strong><\/p>\n<p>La persona fisica o giuridica, l&#8217;autorit\u00e0 pubblica, il servizio o altro organismo che, singolarmente o insieme ad altri, determina le finalit\u00e0 e i mezzi del trattamento di dati personali e gli strumenti adottati, ivi comprese le misure di sicurezza relative al funzionamento ed alla fruizione di questo Sito Web. Il Titolare del Trattamento, salvo quanto diversamente specificato, \u00e8 il titolare di questo Sito Web.<\/p>\n<p><strong>Questo Sito Web (o questa Applicazione)<\/strong><\/p>\n<p>Lo strumento hardware o software mediante il quale sono raccolti e trattati i Dati Personali degli Utenti.<\/p>\n<p><strong>Servizio<\/strong><\/p>\n<p>Il Servizio fornito da questo Sito Web cos\u00ec come definito nei relativi termini (se presenti) su questo sito\/applicazione.<\/p>\n<p><strong>Unione Europea (o UE)<\/strong><\/p>\n<p>Salvo ove diversamente specificato, ogni riferimento all\u2019Unione Europea contenuto in questo documento si intende esteso a tutti gli attuali stati membri dell\u2019Unione Europea e dello Spazio Economico Europeo.<\/p>\n<p><strong>Cookie<\/strong><\/p>\n<p>I Cookie sono Strumenti di Tracciamento che consistono in piccole porzioni di dati conservate all&#8217;interno del browser dell&#8217;Utente.<\/p>\n<p><strong>Strumento di Tracciamento<\/strong><\/p>\n<p>Per Strumento di Tracciamento s\u2019intende qualsiasi tecnologia &#8211; es. Cookie, identificativi univoci, web beacons, script integrati, e-tag e fingerprinting &#8211; che consenta di tracciare gli Utenti, per esempio raccogliendo o salvando informazioni sul dispositivo dell\u2019Utente.<\/p>\n<p><strong>Riferimenti legali<\/strong><\/p>\n<p>La presente informativa privacy \u00e8 redatta sulla base di molteplici ordinamenti legislativi, inclusi gli artt. 13 e 14 del Regolamento (UE) 2016\/679.<\/p>\n<p>Ove non diversamente specificato, questa informativa privacy riguarda esclusivamente questo Sito Web.<\/p>\n<p>Ultima modifica: 12 luglio 2022<\/p>\n<p><a href=\"https:\/\/www.iubenda.com\/it\/generatore-di-privacy-e-cookie-policy\">iubenda<\/a> ospita questo contenuto e raccoglie solo <a href=\"https:\/\/www.iubenda.com\/privacy-policy\/19418041\">i Dati Personali strettamente necessari<\/a> alla sua fornitura.[\/vc_column_text][\/vc_column][\/vc_row]<\/p>\n<\/div>","protected":false},"excerpt":{"rendered":"<p>[vc_row][vc_column][vc_column_text] Cookie Policy di www.scsconcept.com Questo documento contiene informazioni in merito alle tecnologie che consentono a questo Sito Web di raggiungere gli scopi descritti di seguito. Tali tecnologie permettono al<\/p>\n","protected":false},"author":1,"featured_media":0,"parent":0,"menu_order":0,"comment_status":"closed","ping_status":"closed","template":"","meta":{"_acf_changed":false,"footnotes":""},"class_list":["post-26290","page","type-page","status-publish","hentry"],"acf":[],"yoast_head":"<!-- This site is optimized with the Yoast SEO plugin v26.9 - https:\/\/yoast.com\/product\/yoast-seo-wordpress\/ -->\n<title>Cookie Policy - SCS Concept<\/title>\n<meta name=\"robots\" content=\"index, follow, max-snippet:-1, max-image-preview:large, max-video-preview:-1\" \/>\n<link rel=\"canonical\" href=\"https:\/\/sitowebsmart.com\/it\/cookie-policy\/\" \/>\n<meta property=\"og:locale\" content=\"it_IT\" \/>\n<meta property=\"og:type\" content=\"article\" \/>\n<meta property=\"og:title\" content=\"Cookie Policy - SCS Concept\" \/>\n<meta property=\"og:description\" content=\"[vc_row][vc_column][vc_column_text] Cookie Policy di www.scsconcept.com Questo documento contiene informazioni in merito alle tecnologie che consentono a questo Sito Web di raggiungere gli scopi descritti di seguito. Tali tecnologie permettono al\" \/>\n<meta property=\"og:url\" content=\"https:\/\/sitowebsmart.com\/it\/cookie-policy\/\" \/>\n<meta property=\"og:site_name\" content=\"SCS Concept\" \/>\n<meta property=\"article:modified_time\" content=\"2022-07-13T10:55:36+00:00\" \/>\n<meta name=\"twitter:card\" content=\"summary_large_image\" \/>\n<meta name=\"twitter:label1\" content=\"Tempo di lettura stimato\" \/>\n\t<meta name=\"twitter:data1\" content=\"10 minuti\" \/>\n<script type=\"application\/ld+json\" class=\"yoast-schema-graph\">{\"@context\":\"https:\/\/schema.org\",\"@graph\":[{\"@type\":\"WebPage\",\"@id\":\"https:\/\/sitowebsmart.com\/it\/cookie-policy\/\",\"url\":\"https:\/\/sitowebsmart.com\/it\/cookie-policy\/\",\"name\":\"Cookie Policy - SCS Concept\",\"isPartOf\":{\"@id\":\"https:\/\/sitowebsmart.com\/#website\"},\"datePublished\":\"2022-06-29T11:54:34+00:00\",\"dateModified\":\"2022-07-13T10:55:36+00:00\",\"breadcrumb\":{\"@id\":\"https:\/\/sitowebsmart.com\/it\/cookie-policy\/#breadcrumb\"},\"inLanguage\":\"it-IT\",\"potentialAction\":[{\"@type\":\"ReadAction\",\"target\":[\"https:\/\/sitowebsmart.com\/it\/cookie-policy\/\"]}]},{\"@type\":\"BreadcrumbList\",\"@id\":\"https:\/\/sitowebsmart.com\/it\/cookie-policy\/#breadcrumb\",\"itemListElement\":[{\"@type\":\"ListItem\",\"position\":1,\"name\":\"Home\",\"item\":\"https:\/\/sitowebsmart.com\/it\/\"},{\"@type\":\"ListItem\",\"position\":2,\"name\":\"Cookie Policy\"}]},{\"@type\":\"WebSite\",\"@id\":\"https:\/\/sitowebsmart.com\/#website\",\"url\":\"https:\/\/sitowebsmart.com\/\",\"name\":\"SCS Concept\",\"description\":\"Soluzioni Avanzate per il serraggio e controllo qualit\u00e0\",\"publisher\":{\"@id\":\"https:\/\/sitowebsmart.com\/#organization\"},\"potentialAction\":[{\"@type\":\"SearchAction\",\"target\":{\"@type\":\"EntryPoint\",\"urlTemplate\":\"https:\/\/sitowebsmart.com\/?s={search_term_string}\"},\"query-input\":{\"@type\":\"PropertyValueSpecification\",\"valueRequired\":true,\"valueName\":\"search_term_string\"}}],\"inLanguage\":\"it-IT\"},{\"@type\":\"Organization\",\"@id\":\"https:\/\/sitowebsmart.com\/#organization\",\"name\":\"SCS Concept\",\"url\":\"https:\/\/sitowebsmart.com\/\",\"logo\":{\"@type\":\"ImageObject\",\"inLanguage\":\"it-IT\",\"@id\":\"https:\/\/sitowebsmart.com\/#\/schema\/logo\/image\/\",\"url\":\"https:\/\/sitowebsmart.com\/wp-content\/uploads\/2018\/01\/scs-concept-group-200.png\",\"contentUrl\":\"https:\/\/sitowebsmart.com\/wp-content\/uploads\/2018\/01\/scs-concept-group-200.png\",\"width\":200,\"height\":200,\"caption\":\"SCS Concept\"},\"image\":{\"@id\":\"https:\/\/sitowebsmart.com\/#\/schema\/logo\/image\/\"}}]}<\/script>\n<!-- \/ Yoast SEO plugin. -->","yoast_head_json":{"title":"Cookie Policy - SCS Concept","robots":{"index":"index","follow":"follow","max-snippet":"max-snippet:-1","max-image-preview":"max-image-preview:large","max-video-preview":"max-video-preview:-1"},"canonical":"https:\/\/sitowebsmart.com\/it\/cookie-policy\/","og_locale":"it_IT","og_type":"article","og_title":"Cookie Policy - SCS Concept","og_description":"[vc_row][vc_column][vc_column_text] Cookie Policy di www.scsconcept.com Questo documento contiene informazioni in merito alle tecnologie che consentono a questo Sito Web di raggiungere gli scopi descritti di seguito. Tali tecnologie permettono al","og_url":"https:\/\/sitowebsmart.com\/it\/cookie-policy\/","og_site_name":"SCS Concept","article_modified_time":"2022-07-13T10:55:36+00:00","twitter_card":"summary_large_image","twitter_misc":{"Tempo di lettura stimato":"10 minuti"},"schema":{"@context":"https:\/\/schema.org","@graph":[{"@type":"WebPage","@id":"https:\/\/sitowebsmart.com\/it\/cookie-policy\/","url":"https:\/\/sitowebsmart.com\/it\/cookie-policy\/","name":"Cookie Policy - SCS Concept","isPartOf":{"@id":"https:\/\/sitowebsmart.com\/#website"},"datePublished":"2022-06-29T11:54:34+00:00","dateModified":"2022-07-13T10:55:36+00:00","breadcrumb":{"@id":"https:\/\/sitowebsmart.com\/it\/cookie-policy\/#breadcrumb"},"inLanguage":"it-IT","potentialAction":[{"@type":"ReadAction","target":["https:\/\/sitowebsmart.com\/it\/cookie-policy\/"]}]},{"@type":"BreadcrumbList","@id":"https:\/\/sitowebsmart.com\/it\/cookie-policy\/#breadcrumb","itemListElement":[{"@type":"ListItem","position":1,"name":"Home","item":"https:\/\/sitowebsmart.com\/it\/"},{"@type":"ListItem","position":2,"name":"Cookie Policy"}]},{"@type":"WebSite","@id":"https:\/\/sitowebsmart.com\/#website","url":"https:\/\/sitowebsmart.com\/","name":"SCS Concept","description":"Soluzioni Avanzate per il serraggio e controllo qualit\u00e0","publisher":{"@id":"https:\/\/sitowebsmart.com\/#organization"},"potentialAction":[{"@type":"SearchAction","target":{"@type":"EntryPoint","urlTemplate":"https:\/\/sitowebsmart.com\/?s={search_term_string}"},"query-input":{"@type":"PropertyValueSpecification","valueRequired":true,"valueName":"search_term_string"}}],"inLanguage":"it-IT"},{"@type":"Organization","@id":"https:\/\/sitowebsmart.com\/#organization","name":"SCS Concept","url":"https:\/\/sitowebsmart.com\/","logo":{"@type":"ImageObject","inLanguage":"it-IT","@id":"https:\/\/sitowebsmart.com\/#\/schema\/logo\/image\/","url":"https:\/\/sitowebsmart.com\/wp-content\/uploads\/2018\/01\/scs-concept-group-200.png","contentUrl":"https:\/\/sitowebsmart.com\/wp-content\/uploads\/2018\/01\/scs-concept-group-200.png","width":200,"height":200,"caption":"SCS Concept"},"image":{"@id":"https:\/\/sitowebsmart.com\/#\/schema\/logo\/image\/"}}]}},"_links":{"self":[{"href":"https:\/\/sitowebsmart.com\/it\/wp-json\/wp\/v2\/pages\/26290","targetHints":{"allow":["GET"]}}],"collection":[{"href":"https:\/\/sitowebsmart.com\/it\/wp-json\/wp\/v2\/pages"}],"about":[{"href":"https:\/\/sitowebsmart.com\/it\/wp-json\/wp\/v2\/types\/page"}],"author":[{"embeddable":true,"href":"https:\/\/sitowebsmart.com\/it\/wp-json\/wp\/v2\/users\/1"}],"replies":[{"embeddable":true,"href":"https:\/\/sitowebsmart.com\/it\/wp-json\/wp\/v2\/comments?post=26290"}],"version-history":[{"count":10,"href":"https:\/\/sitowebsmart.com\/it\/wp-json\/wp\/v2\/pages\/26290\/revisions"}],"predecessor-version":[{"id":26421,"href":"https:\/\/sitowebsmart.com\/it\/wp-json\/wp\/v2\/pages\/26290\/revisions\/26421"}],"wp:attachment":[{"href":"https:\/\/sitowebsmart.com\/it\/wp-json\/wp\/v2\/media?parent=26290"}],"curies":[{"name":"wp","href":"https:\/\/api.w.org\/{rel}","templated":true}]}}