{"id":14162,"date":"2018-04-13T15:31:20","date_gmt":"2018-04-13T15:31:20","guid":{"rendered":"https:\/\/www.scsconcept.com\/legal-notices\/"},"modified":"2018-12-19T13:49:11","modified_gmt":"2018-12-19T13:49:11","slug":"notas-legais","status":"publish","type":"page","link":"https:\/\/sitowebsmart.com\/pt-br\/notas-legais\/","title":{"rendered":"Notas legais"},"content":{"rendered":"<p><strong>Notas legais e termos de uso\u00a0<\/strong><br \/>\nEste site \u00e9 de propriedade e administrado por:<\/p>\n<p><strong>SCS Concept S.r.l.<\/strong>, Via\u00a0<strong>Zucchi 39\/c<\/strong>,<strong>\u00a020095 Cusano Milanino (MI)<\/strong>, tel.<strong>\u00a0+39 02 92502684<\/strong>, N\u00famero VAT:\u00a0<strong>06388790963<\/strong><\/p>\n<p>As informa\u00e7\u00f5es fornecidas neste site s\u00e3o gratuitas para fins apenas informativos. Utilizando o site, voc\u00ea aceita sem limita\u00e7\u00f5es as Notas legais indicadas nesta p\u00e1gina.\u00a0A <strong>SCS Concept S.r.l.<\/strong>\u00a0reserva o direito de modificar essas notas a qualquer momento sem aviso pr\u00e9vio.<\/p>\n<p><strong>Informa\u00e7\u00f5es de sociedade:<\/strong><br \/>\nRaz\u00e3o social:\u00a0<strong>SCS Concept S.r.l.<\/strong><br \/>\nN\u00famero VAT:\u00a0<strong>06388790963<\/strong><br \/>\nSede legal: Via\u00a0<strong>Zucchi 39\/c<\/strong>,\u00a0<strong>20095 Cusano Milanino (MI)<\/strong><\/p>\n<p>REA: MI \u2013 1889255<br \/>\nInscri\u00e7\u00e3o REA de\u00a0<strong>24\/11\/2008<\/strong><br \/>\nINSCRI\u00c7\u00c3O DO REGISTRO DE EMPRESAS DE\u00a0<strong>MI<\/strong>\u00a0com N. 1889255<br \/>\nCapital Social \u20ac\u00a0<strong>200.000 i.v.<\/strong><\/p>\n<p><strong>Termos e condi\u00e7\u00f5es de uso<\/strong><br \/>\nO site Internet\u00a0<a href=\"https:\/\/sitowebsmart.com\/\"><strong>www.scsconcept.com<\/strong><\/a>\u00a0\u00e9 um servi\u00e7o de informa\u00e7\u00f5es on-line. Sua utiliza\u00e7\u00e3o \u00e9 subordinada \u00e0 aceita\u00e7\u00e3o dos termos e condi\u00e7\u00f5es estabelecidos a seguir. Caso voc\u00ea n\u00e3o queira aceitar, convidamos a n\u00e3o utilizar o Site e n\u00e3o baixar nenhum material do mesmo.<\/p>\n<p><strong>Limites de uso<\/strong><br \/>\nO conte\u00fado das p\u00e1ginas do Site s\u00e3o Copyright \u00a9\u00a0<strong>SCS Concept S.r.l.<\/strong>\u00a0Todos os direitos reservados. O conte\u00fado das p\u00e1ginas do Site n\u00e3o pode, parcial ou totalmente, ser copiado, reproduzido, transferido, carregado, publicado ou distribu\u00eddo de qualquer modo sem a permiss\u00e3o pr\u00e9via por escrito da\u00a0<strong>SCS Concept S.r.l.<\/strong>, salvo a possibilidade de armazenamento no pr\u00f3prio computador ou impress\u00e3o de partes das p\u00e1ginas neste Site exclusivamente para uso pessoal.<\/p>\n<p>As marcas e os logotipos exibidos neste Site s\u00e3o de propriedade da\u00a0<strong>SCS Concept S.r.l.<\/strong>\u00a0 N\u00e3o podem ser utilizados em nenhum site da Internet al\u00e9m de\u00a0<a href=\"https:\/\/sitowebsmart.com\/\"><strong>www.scsconcept.com<\/strong><\/a>\u00a0sem a permiss\u00e3o pr\u00e9via da\u00a0<strong>SCS Concept S.r.l.<\/strong> O nome\u00a0<a href=\"https:\/\/sitowebsmart.com\/\"><strong>www.scsconcept.com<\/strong><\/a>\u00a0e qualquer marca que inclua a marca\u00a0<a href=\"https:\/\/sitowebsmart.com\/\"><strong>www.scsconcept.com<\/strong><\/a>\u00a0n\u00e3o pode ser utilizada como endere\u00e7os da Internet de outros sites, ou partes desse endere\u00e7o, sem a pr\u00e9via permiss\u00e3o por escrito da\u00a0<strong>SCS Concept S.r.l.<\/strong><\/p>\n<p><strong>Limites de responsabilidade<\/strong><br \/>\nAs informa\u00e7\u00f5es deste Site s\u00e3o fornecidas de boa f\u00e9 e a\u00a0<strong>SCS Concept S.r.l.<\/strong>\u00a0as considera precisas. Em todos os casos, qualquer pessoa que pretende adquirir produtos n\u00e3o dever\u00e1 basear-se nessas informa\u00e7\u00f5es, mas garantir tamb\u00e9m da natureza efetiva dos produtos e de sua real adequa\u00e7\u00e3o para o uso pretendido. Como consequ\u00eancia, todas as informa\u00e7\u00f5es deste Site s\u00e3o fornecidas sem nenhuma garantia, impl\u00edcita ou expl\u00edcita, de qualquer tipo, como, por exemplo, de qualidade do produto, de adequa\u00e7\u00e3o pra um escopo espec\u00edfico ou n\u00e3o viola\u00e7\u00e3o dos direitos de propriedade intelectual. Em nenhum caso, a\u00a0<strong>SCS Concept S.r.l.<\/strong>\u00a0ser\u00e1 respons\u00e1vel por qualquer dano direto ou indireto, causado pela utiliza\u00e7\u00e3o deste Site. As informa\u00e7\u00f5es contidas neste Site podem estar tecnicamente imprecisas ou conter erros tipogr\u00e1ficos. As informa\u00e7\u00f5es podem ser modificadas ou atualizadas sem aviso pr\u00e9vio.\u00a0A <strong>SCS Concept S.r.l.<\/strong>\u00a0pode tamb\u00e9m melhorar ou mudar os produtos descritos neste Site sem aviso pr\u00e9vio.<\/p>\n<p><strong>Links<\/strong><br \/>\nA <strong>SCS Concept S.r.l.<\/strong>\u00a0n\u00e3o assume nenhuma responsabilidade por materiais criados ou publicados por terceiros com os quais o Site\u00a0<a href=\"https:\/\/sitowebsmart.com\/\"><strong>www.scsconcept.com<\/strong><\/a>\u00a0tenha um link de conex\u00e3o. Quem decidir visitar um Site conectado ao Site\u00a0<a href=\"https:\/\/sitowebsmart.com\/\"><strong>www.scsconcept.com<\/strong><\/a>\u00a0o faz por sua conta e risco, assumindo o \u00f4nus de tomar todas as medidas necess\u00e1rias contra v\u00edrus ou outros elementos destrutivos. A conex\u00e3o com outros sites n\u00e3o implica que\u00a0<a href=\"https:\/\/sitowebsmart.com\/\"><strong>www.scsconcept.com<\/strong><\/a>\u00a0patrocine ou esteja afiliado \u00e0s entidades que realizam os servi\u00e7os descritos nestes sites.<\/p>\n<p><strong>Informa\u00e7\u00f5es recebidas da\u00a0SCS Concept S.r.l.<\/strong><br \/>\nQualquer material enviado para a\u00a0<a href=\"https:\/\/sitowebsmart.com\/\"><strong>www.scsconcept.com<\/strong><\/a>, por exemplo, via email ou pela web, ser\u00e1 considerado de natureza confidencial.\u00a0A <strong>SCS Concept S.r.l.<\/strong>\u00a0n\u00e3o ter\u00e1 obriga\u00e7\u00f5es de nenhum tipo em rela\u00e7\u00e3o a esse material e ser\u00e1 livre para reproduzir, usar, exibir, mostrar, transformar, derivar ou distribuir a terceiros, sem limites. Al\u00e9m disso,\u00a0a <strong>SCS Concept S.r.l.<\/strong>\u00a0ser\u00e1 livre para utilizar todas as ideias, conceitos, know-how ou conhecimentos t\u00e9cnicos contidos nesse material, para qualquer escopo, incluindo sem limita\u00e7\u00f5es o desenvolvimento, a produ\u00e7\u00e3o e a comercializa\u00e7\u00e3o de produtos utilizando esses materiais. Qualquer pessoa que envia o material garante que o mesmo \u00e9 public\u00e1vel e concorda em manter a\u00a0<strong>SCS Concept S.r.l.<\/strong>\u00a0isenta de qualquer a\u00e7\u00e3o por parte de terceiros em rela\u00e7\u00e3o a esse material.<\/p>\n<p><strong>Cookies e privacidade<\/strong><br \/>\nOs \u201ccookies\u201d de sess\u00e3o (isto \u00e9, pequenos arquivos de dados que alguns sites podem enviar para o endere\u00e7o do visitante enquanto s\u00e3o visitados) utilizados t\u00eam como objetivo acelerar a an\u00e1lise do tr\u00e1fego na Internet e facilitar para os usu\u00e1rios o acesso aos servi\u00e7os oferecidos pelo Site. Com a sua utiliza\u00e7\u00e3o, n\u00e3o s\u00e3o transmitidos nem adquiridos dados pessoais e n\u00e3o s\u00e3o utilizados sistemas de rastreamento dos usu\u00e1rios. Caso voc\u00ea prefira n\u00e3o receber cookies, \u00e9 poss\u00edvel configurar o pr\u00f3prio navegador para que avise sobre a presen\u00e7a de um cookie e decidir se deseja aceit\u00e1-lo ou n\u00e3o. \u00c9 poss\u00edvel tamb\u00e9m recusar automaticamente todos os cookies, ativando a op\u00e7\u00e3o adequada no navegador.<\/p>\n<p><strong>Lei e jurisdi\u00e7\u00e3o<\/strong><br \/>\nEstas condi\u00e7\u00f5es s\u00e3o reguladas pela lei italiana. O F\u00f3rum de Mil\u00e3o, It\u00e1lia, ter\u00e1 jurisdi\u00e7\u00e3o e compet\u00eancia exclusiva para eventuais problemas relacionados a essas condi\u00e7\u00f5es. No entanto, a<strong>\u00a0SCS Concept S.r.l.<\/strong>\u00a0se reserva, sempre que considerar necess\u00e1rio, o direito de tomar as medidas legais nos Tribunais do pa\u00eds ou cidade fora da It\u00e1lia ou da\u00a0<strong>SCS Concept S.r.l.<\/strong>, para proteger os pr\u00f3prios interesses e fazer valer os seus direitos.<\/p>\n","protected":false},"excerpt":{"rendered":"<p>Notas legais e termos de uso\u00a0 Este site \u00e9 de propriedade e administrado por: SCS Concept S.r.l., Via\u00a0Zucchi 39\/c,\u00a020095 Cusano Milanino (MI), tel.\u00a0+39 02 92502684, N\u00famero VAT:\u00a006388790963 As informa\u00e7\u00f5es fornecidas<\/p>\n","protected":false},"author":5,"featured_media":0,"parent":0,"menu_order":0,"comment_status":"closed","ping_status":"closed","template":"tmp-page-right-sidebar.php","meta":{"_acf_changed":false,"footnotes":""},"class_list":["post-14162","page","type-page","status-publish","hentry"],"acf":[],"yoast_head":"<!-- This site is optimized with the Yoast SEO plugin v26.9 - https:\/\/yoast.com\/product\/yoast-seo-wordpress\/ -->\n<title>Notas legais - SCS Concept<\/title>\n<meta name=\"robots\" content=\"index, follow, max-snippet:-1, max-image-preview:large, max-video-preview:-1\" \/>\n<link rel=\"canonical\" href=\"https:\/\/sitowebsmart.com\/pt-br\/notas-legais\/\" \/>\n<meta property=\"og:locale\" content=\"pt_BR\" \/>\n<meta property=\"og:type\" content=\"article\" \/>\n<meta property=\"og:title\" content=\"Notas legais - SCS Concept\" \/>\n<meta property=\"og:description\" content=\"Notas legais e termos de uso\u00a0 Este site \u00e9 de propriedade e administrado por: SCS Concept S.r.l., Via\u00a0Zucchi 39\/c,\u00a020095 Cusano Milanino (MI), tel.\u00a0+39 02 92502684, N\u00famero VAT:\u00a006388790963 As informa\u00e7\u00f5es fornecidas\" \/>\n<meta property=\"og:url\" content=\"https:\/\/sitowebsmart.com\/pt-br\/notas-legais\/\" \/>\n<meta property=\"og:site_name\" content=\"SCS Concept\" \/>\n<meta property=\"article:modified_time\" content=\"2018-12-19T13:49:11+00:00\" \/>\n<meta name=\"twitter:card\" content=\"summary_large_image\" \/>\n<meta name=\"twitter:label1\" content=\"Est. tempo de leitura\" \/>\n\t<meta name=\"twitter:data1\" content=\"5 minutos\" \/>\n<script type=\"application\/ld+json\" class=\"yoast-schema-graph\">{\"@context\":\"https:\/\/schema.org\",\"@graph\":[{\"@type\":\"WebPage\",\"@id\":\"https:\/\/sitowebsmart.com\/pt-br\/notas-legais\/\",\"url\":\"https:\/\/sitowebsmart.com\/pt-br\/notas-legais\/\",\"name\":\"Notas legais - SCS Concept\",\"isPartOf\":{\"@id\":\"https:\/\/sitowebsmart.com\/#website\"},\"datePublished\":\"2018-04-13T15:31:20+00:00\",\"dateModified\":\"2018-12-19T13:49:11+00:00\",\"breadcrumb\":{\"@id\":\"https:\/\/sitowebsmart.com\/pt-br\/notas-legais\/#breadcrumb\"},\"inLanguage\":\"pt-BR\",\"potentialAction\":[{\"@type\":\"ReadAction\",\"target\":[\"https:\/\/sitowebsmart.com\/pt-br\/notas-legais\/\"]}]},{\"@type\":\"BreadcrumbList\",\"@id\":\"https:\/\/sitowebsmart.com\/pt-br\/notas-legais\/#breadcrumb\",\"itemListElement\":[{\"@type\":\"ListItem\",\"position\":1,\"name\":\"Home\",\"item\":\"https:\/\/sitowebsmart.com\/pt-br\/\"},{\"@type\":\"ListItem\",\"position\":2,\"name\":\"Notas legais\"}]},{\"@type\":\"WebSite\",\"@id\":\"https:\/\/sitowebsmart.com\/#website\",\"url\":\"https:\/\/sitowebsmart.com\/\",\"name\":\"SCS Concept\",\"description\":\"Soluzioni Avanzate per il serraggio e controllo qualit\u00e0\",\"publisher\":{\"@id\":\"https:\/\/sitowebsmart.com\/#organization\"},\"potentialAction\":[{\"@type\":\"SearchAction\",\"target\":{\"@type\":\"EntryPoint\",\"urlTemplate\":\"https:\/\/sitowebsmart.com\/?s={search_term_string}\"},\"query-input\":{\"@type\":\"PropertyValueSpecification\",\"valueRequired\":true,\"valueName\":\"search_term_string\"}}],\"inLanguage\":\"pt-BR\"},{\"@type\":\"Organization\",\"@id\":\"https:\/\/sitowebsmart.com\/#organization\",\"name\":\"SCS Concept\",\"url\":\"https:\/\/sitowebsmart.com\/\",\"logo\":{\"@type\":\"ImageObject\",\"inLanguage\":\"pt-BR\",\"@id\":\"https:\/\/sitowebsmart.com\/#\/schema\/logo\/image\/\",\"url\":\"https:\/\/sitowebsmart.com\/wp-content\/uploads\/2018\/01\/scs-concept-group-200.png\",\"contentUrl\":\"https:\/\/sitowebsmart.com\/wp-content\/uploads\/2018\/01\/scs-concept-group-200.png\",\"width\":200,\"height\":200,\"caption\":\"SCS Concept\"},\"image\":{\"@id\":\"https:\/\/sitowebsmart.com\/#\/schema\/logo\/image\/\"}}]}<\/script>\n<!-- \/ Yoast SEO plugin. -->","yoast_head_json":{"title":"Notas legais - SCS Concept","robots":{"index":"index","follow":"follow","max-snippet":"max-snippet:-1","max-image-preview":"max-image-preview:large","max-video-preview":"max-video-preview:-1"},"canonical":"https:\/\/sitowebsmart.com\/pt-br\/notas-legais\/","og_locale":"pt_BR","og_type":"article","og_title":"Notas legais - SCS Concept","og_description":"Notas legais e termos de uso\u00a0 Este site \u00e9 de propriedade e administrado por: SCS Concept S.r.l., Via\u00a0Zucchi 39\/c,\u00a020095 Cusano Milanino (MI), tel.\u00a0+39 02 92502684, N\u00famero VAT:\u00a006388790963 As informa\u00e7\u00f5es fornecidas","og_url":"https:\/\/sitowebsmart.com\/pt-br\/notas-legais\/","og_site_name":"SCS Concept","article_modified_time":"2018-12-19T13:49:11+00:00","twitter_card":"summary_large_image","twitter_misc":{"Est. tempo de leitura":"5 minutos"},"schema":{"@context":"https:\/\/schema.org","@graph":[{"@type":"WebPage","@id":"https:\/\/sitowebsmart.com\/pt-br\/notas-legais\/","url":"https:\/\/sitowebsmart.com\/pt-br\/notas-legais\/","name":"Notas legais - SCS Concept","isPartOf":{"@id":"https:\/\/sitowebsmart.com\/#website"},"datePublished":"2018-04-13T15:31:20+00:00","dateModified":"2018-12-19T13:49:11+00:00","breadcrumb":{"@id":"https:\/\/sitowebsmart.com\/pt-br\/notas-legais\/#breadcrumb"},"inLanguage":"pt-BR","potentialAction":[{"@type":"ReadAction","target":["https:\/\/sitowebsmart.com\/pt-br\/notas-legais\/"]}]},{"@type":"BreadcrumbList","@id":"https:\/\/sitowebsmart.com\/pt-br\/notas-legais\/#breadcrumb","itemListElement":[{"@type":"ListItem","position":1,"name":"Home","item":"https:\/\/sitowebsmart.com\/pt-br\/"},{"@type":"ListItem","position":2,"name":"Notas legais"}]},{"@type":"WebSite","@id":"https:\/\/sitowebsmart.com\/#website","url":"https:\/\/sitowebsmart.com\/","name":"SCS Concept","description":"Soluzioni Avanzate per il serraggio e controllo qualit\u00e0","publisher":{"@id":"https:\/\/sitowebsmart.com\/#organization"},"potentialAction":[{"@type":"SearchAction","target":{"@type":"EntryPoint","urlTemplate":"https:\/\/sitowebsmart.com\/?s={search_term_string}"},"query-input":{"@type":"PropertyValueSpecification","valueRequired":true,"valueName":"search_term_string"}}],"inLanguage":"pt-BR"},{"@type":"Organization","@id":"https:\/\/sitowebsmart.com\/#organization","name":"SCS Concept","url":"https:\/\/sitowebsmart.com\/","logo":{"@type":"ImageObject","inLanguage":"pt-BR","@id":"https:\/\/sitowebsmart.com\/#\/schema\/logo\/image\/","url":"https:\/\/sitowebsmart.com\/wp-content\/uploads\/2018\/01\/scs-concept-group-200.png","contentUrl":"https:\/\/sitowebsmart.com\/wp-content\/uploads\/2018\/01\/scs-concept-group-200.png","width":200,"height":200,"caption":"SCS Concept"},"image":{"@id":"https:\/\/sitowebsmart.com\/#\/schema\/logo\/image\/"}}]}},"_links":{"self":[{"href":"https:\/\/sitowebsmart.com\/pt-br\/wp-json\/wp\/v2\/pages\/14162","targetHints":{"allow":["GET"]}}],"collection":[{"href":"https:\/\/sitowebsmart.com\/pt-br\/wp-json\/wp\/v2\/pages"}],"about":[{"href":"https:\/\/sitowebsmart.com\/pt-br\/wp-json\/wp\/v2\/types\/page"}],"author":[{"embeddable":true,"href":"https:\/\/sitowebsmart.com\/pt-br\/wp-json\/wp\/v2\/users\/5"}],"replies":[{"embeddable":true,"href":"https:\/\/sitowebsmart.com\/pt-br\/wp-json\/wp\/v2\/comments?post=14162"}],"version-history":[{"count":5,"href":"https:\/\/sitowebsmart.com\/pt-br\/wp-json\/wp\/v2\/pages\/14162\/revisions"}],"predecessor-version":[{"id":21013,"href":"https:\/\/sitowebsmart.com\/pt-br\/wp-json\/wp\/v2\/pages\/14162\/revisions\/21013"}],"wp:attachment":[{"href":"https:\/\/sitowebsmart.com\/pt-br\/wp-json\/wp\/v2\/media?parent=14162"}],"curies":[{"name":"wp","href":"https:\/\/api.w.org\/{rel}","templated":true}]}}