{"id":19191,"date":"2018-10-04T17:35:59","date_gmt":"2018-10-04T17:35:59","guid":{"rendered":"https:\/\/www.scsconcept.com\/lieu\/"},"modified":"2018-10-17T17:47:53","modified_gmt":"2018-10-17T17:47:53","slug":"localizacao","status":"publish","type":"page","link":"https:\/\/sitowebsmart.com\/pt-br\/localizacao\/","title":{"rendered":"Localiza\u00e7\u00e3o"},"content":{"rendered":"<div class=\"wpb-content-wrapper\"><p>[vc_row force_equal_height_columns=&#8221;main_row&#8221; dfd_row_config=&#8221;full_width_content&#8221;][vc_column width=&#8221;1\/2&#8243; dfd_column_responsive_enable=&#8221;dfd-column-responsive-enable&#8221; css=&#8221;.vc_custom_1515147431102{padding-right: 2% !important;padding-left: 2% !important;background-color: #f7f7f7 !important;}&#8221; el_class=&#8221;dfd_col-tablet-12&#8243; offset=&#8221;vc_col-lg-6 vc_col-md-6 vc_col-xs-12&#8243; responsive_styles=&#8221;padding_left_tablet:20|padding_right_tablet:20|padding_left_mobile:20|padding_right_mobile:20&#8243;][vc_row_inner dfd_row_responsive_enable=&#8221;dfd-row-responsive-enable&#8221; css=&#8221;.vc_custom_1538672628153{padding-right: 10.5% !important;padding-left: 10.5% !important;}&#8221; responsive_styles=&#8221;padding_left_desktop:0|padding_right_desktop:0&#8243; el_class=&#8221;padding-tablet&#8221;][vc_column_inner dfd_column_responsive_enable=&#8221;dfd-column-responsive-enable&#8221;]<div class=\"dfd-spacer-module\"  data-units=\"px\" data-wide_resolution=\"1280\" data-wide_size=\"120\" data-normal_resolution=\"1024\" data-normal_size=\"100\" data-tablet_resolution=\"800\" data-tablet_size=\"90\" data-mobile_resolution=\"480\" data-mobile_size=\"80\" style=\"height: 120px;\"><\/div><div class=\"dfd-heading-shortcode\"><div class=\"dfd-heading-module-wrap  text-left style_01 cr-animate-gen dfd-heading-69df430112c9f dfd-disable-resposive-headings\" id=\"dfd-heading-69df430112c9f\" data-animate-type = \"transition.expandIn\" ><div class=\"inline-block\"><div class=\"dfd-heading-module\"><h1 class=\"widget-title dfd-title \" style=\"\">Localiza\u00e7\u00e3o<\/h1><h3 class=\"widget-sub-title dfd-sub-title \" style=\"font-family:Open Sans; font-weight:400; font-style:italic; font-size: 16px; \">Aonde voc\u00ea quiser.<\/h3><div class=\"dfd-heading-delimiter dfd-img-lazy-load\"><\/div><\/div><\/div><\/div><script type=\"text\/javascript\">\r\n\t\t\t\t\t\t\t\t\t(function($) {\r\n\t\t\t\t\t\t\t\t\t\t$(\"head\").append(\"<style>.dfd-heading-69df430112c9f.dfd-heading-module-wrap .dfd-heading-module .dfd-heading-delimiter {border-bottom-style:solid;border-bottom-width:1px;width:140px;border-bottom-color:#ea5d1c;}.dfd-heading-69df430112c9f .dfd-heading-module .widget-sub-title {margin-top:15px;margin-bottom:20px;}.dfd-heading-69df430112c9f.dfd-heading-module-wrap .dfd-heading-module .dfd-heading-delimiter {margin-top:10px;margin-bottom:10px;}<\/style>\");\r\n\t\t\t\t\t\t\t\t\t})(jQuery);\r\n\t\t\t\t\t\t\t\t<\/script><\/div>[vc_column_text item_animation=&#8221;transition.slideDownIn&#8221; css=&#8221;.vc_custom_1539798469743{margin-bottom: 20px !important;}&#8221;]Aprendizado \u00e9 um processo hol\u00edstico. Livre das tarefas do dia-a-dia, aprendizado efetivo e eficiente ser\u00e3o estimulados.<\/p>\n<p>Para esta meta n\u00f3s estamos felizes de oferecer um ambiente adequado. A central de treinamento da SCS Academy \u00e9 localizada no meio da Europa. Mais de 1500 m\u00b2 , incluindo salas de semin\u00e1rio professional, equipamento de laborat\u00f3rio e de treinamento, estar\u00e3o a sua disposi\u00e7\u00e3o.<\/p>\n<p>Nosso instrutores certificados s\u00e3o baseados em subs\u00eddios internacionais, perto de voc\u00ea tamb\u00e9m. Para treinamento interno, estamos perfeitamente equipados com ferramentas de apresenta\u00e7\u00e3o, montagem e equipamentos de laborat\u00f3rio.<\/p>\n<p>.[\/vc_column_text]<div class=\"dfd-spacer-module\"  data-units=\"px\" data-wide_resolution=\"1280\" data-wide_size=\"135\" data-normal_resolution=\"1024\" data-normal_size=\"100\" data-tablet_resolution=\"800\" data-tablet_size=\"90\" data-mobile_resolution=\"480\" data-mobile_size=\"80\" style=\"height: 135px;\"><\/div>[\/vc_column_inner][\/vc_row_inner][\/vc_column][vc_column width=&#8221;1\/2&#8243; column_bg_position=&#8221;center bottom&#8221; dfd_column_responsive_enable=&#8221;dfd-column-responsive-enable&#8221; el_class=&#8221;dfd_col-tablet-12&#8243; offset=&#8221;vc_col-lg-6 vc_col-md-6 vc_col-xs-12&#8243; responsive_styles=&#8221;padding_left_desktop:0|padding_right_desktop:0&#8243; css=&#8221;.vc_custom_1538985656344{background-image: url(https:\/\/sitowebsmart.com\/wp-content\/uploads\/2018\/10\/Ubicazione-scs-academy.jpg?id=18199) !important;background-position: center !important;background-repeat: no-repeat !important;background-size: cover !important;}&#8221;]<div class=\"dfd-spacer-module\"  data-units=\"px\" data-wide_resolution=\"1280\" data-wide_size=\"\" data-normal_resolution=\"1024\" data-normal_size=\"\" data-tablet_resolution=\"800\" data-tablet_size=\"\" data-mobile_resolution=\"480\" data-mobile_size=\"150\" style=\"height: px;\"><\/div><div class=\"dfd-spacer-module\"  data-units=\"px\" data-wide_resolution=\"1280\" data-wide_size=\"\" data-normal_resolution=\"1024\" data-normal_size=\"\" data-tablet_resolution=\"800\" data-tablet_size=\"\" data-mobile_resolution=\"480\" data-mobile_size=\"150\" style=\"height: px;\"><\/div>[\/vc_column][\/vc_row]<\/p>\n<\/div>","protected":false},"excerpt":{"rendered":"<p>[vc_row force_equal_height_columns=&#8221;main_row&#8221; dfd_row_config=&#8221;full_width_content&#8221;][vc_column width=&#8221;1\/2&#8243; dfd_column_responsive_enable=&#8221;dfd-column-responsive-enable&#8221; css=&#8221;.vc_custom_1515147431102{padding-right: 2% !important;padding-left: 2% !important;background-color: #f7f7f7 !important;}&#8221; el_class=&#8221;dfd_col-tablet-12&#8243; offset=&#8221;vc_col-lg-6 vc_col-md-6 vc_col-xs-12&#8243; responsive_styles=&#8221;padding_left_tablet:20|padding_right_tablet:20|padding_left_mobile:20|padding_right_mobile:20&#8243;][vc_row_inner dfd_row_responsive_enable=&#8221;dfd-row-responsive-enable&#8221; css=&#8221;.vc_custom_1538672628153{padding-right: 10.5% !important;padding-left: 10.5% !important;}&#8221; responsive_styles=&#8221;padding_left_desktop:0|padding_right_desktop:0&#8243; el_class=&#8221;padding-tablet&#8221;][vc_column_inner dfd_column_responsive_enable=&#8221;dfd-column-responsive-enable&#8221;][vc_column_text item_animation=&#8221;transition.slideDownIn&#8221; css=&#8221;.vc_custom_1539798469743{margin-bottom: 20px !important;}&#8221;]Aprendizado<\/p>\n","protected":false},"author":5,"featured_media":0,"parent":0,"menu_order":0,"comment_status":"closed","ping_status":"closed","template":"page-custom.php","meta":{"_acf_changed":false,"footnotes":""},"class_list":["post-19191","page","type-page","status-publish","hentry"],"acf":[],"yoast_head":"<!-- This site is optimized with the Yoast SEO plugin v26.9 - https:\/\/yoast.com\/product\/yoast-seo-wordpress\/ -->\n<title>Localiza\u00e7\u00e3o - SCS Concept<\/title>\n<meta name=\"robots\" content=\"index, follow, max-snippet:-1, max-image-preview:large, max-video-preview:-1\" \/>\n<link rel=\"canonical\" href=\"https:\/\/sitowebsmart.com\/pt-br\/localizacao\/\" \/>\n<meta property=\"og:locale\" content=\"pt_BR\" \/>\n<meta property=\"og:type\" content=\"article\" \/>\n<meta property=\"og:title\" content=\"Localiza\u00e7\u00e3o - SCS Concept\" \/>\n<meta property=\"og:description\" content=\"[vc_row force_equal_height_columns=&#8221;main_row&#8221; dfd_row_config=&#8221;full_width_content&#8221;][vc_column width=&#8221;1\/2&#8243; dfd_column_responsive_enable=&#8221;dfd-column-responsive-enable&#8221; css=&#8221;.vc_custom_1515147431102{padding-right: 2% !important;padding-left: 2% !important;background-color: #f7f7f7 !important;}&#8221; el_class=&#8221;dfd_col-tablet-12&#8243; offset=&#8221;vc_col-lg-6 vc_col-md-6 vc_col-xs-12&#8243; responsive_styles=&#8221;padding_left_tablet:20|padding_right_tablet:20|padding_left_mobile:20|padding_right_mobile:20&#8243;][vc_row_inner dfd_row_responsive_enable=&#8221;dfd-row-responsive-enable&#8221; css=&#8221;.vc_custom_1538672628153{padding-right: 10.5% !important;padding-left: 10.5% !important;}&#8221; responsive_styles=&#8221;padding_left_desktop:0|padding_right_desktop:0&#8243; el_class=&#8221;padding-tablet&#8221;][vc_column_inner dfd_column_responsive_enable=&#8221;dfd-column-responsive-enable&#8221;][vc_column_text item_animation=&#8221;transition.slideDownIn&#8221; css=&#8221;.vc_custom_1539798469743{margin-bottom: 20px !important;}&#8221;]Aprendizado\" \/>\n<meta property=\"og:url\" content=\"https:\/\/sitowebsmart.com\/pt-br\/localizacao\/\" \/>\n<meta property=\"og:site_name\" content=\"SCS Concept\" \/>\n<meta property=\"article:modified_time\" content=\"2018-10-17T17:47:53+00:00\" \/>\n<meta name=\"twitter:card\" content=\"summary_large_image\" \/>\n<meta name=\"twitter:label1\" content=\"Est. tempo de leitura\" \/>\n\t<meta name=\"twitter:data1\" content=\"2 minutos\" \/>\n<script type=\"application\/ld+json\" class=\"yoast-schema-graph\">{\"@context\":\"https:\/\/schema.org\",\"@graph\":[{\"@type\":\"WebPage\",\"@id\":\"https:\/\/sitowebsmart.com\/pt-br\/localizacao\/\",\"url\":\"https:\/\/sitowebsmart.com\/pt-br\/localizacao\/\",\"name\":\"Localiza\u00e7\u00e3o - SCS Concept\",\"isPartOf\":{\"@id\":\"https:\/\/sitowebsmart.com\/#website\"},\"datePublished\":\"2018-10-04T17:35:59+00:00\",\"dateModified\":\"2018-10-17T17:47:53+00:00\",\"breadcrumb\":{\"@id\":\"https:\/\/sitowebsmart.com\/pt-br\/localizacao\/#breadcrumb\"},\"inLanguage\":\"pt-BR\",\"potentialAction\":[{\"@type\":\"ReadAction\",\"target\":[\"https:\/\/sitowebsmart.com\/pt-br\/localizacao\/\"]}]},{\"@type\":\"BreadcrumbList\",\"@id\":\"https:\/\/sitowebsmart.com\/pt-br\/localizacao\/#breadcrumb\",\"itemListElement\":[{\"@type\":\"ListItem\",\"position\":1,\"name\":\"Home\",\"item\":\"https:\/\/sitowebsmart.com\/pt-br\/\"},{\"@type\":\"ListItem\",\"position\":2,\"name\":\"Localiza\u00e7\u00e3o\"}]},{\"@type\":\"WebSite\",\"@id\":\"https:\/\/sitowebsmart.com\/#website\",\"url\":\"https:\/\/sitowebsmart.com\/\",\"name\":\"SCS Concept\",\"description\":\"Soluzioni Avanzate per il serraggio e controllo qualit\u00e0\",\"publisher\":{\"@id\":\"https:\/\/sitowebsmart.com\/#organization\"},\"potentialAction\":[{\"@type\":\"SearchAction\",\"target\":{\"@type\":\"EntryPoint\",\"urlTemplate\":\"https:\/\/sitowebsmart.com\/?s={search_term_string}\"},\"query-input\":{\"@type\":\"PropertyValueSpecification\",\"valueRequired\":true,\"valueName\":\"search_term_string\"}}],\"inLanguage\":\"pt-BR\"},{\"@type\":\"Organization\",\"@id\":\"https:\/\/sitowebsmart.com\/#organization\",\"name\":\"SCS Concept\",\"url\":\"https:\/\/sitowebsmart.com\/\",\"logo\":{\"@type\":\"ImageObject\",\"inLanguage\":\"pt-BR\",\"@id\":\"https:\/\/sitowebsmart.com\/#\/schema\/logo\/image\/\",\"url\":\"https:\/\/sitowebsmart.com\/wp-content\/uploads\/2018\/01\/scs-concept-group-200.png\",\"contentUrl\":\"https:\/\/sitowebsmart.com\/wp-content\/uploads\/2018\/01\/scs-concept-group-200.png\",\"width\":200,\"height\":200,\"caption\":\"SCS Concept\"},\"image\":{\"@id\":\"https:\/\/sitowebsmart.com\/#\/schema\/logo\/image\/\"}}]}<\/script>\n<!-- \/ Yoast SEO plugin. -->","yoast_head_json":{"title":"Localiza\u00e7\u00e3o - SCS Concept","robots":{"index":"index","follow":"follow","max-snippet":"max-snippet:-1","max-image-preview":"max-image-preview:large","max-video-preview":"max-video-preview:-1"},"canonical":"https:\/\/sitowebsmart.com\/pt-br\/localizacao\/","og_locale":"pt_BR","og_type":"article","og_title":"Localiza\u00e7\u00e3o - SCS Concept","og_description":"[vc_row force_equal_height_columns=&#8221;main_row&#8221; dfd_row_config=&#8221;full_width_content&#8221;][vc_column width=&#8221;1\/2&#8243; dfd_column_responsive_enable=&#8221;dfd-column-responsive-enable&#8221; css=&#8221;.vc_custom_1515147431102{padding-right: 2% !important;padding-left: 2% !important;background-color: #f7f7f7 !important;}&#8221; el_class=&#8221;dfd_col-tablet-12&#8243; offset=&#8221;vc_col-lg-6 vc_col-md-6 vc_col-xs-12&#8243; responsive_styles=&#8221;padding_left_tablet:20|padding_right_tablet:20|padding_left_mobile:20|padding_right_mobile:20&#8243;][vc_row_inner dfd_row_responsive_enable=&#8221;dfd-row-responsive-enable&#8221; css=&#8221;.vc_custom_1538672628153{padding-right: 10.5% !important;padding-left: 10.5% !important;}&#8221; responsive_styles=&#8221;padding_left_desktop:0|padding_right_desktop:0&#8243; el_class=&#8221;padding-tablet&#8221;][vc_column_inner dfd_column_responsive_enable=&#8221;dfd-column-responsive-enable&#8221;][vc_column_text item_animation=&#8221;transition.slideDownIn&#8221; css=&#8221;.vc_custom_1539798469743{margin-bottom: 20px !important;}&#8221;]Aprendizado","og_url":"https:\/\/sitowebsmart.com\/pt-br\/localizacao\/","og_site_name":"SCS Concept","article_modified_time":"2018-10-17T17:47:53+00:00","twitter_card":"summary_large_image","twitter_misc":{"Est. tempo de leitura":"2 minutos"},"schema":{"@context":"https:\/\/schema.org","@graph":[{"@type":"WebPage","@id":"https:\/\/sitowebsmart.com\/pt-br\/localizacao\/","url":"https:\/\/sitowebsmart.com\/pt-br\/localizacao\/","name":"Localiza\u00e7\u00e3o - SCS Concept","isPartOf":{"@id":"https:\/\/sitowebsmart.com\/#website"},"datePublished":"2018-10-04T17:35:59+00:00","dateModified":"2018-10-17T17:47:53+00:00","breadcrumb":{"@id":"https:\/\/sitowebsmart.com\/pt-br\/localizacao\/#breadcrumb"},"inLanguage":"pt-BR","potentialAction":[{"@type":"ReadAction","target":["https:\/\/sitowebsmart.com\/pt-br\/localizacao\/"]}]},{"@type":"BreadcrumbList","@id":"https:\/\/sitowebsmart.com\/pt-br\/localizacao\/#breadcrumb","itemListElement":[{"@type":"ListItem","position":1,"name":"Home","item":"https:\/\/sitowebsmart.com\/pt-br\/"},{"@type":"ListItem","position":2,"name":"Localiza\u00e7\u00e3o"}]},{"@type":"WebSite","@id":"https:\/\/sitowebsmart.com\/#website","url":"https:\/\/sitowebsmart.com\/","name":"SCS Concept","description":"Soluzioni Avanzate per il serraggio e controllo qualit\u00e0","publisher":{"@id":"https:\/\/sitowebsmart.com\/#organization"},"potentialAction":[{"@type":"SearchAction","target":{"@type":"EntryPoint","urlTemplate":"https:\/\/sitowebsmart.com\/?s={search_term_string}"},"query-input":{"@type":"PropertyValueSpecification","valueRequired":true,"valueName":"search_term_string"}}],"inLanguage":"pt-BR"},{"@type":"Organization","@id":"https:\/\/sitowebsmart.com\/#organization","name":"SCS Concept","url":"https:\/\/sitowebsmart.com\/","logo":{"@type":"ImageObject","inLanguage":"pt-BR","@id":"https:\/\/sitowebsmart.com\/#\/schema\/logo\/image\/","url":"https:\/\/sitowebsmart.com\/wp-content\/uploads\/2018\/01\/scs-concept-group-200.png","contentUrl":"https:\/\/sitowebsmart.com\/wp-content\/uploads\/2018\/01\/scs-concept-group-200.png","width":200,"height":200,"caption":"SCS Concept"},"image":{"@id":"https:\/\/sitowebsmart.com\/#\/schema\/logo\/image\/"}}]}},"_links":{"self":[{"href":"https:\/\/sitowebsmart.com\/pt-br\/wp-json\/wp\/v2\/pages\/19191","targetHints":{"allow":["GET"]}}],"collection":[{"href":"https:\/\/sitowebsmart.com\/pt-br\/wp-json\/wp\/v2\/pages"}],"about":[{"href":"https:\/\/sitowebsmart.com\/pt-br\/wp-json\/wp\/v2\/types\/page"}],"author":[{"embeddable":true,"href":"https:\/\/sitowebsmart.com\/pt-br\/wp-json\/wp\/v2\/users\/5"}],"replies":[{"embeddable":true,"href":"https:\/\/sitowebsmart.com\/pt-br\/wp-json\/wp\/v2\/comments?post=19191"}],"version-history":[{"count":3,"href":"https:\/\/sitowebsmart.com\/pt-br\/wp-json\/wp\/v2\/pages\/19191\/revisions"}],"predecessor-version":[{"id":19194,"href":"https:\/\/sitowebsmart.com\/pt-br\/wp-json\/wp\/v2\/pages\/19191\/revisions\/19194"}],"wp:attachment":[{"href":"https:\/\/sitowebsmart.com\/pt-br\/wp-json\/wp\/v2\/media?parent=19191"}],"curies":[{"name":"wp","href":"https:\/\/api.w.org\/{rel}","templated":true}]}}