{"id":26443,"date":"2022-07-13T11:18:37","date_gmt":"2022-07-13T11:18:37","guid":{"rendered":"https:\/\/www.scsconcept.com\/?page_id=26443"},"modified":"2022-07-13T13:52:51","modified_gmt":"2022-07-13T13:52:51","slug":"cookie-policy","status":"publish","type":"page","link":"https:\/\/sitowebsmart.com\/pt-br\/cookie-policy\/","title":{"rendered":"Cookie Policy"},"content":{"rendered":"<div class=\"wpb-content-wrapper\"><p>[vc_row][vc_column][vc_column_text]<\/p>\n<h2>Pol\u00edtica de Cookies de <strong>www.scsconcept.com <\/strong><\/h2>\n<p>El presente documento informa a los Usuarios sobre las tecnolog\u00edas que ayudan esta P\u00e1gina Web a lograr los fines descritos a continuaci\u00f3n. Dichas tecnolog\u00edas permiten al Titular acceder a informaci\u00f3n y almacenarla (por ejemplo, utilizando una Cookie) o emplear recursos (por ejemplo, ejecutando un script) en el dispositivo de un Usuario mientras este interact\u00faa con esta P\u00e1gina Web.<\/p>\n<p>Para simplificar, en el presente documento toda esta clase de tecnolog\u00edas se define como &#8220;Rastreadores&#8221;, salvo que exista un motivo para diferenciarlas.<br \/>\nPor ejemplo, mientras que las Cookies se pueden emplear en navegadores web y m\u00f3viles, ser\u00eda inexacto hablar de Cookies en el contexto de las aplicaciones m\u00f3viles ya que son rastreadores basados en navegadores. Por este motivo, en el presente documento, el t\u00e9rmino Cookies \u00fanicamente se utilizar\u00e1 cuando se emplee espec\u00edficamente para designar este tipo concreto de Rastreador.<\/p>\n<p>Es posible que algunas de las finalidades para las que se utilizan Rastreadores exijan el consentimiento del Usuario. Siempre que se otorgue el consentimiento, este podr\u00e1 revocarse libremente en cualquier momento siguiendo las instrucciones facilitadas en el presente documento.<\/p>\n<p>Esta P\u00e1gina Web utiliza Rastreadores gestionados directamente por el Titular (denominados Rastreadores \u201cde origen&#8221;) y Rastreadores que hacen posibles servicios prestados por un tercero (denominados Rastreadores \u201cde terceros\u201d). Salvo que se indique lo contrario en el presente documento, los terceros proveedores podr\u00e1n acceder a los Rastreadores que gestionen.<br \/>\nLos plazos de validez y expiraci\u00f3n de las Cookies y otros Rastreadores similares pueden variar dependiendo de la duraci\u00f3n establecida por el Titular o el proveedor correspondiente. Algunas de ellas expiran a la finalizaci\u00f3n de la sesi\u00f3n de navegaci\u00f3n del Usuario.<br \/>\nAdem\u00e1s de lo especificado en las descripciones que aparecen en cada una de las categor\u00edas indicadas m\u00e1s adelante, los Usuarios podr\u00e1n encontrar informaci\u00f3n m\u00e1s precisa y actualizada acerca de las especificaciones de duraci\u00f3n, as\u00ed como cualquier otra informaci\u00f3n relevante \u2013 como la presencia de otros Rastreadores &#8211; en las pol\u00edticas de privacidad de los terceros proveedores correspondientes para las que se proporcionan enlaces o contactando con el Titular.<\/p>\n<p>Para obtener m\u00e1s informaci\u00f3n espec\u00edfica para los Consumidores de California y sus derechos de privacidad, los Usuarios pueden <a href=\"https:\/\/www.iubenda.com\/privacy-policy\/12610210\/legal?from_cookie_policy=true&amp;no_markup=false\">leer la pol\u00edtica de privacidad<\/a>.<\/p>\n<p><strong>Actividades estrictamente necesarias para el funcionamiento de esta P\u00e1gina Web y la prestaci\u00f3n del Servicio<\/strong><\/p>\n<p>Esta P\u00e1gina Web utiliza Cookies denominadas \u201ct\u00e9cnicas\u201d y otros Rastreadores similares para llevar a cabo actividades que son estrictamente necesarias para el funcionamiento o la prestaci\u00f3n del Servicio.<\/p>\n<p><strong>Rastreadores de terceros<\/strong><\/p>\n<ul>\n<li><strong>Gesti\u00f3n de Etiquetas <\/strong><\/li>\n<\/ul>\n<p>Este tipo de servicio ayuda al Titular a gestionar las etiquetas o scripts que se necesitan en esta P\u00e1gina Web de forma centralizada.<br \/>\nEsto supone que los Datos de los Usuarios pasan a trav\u00e9s de estos servicios, lo que puede derivar en la retenci\u00f3n de dichos Datos.<\/p>\n<p><strong>Google Tag Manager (Google Ireland Limited)<\/strong><\/p>\n<p>Google Tag Manager es un servicio de gesti\u00f3n de etiquetas prestado por Google Ireland Limited.<\/p>\n<p>Datos Personales tratados: Datos de uso y Rastreadores.<\/p>\n<p>Lugar de tratamiento: Irlanda \u2013 <a href=\"https:\/\/policies.google.com\/privacy\">Pol\u00edtica de privacidad<\/a>.<\/p>\n<p><strong>Otras actividades que implican el uso de Rastreadores<\/strong><\/p>\n<p><strong>Mejora de la experiencia<\/strong><\/p>\n<p>Esta P\u00e1gina Web utiliza Rastreadores para proporcionar una experiencia de usuario personalizada mediante la mejora de la calidad de las opciones de gesti\u00f3n de preferencias y permitiendo la interacci\u00f3n con redes y plataformas externas.<\/p>\n<ul>\n<li><strong>Visualizar contenidos de plataformas externas <\/strong><\/li>\n<\/ul>\n<p>Este tipo de servicios permiten visualizar contenidos alojados en plataformas externas directamente desde las p\u00e1ginas de esta P\u00e1gina Web e interactuar con estos.<br \/>\nEste tipo de servicios puede recopilar datos de tr\u00e1fico web para las p\u00e1ginas en las que est\u00e9n instalados incluso en caso de que el Usuario no los utilice.<\/p>\n<p><strong>Google Fonts (Google Ireland Limited)<\/strong><\/p>\n<p>Google Fonts es un servicio de visualizaci\u00f3n de familias tipogr\u00e1ficas prestado por Google Ireland Limited que permite a esta P\u00e1gina Web incorporar tales contenidos en sus p\u00e1ginas.<\/p>\n<p>Datos Personales tratados: Datos de uso y Rastreadores.<\/p>\n<p>Lugar de tratamiento: Irlanda \u2013 <a href=\"https:\/\/policies.google.com\/privacy\">Pol\u00edtica de privacidad<\/a>.<\/p>\n<p><strong>Widget de V\u00eddeo YouTube (modo de privacidad mejorada) (Google Ireland Limited)<\/strong><\/p>\n<p>YouTube es un servicio de visualizaci\u00f3n de v\u00eddeo prestado por Google Ireland Limited que permite a esta P\u00e1gina Web incorporar tales contenidos en las propias p\u00e1ginas.<br \/>\nEste widget est\u00e1 configurado de tal manera que asegura de que YouTube no almacenar\u00e1 informaci\u00f3n y cookies sobre los Usuarios de esta P\u00e1gina Web a no ser que reproduzcan el v\u00eddeo.<\/p>\n<p>Datos Personales tratados: Datos de uso, Identificador \u00fanico universal (UUID) y Rastreadores.<\/p>\n<p>Lugar de tratamiento: Irlanda \u2013 <a href=\"https:\/\/policies.google.com\/privacy\">Pol\u00edtica de privacidad<\/a>.<\/p>\n<p><strong>Medici\u00f3n<\/strong><\/p>\n<p>Esta P\u00e1gina Web utiliza Rastreadores para medir el tr\u00e1fico y analizar el comportamiento de los Usuarios con el objetivo de mejorar el Servicio.<\/p>\n<ul>\n<li><strong>Estad\u00edsticas <\/strong><\/li>\n<\/ul>\n<p>Los servicios contenidos en esta secci\u00f3n permiten al Titular monitorizar y analizar el tr\u00e1fico web y pueden ser utilizados para rastrear el comportamiento del Usuario.<\/p>\n<p><strong>Google Analytics 4 (Google Ireland Limited)<\/strong><\/p>\n<p>Google Analytics 4 es un servicio de an\u00e1lisis web prestado por Google Ireland Limited (\u201cGoogle\u201d). Google utiliza los Datos recogidos para rastrear y examinar el uso de esta P\u00e1gina Web, para preparar informes de sus actividades y compartirlos con otros servicios de Google.<br \/>\nGoogle puede utilizar los Datos recogidos para contextualizar y personalizar los anuncios de su propia red de publicidad.<br \/>\nEn Google Analytics 4, las direcciones IP se usan en el momento de la recogida y luego se descartan antes de que los Datos se registren en cualquier centro de datos o servidor. Los Usuarios pueden obtener m\u00e1s informaci\u00f3n consultando <a href=\"https:\/\/support.google.com\/analytics\/answer\/12017362?hl=es&amp;ref_topic=2919631\">la documentaci\u00f3n oficial de Google<\/a>.<\/p>\n<p>Datos Personales tratados: cantidad de Usuarios, ciudad, Datos de uso, estad\u00edsticas de sesi\u00f3n, informaci\u00f3n del dispositivo, informaci\u00f3n del navegador, latitud (de la ciudad), longitud (de la ciudad) y Rastreadores.<\/p>\n<p>Lugar de tratamiento: Irlanda \u2013 <a href=\"https:\/\/policies.google.com\/privacy\">Pol\u00edtica de privacidad<\/a> \u2013 <a href=\"https:\/\/tools.google.com\/dlpage\/gaoptout?hl=es\">Opt Out<\/a>.<\/p>\n<p>Duraci\u00f3n del almacenamiento:<\/p>\n<ul>\n<li style=\"list-style-type: none;\">\n<ul>\n<li>_ga: 2 a\u00f1os<\/li>\n<li>_ga_*: 2 a\u00f1os<\/li>\n<li>_gac_gb_*: 3 meses<\/li>\n<li>_gid: 1 d\u00eda<\/li>\n<\/ul>\n<\/li>\n<\/ul>\n<p><strong>C\u00f3mo gestionar preferencias y otorgar o revocar el consentimiento<\/strong><\/p>\n<p>Existen varias maneras de gestionar las preferencias relacionadas con los Rastreadores y de otorgar o revocar el consentimiento, cuando corresponda:<\/p>\n<p>Los Usuarios podr\u00e1n gestionar preferencias relacionadas con los Rastreadores directamente desde la configuraci\u00f3n de sus propios dispositivos, por ejemplo, impidiendo el uso o el almacenamiento de Rastreadores.<\/p>\n<p>Asimismo, siempre que el uso de los Rastreadores se base en el consentimiento, los Usuarios podr\u00e1n prestar o revocar dicho consentimiento estableciendo sus preferencias dentro del aviso sobre cookies o actualizando dichas preferencias en el sentido que deseen a trav\u00e9s del widget de preferencias de consentimiento correspondiente, si lo hubiera.<\/p>\n<p>Tambi\u00e9n es posible borrar Rastreadores almacenados previamente, incluyendo aquellos utilizados para recordar el consentimiento inicial del Usuario, a trav\u00e9s de las funcionalidades correspondientes del navegador o del dispositivo.<\/p>\n<p>Al borrar el historial de navegaci\u00f3n es posible que se eliminen otros Rastreadores de la memoria local del navegador.<\/p>\n<p>En cuanto a los Rastreadores de terceros, los Usuarios podr\u00e1n gestionar sus preferencias y revocar su consentimiento a trav\u00e9s del enlace de inhabilitaci\u00f3n relacionado (cuando exista), utilizando los medios indicados en la pol\u00edtica de privacidad del tercero o contactando con dicho tercero.<\/p>\n<p><strong>Localizaci\u00f3n de la configuraci\u00f3n de Rastreadores<\/strong><\/p>\n<p>Por ejemplo, los Usuarios podr\u00e1n encontrar informaci\u00f3n sobre c\u00f3mo gestionar las Cookies en los navegadores de uso m\u00e1s frecuente en las siguientes direcciones:<\/p>\n<ul>\n<li><a href=\"https:\/\/support.google.com\/chrome\/answer\/95647?hl=es&amp;p=cpn_cookies\">Google Chrome<\/a><\/li>\n<li><a href=\"https:\/\/support.mozilla.org\/es\/kb\/habilitar-y-deshabilitar-cookies-que-los-sitios-we\">Mozilla Firefox<\/a><\/li>\n<li><a href=\"https:\/\/support.apple.com\/es-es\/guide\/safari\/manage-cookies-and-website-data-sfri11471\/\">Apple Safari<\/a><\/li>\n<li><a href=\"http:\/\/windows.microsoft.com\/es-es\/windows-vista\/block-or-allow-cookies\">Microsoft Internet Explorer<\/a><\/li>\n<li><a href=\"https:\/\/support.microsoft.com\/es-es\/help\/4027947\">Microsoft Edge<\/a><\/li>\n<li><a href=\"https:\/\/support.brave.com\/hc\/articles\/360022806212-How-do-I-use-Shields-while-browsing\">Brave<\/a><\/li>\n<li><a href=\"https:\/\/help.opera.com\/latest\/web-preferences\/#cookies\">Opera<\/a><\/li>\n<\/ul>\n<p>Los Usuarios tambi\u00e9n podr\u00e1n gestionar determinadas categor\u00edas de Rastreadores utilizados en aplicaciones m\u00f3viles inhabilit\u00e1ndolos a trav\u00e9s de la configuraci\u00f3n del dispositivo relevante, como la configuraci\u00f3n de publicidad del dispositivo para dispositivos m\u00f3viles o la configuraci\u00f3n de rastreo en general (los Usuarios podr\u00e1n abrir la configuraci\u00f3n del dispositivo y buscar la opci\u00f3n relevante).<\/p>\n<p><strong>Consecuencias de denegar el consentimiento<\/strong><\/p>\n<p>Los Usuarios pueden decidir libremente si otorgar o no su consentimiento. Sin embargo, debe se\u00f1alarse que los Rastreadores ayudan a esta P\u00e1gina Web a proporcionar a los Usuarios una mejor experiencia y funcionalidades avanzadas (en l\u00ednea con las finalidades indicadas en el presente documento). Por lo tanto, en ausencia del consentimiento del Usuario, es posible que el Titular no pueda proporcionar las caracter\u00edsticas relacionadas.<\/p>\n<p><strong>Titular y Responsable de Tratamiento<\/strong><\/p>\n<p>Ragione sociale: SCS Concept S.r.l.<br \/>\nPartita IVA: 06388790963<br \/>\nSede legale: Via Zucchi 39\/c, 20095 Cusano Milanino (MI)<br \/>\nREA: MI \u2013 1889255<br \/>\nIscrizione REA del 24\/11\/2008<br \/>\nISCRIZIONE AL REGISTRO IMPRESE DI MI con N. 1889255<br \/>\nCapitale Sociale \u20ac 200.000 i.v.<\/p>\n<p><strong>Correo electr\u00f3nico de contacto del Titular:<\/strong> <a href=\"mailto:info@scsconcept.com\">info@scsconcept.com<\/a>, <a href=\"mailto:privacy@scsconcept.com\">privacy@scsconcept.com<\/a><\/p>\n<p>Dado que el Titular no puede controlar por completo el uso de Rastreadores de terceros a trav\u00e9s de esta P\u00e1gina Web, cualquier referencia espec\u00edfica a Rastreadores de terceros se considerar\u00e1 orientativa. Con el fin de obtener informaci\u00f3n completa, se ruega a los Usuarios que consulten las correspondientes pol\u00edticas de privacidad de los servicios de terceros enumerados en el presente documento.<\/p>\n<p>En vista de la complejidad objetiva que rodea a las tecnolog\u00edas de seguimiento, se anima a los Usuarios a contactar con el Titular en caso de que deseen recibir informaci\u00f3n adicional sobre el uso de dichas tecnolog\u00edas poresta P\u00e1gina Web.<\/p>\n<p><strong>Definiciones y referencias legales <\/strong><\/p>\n<p><strong>Datos Personales (o Datos)<\/strong><\/p>\n<p>Constituye un dato personal cualquier informaci\u00f3n que, directa, indirectamente o en relaci\u00f3n con otra informaci\u00f3n \u2013 incluyendo un n\u00famero de identificaci\u00f3n personal \u2013 permita identificar a una persona f\u00edsica.<\/p>\n<p><strong>Datos de Uso<\/strong><\/p>\n<p>Las informaciones recogidas de forma autom\u00e1tica por esta P\u00e1gina Web (o por servicios de terceros utilizados por esta P\u00e1gina Web), podr\u00e1n incluir: las direcciones IP o nombres de dominio de los ordenadores utilizados por el Usuario que se conecte a esta P\u00e1gina Web, las direcciones URI (Uniform Resource Identifier), la hora de la solicitud, el m\u00e9todo utilizado para realizar la solicitud al servidor, las dimensiones del archivo obtenido en respuesta, el c\u00f3digo num\u00e9rico indicando el estado de la respuesta del servidor (resultado satisfactorio, error, etc.), el pa\u00eds de origen, las caracter\u00edsticas del navegador y del sistema operativo utilizados por el visitante, las diversas coordenadas temporales de la visita (por ejemplo, el tiempo de permanencia en cada una de las p\u00e1ginas) y los detalles relativos al itinerario seguido dentro de la Aplicaci\u00f3n, con especial referencia a la secuencia de p\u00e1ginas consultadas, a los par\u00e1metros relativos al sistema operativo y al entorno inform\u00e1tico del Usuario.<\/p>\n<p><strong>Usuario<\/strong><\/p>\n<p>El individuo que utilice esta P\u00e1gina Web, quien, a menos que se indique lo contrario deber\u00e1 coincidir con el Interesado.<\/p>\n<p><strong>Interesado<\/strong><\/p>\n<p>La persona f\u00edsica a la que se refieren los Datos Personales.<\/p>\n<p><strong>Encargado del Tratamiento (o Supervisor de Datos)<\/strong><\/p>\n<p>La persona f\u00edsica o jur\u00eddica, administraci\u00f3n p\u00fablica, agencia o cualquier otra instituci\u00f3n, que procese los Datos Personales en nombre del Responsable del Tratamiento, descrita en la presente pol\u00edtica de privacidad.<\/p>\n<p><strong>Responsable del Tratamiento (o Titular)<\/strong><\/p>\n<p>La persona f\u00edsica o jur\u00eddica, administraci\u00f3n p\u00fablica, agencia o cualquier otra instituci\u00f3n, que actuando en solitario o conjuntamente con otras, determine las finalidades y las medidas del tratamiento de los Datos Personales, incluyendo las medidas de seguridad relativas al funcionamiento y al uso de esta P\u00e1gina Web. A menos que se especifique lo contrario, el Responsable del Tratamiento es el Titular de esta P\u00e1gina Web.<\/p>\n<p><strong>Esta P\u00e1gina Web (o esta Aplicaci\u00f3n)<\/strong><\/p>\n<p>El medio a trav\u00e9s del cual se han recogido y tratado los Datos Personales del Usuario.<\/p>\n<p><strong>Servicio<\/strong><\/p>\n<p>El servicio proporcionado por esta P\u00e1gina Web, tal y como se describe en las definiciones y referencias legales (en caso de estar disponibles) y en esta p\u00e1gina o aplicaci\u00f3n.<\/p>\n<p><strong>Uni\u00f3n Europea (o UE)<\/strong><\/p>\n<p>A menos que se indique lo contrario, todas las referencias hechas a la Uni\u00f3n Europea en el presente documento incluyen todos los actuales Estados miembros de la Uni\u00f3n Europea y del Espacio Econ\u00f3mico Europeo.<\/p>\n<p><strong>Cookie<\/strong><\/p>\n<p>Las Cookies son Rastreadores que consisten en peque\u00f1as cantidades de datos almacenados en el navegador del Usuario.<\/p>\n<p><strong>Rastreador<\/strong><\/p>\n<p>Rastreador designa cualquier tecnolog\u00eda &#8211; p.ej. Cookies, identificadores \u00fanicos, balizas web, scripts incrustados, etiquetas de entidad y creaci\u00f3n de huella digital &#8211; que permite rastrear a los Usuarios, por ejemplo, accediendo a informaci\u00f3n o almacen\u00e1ndola en el dispositivo del Usuario.<\/p>\n<p><strong>Informaci\u00f3n legal<\/strong><\/p>\n<p>Esta pol\u00edtica de privacidad se ha redactado en base a las provisiones de m\u00faltiples legislaciones, incluyendo los Arts. 13 y14 del Reglamento (UE) 2016\/679 (Reglamento general de protecci\u00f3n de datos).<\/p>\n<p>Esta pol\u00edtica de privacidad se refiere s\u00f3lo a esta P\u00e1gina Web, a menos que se indique lo contrario en el presente documento.<\/p>\n<p>\u00daltima revisi\u00f3n: 12 julio 2022<\/p>\n<p><a href=\"https:\/\/www.iubenda.com\/es\/generador-de-politicas-de-privacidad-y-cookies\">iubenda<\/a> aloja este contenido y \u00fanicamente recoge <a href=\"https:\/\/www.iubenda.com\/privacy-policy\/52661198\">los Datos Personales que sean estrictamente necesarios<\/a> para prestar este servicio.[\/vc_column_text][\/vc_column][\/vc_row]<\/p>\n<\/div>","protected":false},"excerpt":{"rendered":"<p>[vc_row][vc_column][vc_column_text] Pol\u00edtica de Cookies de www.scsconcept.com El presente documento informa a los Usuarios sobre las tecnolog\u00edas que ayudan esta P\u00e1gina Web a lograr los fines descritos a continuaci\u00f3n. Dichas tecnolog\u00edas<\/p>\n","protected":false},"author":4,"featured_media":0,"parent":0,"menu_order":0,"comment_status":"closed","ping_status":"closed","template":"","meta":{"_acf_changed":false,"footnotes":""},"class_list":["post-26443","page","type-page","status-publish","hentry"],"acf":[],"yoast_head":"<!-- This site is optimized with the Yoast SEO plugin v26.9 - https:\/\/yoast.com\/product\/yoast-seo-wordpress\/ -->\n<title>Cookie Policy - SCS Concept<\/title>\n<meta name=\"robots\" content=\"index, follow, max-snippet:-1, max-image-preview:large, max-video-preview:-1\" \/>\n<link rel=\"canonical\" href=\"https:\/\/sitowebsmart.com\/pt-br\/cookie-policy\/\" \/>\n<meta property=\"og:locale\" content=\"pt_BR\" \/>\n<meta property=\"og:type\" content=\"article\" \/>\n<meta property=\"og:title\" content=\"Cookie Policy - SCS Concept\" \/>\n<meta property=\"og:description\" content=\"[vc_row][vc_column][vc_column_text] Pol\u00edtica de Cookies de www.scsconcept.com El presente documento informa a los Usuarios sobre las tecnolog\u00edas que ayudan esta P\u00e1gina Web a lograr los fines descritos a continuaci\u00f3n. Dichas tecnolog\u00edas\" \/>\n<meta property=\"og:url\" content=\"https:\/\/sitowebsmart.com\/pt-br\/cookie-policy\/\" \/>\n<meta property=\"og:site_name\" content=\"SCS Concept\" \/>\n<meta property=\"article:modified_time\" content=\"2022-07-13T13:52:51+00:00\" \/>\n<meta name=\"twitter:card\" content=\"summary_large_image\" \/>\n<meta name=\"twitter:label1\" content=\"Est. tempo de leitura\" \/>\n\t<meta name=\"twitter:data1\" content=\"11 minutos\" \/>\n<script type=\"application\/ld+json\" class=\"yoast-schema-graph\">{\"@context\":\"https:\/\/schema.org\",\"@graph\":[{\"@type\":\"WebPage\",\"@id\":\"https:\/\/sitowebsmart.com\/pt-br\/cookie-policy\/\",\"url\":\"https:\/\/sitowebsmart.com\/pt-br\/cookie-policy\/\",\"name\":\"Cookie Policy - SCS Concept\",\"isPartOf\":{\"@id\":\"https:\/\/sitowebsmart.com\/#website\"},\"datePublished\":\"2022-07-13T11:18:37+00:00\",\"dateModified\":\"2022-07-13T13:52:51+00:00\",\"breadcrumb\":{\"@id\":\"https:\/\/sitowebsmart.com\/pt-br\/cookie-policy\/#breadcrumb\"},\"inLanguage\":\"pt-BR\",\"potentialAction\":[{\"@type\":\"ReadAction\",\"target\":[\"https:\/\/sitowebsmart.com\/pt-br\/cookie-policy\/\"]}]},{\"@type\":\"BreadcrumbList\",\"@id\":\"https:\/\/sitowebsmart.com\/pt-br\/cookie-policy\/#breadcrumb\",\"itemListElement\":[{\"@type\":\"ListItem\",\"position\":1,\"name\":\"Home\",\"item\":\"https:\/\/sitowebsmart.com\/pt-br\/\"},{\"@type\":\"ListItem\",\"position\":2,\"name\":\"Cookie Policy\"}]},{\"@type\":\"WebSite\",\"@id\":\"https:\/\/sitowebsmart.com\/#website\",\"url\":\"https:\/\/sitowebsmart.com\/\",\"name\":\"SCS Concept\",\"description\":\"Soluzioni Avanzate per il serraggio e controllo qualit\u00e0\",\"publisher\":{\"@id\":\"https:\/\/sitowebsmart.com\/#organization\"},\"potentialAction\":[{\"@type\":\"SearchAction\",\"target\":{\"@type\":\"EntryPoint\",\"urlTemplate\":\"https:\/\/sitowebsmart.com\/?s={search_term_string}\"},\"query-input\":{\"@type\":\"PropertyValueSpecification\",\"valueRequired\":true,\"valueName\":\"search_term_string\"}}],\"inLanguage\":\"pt-BR\"},{\"@type\":\"Organization\",\"@id\":\"https:\/\/sitowebsmart.com\/#organization\",\"name\":\"SCS Concept\",\"url\":\"https:\/\/sitowebsmart.com\/\",\"logo\":{\"@type\":\"ImageObject\",\"inLanguage\":\"pt-BR\",\"@id\":\"https:\/\/sitowebsmart.com\/#\/schema\/logo\/image\/\",\"url\":\"https:\/\/sitowebsmart.com\/wp-content\/uploads\/2018\/01\/scs-concept-group-200.png\",\"contentUrl\":\"https:\/\/sitowebsmart.com\/wp-content\/uploads\/2018\/01\/scs-concept-group-200.png\",\"width\":200,\"height\":200,\"caption\":\"SCS Concept\"},\"image\":{\"@id\":\"https:\/\/sitowebsmart.com\/#\/schema\/logo\/image\/\"}}]}<\/script>\n<!-- \/ Yoast SEO plugin. -->","yoast_head_json":{"title":"Cookie Policy - SCS Concept","robots":{"index":"index","follow":"follow","max-snippet":"max-snippet:-1","max-image-preview":"max-image-preview:large","max-video-preview":"max-video-preview:-1"},"canonical":"https:\/\/sitowebsmart.com\/pt-br\/cookie-policy\/","og_locale":"pt_BR","og_type":"article","og_title":"Cookie Policy - SCS Concept","og_description":"[vc_row][vc_column][vc_column_text] Pol\u00edtica de Cookies de www.scsconcept.com El presente documento informa a los Usuarios sobre las tecnolog\u00edas que ayudan esta P\u00e1gina Web a lograr los fines descritos a continuaci\u00f3n. Dichas tecnolog\u00edas","og_url":"https:\/\/sitowebsmart.com\/pt-br\/cookie-policy\/","og_site_name":"SCS Concept","article_modified_time":"2022-07-13T13:52:51+00:00","twitter_card":"summary_large_image","twitter_misc":{"Est. tempo de leitura":"11 minutos"},"schema":{"@context":"https:\/\/schema.org","@graph":[{"@type":"WebPage","@id":"https:\/\/sitowebsmart.com\/pt-br\/cookie-policy\/","url":"https:\/\/sitowebsmart.com\/pt-br\/cookie-policy\/","name":"Cookie Policy - SCS Concept","isPartOf":{"@id":"https:\/\/sitowebsmart.com\/#website"},"datePublished":"2022-07-13T11:18:37+00:00","dateModified":"2022-07-13T13:52:51+00:00","breadcrumb":{"@id":"https:\/\/sitowebsmart.com\/pt-br\/cookie-policy\/#breadcrumb"},"inLanguage":"pt-BR","potentialAction":[{"@type":"ReadAction","target":["https:\/\/sitowebsmart.com\/pt-br\/cookie-policy\/"]}]},{"@type":"BreadcrumbList","@id":"https:\/\/sitowebsmart.com\/pt-br\/cookie-policy\/#breadcrumb","itemListElement":[{"@type":"ListItem","position":1,"name":"Home","item":"https:\/\/sitowebsmart.com\/pt-br\/"},{"@type":"ListItem","position":2,"name":"Cookie Policy"}]},{"@type":"WebSite","@id":"https:\/\/sitowebsmart.com\/#website","url":"https:\/\/sitowebsmart.com\/","name":"SCS Concept","description":"Soluzioni Avanzate per il serraggio e controllo qualit\u00e0","publisher":{"@id":"https:\/\/sitowebsmart.com\/#organization"},"potentialAction":[{"@type":"SearchAction","target":{"@type":"EntryPoint","urlTemplate":"https:\/\/sitowebsmart.com\/?s={search_term_string}"},"query-input":{"@type":"PropertyValueSpecification","valueRequired":true,"valueName":"search_term_string"}}],"inLanguage":"pt-BR"},{"@type":"Organization","@id":"https:\/\/sitowebsmart.com\/#organization","name":"SCS Concept","url":"https:\/\/sitowebsmart.com\/","logo":{"@type":"ImageObject","inLanguage":"pt-BR","@id":"https:\/\/sitowebsmart.com\/#\/schema\/logo\/image\/","url":"https:\/\/sitowebsmart.com\/wp-content\/uploads\/2018\/01\/scs-concept-group-200.png","contentUrl":"https:\/\/sitowebsmart.com\/wp-content\/uploads\/2018\/01\/scs-concept-group-200.png","width":200,"height":200,"caption":"SCS Concept"},"image":{"@id":"https:\/\/sitowebsmart.com\/#\/schema\/logo\/image\/"}}]}},"_links":{"self":[{"href":"https:\/\/sitowebsmart.com\/pt-br\/wp-json\/wp\/v2\/pages\/26443","targetHints":{"allow":["GET"]}}],"collection":[{"href":"https:\/\/sitowebsmart.com\/pt-br\/wp-json\/wp\/v2\/pages"}],"about":[{"href":"https:\/\/sitowebsmart.com\/pt-br\/wp-json\/wp\/v2\/types\/page"}],"author":[{"embeddable":true,"href":"https:\/\/sitowebsmart.com\/pt-br\/wp-json\/wp\/v2\/users\/4"}],"replies":[{"embeddable":true,"href":"https:\/\/sitowebsmart.com\/pt-br\/wp-json\/wp\/v2\/comments?post=26443"}],"version-history":[{"count":4,"href":"https:\/\/sitowebsmart.com\/pt-br\/wp-json\/wp\/v2\/pages\/26443\/revisions"}],"predecessor-version":[{"id":26465,"href":"https:\/\/sitowebsmart.com\/pt-br\/wp-json\/wp\/v2\/pages\/26443\/revisions\/26465"}],"wp:attachment":[{"href":"https:\/\/sitowebsmart.com\/pt-br\/wp-json\/wp\/v2\/media?parent=26443"}],"curies":[{"name":"wp","href":"https:\/\/api.w.org\/{rel}","templated":true}]}}