{"id":9471,"date":"2018-03-06T14:15:28","date_gmt":"2018-03-06T14:15:28","guid":{"rendered":"https:\/\/www.scsconcept.com\/?page_id=9471"},"modified":"2022-05-13T15:20:33","modified_gmt":"2022-05-13T15:20:33","slug":"analisadores-de-dados-de-torque-angulo","status":"publish","type":"page","link":"https:\/\/sitowebsmart.com\/pt-br\/analisadores-de-dados-de-torque-angulo\/","title":{"rendered":"Analisadores de dados de torque-angulo"},"content":{"rendered":"<div class=\"wpb-content-wrapper\"><p>[vc_row dfd_bg_style=&#8221;image&#8221; dfd_bg_image_new=&#8221;240&#8243; dfd_overlay_color=&#8221;#ffffff&#8221; dfd_overlay_pattern=&#8221;transperant&#8221; dfd_overlay_pattern_opacity=&#8221;85&#8243; dfd_row_config=&#8221;full_width_content_paddings&#8221; dfd_row_responsive_enable=&#8221;dfd-row-responsive-enable&#8221; css=&#8221;.vc_custom_1652455227761{padding-right: 10% !important;padding-left: 10% !important;}&#8221; responsive_styles=&#8221;padding_left_desktop:20|padding_right_desktop:20|padding_left_tablet:20|padding_right_tablet:20|padding_left_mobile:10|padding_right_mobile:10&#8243;][vc_column dfd_column_responsive_enable=&#8221;dfd-column-responsive-enable&#8221; responsive_styles=&#8221;padding_left_mobile:10|padding_right_mobile:10&#8243;][vc_row_inner][vc_column_inner dfd_column_responsive_enable=&#8221;dfd-column-responsive-enable&#8221; css=&#8221;.vc_custom_1503581599802{padding-right: 20% !important;padding-left: 20% !important;}&#8221; responsive_styles=&#8221;padding_left_desktop:80|padding_right_desktop:80|padding_left_tablet:10|padding_right_tablet:10|padding_left_mobile:10|padding_right_mobile:10&#8243;]<div class=\"dfd-spacer-module\"  data-units=\"px\" data-wide_resolution=\"1280\" data-wide_size=\"100\" data-normal_resolution=\"1024\" data-normal_size=\"100\" data-tablet_resolution=\"800\" data-tablet_size=\"90\" data-mobile_resolution=\"480\" data-mobile_size=\"80\" style=\"height: 100px;\"><\/div><div class=\"dfd-heading-shortcode\"><div class=\"dfd-heading-module-wrap  text-center style_01 cr-animate-gen dfd-heading-69dea9cf55d32 dfd-disable-resposive-headings\" id=\"dfd-heading-69dea9cf55d32\" data-animate-type = \"transition.expandIn\" ><div class=\"inline-block\"><div class=\"dfd-heading-module\"><h1 class=\"widget-title dfd-title \" style=\"\">Analisadores de Dados<\/h1><h3 class=\"widget-sub-title dfd-sub-title \" style=\"line-height: 26px; \">Os analisadores de dados SCS Concept oferecem uma solu\u00e7\u00e3o para verifica\u00e7\u00e3o e calibra\u00e7\u00e3o de apertadeiras e chaves de torque na linha de produ\u00e7\u00e3o.<\/h3><div class=\"dfd-heading-delimiter dfd-img-lazy-load\"><\/div><\/div><\/div><\/div><script type=\"text\/javascript\">\r\n\t\t\t\t\t\t\t\t\t(function($) {\r\n\t\t\t\t\t\t\t\t\t\t$(\"head\").append(\"<style>.dfd-heading-69dea9cf55d32.dfd-heading-module-wrap .dfd-heading-module .dfd-heading-delimiter {border-bottom-style:solid;border-bottom-width:1px;width:140px;border-bottom-color:#ea5d1c;}.dfd-heading-69dea9cf55d32 .dfd-heading-module .widget-sub-title {margin-top:20px;margin-bottom:35px;}.dfd-heading-69dea9cf55d32.dfd-heading-module-wrap .dfd-heading-module .dfd-heading-delimiter {margin-top:10px;margin-bottom:10px;}<\/style>\");\r\n\t\t\t\t\t\t\t\t\t})(jQuery);\r\n\t\t\t\t\t\t\t\t<\/script><\/div><div class=\"dfd-spacer-module\"  data-units=\"px\" data-wide_resolution=\"1280\" data-wide_size=\"30\" data-normal_resolution=\"1024\" data-normal_size=\"30\" data-tablet_resolution=\"800\" data-tablet_size=\"30\" data-mobile_resolution=\"480\" data-mobile_size=\"30\" style=\"height: 30px;\"><\/div>[\/vc_column_inner][\/vc_row_inner][vc_row_inner][vc_column_inner width=&#8221;1\/3&#8243;]<div id=\"dfd-rotate-box-69dea9cf55fe6-7077\" class=\"dfd-rotate-box-wrap  to-left\" ><div class=\"dfd-rotate-box-list\"><div class=\"dfd-item-offset rotate-box\"><div class=\"dfd-rotate-box-item to-left\"><div class=\"thumb-wrap\"><div class=\"thumb-wrap-front dfd-background-main\"><div class=\"content-wrap\"><div class=\"content-block dfd-rotate-content-v_center dfd-rotate-content-h_center \"><\/div><\/div><\/div><div class=\"thumb-wrap-back dfd-background-main\"><div class=\"content-wrap\"><\/div><\/div><\/div><a href=\"https:\/\/www.scsconcept.com\/pt-br\/datatouch3-analisador-de-dados-de-torque-angulo\/\" class=\"full-box-link\" title=\"\"  rel=\"\"><\/a><\/div><\/div><\/div><script type=\"text\/javascript\">(function($) {$(\"head\").append(\"<style>#dfd-rotate-box-69dea9cf55fe6-7077 .dfd-rotate-box-item .thumb-wrap .thumb-wrap-front {background-image: url(https:\/\/sitowebsmart.com\/wp-content\/uploads\/2018\/02\/datatouch3-acquisizione-dati-1.jpg); }#dfd-rotate-box-69dea9cf55fe6-7077 .dfd-rotate-box-item .thumb-wrap .thumb-wrap-back {background-image: url(https:\/\/sitowebsmart.com\/wp-content\/uploads\/2018\/02\/datatouch3-acquisizione-dati2.jpg); }<\/style>\");})(jQuery);<\/script><\/div><div class=\"dfd-spacer-module\"  data-units=\"px\" data-wide_resolution=\"1280\" data-wide_size=\"20\" data-normal_resolution=\"1024\" data-normal_size=\"20\" data-tablet_resolution=\"800\" data-tablet_size=\"20\" data-mobile_resolution=\"480\" data-mobile_size=\"20\" style=\"height: 20px;\"><\/div><div class=\"dfd-heading-shortcode\"><div class=\"dfd-heading-module-wrap  text-left style_01 dfd-heading-69dea9cf57588 dfd-disable-resposive-headings\" id=\"dfd-heading-69dea9cf57588\" ><div class=\"inline-block\"><div class=\"dfd-heading-module\"><h2 class=\"widget-title dfd-title \" style=\"font-size: 26px; color: #565656 !important; line-height: 28px; \"><a style=\"color: #565656;\" href=\"https:\/\/sitowebsmart.com\/pt-br\/datatouch3-analisador-de-dados-de-torque-angulo\/\">DataTouch<sup style=\"font-size: 14px;\">3<\/sup><\/a><\/p>\n<p><\/h2><\/div><\/div><\/div><script type=\"text\/javascript\">\r\n\t\t\t\t\t\t\t\t\t(function($) {\r\n\t\t\t\t\t\t\t\t\t\t$(\"head\").append(\"<style>.dfd-heading-69dea9cf57588 .dfd-heading-module .widget-title {margin-bottom:4px;}.dfd-heading-69dea9cf57588.dfd-heading-module-wrap .dfd-heading-module .dfd-heading-delimiter {margin-top:10px;margin-bottom:10px;}<\/style>\");\r\n\t\t\t\t\t\t\t\t\t})(jQuery);\r\n\t\t\t\t\t\t\t\t<\/script><\/div><div id=\"idinfobox69dea9cf57a10\" class=\"dfd-info-box clearfix style-01 layout-04  idinfobox69dea9cf57a10\" ><div class=\"dfd-animate-container\"><div class=\"content-wrap ovh\"><div class=\"wrap-delimiter\"><div class=\"delimiter\" style=\"width:100px;border-width:1px;border-color:#ea5d1c;border-bottom-style:solid\"><\/div><\/div><div class=\"description\" style=\"\">&#8211; Medi\u00e7\u00e3o de torque\/\u00e2ngulo para teste de ferramentas<br \/>\n&#8211; Conex\u00e3o via cabo ou sem fio para transdutores externos<br \/>\n&#8211; Teste de apertadeiras e chaves<br \/>\n&#8211; Testes de qualidade em juntas j\u00e1 apertadas<br \/>\n&#8211; Estat\u00edsticas Cmk-Cm, Cp-Cpk<br \/>\n&#8211; Gr\u00e1ficos de controle (SPC)<br \/>\n&#8211; C\u00f3digo de barras integrado<br \/>\n&#8211; Opera\u00e7\u00f5es de aperto<\/div><\/div><a href=\"https:\/\/www.scsconcept.com\/pt-br\/datatouch3-analisador-de-dados-de-torque-angulo\/\"   class=\"full-box-link\"><\/a><\/div><\/div><div class=\"dfd-spacer-module\"  data-units=\"px\" data-wide_resolution=\"1280\" data-wide_size=\"20\" data-normal_resolution=\"1024\" data-normal_size=\"20\" data-tablet_resolution=\"800\" data-tablet_size=\"20\" data-mobile_resolution=\"480\" data-mobile_size=\"20\" style=\"height: 20px;\"><\/div>[\/vc_column_inner][vc_column_inner width=&#8221;1\/3&#8243;]<div id=\"dfd-rotate-box-69dea9cf57e49-5721\" class=\"dfd-rotate-box-wrap  to-left\" ><div class=\"dfd-rotate-box-list\"><div class=\"dfd-item-offset rotate-box\"><div class=\"dfd-rotate-box-item to-left\"><div class=\"thumb-wrap\"><div class=\"thumb-wrap-front dfd-background-main\"><div class=\"content-wrap\"><div class=\"content-block dfd-rotate-content-v_center dfd-rotate-content-h_center \"><\/div><\/div><\/div><div class=\"thumb-wrap-back dfd-background-main\"><div class=\"content-wrap\"><\/div><\/div><\/div><a href=\"https:\/\/www.scsconcept.com\/pt-br\/easytouch-analisador-de-dados-de-torque-angulo\/\" class=\"full-box-link\" title=\"\"  rel=\"\"><\/a><\/div><\/div><\/div><script type=\"text\/javascript\">(function($) {$(\"head\").append(\"<style>#dfd-rotate-box-69dea9cf57e49-5721 .dfd-rotate-box-item .thumb-wrap .thumb-wrap-front {background-image: url(https:\/\/sitowebsmart.com\/wp-content\/uploads\/2018\/02\/easytouch-acquisizione-dati-1.jpg); }#dfd-rotate-box-69dea9cf57e49-5721 .dfd-rotate-box-item .thumb-wrap .thumb-wrap-back {background-image: url(https:\/\/sitowebsmart.com\/wp-content\/uploads\/2018\/02\/easytouch-acquisizione-dati2.jpg); }<\/style>\");})(jQuery);<\/script><\/div><div class=\"dfd-spacer-module\"  data-units=\"px\" data-wide_resolution=\"1280\" data-wide_size=\"20\" data-normal_resolution=\"1024\" data-normal_size=\"20\" data-tablet_resolution=\"800\" data-tablet_size=\"20\" data-mobile_resolution=\"480\" data-mobile_size=\"20\" style=\"height: 20px;\"><\/div><div id=\"idinfobox69dea9cf5969b\" class=\"dfd-info-box clearfix style-01 layout-04  idinfobox69dea9cf5969b\" ><div class=\"dfd-animate-container\"><div class=\"content-wrap ovh\"><h2 class=\"info-box-title \" style=\"font-size: 26px; line-height: 28px; \">EasyTouch<\/h2><div class=\"wrap-delimiter\"><div class=\"delimiter\" style=\"width:100px;border-width:1px;border-color:#ea5d1c;border-bottom-style:solid\"><\/div><\/div><div class=\"description\" style=\"\">&#8211; Analisador de dados a ser conectado ao FWE (somente torque) ou transdutores externos<br \/>\n&#8211; Detec\u00e7\u00e3o de torque\/\u00e2ngulo de desengate<br \/>\n&#8211; Teste de apertadeiras e chaves de torque<\/div><\/div><a href=\"https:\/\/www.scsconcept.com\/pt-br\/easytouch-analisador-de-dados-de-torque-angulo\/\"   class=\"full-box-link\"><\/a><\/div><\/div><div class=\"dfd-spacer-module\"  data-units=\"px\" data-wide_resolution=\"1280\" data-wide_size=\"20\" data-normal_resolution=\"1024\" data-normal_size=\"20\" data-tablet_resolution=\"800\" data-tablet_size=\"20\" data-mobile_resolution=\"480\" data-mobile_size=\"20\" style=\"height: 20px;\"><\/div>[\/vc_column_inner][vc_column_inner width=&#8221;1\/3&#8243;]<div id=\"dfd-rotate-box-69dea9cf59902-669\" class=\"dfd-rotate-box-wrap  to-left\" ><div class=\"dfd-rotate-box-list\"><div class=\"dfd-item-offset rotate-box\"><div class=\"dfd-rotate-box-item to-left\"><div class=\"thumb-wrap\"><div class=\"thumb-wrap-front dfd-background-main\"><div class=\"content-wrap\"><div class=\"content-block dfd-rotate-content-v_center dfd-rotate-content-h_center \"><\/div><\/div><\/div><div class=\"thumb-wrap-back dfd-background-main\"><div class=\"content-wrap\"><\/div><\/div><\/div><a href=\"https:\/\/www.scsconcept.com\/pt-br\/mtc-p-analisador-de-torque-angulo-multicanal\/\" class=\"full-box-link\" title=\"\"  rel=\"\"><\/a><\/div><\/div><\/div><script type=\"text\/javascript\">(function($) {$(\"head\").append(\"<style>#dfd-rotate-box-69dea9cf59902-669 .dfd-rotate-box-item .thumb-wrap .thumb-wrap-front {background-image: url(https:\/\/sitowebsmart.com\/wp-content\/uploads\/2018\/02\/MTC-P-acquisizione-dati.jpg); }#dfd-rotate-box-69dea9cf59902-669 .dfd-rotate-box-item .thumb-wrap .thumb-wrap-back {background-image: url(https:\/\/sitowebsmart.com\/wp-content\/uploads\/2018\/02\/MTC-P-acquisizione-dati2.jpg); }<\/style>\");})(jQuery);<\/script><\/div><div class=\"dfd-spacer-module\"  data-units=\"px\" data-wide_resolution=\"1280\" data-wide_size=\"20\" data-normal_resolution=\"1024\" data-normal_size=\"20\" data-tablet_resolution=\"800\" data-tablet_size=\"20\" data-mobile_resolution=\"480\" data-mobile_size=\"20\" style=\"height: 20px;\"><\/div><div id=\"idinfobox69dea9cf5acd1\" class=\"dfd-info-box clearfix style-01 layout-04  idinfobox69dea9cf5acd1\" ><div class=\"dfd-animate-container\"><div class=\"content-wrap ovh\"><h2 class=\"info-box-title \" style=\"font-size: 26px; line-height: 28px; \">MTC-P<\/h2><div class=\"wrap-delimiter\"><div class=\"delimiter\" style=\"width:100px;border-width:1px;border-color:#ea5d1c;border-bottom-style:solid\"><\/div><\/div><div class=\"description\" style=\"\">&#8211; Analisador de dados multicanal a ser conectado a transdutores externos<br \/>\n&#8211; Conectividade \u00e0 SCS e transdutores terceiros mV\/V ou V<br \/>\n&#8211; Teste de ferramentas multi-eixo<\/div><\/div><a href=\"https:\/\/www.scsconcept.com\/pt-br\/mtc-p-analisador-de-torque-angulo-multicanal\/\"   class=\"full-box-link\"><\/a><\/div><\/div><div class=\"dfd-spacer-module\"  data-units=\"px\" data-wide_resolution=\"1280\" data-wide_size=\"20\" data-normal_resolution=\"1024\" data-normal_size=\"20\" data-tablet_resolution=\"800\" data-tablet_size=\"20\" data-mobile_resolution=\"480\" data-mobile_size=\"20\" style=\"height: 20px;\"><\/div>[\/vc_column_inner][\/vc_row_inner]<div class=\"dfd-spacer-module\"  data-units=\"px\" data-wide_resolution=\"1280\" data-wide_size=\"95\" data-normal_resolution=\"1024\" data-normal_size=\"95\" data-tablet_resolution=\"800\" data-tablet_size=\"90\" data-mobile_resolution=\"480\" data-mobile_size=\"80\" style=\"height: 95px;\"><\/div><div class=\"dfd-heading-shortcode\"><div class=\"dfd-heading-module-wrap  text-left style_01 dfd-heading-69dea9cf5aff9 dfd-disable-resposive-headings\" id=\"dfd-heading-69dea9cf5aff9\" ><div class=\"inline-block\"><div class=\"dfd-heading-module\"><h2 class=\"widget-title dfd-title \" style=\"font-size: 35px; \">Analisadores de Dados de Torque\/\u00c2ngulo<\/h2><div class=\"dfd-heading-delimiter dfd-img-lazy-load\"><\/div><\/div><\/div><\/div><script type=\"text\/javascript\">\r\n\t\t\t\t\t\t\t\t\t(function($) {\r\n\t\t\t\t\t\t\t\t\t\t$(\"head\").append(\"<style>.dfd-heading-69dea9cf5aff9.dfd-heading-module-wrap .dfd-heading-module .dfd-heading-delimiter {border-bottom-style:solid;border-bottom-width:1px;width:140px;border-bottom-color:#ea5d1c;}.dfd-heading-69dea9cf5aff9.dfd-heading-module-wrap .dfd-heading-module .dfd-heading-delimiter {margin-top:10px;margin-bottom:10px;}<\/style>\");\r\n\t\t\t\t\t\t\t\t\t})(jQuery);\r\n\t\t\t\t\t\t\t\t<\/script><\/div>[vc_column_text]Eles possuem testes de controle de qualidade em juntas j\u00e1 apertadas (medi\u00e7\u00e3o de torque residual).<\/p>\n<p>Eles podem ser conectados a todos os transdutores de torque e torque\/\u00e2ngulo SCS Concept. Eles gerenciam cartas de controle de rota, recebendo e transferindo programas de teste com software de gerenciamento e banco de dados.[\/vc_column_text]<div class=\"dfd-spacer-module\"  data-units=\"px\" data-wide_resolution=\"1280\" data-wide_size=\"80\" data-normal_resolution=\"1024\" data-normal_size=\"80\" data-tablet_resolution=\"800\" data-tablet_size=\"80\" data-mobile_resolution=\"480\" data-mobile_size=\"80\" style=\"height: 80px;\"><\/div>[\/vc_column][\/vc_row]<\/p>\n<\/div>","protected":false},"excerpt":{"rendered":"<p>[vc_row dfd_bg_style=&#8221;image&#8221; dfd_bg_image_new=&#8221;240&#8243; dfd_overlay_color=&#8221;#ffffff&#8221; dfd_overlay_pattern=&#8221;transperant&#8221; dfd_overlay_pattern_opacity=&#8221;85&#8243; dfd_row_config=&#8221;full_width_content_paddings&#8221; dfd_row_responsive_enable=&#8221;dfd-row-responsive-enable&#8221; css=&#8221;.vc_custom_1652455227761{padding-right: 10% !important;padding-left: 10% !important;}&#8221; responsive_styles=&#8221;padding_left_desktop:20|padding_right_desktop:20|padding_left_tablet:20|padding_right_tablet:20|padding_left_mobile:10|padding_right_mobile:10&#8243;][vc_column dfd_column_responsive_enable=&#8221;dfd-column-responsive-enable&#8221; responsive_styles=&#8221;padding_left_mobile:10|padding_right_mobile:10&#8243;][vc_row_inner][vc_column_inner dfd_column_responsive_enable=&#8221;dfd-column-responsive-enable&#8221; css=&#8221;.vc_custom_1503581599802{padding-right: 20% !important;padding-left: 20% !important;}&#8221; responsive_styles=&#8221;padding_left_desktop:80|padding_right_desktop:80|padding_left_tablet:10|padding_right_tablet:10|padding_left_mobile:10|padding_right_mobile:10&#8243;][\/vc_column_inner][\/vc_row_inner][vc_row_inner][vc_column_inner width=&#8221;1\/3&#8243;][\/vc_column_inner][vc_column_inner width=&#8221;1\/3&#8243;][\/vc_column_inner][vc_column_inner width=&#8221;1\/3&#8243;][\/vc_column_inner][\/vc_row_inner][vc_column_text]Eles possuem testes de controle<\/p>\n","protected":false},"author":5,"featured_media":0,"parent":0,"menu_order":0,"comment_status":"closed","ping_status":"closed","template":"page-custom.php","meta":{"_acf_changed":false,"footnotes":""},"class_list":["post-9471","page","type-page","status-publish","hentry"],"acf":[],"yoast_head":"<!-- This site is optimized with the Yoast SEO plugin v26.9 - https:\/\/yoast.com\/product\/yoast-seo-wordpress\/ -->\n<title>Analisadores de dados de torque-angulo - SCS Concept<\/title>\n<meta name=\"robots\" content=\"index, follow, max-snippet:-1, max-image-preview:large, max-video-preview:-1\" \/>\n<link rel=\"canonical\" href=\"https:\/\/sitowebsmart.com\/pt-br\/analisadores-de-dados-de-torque-angulo\/\" \/>\n<meta property=\"og:locale\" content=\"pt_BR\" \/>\n<meta property=\"og:type\" content=\"article\" \/>\n<meta property=\"og:title\" content=\"Analisadores de dados de torque-angulo - SCS Concept\" \/>\n<meta property=\"og:description\" content=\"[vc_row dfd_bg_style=&#8221;image&#8221; dfd_bg_image_new=&#8221;240&#8243; dfd_overlay_color=&#8221;#ffffff&#8221; dfd_overlay_pattern=&#8221;transperant&#8221; dfd_overlay_pattern_opacity=&#8221;85&#8243; dfd_row_config=&#8221;full_width_content_paddings&#8221; dfd_row_responsive_enable=&#8221;dfd-row-responsive-enable&#8221; css=&#8221;.vc_custom_1652455227761{padding-right: 10% !important;padding-left: 10% !important;}&#8221; responsive_styles=&#8221;padding_left_desktop:20|padding_right_desktop:20|padding_left_tablet:20|padding_right_tablet:20|padding_left_mobile:10|padding_right_mobile:10&#8243;][vc_column dfd_column_responsive_enable=&#8221;dfd-column-responsive-enable&#8221; responsive_styles=&#8221;padding_left_mobile:10|padding_right_mobile:10&#8243;][vc_row_inner][vc_column_inner dfd_column_responsive_enable=&#8221;dfd-column-responsive-enable&#8221; css=&#8221;.vc_custom_1503581599802{padding-right: 20% !important;padding-left: 20% !important;}&#8221; responsive_styles=&#8221;padding_left_desktop:80|padding_right_desktop:80|padding_left_tablet:10|padding_right_tablet:10|padding_left_mobile:10|padding_right_mobile:10&#8243;][\/vc_column_inner][\/vc_row_inner][vc_row_inner][vc_column_inner width=&#8221;1\/3&#8243;][\/vc_column_inner][vc_column_inner width=&#8221;1\/3&#8243;][\/vc_column_inner][vc_column_inner width=&#8221;1\/3&#8243;][\/vc_column_inner][\/vc_row_inner][vc_column_text]Eles possuem testes de controle\" \/>\n<meta property=\"og:url\" content=\"https:\/\/sitowebsmart.com\/pt-br\/analisadores-de-dados-de-torque-angulo\/\" \/>\n<meta property=\"og:site_name\" content=\"SCS Concept\" \/>\n<meta property=\"article:modified_time\" content=\"2022-05-13T15:20:33+00:00\" \/>\n<meta name=\"twitter:card\" content=\"summary_large_image\" \/>\n<meta name=\"twitter:label1\" content=\"Est. tempo de leitura\" \/>\n\t<meta name=\"twitter:data1\" content=\"5 minutos\" \/>\n<script type=\"application\/ld+json\" class=\"yoast-schema-graph\">{\"@context\":\"https:\/\/schema.org\",\"@graph\":[{\"@type\":\"WebPage\",\"@id\":\"https:\/\/sitowebsmart.com\/pt-br\/analisadores-de-dados-de-torque-angulo\/\",\"url\":\"https:\/\/sitowebsmart.com\/pt-br\/analisadores-de-dados-de-torque-angulo\/\",\"name\":\"Analisadores de dados de torque-angulo - SCS Concept\",\"isPartOf\":{\"@id\":\"https:\/\/sitowebsmart.com\/#website\"},\"datePublished\":\"2018-03-06T14:15:28+00:00\",\"dateModified\":\"2022-05-13T15:20:33+00:00\",\"breadcrumb\":{\"@id\":\"https:\/\/sitowebsmart.com\/pt-br\/analisadores-de-dados-de-torque-angulo\/#breadcrumb\"},\"inLanguage\":\"pt-BR\",\"potentialAction\":[{\"@type\":\"ReadAction\",\"target\":[\"https:\/\/sitowebsmart.com\/pt-br\/analisadores-de-dados-de-torque-angulo\/\"]}]},{\"@type\":\"BreadcrumbList\",\"@id\":\"https:\/\/sitowebsmart.com\/pt-br\/analisadores-de-dados-de-torque-angulo\/#breadcrumb\",\"itemListElement\":[{\"@type\":\"ListItem\",\"position\":1,\"name\":\"Home\",\"item\":\"https:\/\/sitowebsmart.com\/pt-br\/\"},{\"@type\":\"ListItem\",\"position\":2,\"name\":\"Analisadores de dados de torque-angulo\"}]},{\"@type\":\"WebSite\",\"@id\":\"https:\/\/sitowebsmart.com\/#website\",\"url\":\"https:\/\/sitowebsmart.com\/\",\"name\":\"SCS Concept\",\"description\":\"Soluzioni Avanzate per il serraggio e controllo qualit\u00e0\",\"publisher\":{\"@id\":\"https:\/\/sitowebsmart.com\/#organization\"},\"potentialAction\":[{\"@type\":\"SearchAction\",\"target\":{\"@type\":\"EntryPoint\",\"urlTemplate\":\"https:\/\/sitowebsmart.com\/?s={search_term_string}\"},\"query-input\":{\"@type\":\"PropertyValueSpecification\",\"valueRequired\":true,\"valueName\":\"search_term_string\"}}],\"inLanguage\":\"pt-BR\"},{\"@type\":\"Organization\",\"@id\":\"https:\/\/sitowebsmart.com\/#organization\",\"name\":\"SCS Concept\",\"url\":\"https:\/\/sitowebsmart.com\/\",\"logo\":{\"@type\":\"ImageObject\",\"inLanguage\":\"pt-BR\",\"@id\":\"https:\/\/sitowebsmart.com\/#\/schema\/logo\/image\/\",\"url\":\"https:\/\/sitowebsmart.com\/wp-content\/uploads\/2018\/01\/scs-concept-group-200.png\",\"contentUrl\":\"https:\/\/sitowebsmart.com\/wp-content\/uploads\/2018\/01\/scs-concept-group-200.png\",\"width\":200,\"height\":200,\"caption\":\"SCS Concept\"},\"image\":{\"@id\":\"https:\/\/sitowebsmart.com\/#\/schema\/logo\/image\/\"}}]}<\/script>\n<!-- \/ Yoast SEO plugin. -->","yoast_head_json":{"title":"Analisadores de dados de torque-angulo - SCS Concept","robots":{"index":"index","follow":"follow","max-snippet":"max-snippet:-1","max-image-preview":"max-image-preview:large","max-video-preview":"max-video-preview:-1"},"canonical":"https:\/\/sitowebsmart.com\/pt-br\/analisadores-de-dados-de-torque-angulo\/","og_locale":"pt_BR","og_type":"article","og_title":"Analisadores de dados de torque-angulo - SCS Concept","og_description":"[vc_row dfd_bg_style=&#8221;image&#8221; dfd_bg_image_new=&#8221;240&#8243; dfd_overlay_color=&#8221;#ffffff&#8221; dfd_overlay_pattern=&#8221;transperant&#8221; dfd_overlay_pattern_opacity=&#8221;85&#8243; dfd_row_config=&#8221;full_width_content_paddings&#8221; dfd_row_responsive_enable=&#8221;dfd-row-responsive-enable&#8221; css=&#8221;.vc_custom_1652455227761{padding-right: 10% !important;padding-left: 10% !important;}&#8221; responsive_styles=&#8221;padding_left_desktop:20|padding_right_desktop:20|padding_left_tablet:20|padding_right_tablet:20|padding_left_mobile:10|padding_right_mobile:10&#8243;][vc_column dfd_column_responsive_enable=&#8221;dfd-column-responsive-enable&#8221; responsive_styles=&#8221;padding_left_mobile:10|padding_right_mobile:10&#8243;][vc_row_inner][vc_column_inner dfd_column_responsive_enable=&#8221;dfd-column-responsive-enable&#8221; css=&#8221;.vc_custom_1503581599802{padding-right: 20% !important;padding-left: 20% !important;}&#8221; responsive_styles=&#8221;padding_left_desktop:80|padding_right_desktop:80|padding_left_tablet:10|padding_right_tablet:10|padding_left_mobile:10|padding_right_mobile:10&#8243;][\/vc_column_inner][\/vc_row_inner][vc_row_inner][vc_column_inner width=&#8221;1\/3&#8243;][\/vc_column_inner][vc_column_inner width=&#8221;1\/3&#8243;][\/vc_column_inner][vc_column_inner width=&#8221;1\/3&#8243;][\/vc_column_inner][\/vc_row_inner][vc_column_text]Eles possuem testes de controle","og_url":"https:\/\/sitowebsmart.com\/pt-br\/analisadores-de-dados-de-torque-angulo\/","og_site_name":"SCS Concept","article_modified_time":"2022-05-13T15:20:33+00:00","twitter_card":"summary_large_image","twitter_misc":{"Est. tempo de leitura":"5 minutos"},"schema":{"@context":"https:\/\/schema.org","@graph":[{"@type":"WebPage","@id":"https:\/\/sitowebsmart.com\/pt-br\/analisadores-de-dados-de-torque-angulo\/","url":"https:\/\/sitowebsmart.com\/pt-br\/analisadores-de-dados-de-torque-angulo\/","name":"Analisadores de dados de torque-angulo - SCS Concept","isPartOf":{"@id":"https:\/\/sitowebsmart.com\/#website"},"datePublished":"2018-03-06T14:15:28+00:00","dateModified":"2022-05-13T15:20:33+00:00","breadcrumb":{"@id":"https:\/\/sitowebsmart.com\/pt-br\/analisadores-de-dados-de-torque-angulo\/#breadcrumb"},"inLanguage":"pt-BR","potentialAction":[{"@type":"ReadAction","target":["https:\/\/sitowebsmart.com\/pt-br\/analisadores-de-dados-de-torque-angulo\/"]}]},{"@type":"BreadcrumbList","@id":"https:\/\/sitowebsmart.com\/pt-br\/analisadores-de-dados-de-torque-angulo\/#breadcrumb","itemListElement":[{"@type":"ListItem","position":1,"name":"Home","item":"https:\/\/sitowebsmart.com\/pt-br\/"},{"@type":"ListItem","position":2,"name":"Analisadores de dados de torque-angulo"}]},{"@type":"WebSite","@id":"https:\/\/sitowebsmart.com\/#website","url":"https:\/\/sitowebsmart.com\/","name":"SCS Concept","description":"Soluzioni Avanzate per il serraggio e controllo qualit\u00e0","publisher":{"@id":"https:\/\/sitowebsmart.com\/#organization"},"potentialAction":[{"@type":"SearchAction","target":{"@type":"EntryPoint","urlTemplate":"https:\/\/sitowebsmart.com\/?s={search_term_string}"},"query-input":{"@type":"PropertyValueSpecification","valueRequired":true,"valueName":"search_term_string"}}],"inLanguage":"pt-BR"},{"@type":"Organization","@id":"https:\/\/sitowebsmart.com\/#organization","name":"SCS Concept","url":"https:\/\/sitowebsmart.com\/","logo":{"@type":"ImageObject","inLanguage":"pt-BR","@id":"https:\/\/sitowebsmart.com\/#\/schema\/logo\/image\/","url":"https:\/\/sitowebsmart.com\/wp-content\/uploads\/2018\/01\/scs-concept-group-200.png","contentUrl":"https:\/\/sitowebsmart.com\/wp-content\/uploads\/2018\/01\/scs-concept-group-200.png","width":200,"height":200,"caption":"SCS Concept"},"image":{"@id":"https:\/\/sitowebsmart.com\/#\/schema\/logo\/image\/"}}]}},"_links":{"self":[{"href":"https:\/\/sitowebsmart.com\/pt-br\/wp-json\/wp\/v2\/pages\/9471","targetHints":{"allow":["GET"]}}],"collection":[{"href":"https:\/\/sitowebsmart.com\/pt-br\/wp-json\/wp\/v2\/pages"}],"about":[{"href":"https:\/\/sitowebsmart.com\/pt-br\/wp-json\/wp\/v2\/types\/page"}],"author":[{"embeddable":true,"href":"https:\/\/sitowebsmart.com\/pt-br\/wp-json\/wp\/v2\/users\/5"}],"replies":[{"embeddable":true,"href":"https:\/\/sitowebsmart.com\/pt-br\/wp-json\/wp\/v2\/comments?post=9471"}],"version-history":[{"count":6,"href":"https:\/\/sitowebsmart.com\/pt-br\/wp-json\/wp\/v2\/pages\/9471\/revisions"}],"predecessor-version":[{"id":25399,"href":"https:\/\/sitowebsmart.com\/pt-br\/wp-json\/wp\/v2\/pages\/9471\/revisions\/25399"}],"wp:attachment":[{"href":"https:\/\/sitowebsmart.com\/pt-br\/wp-json\/wp\/v2\/media?parent=9471"}],"curies":[{"name":"wp","href":"https:\/\/api.w.org\/{rel}","templated":true}]}}